{"id":68512,"date":"2022-04-21T13:40:36","date_gmt":"2022-04-21T11:40:36","guid":{"rendered":"https:\/\/www.erdiunver.de\/?post_type=product&#038;p=68512"},"modified":"2025-08-15T09:06:27","modified_gmt":"2025-08-15T07:06:27","slug":"lederguertel-in-rot-mit-h-schnalle-32mm","status":"publish","type":"product","link":"https:\/\/www.erdiunver.de\/en\/product\/lederguertel-in-rot-mit-h-schnalle-32mm\/","title":{"rendered":"Lederg\u00fcrtel in Rot mit H Schnalle 32mm"},"content":{"rendered":"<h2>Der Lederg\u00fcrtel in Rot mit H G\u00fcrtelschnalle<\/h2>\n<h3><\/h3>\n<p>Unser hochwertiger Lederg\u00fcrtel aus Rindsleder, mit einzigartigem Look, eignet sich sowohl zu edlen Kleidungen als auch Business Outfits. Auch ein gew\u00f6hnliches Alltagsoutfit erf\u00e4hrt durch den eleganten Lederg\u00fcrtel die gew\u00fcnschte Aufwertung.<\/p>\n<p>&nbsp;<\/p>\n","protected":false},"excerpt":{"rendered":"<p>Der Lederg\u00fcrtel in Rot mit H G\u00fcrtelschnalle Unser hochwertiger Lederg\u00fcrtel aus Rindsleder, mit einzigartigem Look, eignet sich sowohl zu edlen Kleidungen als auch Business Outfits. Auch ein gew\u00f6hnliches Alltagsoutfit erf\u00e4hrt durch den eleganten Lederg\u00fcrtel die gew\u00fcnschte Aufwertung. &nbsp;<\/p>\n","protected":false},"featured_media":68541,"comment_status":"open","ping_status":"closed","template":"","meta":[],"product_brand":[],"product_cat":[124,126,86,93,98,92,89,101],"product_tag":[],"class_list":{"0":"post-68512","1":"product","2":"type-product","3":"status-publish","4":"has-post-thumbnail","6":"product_cat-32mm-wendeguertel-mit-schnalle","7":"product_cat-32mm-wendeguertel-mit-schnalle-herren","8":"product_cat-damen","9":"product_cat-guertel","10":"product_cat-guertel-herren","11":"product_cat-herren","12":"product_cat-lederguertel-mit-schnalle","13":"product_cat-wendeguertel-mit-schnalle-herren","15":"first","16":"instock","17":"taxable","18":"shipping-taxable","19":"purchasable","20":"product-type-variable"},"yoast_head":"<!-- This site is optimized with the Yoast SEO plugin v27.5 - https:\/\/yoast.com\/product\/yoast-seo-wordpress\/ -->\n<title>Lederg\u00fcrtel in Rot mit H Schnalle 32mm<\/title>\n<meta name=\"robots\" content=\"index, follow, max-snippet:-1, max-image-preview:large, max-video-preview:-1\" \/>\n<link rel=\"canonical\" href=\"https:\/\/www.erdiunver.de\/en\/product\/lederguertel-in-rot-mit-h-schnalle-32mm\/\" \/>\n<meta property=\"og:locale\" content=\"en_US\" \/>\n<meta property=\"og:type\" content=\"article\" \/>\n<meta property=\"og:title\" content=\"Lederg\u00fcrtel in Rot mit H Schnalle 32mm\" \/>\n<meta property=\"og:description\" content=\"Der Lederg\u00fcrtel in Rot mit H G\u00fcrtelschnalle Unser hochwertiger Lederg\u00fcrtel aus Rindsleder, mit einzigartigem Look, eignet sich sowohl zu edlen Kleidungen als auch Business Outfits. Auch ein gew\u00f6hnliches Alltagsoutfit erf\u00e4hrt durch den eleganten Lederg\u00fcrtel die gew\u00fcnschte Aufwertung. &nbsp;\" \/>\n<meta property=\"og:url\" content=\"https:\/\/www.erdiunver.de\/en\/product\/lederguertel-in-rot-mit-h-schnalle-32mm\/\" \/>\n<meta property=\"og:site_name\" content=\"Erdi \u00dcnver hochwertige Lederg\u00fcrtel aus echtem Leder f\u00fcr Damen &amp; Herren\" \/>\n<meta property=\"article:modified_time\" content=\"2025-08-15T07:06:27+00:00\" \/>\n<meta property=\"og:image\" content=\"https:\/\/www.erdiunver.de\/wp-content\/uploads\/kirmizii-altin-800x800.jpg\" \/>\n\t<meta property=\"og:image:width\" content=\"800\" \/>\n\t<meta property=\"og:image:height\" content=\"800\" \/>\n\t<meta property=\"og:image:type\" content=\"image\/jpeg\" \/>\n<meta name=\"twitter:card\" content=\"summary_large_image\" \/>\n<meta name=\"twitter:label1\" content=\"Est. reading time\" \/>\n\t<meta name=\"twitter:data1\" content=\"1 minute\" \/>\n<script type=\"application\/ld+json\" class=\"yoast-schema-graph\">{\"@context\":\"https:\\\/\\\/schema.org\",\"@graph\":[{\"@type\":\"WebPage\",\"@id\":\"https:\\\/\\\/www.erdiunver.de\\\/en\\\/product\\\/lederguertel-in-rot-mit-h-schnalle-32mm\\\/\",\"url\":\"https:\\\/\\\/www.erdiunver.de\\\/en\\\/product\\\/lederguertel-in-rot-mit-h-schnalle-32mm\\\/\",\"name\":\"Lederg\u00fcrtel in Rot mit H Schnalle 32mm\",\"isPartOf\":{\"@id\":\"https:\\\/\\\/www.erdiunver.de\\\/en\\\/#website\"},\"primaryImageOfPage\":{\"@id\":\"https:\\\/\\\/www.erdiunver.de\\\/en\\\/product\\\/lederguertel-in-rot-mit-h-schnalle-32mm\\\/#primaryimage\"},\"image\":{\"@id\":\"https:\\\/\\\/www.erdiunver.de\\\/en\\\/product\\\/lederguertel-in-rot-mit-h-schnalle-32mm\\\/#primaryimage\"},\"thumbnailUrl\":\"https:\\\/\\\/www.erdiunver.de\\\/wp-content\\\/uploads\\\/kirmizii-altin.jpg\",\"datePublished\":\"2022-04-21T11:40:36+00:00\",\"dateModified\":\"2025-08-15T07:06:27+00:00\",\"breadcrumb\":{\"@id\":\"https:\\\/\\\/www.erdiunver.de\\\/en\\\/product\\\/lederguertel-in-rot-mit-h-schnalle-32mm\\\/#breadcrumb\"},\"inLanguage\":\"en-US\",\"potentialAction\":[{\"@type\":\"ReadAction\",\"target\":[\"https:\\\/\\\/www.erdiunver.de\\\/en\\\/product\\\/lederguertel-in-rot-mit-h-schnalle-32mm\\\/\"]}]},{\"@type\":\"ImageObject\",\"inLanguage\":\"en-US\",\"@id\":\"https:\\\/\\\/www.erdiunver.de\\\/en\\\/product\\\/lederguertel-in-rot-mit-h-schnalle-32mm\\\/#primaryimage\",\"url\":\"https:\\\/\\\/www.erdiunver.de\\\/wp-content\\\/uploads\\\/kirmizii-altin.jpg\",\"contentUrl\":\"https:\\\/\\\/www.erdiunver.de\\\/wp-content\\\/uploads\\\/kirmizii-altin.jpg\",\"width\":2240,\"height\":2240},{\"@type\":\"BreadcrumbList\",\"@id\":\"https:\\\/\\\/www.erdiunver.de\\\/en\\\/product\\\/lederguertel-in-rot-mit-h-schnalle-32mm\\\/#breadcrumb\",\"itemListElement\":[{\"@type\":\"ListItem\",\"position\":1,\"name\":\"Startseite\",\"item\":\"https:\\\/\\\/www.erdiunver.de\\\/en\\\/\"},{\"@type\":\"ListItem\",\"position\":2,\"name\":\"Shop\",\"item\":\"https:\\\/\\\/www.erdiunver.de\\\/en\\\/shop-2\\\/\"},{\"@type\":\"ListItem\",\"position\":3,\"name\":\"Lederg\u00fcrtel in Rot mit H Schnalle 32mm\"}]},{\"@type\":\"WebSite\",\"@id\":\"https:\\\/\\\/www.erdiunver.de\\\/en\\\/#website\",\"url\":\"https:\\\/\\\/www.erdiunver.de\\\/en\\\/\",\"name\":\"Erdi \u00dcnver hochwertige Lederg\u00fcrtel aus echtem Leder f\u00fcr Damen & Herren\",\"description\":\"Wendeg\u00fcrtel Taschen H G\u00fcrtel aus Leder hochwertig und Preiswert\",\"potentialAction\":[{\"@type\":\"SearchAction\",\"target\":{\"@type\":\"EntryPoint\",\"urlTemplate\":\"https:\\\/\\\/www.erdiunver.de\\\/en\\\/?s={search_term_string}\"},\"query-input\":{\"@type\":\"PropertyValueSpecification\",\"valueRequired\":true,\"valueName\":\"search_term_string\"}}],\"inLanguage\":\"en-US\"}]}<\/script>\n<!-- \/ Yoast SEO plugin. -->","yoast_head_json":{"title":"Lederg\u00fcrtel in Rot mit H Schnalle 32mm","robots":{"index":"index","follow":"follow","max-snippet":"max-snippet:-1","max-image-preview":"max-image-preview:large","max-video-preview":"max-video-preview:-1"},"canonical":"https:\/\/www.erdiunver.de\/en\/product\/lederguertel-in-rot-mit-h-schnalle-32mm\/","og_locale":"en_US","og_type":"article","og_title":"Lederg\u00fcrtel in Rot mit H Schnalle 32mm","og_description":"Der Lederg\u00fcrtel in Rot mit H G\u00fcrtelschnalle Unser hochwertiger Lederg\u00fcrtel aus Rindsleder, mit einzigartigem Look, eignet sich sowohl zu edlen Kleidungen als auch Business Outfits. Auch ein gew\u00f6hnliches Alltagsoutfit erf\u00e4hrt durch den eleganten Lederg\u00fcrtel die gew\u00fcnschte Aufwertung. &nbsp;","og_url":"https:\/\/www.erdiunver.de\/en\/product\/lederguertel-in-rot-mit-h-schnalle-32mm\/","og_site_name":"Erdi \u00dcnver hochwertige Lederg\u00fcrtel aus echtem Leder f\u00fcr Damen &amp; Herren","article_modified_time":"2025-08-15T07:06:27+00:00","og_image":[{"width":800,"height":800,"url":"https:\/\/www.erdiunver.de\/wp-content\/uploads\/kirmizii-altin-800x800.jpg","type":"image\/jpeg"}],"twitter_card":"summary_large_image","twitter_misc":{"Est. reading time":"1 minute"},"schema":{"@context":"https:\/\/schema.org","@graph":[{"@type":"WebPage","@id":"https:\/\/www.erdiunver.de\/en\/product\/lederguertel-in-rot-mit-h-schnalle-32mm\/","url":"https:\/\/www.erdiunver.de\/en\/product\/lederguertel-in-rot-mit-h-schnalle-32mm\/","name":"Lederg\u00fcrtel in Rot mit H Schnalle 32mm","isPartOf":{"@id":"https:\/\/www.erdiunver.de\/en\/#website"},"primaryImageOfPage":{"@id":"https:\/\/www.erdiunver.de\/en\/product\/lederguertel-in-rot-mit-h-schnalle-32mm\/#primaryimage"},"image":{"@id":"https:\/\/www.erdiunver.de\/en\/product\/lederguertel-in-rot-mit-h-schnalle-32mm\/#primaryimage"},"thumbnailUrl":"https:\/\/www.erdiunver.de\/wp-content\/uploads\/kirmizii-altin.jpg","datePublished":"2022-04-21T11:40:36+00:00","dateModified":"2025-08-15T07:06:27+00:00","breadcrumb":{"@id":"https:\/\/www.erdiunver.de\/en\/product\/lederguertel-in-rot-mit-h-schnalle-32mm\/#breadcrumb"},"inLanguage":"en-US","potentialAction":[{"@type":"ReadAction","target":["https:\/\/www.erdiunver.de\/en\/product\/lederguertel-in-rot-mit-h-schnalle-32mm\/"]}]},{"@type":"ImageObject","inLanguage":"en-US","@id":"https:\/\/www.erdiunver.de\/en\/product\/lederguertel-in-rot-mit-h-schnalle-32mm\/#primaryimage","url":"https:\/\/www.erdiunver.de\/wp-content\/uploads\/kirmizii-altin.jpg","contentUrl":"https:\/\/www.erdiunver.de\/wp-content\/uploads\/kirmizii-altin.jpg","width":2240,"height":2240},{"@type":"BreadcrumbList","@id":"https:\/\/www.erdiunver.de\/en\/product\/lederguertel-in-rot-mit-h-schnalle-32mm\/#breadcrumb","itemListElement":[{"@type":"ListItem","position":1,"name":"Startseite","item":"https:\/\/www.erdiunver.de\/en\/"},{"@type":"ListItem","position":2,"name":"Shop","item":"https:\/\/www.erdiunver.de\/en\/shop-2\/"},{"@type":"ListItem","position":3,"name":"Lederg\u00fcrtel in Rot mit H Schnalle 32mm"}]},{"@type":"WebSite","@id":"https:\/\/www.erdiunver.de\/en\/#website","url":"https:\/\/www.erdiunver.de\/en\/","name":"Erdi \u00dcnver hochwertige Lederg\u00fcrtel aus echtem Leder f\u00fcr Damen & Herren","description":"Wendeg\u00fcrtel Taschen H G\u00fcrtel aus Leder hochwertig und Preiswert","potentialAction":[{"@type":"SearchAction","target":{"@type":"EntryPoint","urlTemplate":"https:\/\/www.erdiunver.de\/en\/?s={search_term_string}"},"query-input":{"@type":"PropertyValueSpecification","valueRequired":true,"valueName":"search_term_string"}}],"inLanguage":"en-US"}]}},"_links":{"self":[{"href":"https:\/\/www.erdiunver.de\/en\/wp-json\/wp\/v2\/product\/68512","targetHints":{"allow":["GET"]}}],"collection":[{"href":"https:\/\/www.erdiunver.de\/en\/wp-json\/wp\/v2\/product"}],"about":[{"href":"https:\/\/www.erdiunver.de\/en\/wp-json\/wp\/v2\/types\/product"}],"replies":[{"embeddable":true,"href":"https:\/\/www.erdiunver.de\/en\/wp-json\/wp\/v2\/comments?post=68512"}],"wp:featuredmedia":[{"embeddable":true,"href":"https:\/\/www.erdiunver.de\/en\/wp-json\/wp\/v2\/media\/68541"}],"wp:attachment":[{"href":"https:\/\/www.erdiunver.de\/en\/wp-json\/wp\/v2\/media?parent=68512"}],"wp:term":[{"taxonomy":"product_brand","embeddable":true,"href":"https:\/\/www.erdiunver.de\/en\/wp-json\/wp\/v2\/product_brand?post=68512"},{"taxonomy":"product_cat","embeddable":true,"href":"https:\/\/www.erdiunver.de\/en\/wp-json\/wp\/v2\/product_cat?post=68512"},{"taxonomy":"product_tag","embeddable":true,"href":"https:\/\/www.erdiunver.de\/en\/wp-json\/wp\/v2\/product_tag?post=68512"}],"curies":[{"name":"wp","href":"https:\/\/api.w.org\/{rel}","templated":true}]}}