{"id":68178,"date":"2022-04-18T13:17:00","date_gmt":"2022-04-18T11:17:00","guid":{"rendered":"https:\/\/www.erdiunver.de\/?post_type=product&#038;p=68178"},"modified":"2025-08-11T19:27:24","modified_gmt":"2025-08-11T17:27:24","slug":"lederguertel-in-dunkelblau-mit-h-schnalle-32mm","status":"publish","type":"product","link":"https:\/\/www.erdiunver.de\/en\/product\/lederguertel-in-dunkelblau-mit-h-schnalle-32mm\/","title":{"rendered":"Lederg\u00fcrtel in Dunkelblau mit H Schnalle 32mm"},"content":{"rendered":"<h2>Lederg\u00fcrtel in Dunkelblau &amp; Schwarz mit H Schnalle 32mm<\/h2>\n<p>Wir freuen uns, Ihnen unseren exklusiven wendbaren Lederg\u00fcrtel mit einer H\u00f6he von 32 mm vorstellen zu d\u00fcrfen. Dieser hochwertige G\u00fcrtel ist in einem ansprechenden Dunkelblau gefertigt und bietet auf der anderen Seite eine elegante schwarze Variante, was Ihnen vielseitige Styling-M\u00f6glichkeiten er\u00f6ffnet.<\/p>\n<p>Die G\u00fcrtelschnallen sind in verschiedenen Farbvarianten erh\u00e4ltlich, um Ihren individuellen Vorlieben gerecht zu werden. W\u00e4hlen Sie zwischen edlem Gold, klassischem Silber, mattem Schwarz oder dem zeitlosen Glanz von Ros\u00e9gold. Diese Auswahl an Farboptionen verleiht dem G\u00fcrtel eine besondere Note und erm\u00f6glicht es Ihnen, Ihr Outfit entsprechend zu akzentuieren.<\/p>\n<p>Die hochwertige Verarbeitung und das elegante Design machen diesen wendbaren Lederg\u00fcrtel zu einem zeitlosen Accessoire, das nicht nur Ihren Stil unterstreicht, sondern auch h\u00f6chsten Tragekomfort bietet.<\/p>\n<p>Entdecken Sie die Vielseitigkeit dieses G\u00fcrtels und lassen Sie sich von seiner Qualit\u00e4t \u00fcberzeugen. Bestellen Sie noch heute und setzen Sie ein modisches Statement mit einem Accessoire, das Funktionalit\u00e4t und Stil auf elegante Weise vereint.<\/p>\n","protected":false},"excerpt":{"rendered":"<p>Lederg\u00fcrtel in Dunkelblau &amp; Schwarz mit H Schnalle 32mm Wir freuen uns, Ihnen unseren exklusiven wendbaren Lederg\u00fcrtel mit einer H\u00f6he von 32 mm vorstellen zu d\u00fcrfen. Dieser hochwertige G\u00fcrtel ist in einem ansprechenden Dunkelblau gefertigt und bietet auf der anderen Seite eine elegante schwarze Variante, was Ihnen vielseitige Styling-M\u00f6glichkeiten er\u00f6ffnet. Die G\u00fcrtelschnallen sind in verschiedenen [&#8230;]\n","protected":false},"featured_media":68233,"comment_status":"open","ping_status":"closed","template":"","meta":[],"product_brand":[],"product_cat":[124,126,86,98,93,92,89,101],"product_tag":[],"class_list":{"0":"post-68178","1":"product","2":"type-product","3":"status-publish","4":"has-post-thumbnail","6":"product_cat-32mm-wendeguertel-mit-schnalle","7":"product_cat-32mm-wendeguertel-mit-schnalle-herren","8":"product_cat-damen","9":"product_cat-guertel-herren","10":"product_cat-guertel","11":"product_cat-herren","12":"product_cat-lederguertel-mit-schnalle","13":"product_cat-wendeguertel-mit-schnalle-herren","15":"first","16":"instock","17":"taxable","18":"shipping-taxable","19":"purchasable","20":"product-type-variable"},"yoast_head":"<!-- This site is optimized with the Yoast SEO plugin v27.4 - https:\/\/yoast.com\/product\/yoast-seo-wordpress\/ -->\n<title>Lederg\u00fcrtel in Dunkelblau mit H Schnalle 32mm<\/title>\n<meta name=\"robots\" content=\"index, follow, max-snippet:-1, max-image-preview:large, max-video-preview:-1\" \/>\n<link rel=\"canonical\" href=\"https:\/\/www.erdiunver.de\/en\/product\/lederguertel-in-dunkelblau-mit-h-schnalle-32mm\/\" \/>\n<meta property=\"og:locale\" content=\"en_US\" \/>\n<meta property=\"og:type\" content=\"article\" \/>\n<meta property=\"og:title\" content=\"Lederg\u00fcrtel in Dunkelblau mit H Schnalle 32mm\" \/>\n<meta property=\"og:description\" content=\"Lederg\u00fcrtel in Dunkelblau &amp; Schwarz mit H Schnalle 32mm Wir freuen uns, Ihnen unseren exklusiven wendbaren Lederg\u00fcrtel mit einer H\u00f6he von 32 mm vorstellen zu d\u00fcrfen. Dieser hochwertige G\u00fcrtel ist in einem ansprechenden Dunkelblau gefertigt und bietet auf der anderen Seite eine elegante schwarze Variante, was Ihnen vielseitige Styling-M\u00f6glichkeiten er\u00f6ffnet. Die G\u00fcrtelschnallen sind in verschiedenen [...]\" \/>\n<meta property=\"og:url\" content=\"https:\/\/www.erdiunver.de\/en\/product\/lederguertel-in-dunkelblau-mit-h-schnalle-32mm\/\" \/>\n<meta property=\"og:site_name\" content=\"Erdi \u00dcnver hochwertige Lederg\u00fcrtel aus echtem Leder f\u00fcr Damen &amp; Herren\" \/>\n<meta property=\"article:modified_time\" content=\"2025-08-11T17:27:24+00:00\" \/>\n<meta property=\"og:image\" content=\"https:\/\/www.erdiunver.de\/wp-content\/uploads\/dunkelblau-altin.jpg\" \/>\n\t<meta property=\"og:image:width\" content=\"2240\" \/>\n\t<meta property=\"og:image:height\" content=\"2240\" \/>\n\t<meta property=\"og:image:type\" content=\"image\/jpeg\" \/>\n<meta name=\"twitter:card\" content=\"summary_large_image\" \/>\n<meta name=\"twitter:label1\" content=\"Est. reading time\" \/>\n\t<meta name=\"twitter:data1\" content=\"2 minutes\" \/>\n<script type=\"application\/ld+json\" class=\"yoast-schema-graph\">{\"@context\":\"https:\\\/\\\/schema.org\",\"@graph\":[{\"@type\":\"WebPage\",\"@id\":\"https:\\\/\\\/www.erdiunver.de\\\/en\\\/product\\\/lederguertel-in-dunkelblau-mit-h-schnalle-32mm\\\/\",\"url\":\"https:\\\/\\\/www.erdiunver.de\\\/en\\\/product\\\/lederguertel-in-dunkelblau-mit-h-schnalle-32mm\\\/\",\"name\":\"Lederg\u00fcrtel in Dunkelblau mit H Schnalle 32mm\",\"isPartOf\":{\"@id\":\"https:\\\/\\\/www.erdiunver.de\\\/en\\\/#website\"},\"primaryImageOfPage\":{\"@id\":\"https:\\\/\\\/www.erdiunver.de\\\/en\\\/product\\\/lederguertel-in-dunkelblau-mit-h-schnalle-32mm\\\/#primaryimage\"},\"image\":{\"@id\":\"https:\\\/\\\/www.erdiunver.de\\\/en\\\/product\\\/lederguertel-in-dunkelblau-mit-h-schnalle-32mm\\\/#primaryimage\"},\"thumbnailUrl\":\"https:\\\/\\\/www.erdiunver.de\\\/wp-content\\\/uploads\\\/dunkelblau-altin.jpg\",\"datePublished\":\"2022-04-18T11:17:00+00:00\",\"dateModified\":\"2025-08-11T17:27:24+00:00\",\"breadcrumb\":{\"@id\":\"https:\\\/\\\/www.erdiunver.de\\\/en\\\/product\\\/lederguertel-in-dunkelblau-mit-h-schnalle-32mm\\\/#breadcrumb\"},\"inLanguage\":\"en-US\",\"potentialAction\":[{\"@type\":\"ReadAction\",\"target\":[\"https:\\\/\\\/www.erdiunver.de\\\/en\\\/product\\\/lederguertel-in-dunkelblau-mit-h-schnalle-32mm\\\/\"]}]},{\"@type\":\"ImageObject\",\"inLanguage\":\"en-US\",\"@id\":\"https:\\\/\\\/www.erdiunver.de\\\/en\\\/product\\\/lederguertel-in-dunkelblau-mit-h-schnalle-32mm\\\/#primaryimage\",\"url\":\"https:\\\/\\\/www.erdiunver.de\\\/wp-content\\\/uploads\\\/dunkelblau-altin.jpg\",\"contentUrl\":\"https:\\\/\\\/www.erdiunver.de\\\/wp-content\\\/uploads\\\/dunkelblau-altin.jpg\",\"width\":2240,\"height\":2240,\"caption\":\"Lederg\u00fcrtel in Dunkelblau mit H Gold\"},{\"@type\":\"BreadcrumbList\",\"@id\":\"https:\\\/\\\/www.erdiunver.de\\\/en\\\/product\\\/lederguertel-in-dunkelblau-mit-h-schnalle-32mm\\\/#breadcrumb\",\"itemListElement\":[{\"@type\":\"ListItem\",\"position\":1,\"name\":\"Startseite\",\"item\":\"https:\\\/\\\/www.erdiunver.de\\\/en\\\/\"},{\"@type\":\"ListItem\",\"position\":2,\"name\":\"Shop\",\"item\":\"https:\\\/\\\/www.erdiunver.de\\\/en\\\/shop-2\\\/\"},{\"@type\":\"ListItem\",\"position\":3,\"name\":\"Lederg\u00fcrtel in Dunkelblau mit H Schnalle 32mm\"}]},{\"@type\":\"WebSite\",\"@id\":\"https:\\\/\\\/www.erdiunver.de\\\/en\\\/#website\",\"url\":\"https:\\\/\\\/www.erdiunver.de\\\/en\\\/\",\"name\":\"Erdi \u00dcnver hochwertige Lederg\u00fcrtel aus echtem Leder f\u00fcr Damen & Herren\",\"description\":\"Wendeg\u00fcrtel Taschen H G\u00fcrtel aus Leder hochwertig und Preiswert\",\"potentialAction\":[{\"@type\":\"SearchAction\",\"target\":{\"@type\":\"EntryPoint\",\"urlTemplate\":\"https:\\\/\\\/www.erdiunver.de\\\/en\\\/?s={search_term_string}\"},\"query-input\":{\"@type\":\"PropertyValueSpecification\",\"valueRequired\":true,\"valueName\":\"search_term_string\"}}],\"inLanguage\":\"en-US\"}]}<\/script>\n<!-- \/ Yoast SEO plugin. -->","yoast_head_json":{"title":"Lederg\u00fcrtel in Dunkelblau mit H Schnalle 32mm","robots":{"index":"index","follow":"follow","max-snippet":"max-snippet:-1","max-image-preview":"max-image-preview:large","max-video-preview":"max-video-preview:-1"},"canonical":"https:\/\/www.erdiunver.de\/en\/product\/lederguertel-in-dunkelblau-mit-h-schnalle-32mm\/","og_locale":"en_US","og_type":"article","og_title":"Lederg\u00fcrtel in Dunkelblau mit H Schnalle 32mm","og_description":"Lederg\u00fcrtel in Dunkelblau &amp; Schwarz mit H Schnalle 32mm Wir freuen uns, Ihnen unseren exklusiven wendbaren Lederg\u00fcrtel mit einer H\u00f6he von 32 mm vorstellen zu d\u00fcrfen. Dieser hochwertige G\u00fcrtel ist in einem ansprechenden Dunkelblau gefertigt und bietet auf der anderen Seite eine elegante schwarze Variante, was Ihnen vielseitige Styling-M\u00f6glichkeiten er\u00f6ffnet. Die G\u00fcrtelschnallen sind in verschiedenen [...]","og_url":"https:\/\/www.erdiunver.de\/en\/product\/lederguertel-in-dunkelblau-mit-h-schnalle-32mm\/","og_site_name":"Erdi \u00dcnver hochwertige Lederg\u00fcrtel aus echtem Leder f\u00fcr Damen &amp; Herren","article_modified_time":"2025-08-11T17:27:24+00:00","og_image":[{"width":2240,"height":2240,"url":"https:\/\/www.erdiunver.de\/wp-content\/uploads\/dunkelblau-altin.jpg","type":"image\/jpeg"}],"twitter_card":"summary_large_image","twitter_misc":{"Est. reading time":"2 minutes"},"schema":{"@context":"https:\/\/schema.org","@graph":[{"@type":"WebPage","@id":"https:\/\/www.erdiunver.de\/en\/product\/lederguertel-in-dunkelblau-mit-h-schnalle-32mm\/","url":"https:\/\/www.erdiunver.de\/en\/product\/lederguertel-in-dunkelblau-mit-h-schnalle-32mm\/","name":"Lederg\u00fcrtel in Dunkelblau mit H Schnalle 32mm","isPartOf":{"@id":"https:\/\/www.erdiunver.de\/en\/#website"},"primaryImageOfPage":{"@id":"https:\/\/www.erdiunver.de\/en\/product\/lederguertel-in-dunkelblau-mit-h-schnalle-32mm\/#primaryimage"},"image":{"@id":"https:\/\/www.erdiunver.de\/en\/product\/lederguertel-in-dunkelblau-mit-h-schnalle-32mm\/#primaryimage"},"thumbnailUrl":"https:\/\/www.erdiunver.de\/wp-content\/uploads\/dunkelblau-altin.jpg","datePublished":"2022-04-18T11:17:00+00:00","dateModified":"2025-08-11T17:27:24+00:00","breadcrumb":{"@id":"https:\/\/www.erdiunver.de\/en\/product\/lederguertel-in-dunkelblau-mit-h-schnalle-32mm\/#breadcrumb"},"inLanguage":"en-US","potentialAction":[{"@type":"ReadAction","target":["https:\/\/www.erdiunver.de\/en\/product\/lederguertel-in-dunkelblau-mit-h-schnalle-32mm\/"]}]},{"@type":"ImageObject","inLanguage":"en-US","@id":"https:\/\/www.erdiunver.de\/en\/product\/lederguertel-in-dunkelblau-mit-h-schnalle-32mm\/#primaryimage","url":"https:\/\/www.erdiunver.de\/wp-content\/uploads\/dunkelblau-altin.jpg","contentUrl":"https:\/\/www.erdiunver.de\/wp-content\/uploads\/dunkelblau-altin.jpg","width":2240,"height":2240,"caption":"Lederg\u00fcrtel in Dunkelblau mit H Gold"},{"@type":"BreadcrumbList","@id":"https:\/\/www.erdiunver.de\/en\/product\/lederguertel-in-dunkelblau-mit-h-schnalle-32mm\/#breadcrumb","itemListElement":[{"@type":"ListItem","position":1,"name":"Startseite","item":"https:\/\/www.erdiunver.de\/en\/"},{"@type":"ListItem","position":2,"name":"Shop","item":"https:\/\/www.erdiunver.de\/en\/shop-2\/"},{"@type":"ListItem","position":3,"name":"Lederg\u00fcrtel in Dunkelblau mit H Schnalle 32mm"}]},{"@type":"WebSite","@id":"https:\/\/www.erdiunver.de\/en\/#website","url":"https:\/\/www.erdiunver.de\/en\/","name":"Erdi \u00dcnver hochwertige Lederg\u00fcrtel aus echtem Leder f\u00fcr Damen & Herren","description":"Wendeg\u00fcrtel Taschen H G\u00fcrtel aus Leder hochwertig und Preiswert","potentialAction":[{"@type":"SearchAction","target":{"@type":"EntryPoint","urlTemplate":"https:\/\/www.erdiunver.de\/en\/?s={search_term_string}"},"query-input":{"@type":"PropertyValueSpecification","valueRequired":true,"valueName":"search_term_string"}}],"inLanguage":"en-US"}]}},"_links":{"self":[{"href":"https:\/\/www.erdiunver.de\/en\/wp-json\/wp\/v2\/product\/68178","targetHints":{"allow":["GET"]}}],"collection":[{"href":"https:\/\/www.erdiunver.de\/en\/wp-json\/wp\/v2\/product"}],"about":[{"href":"https:\/\/www.erdiunver.de\/en\/wp-json\/wp\/v2\/types\/product"}],"replies":[{"embeddable":true,"href":"https:\/\/www.erdiunver.de\/en\/wp-json\/wp\/v2\/comments?post=68178"}],"wp:featuredmedia":[{"embeddable":true,"href":"https:\/\/www.erdiunver.de\/en\/wp-json\/wp\/v2\/media\/68233"}],"wp:attachment":[{"href":"https:\/\/www.erdiunver.de\/en\/wp-json\/wp\/v2\/media?parent=68178"}],"wp:term":[{"taxonomy":"product_brand","embeddable":true,"href":"https:\/\/www.erdiunver.de\/en\/wp-json\/wp\/v2\/product_brand?post=68178"},{"taxonomy":"product_cat","embeddable":true,"href":"https:\/\/www.erdiunver.de\/en\/wp-json\/wp\/v2\/product_cat?post=68178"},{"taxonomy":"product_tag","embeddable":true,"href":"https:\/\/www.erdiunver.de\/en\/wp-json\/wp\/v2\/product_tag?post=68178"}],"curies":[{"name":"wp","href":"https:\/\/api.w.org\/{rel}","templated":true}]}}