{"id":67717,"date":"2022-03-23T13:22:04","date_gmt":"2022-03-23T12:22:04","guid":{"rendered":"https:\/\/www.erdiunver.de\/?post_type=product&#038;p=67717"},"modified":"2026-02-25T09:52:58","modified_gmt":"2026-02-25T08:52:58","slug":"leder-organizer-a5-krokodil-navy","status":"publish","type":"product","link":"https:\/\/www.erdiunver.de\/en\/product\/leder-organizer-a5-krokodil-navy\/","title":{"rendered":"Leder Organizer A5 Krokodil Navy"},"content":{"rendered":"<p>Leder Organizer f\u00fcr A5 Notizb\u00fccher, Kalender Schutzh\u00fclle, Skizzenbuch Lederh\u00fclle,<\/p>\n<p>Hier ist der Leder Organizer, der Ihnen helfen kann, Ihre Notizen zu verstauen. Unser Organizer ist aus ausgezeichnetem Leder f\u00fcr ein bestechendes Design. Es gibt genug Platz f\u00fcr Ihr Notizbuch oder andere Aufzeichnungen. Sie k\u00f6nnen es sowohl als Notizbuch-H\u00fclle als auch als einzelnen Fach nutzen.<\/p>\n<p>Geschlossen wird die H\u00fclle durch ein Gummiband.<\/p>\n<p>Unsere 3 Facher auf der linken Seite eigenen sich prima zum Verstauen von Notizen, Briefen, Tickets, Reisepass usw.<\/p>\n<p>Auf der rechten Seite befindet sich ein Fach mit einem Sichtfenster so wie der Stifthalter.<\/p>\n<p>&nbsp;<\/p>\n<p>Innenmasse f\u00fcr das A5 Buch Max: B: 17 cm H: 23 cm.<\/p>\n<p>Farbe: Krokodil Navy<\/p>\n<p>Artikel wird ohne Notizbuch &amp; Stift geliefert, die Artikel im Bilder dienen nur zur Visualisierung<\/p>\n","protected":false},"excerpt":{"rendered":"<p>Leder Organizer f\u00fcr A5 Notizb\u00fccher, Kalender Schutzh\u00fclle, Skizzenbuch Lederh\u00fclle, Hier ist der Leder Organizer, der Ihnen helfen kann, Ihre Notizen zu verstauen. Unser Organizer ist aus ausgezeichnetem Leder f\u00fcr ein bestechendes Design. Es gibt genug Platz f\u00fcr Ihr Notizbuch oder andere Aufzeichnungen. Sie k\u00f6nnen es sowohl als Notizbuch-H\u00fclle als auch als einzelnen Fach nutzen. Geschlossen [&#8230;]\n","protected":false},"featured_media":67718,"comment_status":"open","ping_status":"closed","template":"","meta":[],"product_brand":[],"product_cat":[95,362],"product_tag":[],"class_list":{"0":"post-67717","1":"product","2":"type-product","3":"status-publish","4":"has-post-thumbnail","6":"product_cat-ledertaschen","7":"product_cat-organizer","9":"first","10":"instock","11":"taxable","12":"shipping-taxable","13":"purchasable","14":"product-type-simple"},"yoast_head":"<!-- This site is optimized with the Yoast SEO plugin v27.4 - https:\/\/yoast.com\/product\/yoast-seo-wordpress\/ -->\n<title>Leder Organizer A5 Krokodil Navy<\/title>\n<meta name=\"robots\" content=\"index, follow, max-snippet:-1, max-image-preview:large, max-video-preview:-1\" \/>\n<link rel=\"canonical\" href=\"https:\/\/www.erdiunver.de\/en\/product\/leder-organizer-a5-krokodil-navy\/\" \/>\n<meta property=\"og:locale\" content=\"en_US\" \/>\n<meta property=\"og:type\" content=\"article\" \/>\n<meta property=\"og:title\" content=\"Leder Organizer A5 Krokodil Navy\" \/>\n<meta property=\"og:description\" content=\"Leder Organizer f\u00fcr A5 Notizb\u00fccher, Kalender Schutzh\u00fclle, Skizzenbuch Lederh\u00fclle, Hier ist der Leder Organizer, der Ihnen helfen kann, Ihre Notizen zu verstauen. Unser Organizer ist aus ausgezeichnetem Leder f\u00fcr ein bestechendes Design. Es gibt genug Platz f\u00fcr Ihr Notizbuch oder andere Aufzeichnungen. Sie k\u00f6nnen es sowohl als Notizbuch-H\u00fclle als auch als einzelnen Fach nutzen. Geschlossen [...]\" \/>\n<meta property=\"og:url\" content=\"https:\/\/www.erdiunver.de\/en\/product\/leder-organizer-a5-krokodil-navy\/\" \/>\n<meta property=\"og:site_name\" content=\"Erdi \u00dcnver hochwertige Lederg\u00fcrtel aus echtem Leder f\u00fcr Damen &amp; Herren\" \/>\n<meta property=\"article:modified_time\" content=\"2026-02-25T08:52:58+00:00\" \/>\n<meta property=\"og:image\" content=\"https:\/\/www.erdiunver.de\/wp-content\/uploads\/Leder-Organizer-A5-Kroko-Navy-1.jpg\" \/>\n\t<meta property=\"og:image:width\" content=\"2000\" \/>\n\t<meta property=\"og:image:height\" content=\"1334\" \/>\n\t<meta property=\"og:image:type\" content=\"image\/jpeg\" \/>\n<meta name=\"twitter:card\" content=\"summary_large_image\" \/>\n<meta name=\"twitter:label1\" content=\"Est. reading time\" \/>\n\t<meta name=\"twitter:data1\" content=\"1 minute\" \/>\n<script type=\"application\/ld+json\" class=\"yoast-schema-graph\">{\"@context\":\"https:\\\/\\\/schema.org\",\"@graph\":[{\"@type\":\"WebPage\",\"@id\":\"https:\\\/\\\/www.erdiunver.de\\\/en\\\/product\\\/leder-organizer-a5-krokodil-navy\\\/\",\"url\":\"https:\\\/\\\/www.erdiunver.de\\\/en\\\/product\\\/leder-organizer-a5-krokodil-navy\\\/\",\"name\":\"Leder Organizer A5 Krokodil Navy\",\"isPartOf\":{\"@id\":\"https:\\\/\\\/www.erdiunver.de\\\/en\\\/#website\"},\"primaryImageOfPage\":{\"@id\":\"https:\\\/\\\/www.erdiunver.de\\\/en\\\/product\\\/leder-organizer-a5-krokodil-navy\\\/#primaryimage\"},\"image\":{\"@id\":\"https:\\\/\\\/www.erdiunver.de\\\/en\\\/product\\\/leder-organizer-a5-krokodil-navy\\\/#primaryimage\"},\"thumbnailUrl\":\"https:\\\/\\\/www.erdiunver.de\\\/wp-content\\\/uploads\\\/Leder-Organizer-A5-Kroko-Navy-1.jpg\",\"datePublished\":\"2022-03-23T12:22:04+00:00\",\"dateModified\":\"2026-02-25T08:52:58+00:00\",\"breadcrumb\":{\"@id\":\"https:\\\/\\\/www.erdiunver.de\\\/en\\\/product\\\/leder-organizer-a5-krokodil-navy\\\/#breadcrumb\"},\"inLanguage\":\"en-US\",\"potentialAction\":[{\"@type\":\"ReadAction\",\"target\":[\"https:\\\/\\\/www.erdiunver.de\\\/en\\\/product\\\/leder-organizer-a5-krokodil-navy\\\/\"]}]},{\"@type\":\"ImageObject\",\"inLanguage\":\"en-US\",\"@id\":\"https:\\\/\\\/www.erdiunver.de\\\/en\\\/product\\\/leder-organizer-a5-krokodil-navy\\\/#primaryimage\",\"url\":\"https:\\\/\\\/www.erdiunver.de\\\/wp-content\\\/uploads\\\/Leder-Organizer-A5-Kroko-Navy-1.jpg\",\"contentUrl\":\"https:\\\/\\\/www.erdiunver.de\\\/wp-content\\\/uploads\\\/Leder-Organizer-A5-Kroko-Navy-1.jpg\",\"width\":2000,\"height\":1334,\"caption\":\"Leder Organizer A5 Kroko Navy\"},{\"@type\":\"BreadcrumbList\",\"@id\":\"https:\\\/\\\/www.erdiunver.de\\\/en\\\/product\\\/leder-organizer-a5-krokodil-navy\\\/#breadcrumb\",\"itemListElement\":[{\"@type\":\"ListItem\",\"position\":1,\"name\":\"Startseite\",\"item\":\"https:\\\/\\\/www.erdiunver.de\\\/en\\\/\"},{\"@type\":\"ListItem\",\"position\":2,\"name\":\"Shop\",\"item\":\"https:\\\/\\\/www.erdiunver.de\\\/en\\\/shop-2\\\/\"},{\"@type\":\"ListItem\",\"position\":3,\"name\":\"Leder Organizer A5 Krokodil Navy\"}]},{\"@type\":\"WebSite\",\"@id\":\"https:\\\/\\\/www.erdiunver.de\\\/en\\\/#website\",\"url\":\"https:\\\/\\\/www.erdiunver.de\\\/en\\\/\",\"name\":\"Erdi \u00dcnver hochwertige Lederg\u00fcrtel aus echtem Leder f\u00fcr Damen & Herren\",\"description\":\"Wendeg\u00fcrtel Taschen H G\u00fcrtel aus Leder hochwertig und Preiswert\",\"potentialAction\":[{\"@type\":\"SearchAction\",\"target\":{\"@type\":\"EntryPoint\",\"urlTemplate\":\"https:\\\/\\\/www.erdiunver.de\\\/en\\\/?s={search_term_string}\"},\"query-input\":{\"@type\":\"PropertyValueSpecification\",\"valueRequired\":true,\"valueName\":\"search_term_string\"}}],\"inLanguage\":\"en-US\"}]}<\/script>\n<!-- \/ Yoast SEO plugin. -->","yoast_head_json":{"title":"Leder Organizer A5 Krokodil Navy","robots":{"index":"index","follow":"follow","max-snippet":"max-snippet:-1","max-image-preview":"max-image-preview:large","max-video-preview":"max-video-preview:-1"},"canonical":"https:\/\/www.erdiunver.de\/en\/product\/leder-organizer-a5-krokodil-navy\/","og_locale":"en_US","og_type":"article","og_title":"Leder Organizer A5 Krokodil Navy","og_description":"Leder Organizer f\u00fcr A5 Notizb\u00fccher, Kalender Schutzh\u00fclle, Skizzenbuch Lederh\u00fclle, Hier ist der Leder Organizer, der Ihnen helfen kann, Ihre Notizen zu verstauen. Unser Organizer ist aus ausgezeichnetem Leder f\u00fcr ein bestechendes Design. Es gibt genug Platz f\u00fcr Ihr Notizbuch oder andere Aufzeichnungen. Sie k\u00f6nnen es sowohl als Notizbuch-H\u00fclle als auch als einzelnen Fach nutzen. Geschlossen [...]","og_url":"https:\/\/www.erdiunver.de\/en\/product\/leder-organizer-a5-krokodil-navy\/","og_site_name":"Erdi \u00dcnver hochwertige Lederg\u00fcrtel aus echtem Leder f\u00fcr Damen &amp; Herren","article_modified_time":"2026-02-25T08:52:58+00:00","og_image":[{"width":2000,"height":1334,"url":"https:\/\/www.erdiunver.de\/wp-content\/uploads\/Leder-Organizer-A5-Kroko-Navy-1.jpg","type":"image\/jpeg"}],"twitter_card":"summary_large_image","twitter_misc":{"Est. reading time":"1 minute"},"schema":{"@context":"https:\/\/schema.org","@graph":[{"@type":"WebPage","@id":"https:\/\/www.erdiunver.de\/en\/product\/leder-organizer-a5-krokodil-navy\/","url":"https:\/\/www.erdiunver.de\/en\/product\/leder-organizer-a5-krokodil-navy\/","name":"Leder Organizer A5 Krokodil Navy","isPartOf":{"@id":"https:\/\/www.erdiunver.de\/en\/#website"},"primaryImageOfPage":{"@id":"https:\/\/www.erdiunver.de\/en\/product\/leder-organizer-a5-krokodil-navy\/#primaryimage"},"image":{"@id":"https:\/\/www.erdiunver.de\/en\/product\/leder-organizer-a5-krokodil-navy\/#primaryimage"},"thumbnailUrl":"https:\/\/www.erdiunver.de\/wp-content\/uploads\/Leder-Organizer-A5-Kroko-Navy-1.jpg","datePublished":"2022-03-23T12:22:04+00:00","dateModified":"2026-02-25T08:52:58+00:00","breadcrumb":{"@id":"https:\/\/www.erdiunver.de\/en\/product\/leder-organizer-a5-krokodil-navy\/#breadcrumb"},"inLanguage":"en-US","potentialAction":[{"@type":"ReadAction","target":["https:\/\/www.erdiunver.de\/en\/product\/leder-organizer-a5-krokodil-navy\/"]}]},{"@type":"ImageObject","inLanguage":"en-US","@id":"https:\/\/www.erdiunver.de\/en\/product\/leder-organizer-a5-krokodil-navy\/#primaryimage","url":"https:\/\/www.erdiunver.de\/wp-content\/uploads\/Leder-Organizer-A5-Kroko-Navy-1.jpg","contentUrl":"https:\/\/www.erdiunver.de\/wp-content\/uploads\/Leder-Organizer-A5-Kroko-Navy-1.jpg","width":2000,"height":1334,"caption":"Leder Organizer A5 Kroko Navy"},{"@type":"BreadcrumbList","@id":"https:\/\/www.erdiunver.de\/en\/product\/leder-organizer-a5-krokodil-navy\/#breadcrumb","itemListElement":[{"@type":"ListItem","position":1,"name":"Startseite","item":"https:\/\/www.erdiunver.de\/en\/"},{"@type":"ListItem","position":2,"name":"Shop","item":"https:\/\/www.erdiunver.de\/en\/shop-2\/"},{"@type":"ListItem","position":3,"name":"Leder Organizer A5 Krokodil Navy"}]},{"@type":"WebSite","@id":"https:\/\/www.erdiunver.de\/en\/#website","url":"https:\/\/www.erdiunver.de\/en\/","name":"Erdi \u00dcnver hochwertige Lederg\u00fcrtel aus echtem Leder f\u00fcr Damen & Herren","description":"Wendeg\u00fcrtel Taschen H G\u00fcrtel aus Leder hochwertig und Preiswert","potentialAction":[{"@type":"SearchAction","target":{"@type":"EntryPoint","urlTemplate":"https:\/\/www.erdiunver.de\/en\/?s={search_term_string}"},"query-input":{"@type":"PropertyValueSpecification","valueRequired":true,"valueName":"search_term_string"}}],"inLanguage":"en-US"}]}},"_links":{"self":[{"href":"https:\/\/www.erdiunver.de\/en\/wp-json\/wp\/v2\/product\/67717","targetHints":{"allow":["GET"]}}],"collection":[{"href":"https:\/\/www.erdiunver.de\/en\/wp-json\/wp\/v2\/product"}],"about":[{"href":"https:\/\/www.erdiunver.de\/en\/wp-json\/wp\/v2\/types\/product"}],"replies":[{"embeddable":true,"href":"https:\/\/www.erdiunver.de\/en\/wp-json\/wp\/v2\/comments?post=67717"}],"wp:featuredmedia":[{"embeddable":true,"href":"https:\/\/www.erdiunver.de\/en\/wp-json\/wp\/v2\/media\/67718"}],"wp:attachment":[{"href":"https:\/\/www.erdiunver.de\/en\/wp-json\/wp\/v2\/media?parent=67717"}],"wp:term":[{"taxonomy":"product_brand","embeddable":true,"href":"https:\/\/www.erdiunver.de\/en\/wp-json\/wp\/v2\/product_brand?post=67717"},{"taxonomy":"product_cat","embeddable":true,"href":"https:\/\/www.erdiunver.de\/en\/wp-json\/wp\/v2\/product_cat?post=67717"},{"taxonomy":"product_tag","embeddable":true,"href":"https:\/\/www.erdiunver.de\/en\/wp-json\/wp\/v2\/product_tag?post=67717"}],"curies":[{"name":"wp","href":"https:\/\/api.w.org\/{rel}","templated":true}]}}