{"id":67423,"date":"2022-03-22T06:30:44","date_gmt":"2022-03-22T05:30:44","guid":{"rendered":"https:\/\/www.erdiunver.de\/?post_type=product&#038;p=67423"},"modified":"2022-03-22T06:57:59","modified_gmt":"2022-03-22T05:57:59","slug":"grau-leder-clutch-tasche","status":"publish","type":"product","link":"https:\/\/www.erdiunver.de\/en\/product\/grau-leder-clutch-tasche\/","title":{"rendered":"Grau Leder Clutch Tasche"},"content":{"rendered":"<p>Unsere Clutch Tasche aus Leder schm\u00fcckt jede Frau und jeden Mann mit einem hohen Niveau an Eleganz und Klasse, egal ob f\u00fcr die Arbeit oder f\u00fcr den Alltag, Sie haben immer alles dabei mit unseren einfachen und sch\u00f6nen Clutch Ledertasche.<\/p>\n<p>Mit dieser edlen Clutch aus echtem Leder hast du dein Smartphone sowie Portemonnaie und Schl\u00fcssel immer dabei und alles ist sehr h\u00fcbsch verpackt.<\/p>\n<p>Die Clutch wird mit einem Rei\u00dfverschluss geschlossen und passt angenehm in die Hand.<\/p>\n<p>Obermaterial: Leder in der Farbe Grau<br \/>\nInnenmaterial: Baumwolle mit der Farbe Braun<\/p>\n<p>Ma\u00dfe:<br \/>\n33 cm x 24,5 cm x 1,5 cm<br \/>\n13 zoll x 9,6 zoll x 0,6 zoll<\/p>\n<p>Reinigung: Mit einem leicht feuchten Tuch reinigen.<\/p>\n<p>Leder ist ein Naturprodukt, daher k\u00f6nnen nat\u00fcrliche Sch\u00f6nheitsfehler auftreten<\/p>\n","protected":false},"excerpt":{"rendered":"<p>Unsere Clutch Tasche aus Leder schm\u00fcckt jede Frau und jeden Mann mit einem hohen Niveau an Eleganz und Klasse, egal ob f\u00fcr die Arbeit oder f\u00fcr den Alltag, Sie haben immer alles dabei mit unseren einfachen und sch\u00f6nen Clutch Ledertasche. Mit dieser edlen Clutch aus echtem Leder hast du dein Smartphone sowie Portemonnaie und Schl\u00fcssel [&#8230;]\n","protected":false},"featured_media":67426,"comment_status":"open","ping_status":"closed","template":"","meta":[],"product_brand":[],"product_cat":[361,95],"product_tag":[],"class_list":{"0":"post-67423","1":"product","2":"type-product","3":"status-publish","4":"has-post-thumbnail","6":"product_cat-clutch","7":"product_cat-ledertaschen","9":"first","10":"instock","11":"taxable","12":"shipping-taxable","13":"purchasable","14":"product-type-simple"},"yoast_head":"<!-- This site is optimized with the Yoast SEO plugin v27.4 - https:\/\/yoast.com\/product\/yoast-seo-wordpress\/ -->\n<title>Grau Leder Clutch Tasche<\/title>\n<meta name=\"robots\" content=\"index, follow, max-snippet:-1, max-image-preview:large, max-video-preview:-1\" \/>\n<link rel=\"canonical\" href=\"https:\/\/www.erdiunver.de\/en\/product\/grau-leder-clutch-tasche\/\" \/>\n<meta property=\"og:locale\" content=\"en_US\" \/>\n<meta property=\"og:type\" content=\"article\" \/>\n<meta property=\"og:title\" content=\"Grau Leder Clutch Tasche\" \/>\n<meta property=\"og:description\" content=\"Unsere Clutch Tasche aus Leder schm\u00fcckt jede Frau und jeden Mann mit einem hohen Niveau an Eleganz und Klasse, egal ob f\u00fcr die Arbeit oder f\u00fcr den Alltag, Sie haben immer alles dabei mit unseren einfachen und sch\u00f6nen Clutch Ledertasche. Mit dieser edlen Clutch aus echtem Leder hast du dein Smartphone sowie Portemonnaie und Schl\u00fcssel [...]\" \/>\n<meta property=\"og:url\" content=\"https:\/\/www.erdiunver.de\/en\/product\/grau-leder-clutch-tasche\/\" \/>\n<meta property=\"og:site_name\" content=\"Erdi \u00dcnver hochwertige Lederg\u00fcrtel aus echtem Leder f\u00fcr Damen &amp; Herren\" \/>\n<meta property=\"article:modified_time\" content=\"2022-03-22T05:57:59+00:00\" \/>\n<meta property=\"og:image\" content=\"https:\/\/www.erdiunver.de\/wp-content\/uploads\/Clutch-Tasche-Leder-Grau-1.jpg\" \/>\n\t<meta property=\"og:image:width\" content=\"2000\" \/>\n\t<meta property=\"og:image:height\" content=\"1334\" \/>\n\t<meta property=\"og:image:type\" content=\"image\/jpeg\" \/>\n<meta name=\"twitter:card\" content=\"summary_large_image\" \/>\n<meta name=\"twitter:label1\" content=\"Est. reading time\" \/>\n\t<meta name=\"twitter:data1\" content=\"1 minute\" \/>\n<script type=\"application\/ld+json\" class=\"yoast-schema-graph\">{\"@context\":\"https:\\\/\\\/schema.org\",\"@graph\":[{\"@type\":\"WebPage\",\"@id\":\"https:\\\/\\\/www.erdiunver.de\\\/en\\\/product\\\/grau-leder-clutch-tasche\\\/\",\"url\":\"https:\\\/\\\/www.erdiunver.de\\\/en\\\/product\\\/grau-leder-clutch-tasche\\\/\",\"name\":\"Grau Leder Clutch Tasche\",\"isPartOf\":{\"@id\":\"https:\\\/\\\/www.erdiunver.de\\\/en\\\/#website\"},\"primaryImageOfPage\":{\"@id\":\"https:\\\/\\\/www.erdiunver.de\\\/en\\\/product\\\/grau-leder-clutch-tasche\\\/#primaryimage\"},\"image\":{\"@id\":\"https:\\\/\\\/www.erdiunver.de\\\/en\\\/product\\\/grau-leder-clutch-tasche\\\/#primaryimage\"},\"thumbnailUrl\":\"https:\\\/\\\/www.erdiunver.de\\\/wp-content\\\/uploads\\\/Clutch-Tasche-Leder-Grau-1.jpg\",\"datePublished\":\"2022-03-22T05:30:44+00:00\",\"dateModified\":\"2022-03-22T05:57:59+00:00\",\"breadcrumb\":{\"@id\":\"https:\\\/\\\/www.erdiunver.de\\\/en\\\/product\\\/grau-leder-clutch-tasche\\\/#breadcrumb\"},\"inLanguage\":\"en-US\",\"potentialAction\":[{\"@type\":\"ReadAction\",\"target\":[\"https:\\\/\\\/www.erdiunver.de\\\/en\\\/product\\\/grau-leder-clutch-tasche\\\/\"]}]},{\"@type\":\"ImageObject\",\"inLanguage\":\"en-US\",\"@id\":\"https:\\\/\\\/www.erdiunver.de\\\/en\\\/product\\\/grau-leder-clutch-tasche\\\/#primaryimage\",\"url\":\"https:\\\/\\\/www.erdiunver.de\\\/wp-content\\\/uploads\\\/Clutch-Tasche-Leder-Grau-1.jpg\",\"contentUrl\":\"https:\\\/\\\/www.erdiunver.de\\\/wp-content\\\/uploads\\\/Clutch-Tasche-Leder-Grau-1.jpg\",\"width\":2000,\"height\":1334,\"caption\":\"Clutch Leder Tasche Grau\"},{\"@type\":\"BreadcrumbList\",\"@id\":\"https:\\\/\\\/www.erdiunver.de\\\/en\\\/product\\\/grau-leder-clutch-tasche\\\/#breadcrumb\",\"itemListElement\":[{\"@type\":\"ListItem\",\"position\":1,\"name\":\"Startseite\",\"item\":\"https:\\\/\\\/www.erdiunver.de\\\/en\\\/\"},{\"@type\":\"ListItem\",\"position\":2,\"name\":\"Shop\",\"item\":\"https:\\\/\\\/www.erdiunver.de\\\/en\\\/shop-2\\\/\"},{\"@type\":\"ListItem\",\"position\":3,\"name\":\"Grau Leder Clutch Tasche\"}]},{\"@type\":\"WebSite\",\"@id\":\"https:\\\/\\\/www.erdiunver.de\\\/en\\\/#website\",\"url\":\"https:\\\/\\\/www.erdiunver.de\\\/en\\\/\",\"name\":\"Erdi \u00dcnver hochwertige Lederg\u00fcrtel aus echtem Leder f\u00fcr Damen & Herren\",\"description\":\"Wendeg\u00fcrtel Taschen H G\u00fcrtel aus Leder hochwertig und Preiswert\",\"potentialAction\":[{\"@type\":\"SearchAction\",\"target\":{\"@type\":\"EntryPoint\",\"urlTemplate\":\"https:\\\/\\\/www.erdiunver.de\\\/en\\\/?s={search_term_string}\"},\"query-input\":{\"@type\":\"PropertyValueSpecification\",\"valueRequired\":true,\"valueName\":\"search_term_string\"}}],\"inLanguage\":\"en-US\"}]}<\/script>\n<!-- \/ Yoast SEO plugin. -->","yoast_head_json":{"title":"Grau Leder Clutch Tasche","robots":{"index":"index","follow":"follow","max-snippet":"max-snippet:-1","max-image-preview":"max-image-preview:large","max-video-preview":"max-video-preview:-1"},"canonical":"https:\/\/www.erdiunver.de\/en\/product\/grau-leder-clutch-tasche\/","og_locale":"en_US","og_type":"article","og_title":"Grau Leder Clutch Tasche","og_description":"Unsere Clutch Tasche aus Leder schm\u00fcckt jede Frau und jeden Mann mit einem hohen Niveau an Eleganz und Klasse, egal ob f\u00fcr die Arbeit oder f\u00fcr den Alltag, Sie haben immer alles dabei mit unseren einfachen und sch\u00f6nen Clutch Ledertasche. Mit dieser edlen Clutch aus echtem Leder hast du dein Smartphone sowie Portemonnaie und Schl\u00fcssel [...]","og_url":"https:\/\/www.erdiunver.de\/en\/product\/grau-leder-clutch-tasche\/","og_site_name":"Erdi \u00dcnver hochwertige Lederg\u00fcrtel aus echtem Leder f\u00fcr Damen &amp; Herren","article_modified_time":"2022-03-22T05:57:59+00:00","og_image":[{"width":2000,"height":1334,"url":"https:\/\/www.erdiunver.de\/wp-content\/uploads\/Clutch-Tasche-Leder-Grau-1.jpg","type":"image\/jpeg"}],"twitter_card":"summary_large_image","twitter_misc":{"Est. reading time":"1 minute"},"schema":{"@context":"https:\/\/schema.org","@graph":[{"@type":"WebPage","@id":"https:\/\/www.erdiunver.de\/en\/product\/grau-leder-clutch-tasche\/","url":"https:\/\/www.erdiunver.de\/en\/product\/grau-leder-clutch-tasche\/","name":"Grau Leder Clutch Tasche","isPartOf":{"@id":"https:\/\/www.erdiunver.de\/en\/#website"},"primaryImageOfPage":{"@id":"https:\/\/www.erdiunver.de\/en\/product\/grau-leder-clutch-tasche\/#primaryimage"},"image":{"@id":"https:\/\/www.erdiunver.de\/en\/product\/grau-leder-clutch-tasche\/#primaryimage"},"thumbnailUrl":"https:\/\/www.erdiunver.de\/wp-content\/uploads\/Clutch-Tasche-Leder-Grau-1.jpg","datePublished":"2022-03-22T05:30:44+00:00","dateModified":"2022-03-22T05:57:59+00:00","breadcrumb":{"@id":"https:\/\/www.erdiunver.de\/en\/product\/grau-leder-clutch-tasche\/#breadcrumb"},"inLanguage":"en-US","potentialAction":[{"@type":"ReadAction","target":["https:\/\/www.erdiunver.de\/en\/product\/grau-leder-clutch-tasche\/"]}]},{"@type":"ImageObject","inLanguage":"en-US","@id":"https:\/\/www.erdiunver.de\/en\/product\/grau-leder-clutch-tasche\/#primaryimage","url":"https:\/\/www.erdiunver.de\/wp-content\/uploads\/Clutch-Tasche-Leder-Grau-1.jpg","contentUrl":"https:\/\/www.erdiunver.de\/wp-content\/uploads\/Clutch-Tasche-Leder-Grau-1.jpg","width":2000,"height":1334,"caption":"Clutch Leder Tasche Grau"},{"@type":"BreadcrumbList","@id":"https:\/\/www.erdiunver.de\/en\/product\/grau-leder-clutch-tasche\/#breadcrumb","itemListElement":[{"@type":"ListItem","position":1,"name":"Startseite","item":"https:\/\/www.erdiunver.de\/en\/"},{"@type":"ListItem","position":2,"name":"Shop","item":"https:\/\/www.erdiunver.de\/en\/shop-2\/"},{"@type":"ListItem","position":3,"name":"Grau Leder Clutch Tasche"}]},{"@type":"WebSite","@id":"https:\/\/www.erdiunver.de\/en\/#website","url":"https:\/\/www.erdiunver.de\/en\/","name":"Erdi \u00dcnver hochwertige Lederg\u00fcrtel aus echtem Leder f\u00fcr Damen & Herren","description":"Wendeg\u00fcrtel Taschen H G\u00fcrtel aus Leder hochwertig und Preiswert","potentialAction":[{"@type":"SearchAction","target":{"@type":"EntryPoint","urlTemplate":"https:\/\/www.erdiunver.de\/en\/?s={search_term_string}"},"query-input":{"@type":"PropertyValueSpecification","valueRequired":true,"valueName":"search_term_string"}}],"inLanguage":"en-US"}]}},"_links":{"self":[{"href":"https:\/\/www.erdiunver.de\/en\/wp-json\/wp\/v2\/product\/67423","targetHints":{"allow":["GET"]}}],"collection":[{"href":"https:\/\/www.erdiunver.de\/en\/wp-json\/wp\/v2\/product"}],"about":[{"href":"https:\/\/www.erdiunver.de\/en\/wp-json\/wp\/v2\/types\/product"}],"replies":[{"embeddable":true,"href":"https:\/\/www.erdiunver.de\/en\/wp-json\/wp\/v2\/comments?post=67423"}],"wp:featuredmedia":[{"embeddable":true,"href":"https:\/\/www.erdiunver.de\/en\/wp-json\/wp\/v2\/media\/67426"}],"wp:attachment":[{"href":"https:\/\/www.erdiunver.de\/en\/wp-json\/wp\/v2\/media?parent=67423"}],"wp:term":[{"taxonomy":"product_brand","embeddable":true,"href":"https:\/\/www.erdiunver.de\/en\/wp-json\/wp\/v2\/product_brand?post=67423"},{"taxonomy":"product_cat","embeddable":true,"href":"https:\/\/www.erdiunver.de\/en\/wp-json\/wp\/v2\/product_cat?post=67423"},{"taxonomy":"product_tag","embeddable":true,"href":"https:\/\/www.erdiunver.de\/en\/wp-json\/wp\/v2\/product_tag?post=67423"}],"curies":[{"name":"wp","href":"https:\/\/api.w.org\/{rel}","templated":true}]}}