{"id":67416,"date":"2022-03-21T16:09:03","date_gmt":"2022-03-21T15:09:03","guid":{"rendered":"https:\/\/www.erdiunver.de\/?post_type=product&#038;p=67416"},"modified":"2022-03-22T11:40:56","modified_gmt":"2022-03-22T10:40:56","slug":"electric-blau-leder-clutch-tasche","status":"publish","type":"product","link":"https:\/\/www.erdiunver.de\/en\/product\/electric-blau-leder-clutch-tasche\/","title":{"rendered":"Electric Blau Leder Clutch Tasche"},"content":{"rendered":"<h2>Zeitlose Leder Clutch Tasche in Hellblau<\/h2>\n<p>Leder Clutch Tasche in Hellblau passt zu jeder Frau und jedem Mann. Ob f\u00fcr die Arbeit oder den Alltag, unsere Clutch Tasche aus Leder hat alles, was Sie brauchen.<br \/>\nSie haben immer alles dabei, dank unserer praktischen und sch\u00f6nen Leder Clutch.<\/p>\n<p>Einplatz f\u00fcr Smartphone sowie Portemonnaie und Schl\u00fcssel immer dabei und alles ist h\u00fcbsch verpackt.<\/p>\n<p>Innen mit einem Hauptfach und mit einem Zusatz Rei\u00dfverschluss versehen<\/p>\n<p>&nbsp;<\/p>\n<p>Obermaterial: Leder in der Farbe Electric Blau \/ Hellblau<br \/>\nInnenmaterial: Baumwolle mit der Farbe Braun<\/p>\n<p>Ma\u00dfe:<br \/>\n33 cm x 24,5 cm x 1,5 cm<br \/>\n13 zoll x 9,6 zoll x 0,6 zoll<\/p>\n<p>&nbsp;<\/p>\n","protected":false},"excerpt":{"rendered":"<p>Zeitlose Leder Clutch Tasche in Hellblau Leder Clutch Tasche in Hellblau passt zu jeder Frau und jedem Mann. Ob f\u00fcr die Arbeit oder den Alltag, unsere Clutch Tasche aus Leder hat alles, was Sie brauchen. Sie haben immer alles dabei, dank unserer praktischen und sch\u00f6nen Leder Clutch. Einplatz f\u00fcr Smartphone sowie Portemonnaie und Schl\u00fcssel immer [&#8230;]\n","protected":false},"featured_media":67421,"comment_status":"open","ping_status":"closed","template":"","meta":[],"product_brand":[],"product_cat":[361,95],"product_tag":[],"class_list":{"0":"post-67416","1":"product","2":"type-product","3":"status-publish","4":"has-post-thumbnail","6":"product_cat-clutch","7":"product_cat-ledertaschen","9":"first","10":"instock","11":"taxable","12":"shipping-taxable","13":"purchasable","14":"product-type-simple"},"yoast_head":"<!-- This site is optimized with the Yoast SEO plugin v27.4 - https:\/\/yoast.com\/product\/yoast-seo-wordpress\/ -->\n<title>Electric Blau Leder Clutch Tasche<\/title>\n<meta name=\"robots\" content=\"index, follow, max-snippet:-1, max-image-preview:large, max-video-preview:-1\" \/>\n<link rel=\"canonical\" href=\"https:\/\/www.erdiunver.de\/en\/product\/electric-blau-leder-clutch-tasche\/\" \/>\n<meta property=\"og:locale\" content=\"en_US\" \/>\n<meta property=\"og:type\" content=\"article\" \/>\n<meta property=\"og:title\" content=\"Electric Blau Leder Clutch Tasche\" \/>\n<meta property=\"og:description\" content=\"Zeitlose Leder Clutch Tasche in Hellblau Leder Clutch Tasche in Hellblau passt zu jeder Frau und jedem Mann. Ob f\u00fcr die Arbeit oder den Alltag, unsere Clutch Tasche aus Leder hat alles, was Sie brauchen. Sie haben immer alles dabei, dank unserer praktischen und sch\u00f6nen Leder Clutch. Einplatz f\u00fcr Smartphone sowie Portemonnaie und Schl\u00fcssel immer [...]\" \/>\n<meta property=\"og:url\" content=\"https:\/\/www.erdiunver.de\/en\/product\/electric-blau-leder-clutch-tasche\/\" \/>\n<meta property=\"og:site_name\" content=\"Erdi \u00dcnver hochwertige Lederg\u00fcrtel aus echtem Leder f\u00fcr Damen &amp; Herren\" \/>\n<meta property=\"article:modified_time\" content=\"2022-03-22T10:40:56+00:00\" \/>\n<meta property=\"og:image\" content=\"https:\/\/www.erdiunver.de\/wp-content\/uploads\/Leder-Clutch-Tasche-Electric-Blue-1.jpg\" \/>\n\t<meta property=\"og:image:width\" content=\"2000\" \/>\n\t<meta property=\"og:image:height\" content=\"1334\" \/>\n\t<meta property=\"og:image:type\" content=\"image\/jpeg\" \/>\n<meta name=\"twitter:card\" content=\"summary_large_image\" \/>\n<meta name=\"twitter:label1\" content=\"Est. reading time\" \/>\n\t<meta name=\"twitter:data1\" content=\"1 minute\" \/>\n<script type=\"application\/ld+json\" class=\"yoast-schema-graph\">{\"@context\":\"https:\\\/\\\/schema.org\",\"@graph\":[{\"@type\":\"WebPage\",\"@id\":\"https:\\\/\\\/www.erdiunver.de\\\/en\\\/product\\\/electric-blau-leder-clutch-tasche\\\/\",\"url\":\"https:\\\/\\\/www.erdiunver.de\\\/en\\\/product\\\/electric-blau-leder-clutch-tasche\\\/\",\"name\":\"Electric Blau Leder Clutch Tasche\",\"isPartOf\":{\"@id\":\"https:\\\/\\\/www.erdiunver.de\\\/en\\\/#website\"},\"primaryImageOfPage\":{\"@id\":\"https:\\\/\\\/www.erdiunver.de\\\/en\\\/product\\\/electric-blau-leder-clutch-tasche\\\/#primaryimage\"},\"image\":{\"@id\":\"https:\\\/\\\/www.erdiunver.de\\\/en\\\/product\\\/electric-blau-leder-clutch-tasche\\\/#primaryimage\"},\"thumbnailUrl\":\"https:\\\/\\\/www.erdiunver.de\\\/wp-content\\\/uploads\\\/Leder-Clutch-Tasche-Electric-Blue-1.jpg\",\"datePublished\":\"2022-03-21T15:09:03+00:00\",\"dateModified\":\"2022-03-22T10:40:56+00:00\",\"breadcrumb\":{\"@id\":\"https:\\\/\\\/www.erdiunver.de\\\/en\\\/product\\\/electric-blau-leder-clutch-tasche\\\/#breadcrumb\"},\"inLanguage\":\"en-US\",\"potentialAction\":[{\"@type\":\"ReadAction\",\"target\":[\"https:\\\/\\\/www.erdiunver.de\\\/en\\\/product\\\/electric-blau-leder-clutch-tasche\\\/\"]}]},{\"@type\":\"ImageObject\",\"inLanguage\":\"en-US\",\"@id\":\"https:\\\/\\\/www.erdiunver.de\\\/en\\\/product\\\/electric-blau-leder-clutch-tasche\\\/#primaryimage\",\"url\":\"https:\\\/\\\/www.erdiunver.de\\\/wp-content\\\/uploads\\\/Leder-Clutch-Tasche-Electric-Blue-1.jpg\",\"contentUrl\":\"https:\\\/\\\/www.erdiunver.de\\\/wp-content\\\/uploads\\\/Leder-Clutch-Tasche-Electric-Blue-1.jpg\",\"width\":2000,\"height\":1334,\"caption\":\"Clutch Leder Tasche Electric Blue\"},{\"@type\":\"BreadcrumbList\",\"@id\":\"https:\\\/\\\/www.erdiunver.de\\\/en\\\/product\\\/electric-blau-leder-clutch-tasche\\\/#breadcrumb\",\"itemListElement\":[{\"@type\":\"ListItem\",\"position\":1,\"name\":\"Startseite\",\"item\":\"https:\\\/\\\/www.erdiunver.de\\\/en\\\/\"},{\"@type\":\"ListItem\",\"position\":2,\"name\":\"Shop\",\"item\":\"https:\\\/\\\/www.erdiunver.de\\\/en\\\/shop-2\\\/\"},{\"@type\":\"ListItem\",\"position\":3,\"name\":\"Electric Blau Leder Clutch Tasche\"}]},{\"@type\":\"WebSite\",\"@id\":\"https:\\\/\\\/www.erdiunver.de\\\/en\\\/#website\",\"url\":\"https:\\\/\\\/www.erdiunver.de\\\/en\\\/\",\"name\":\"Erdi \u00dcnver hochwertige Lederg\u00fcrtel aus echtem Leder f\u00fcr Damen & Herren\",\"description\":\"Wendeg\u00fcrtel Taschen H G\u00fcrtel aus Leder hochwertig und Preiswert\",\"potentialAction\":[{\"@type\":\"SearchAction\",\"target\":{\"@type\":\"EntryPoint\",\"urlTemplate\":\"https:\\\/\\\/www.erdiunver.de\\\/en\\\/?s={search_term_string}\"},\"query-input\":{\"@type\":\"PropertyValueSpecification\",\"valueRequired\":true,\"valueName\":\"search_term_string\"}}],\"inLanguage\":\"en-US\"}]}<\/script>\n<!-- \/ Yoast SEO plugin. -->","yoast_head_json":{"title":"Electric Blau Leder Clutch Tasche","robots":{"index":"index","follow":"follow","max-snippet":"max-snippet:-1","max-image-preview":"max-image-preview:large","max-video-preview":"max-video-preview:-1"},"canonical":"https:\/\/www.erdiunver.de\/en\/product\/electric-blau-leder-clutch-tasche\/","og_locale":"en_US","og_type":"article","og_title":"Electric Blau Leder Clutch Tasche","og_description":"Zeitlose Leder Clutch Tasche in Hellblau Leder Clutch Tasche in Hellblau passt zu jeder Frau und jedem Mann. Ob f\u00fcr die Arbeit oder den Alltag, unsere Clutch Tasche aus Leder hat alles, was Sie brauchen. Sie haben immer alles dabei, dank unserer praktischen und sch\u00f6nen Leder Clutch. Einplatz f\u00fcr Smartphone sowie Portemonnaie und Schl\u00fcssel immer [...]","og_url":"https:\/\/www.erdiunver.de\/en\/product\/electric-blau-leder-clutch-tasche\/","og_site_name":"Erdi \u00dcnver hochwertige Lederg\u00fcrtel aus echtem Leder f\u00fcr Damen &amp; Herren","article_modified_time":"2022-03-22T10:40:56+00:00","og_image":[{"width":2000,"height":1334,"url":"https:\/\/www.erdiunver.de\/wp-content\/uploads\/Leder-Clutch-Tasche-Electric-Blue-1.jpg","type":"image\/jpeg"}],"twitter_card":"summary_large_image","twitter_misc":{"Est. reading time":"1 minute"},"schema":{"@context":"https:\/\/schema.org","@graph":[{"@type":"WebPage","@id":"https:\/\/www.erdiunver.de\/en\/product\/electric-blau-leder-clutch-tasche\/","url":"https:\/\/www.erdiunver.de\/en\/product\/electric-blau-leder-clutch-tasche\/","name":"Electric Blau Leder Clutch Tasche","isPartOf":{"@id":"https:\/\/www.erdiunver.de\/en\/#website"},"primaryImageOfPage":{"@id":"https:\/\/www.erdiunver.de\/en\/product\/electric-blau-leder-clutch-tasche\/#primaryimage"},"image":{"@id":"https:\/\/www.erdiunver.de\/en\/product\/electric-blau-leder-clutch-tasche\/#primaryimage"},"thumbnailUrl":"https:\/\/www.erdiunver.de\/wp-content\/uploads\/Leder-Clutch-Tasche-Electric-Blue-1.jpg","datePublished":"2022-03-21T15:09:03+00:00","dateModified":"2022-03-22T10:40:56+00:00","breadcrumb":{"@id":"https:\/\/www.erdiunver.de\/en\/product\/electric-blau-leder-clutch-tasche\/#breadcrumb"},"inLanguage":"en-US","potentialAction":[{"@type":"ReadAction","target":["https:\/\/www.erdiunver.de\/en\/product\/electric-blau-leder-clutch-tasche\/"]}]},{"@type":"ImageObject","inLanguage":"en-US","@id":"https:\/\/www.erdiunver.de\/en\/product\/electric-blau-leder-clutch-tasche\/#primaryimage","url":"https:\/\/www.erdiunver.de\/wp-content\/uploads\/Leder-Clutch-Tasche-Electric-Blue-1.jpg","contentUrl":"https:\/\/www.erdiunver.de\/wp-content\/uploads\/Leder-Clutch-Tasche-Electric-Blue-1.jpg","width":2000,"height":1334,"caption":"Clutch Leder Tasche Electric Blue"},{"@type":"BreadcrumbList","@id":"https:\/\/www.erdiunver.de\/en\/product\/electric-blau-leder-clutch-tasche\/#breadcrumb","itemListElement":[{"@type":"ListItem","position":1,"name":"Startseite","item":"https:\/\/www.erdiunver.de\/en\/"},{"@type":"ListItem","position":2,"name":"Shop","item":"https:\/\/www.erdiunver.de\/en\/shop-2\/"},{"@type":"ListItem","position":3,"name":"Electric Blau Leder Clutch Tasche"}]},{"@type":"WebSite","@id":"https:\/\/www.erdiunver.de\/en\/#website","url":"https:\/\/www.erdiunver.de\/en\/","name":"Erdi \u00dcnver hochwertige Lederg\u00fcrtel aus echtem Leder f\u00fcr Damen & Herren","description":"Wendeg\u00fcrtel Taschen H G\u00fcrtel aus Leder hochwertig und Preiswert","potentialAction":[{"@type":"SearchAction","target":{"@type":"EntryPoint","urlTemplate":"https:\/\/www.erdiunver.de\/en\/?s={search_term_string}"},"query-input":{"@type":"PropertyValueSpecification","valueRequired":true,"valueName":"search_term_string"}}],"inLanguage":"en-US"}]}},"_links":{"self":[{"href":"https:\/\/www.erdiunver.de\/en\/wp-json\/wp\/v2\/product\/67416","targetHints":{"allow":["GET"]}}],"collection":[{"href":"https:\/\/www.erdiunver.de\/en\/wp-json\/wp\/v2\/product"}],"about":[{"href":"https:\/\/www.erdiunver.de\/en\/wp-json\/wp\/v2\/types\/product"}],"replies":[{"embeddable":true,"href":"https:\/\/www.erdiunver.de\/en\/wp-json\/wp\/v2\/comments?post=67416"}],"wp:featuredmedia":[{"embeddable":true,"href":"https:\/\/www.erdiunver.de\/en\/wp-json\/wp\/v2\/media\/67421"}],"wp:attachment":[{"href":"https:\/\/www.erdiunver.de\/en\/wp-json\/wp\/v2\/media?parent=67416"}],"wp:term":[{"taxonomy":"product_brand","embeddable":true,"href":"https:\/\/www.erdiunver.de\/en\/wp-json\/wp\/v2\/product_brand?post=67416"},{"taxonomy":"product_cat","embeddable":true,"href":"https:\/\/www.erdiunver.de\/en\/wp-json\/wp\/v2\/product_cat?post=67416"},{"taxonomy":"product_tag","embeddable":true,"href":"https:\/\/www.erdiunver.de\/en\/wp-json\/wp\/v2\/product_tag?post=67416"}],"curies":[{"name":"wp","href":"https:\/\/api.w.org\/{rel}","templated":true}]}}