{"id":67409,"date":"2022-03-21T16:05:34","date_gmt":"2022-03-21T15:05:34","guid":{"rendered":"https:\/\/www.erdiunver.de\/?post_type=product&#038;p=67409"},"modified":"2025-07-18T18:27:30","modified_gmt":"2025-07-18T16:27:30","slug":"dunkelblau-leder-clutch-tasche","status":"publish","type":"product","link":"https:\/\/www.erdiunver.de\/en\/product\/dunkelblau-leder-clutch-tasche\/","title":{"rendered":"Dunkelblau Leder Clutch Tasche"},"content":{"rendered":"<h2>Die klassische Clutch Tasche in Dunkelblau<\/h2>\n<p>Die Clutch Tasche aus Leder in Dunkelblau ist die Tasche f\u00fcr alle Gelegenheiten. Sie ist perfekt f\u00fcr den Alltag, sie ist perfekt f\u00fcr die Arbeit, beim Feiern oder beim Essen mit Freunden, unsere Clutch Tasche aus Leder schm\u00fcckt jede Frau und jeden Mann mit einem hohen Niveau an Eleganz und Klasse. Die Clutch aus Leder ist auch ideal, um Dinge darin aufzubewahren, die man unbedingt bei sich haben muss &#8211; Zum Beispiel Ihr Smartphone, Portemonnaie und Schl\u00fcssel und alles ist ganz h\u00fcbsch verpackt.<\/p>\n<p>&nbsp;<\/p>\n<p>Unsere Clutch Ledertasche wird mit einem Rei\u00dfverschluss geschlossen und passt angenehm in die Hand, dazu hat sich innen noch Einzusatzfach sowie ein Zusatzfach mit Rei\u00dfverschluss.<\/p>\n<p>Obermaterial: Leder in der Farbe Dunkelblau<br \/>\nInnenmaterial: Baumwolle mit der Farbe Braun<\/p>\n<p>Ma\u00dfe:<br \/>\n33 cm x 24,5 cm x 1,5 cm<br \/>\n13 zoll x 9,6 zoll x 0,6 zoll<\/p>\n<p>&nbsp;<\/p>\n","protected":false},"excerpt":{"rendered":"<p>Die klassische Clutch Tasche in Dunkelblau Die Clutch Tasche aus Leder in Dunkelblau ist die Tasche f\u00fcr alle Gelegenheiten. Sie ist perfekt f\u00fcr den Alltag, sie ist perfekt f\u00fcr die Arbeit, beim Feiern oder beim Essen mit Freunden, unsere Clutch Tasche aus Leder schm\u00fcckt jede Frau und jeden Mann mit einem hohen Niveau an Eleganz [&#8230;]\n","protected":false},"featured_media":67414,"comment_status":"open","ping_status":"closed","template":"","meta":[],"product_brand":[],"product_cat":[361,95],"product_tag":[],"class_list":{"0":"post-67409","1":"product","2":"type-product","3":"status-publish","4":"has-post-thumbnail","6":"product_cat-clutch","7":"product_cat-ledertaschen","9":"first","10":"onbackorder","11":"taxable","12":"shipping-taxable","13":"purchasable","14":"product-type-simple"},"yoast_head":"<!-- This site is optimized with the Yoast SEO plugin v27.4 - https:\/\/yoast.com\/product\/yoast-seo-wordpress\/ -->\n<title>Dunkelblau Leder Clutch Tasche<\/title>\n<meta name=\"robots\" content=\"index, follow, max-snippet:-1, max-image-preview:large, max-video-preview:-1\" \/>\n<link rel=\"canonical\" href=\"https:\/\/www.erdiunver.de\/en\/product\/dunkelblau-leder-clutch-tasche\/\" \/>\n<meta property=\"og:locale\" content=\"en_US\" \/>\n<meta property=\"og:type\" content=\"article\" \/>\n<meta property=\"og:title\" content=\"Dunkelblau Leder Clutch Tasche\" \/>\n<meta property=\"og:description\" content=\"Die klassische Clutch Tasche in Dunkelblau Die Clutch Tasche aus Leder in Dunkelblau ist die Tasche f\u00fcr alle Gelegenheiten. Sie ist perfekt f\u00fcr den Alltag, sie ist perfekt f\u00fcr die Arbeit, beim Feiern oder beim Essen mit Freunden, unsere Clutch Tasche aus Leder schm\u00fcckt jede Frau und jeden Mann mit einem hohen Niveau an Eleganz [...]\" \/>\n<meta property=\"og:url\" content=\"https:\/\/www.erdiunver.de\/en\/product\/dunkelblau-leder-clutch-tasche\/\" \/>\n<meta property=\"og:site_name\" content=\"Erdi \u00dcnver hochwertige Lederg\u00fcrtel aus echtem Leder f\u00fcr Damen &amp; Herren\" \/>\n<meta property=\"article:modified_time\" content=\"2025-07-18T16:27:30+00:00\" \/>\n<meta property=\"og:image\" content=\"https:\/\/www.erdiunver.de\/wp-content\/uploads\/Leder-Clutch-Tasche-Dunkelblau-1.jpg\" \/>\n\t<meta property=\"og:image:width\" content=\"2000\" \/>\n\t<meta property=\"og:image:height\" content=\"1334\" \/>\n\t<meta property=\"og:image:type\" content=\"image\/jpeg\" \/>\n<meta name=\"twitter:card\" content=\"summary_large_image\" \/>\n<meta name=\"twitter:label1\" content=\"Est. reading time\" \/>\n\t<meta name=\"twitter:data1\" content=\"1 minute\" \/>\n<script type=\"application\/ld+json\" class=\"yoast-schema-graph\">{\"@context\":\"https:\\\/\\\/schema.org\",\"@graph\":[{\"@type\":\"WebPage\",\"@id\":\"https:\\\/\\\/www.erdiunver.de\\\/en\\\/product\\\/dunkelblau-leder-clutch-tasche\\\/\",\"url\":\"https:\\\/\\\/www.erdiunver.de\\\/en\\\/product\\\/dunkelblau-leder-clutch-tasche\\\/\",\"name\":\"Dunkelblau Leder Clutch Tasche\",\"isPartOf\":{\"@id\":\"https:\\\/\\\/www.erdiunver.de\\\/en\\\/#website\"},\"primaryImageOfPage\":{\"@id\":\"https:\\\/\\\/www.erdiunver.de\\\/en\\\/product\\\/dunkelblau-leder-clutch-tasche\\\/#primaryimage\"},\"image\":{\"@id\":\"https:\\\/\\\/www.erdiunver.de\\\/en\\\/product\\\/dunkelblau-leder-clutch-tasche\\\/#primaryimage\"},\"thumbnailUrl\":\"https:\\\/\\\/www.erdiunver.de\\\/wp-content\\\/uploads\\\/Leder-Clutch-Tasche-Dunkelblau-1.jpg\",\"datePublished\":\"2022-03-21T15:05:34+00:00\",\"dateModified\":\"2025-07-18T16:27:30+00:00\",\"breadcrumb\":{\"@id\":\"https:\\\/\\\/www.erdiunver.de\\\/en\\\/product\\\/dunkelblau-leder-clutch-tasche\\\/#breadcrumb\"},\"inLanguage\":\"en-US\",\"potentialAction\":[{\"@type\":\"ReadAction\",\"target\":[\"https:\\\/\\\/www.erdiunver.de\\\/en\\\/product\\\/dunkelblau-leder-clutch-tasche\\\/\"]}]},{\"@type\":\"ImageObject\",\"inLanguage\":\"en-US\",\"@id\":\"https:\\\/\\\/www.erdiunver.de\\\/en\\\/product\\\/dunkelblau-leder-clutch-tasche\\\/#primaryimage\",\"url\":\"https:\\\/\\\/www.erdiunver.de\\\/wp-content\\\/uploads\\\/Leder-Clutch-Tasche-Dunkelblau-1.jpg\",\"contentUrl\":\"https:\\\/\\\/www.erdiunver.de\\\/wp-content\\\/uploads\\\/Leder-Clutch-Tasche-Dunkelblau-1.jpg\",\"width\":2000,\"height\":1334,\"caption\":\"Clutch Leder Tasche Dunkelblau\"},{\"@type\":\"BreadcrumbList\",\"@id\":\"https:\\\/\\\/www.erdiunver.de\\\/en\\\/product\\\/dunkelblau-leder-clutch-tasche\\\/#breadcrumb\",\"itemListElement\":[{\"@type\":\"ListItem\",\"position\":1,\"name\":\"Startseite\",\"item\":\"https:\\\/\\\/www.erdiunver.de\\\/en\\\/\"},{\"@type\":\"ListItem\",\"position\":2,\"name\":\"Shop\",\"item\":\"https:\\\/\\\/www.erdiunver.de\\\/en\\\/shop-2\\\/\"},{\"@type\":\"ListItem\",\"position\":3,\"name\":\"Dunkelblau Leder Clutch Tasche\"}]},{\"@type\":\"WebSite\",\"@id\":\"https:\\\/\\\/www.erdiunver.de\\\/en\\\/#website\",\"url\":\"https:\\\/\\\/www.erdiunver.de\\\/en\\\/\",\"name\":\"Erdi \u00dcnver hochwertige Lederg\u00fcrtel aus echtem Leder f\u00fcr Damen & Herren\",\"description\":\"Wendeg\u00fcrtel Taschen H G\u00fcrtel aus Leder hochwertig und Preiswert\",\"potentialAction\":[{\"@type\":\"SearchAction\",\"target\":{\"@type\":\"EntryPoint\",\"urlTemplate\":\"https:\\\/\\\/www.erdiunver.de\\\/en\\\/?s={search_term_string}\"},\"query-input\":{\"@type\":\"PropertyValueSpecification\",\"valueRequired\":true,\"valueName\":\"search_term_string\"}}],\"inLanguage\":\"en-US\"}]}<\/script>\n<!-- \/ Yoast SEO plugin. -->","yoast_head_json":{"title":"Dunkelblau Leder Clutch Tasche","robots":{"index":"index","follow":"follow","max-snippet":"max-snippet:-1","max-image-preview":"max-image-preview:large","max-video-preview":"max-video-preview:-1"},"canonical":"https:\/\/www.erdiunver.de\/en\/product\/dunkelblau-leder-clutch-tasche\/","og_locale":"en_US","og_type":"article","og_title":"Dunkelblau Leder Clutch Tasche","og_description":"Die klassische Clutch Tasche in Dunkelblau Die Clutch Tasche aus Leder in Dunkelblau ist die Tasche f\u00fcr alle Gelegenheiten. Sie ist perfekt f\u00fcr den Alltag, sie ist perfekt f\u00fcr die Arbeit, beim Feiern oder beim Essen mit Freunden, unsere Clutch Tasche aus Leder schm\u00fcckt jede Frau und jeden Mann mit einem hohen Niveau an Eleganz [...]","og_url":"https:\/\/www.erdiunver.de\/en\/product\/dunkelblau-leder-clutch-tasche\/","og_site_name":"Erdi \u00dcnver hochwertige Lederg\u00fcrtel aus echtem Leder f\u00fcr Damen &amp; Herren","article_modified_time":"2025-07-18T16:27:30+00:00","og_image":[{"width":2000,"height":1334,"url":"https:\/\/www.erdiunver.de\/wp-content\/uploads\/Leder-Clutch-Tasche-Dunkelblau-1.jpg","type":"image\/jpeg"}],"twitter_card":"summary_large_image","twitter_misc":{"Est. reading time":"1 minute"},"schema":{"@context":"https:\/\/schema.org","@graph":[{"@type":"WebPage","@id":"https:\/\/www.erdiunver.de\/en\/product\/dunkelblau-leder-clutch-tasche\/","url":"https:\/\/www.erdiunver.de\/en\/product\/dunkelblau-leder-clutch-tasche\/","name":"Dunkelblau Leder Clutch Tasche","isPartOf":{"@id":"https:\/\/www.erdiunver.de\/en\/#website"},"primaryImageOfPage":{"@id":"https:\/\/www.erdiunver.de\/en\/product\/dunkelblau-leder-clutch-tasche\/#primaryimage"},"image":{"@id":"https:\/\/www.erdiunver.de\/en\/product\/dunkelblau-leder-clutch-tasche\/#primaryimage"},"thumbnailUrl":"https:\/\/www.erdiunver.de\/wp-content\/uploads\/Leder-Clutch-Tasche-Dunkelblau-1.jpg","datePublished":"2022-03-21T15:05:34+00:00","dateModified":"2025-07-18T16:27:30+00:00","breadcrumb":{"@id":"https:\/\/www.erdiunver.de\/en\/product\/dunkelblau-leder-clutch-tasche\/#breadcrumb"},"inLanguage":"en-US","potentialAction":[{"@type":"ReadAction","target":["https:\/\/www.erdiunver.de\/en\/product\/dunkelblau-leder-clutch-tasche\/"]}]},{"@type":"ImageObject","inLanguage":"en-US","@id":"https:\/\/www.erdiunver.de\/en\/product\/dunkelblau-leder-clutch-tasche\/#primaryimage","url":"https:\/\/www.erdiunver.de\/wp-content\/uploads\/Leder-Clutch-Tasche-Dunkelblau-1.jpg","contentUrl":"https:\/\/www.erdiunver.de\/wp-content\/uploads\/Leder-Clutch-Tasche-Dunkelblau-1.jpg","width":2000,"height":1334,"caption":"Clutch Leder Tasche Dunkelblau"},{"@type":"BreadcrumbList","@id":"https:\/\/www.erdiunver.de\/en\/product\/dunkelblau-leder-clutch-tasche\/#breadcrumb","itemListElement":[{"@type":"ListItem","position":1,"name":"Startseite","item":"https:\/\/www.erdiunver.de\/en\/"},{"@type":"ListItem","position":2,"name":"Shop","item":"https:\/\/www.erdiunver.de\/en\/shop-2\/"},{"@type":"ListItem","position":3,"name":"Dunkelblau Leder Clutch Tasche"}]},{"@type":"WebSite","@id":"https:\/\/www.erdiunver.de\/en\/#website","url":"https:\/\/www.erdiunver.de\/en\/","name":"Erdi \u00dcnver hochwertige Lederg\u00fcrtel aus echtem Leder f\u00fcr Damen & Herren","description":"Wendeg\u00fcrtel Taschen H G\u00fcrtel aus Leder hochwertig und Preiswert","potentialAction":[{"@type":"SearchAction","target":{"@type":"EntryPoint","urlTemplate":"https:\/\/www.erdiunver.de\/en\/?s={search_term_string}"},"query-input":{"@type":"PropertyValueSpecification","valueRequired":true,"valueName":"search_term_string"}}],"inLanguage":"en-US"}]}},"_links":{"self":[{"href":"https:\/\/www.erdiunver.de\/en\/wp-json\/wp\/v2\/product\/67409","targetHints":{"allow":["GET"]}}],"collection":[{"href":"https:\/\/www.erdiunver.de\/en\/wp-json\/wp\/v2\/product"}],"about":[{"href":"https:\/\/www.erdiunver.de\/en\/wp-json\/wp\/v2\/types\/product"}],"replies":[{"embeddable":true,"href":"https:\/\/www.erdiunver.de\/en\/wp-json\/wp\/v2\/comments?post=67409"}],"wp:featuredmedia":[{"embeddable":true,"href":"https:\/\/www.erdiunver.de\/en\/wp-json\/wp\/v2\/media\/67414"}],"wp:attachment":[{"href":"https:\/\/www.erdiunver.de\/en\/wp-json\/wp\/v2\/media?parent=67409"}],"wp:term":[{"taxonomy":"product_brand","embeddable":true,"href":"https:\/\/www.erdiunver.de\/en\/wp-json\/wp\/v2\/product_brand?post=67409"},{"taxonomy":"product_cat","embeddable":true,"href":"https:\/\/www.erdiunver.de\/en\/wp-json\/wp\/v2\/product_cat?post=67409"},{"taxonomy":"product_tag","embeddable":true,"href":"https:\/\/www.erdiunver.de\/en\/wp-json\/wp\/v2\/product_tag?post=67409"}],"curies":[{"name":"wp","href":"https:\/\/api.w.org\/{rel}","templated":true}]}}