{"id":67380,"date":"2022-03-21T15:50:21","date_gmt":"2022-03-21T14:50:21","guid":{"rendered":"https:\/\/www.erdiunver.de\/?post_type=product&#038;p=67380"},"modified":"2025-04-16T12:40:45","modified_gmt":"2025-04-16T10:40:45","slug":"bordo-leder-clutch-tasche","status":"publish","type":"product","link":"https:\/\/www.erdiunver.de\/en\/product\/bordo-leder-clutch-tasche\/","title":{"rendered":"Bordo Leder Clutch Tasche"},"content":{"rendered":"<h2>Einzigartige Clutch Leder Tasche<\/h2>\n<p>Die hochwertige Clutch Tasche aus Leder schm\u00fcckt jede Frau und jeden Mann mit einem hohen Niveau an Klasse &amp; Eleganz, egal ob f\u00fcr die Arbeit oder den Alltag, Sie haben immer alles dabei, mit unseren sch\u00f6nen Clutch Ledertasche.<\/p>\n<p>Mit der edlen Clutch aus echtem Leder hast du dein Smartphone sowie Portemonnaie und Schl\u00fcssel immer dabei.<\/p>\n<p>Die Clutch wird mit einem Rei\u00dfverschluss verschlossen und passt bequem in die Hand.<\/p>\n<p>Obermaterial: Leder in der Farbe Bordo<br \/>\nInnenmaterial: Baumwolle mit der Farbe Braun<\/p>\n<p>Ma\u00dfe:<br \/>\n33 cm x 24,5 cm x 1,5 cm<br \/>\n13 zoll x 9,6 zoll x 0,6 zoll<\/p>\n<p>Die Reinigung: Unsere Empfehlung reinigen sie die Tasche mit einem leicht feuchten Tuch.<\/p>\n<p>&nbsp;<\/p>\n","protected":false},"excerpt":{"rendered":"<p>Einzigartige Clutch Leder Tasche Die hochwertige Clutch Tasche aus Leder schm\u00fcckt jede Frau und jeden Mann mit einem hohen Niveau an Klasse &amp; Eleganz, egal ob f\u00fcr die Arbeit oder den Alltag, Sie haben immer alles dabei, mit unseren sch\u00f6nen Clutch Ledertasche. Mit der edlen Clutch aus echtem Leder hast du dein Smartphone sowie Portemonnaie [&#8230;]\n","protected":false},"featured_media":67393,"comment_status":"open","ping_status":"closed","template":"","meta":[],"product_brand":[],"product_cat":[361,95],"product_tag":[],"class_list":{"0":"post-67380","1":"product","2":"type-product","3":"status-publish","4":"has-post-thumbnail","6":"product_cat-clutch","7":"product_cat-ledertaschen","9":"first","10":"instock","11":"taxable","12":"shipping-taxable","13":"purchasable","14":"product-type-simple"},"yoast_head":"<!-- This site is optimized with the Yoast SEO plugin v27.5 - https:\/\/yoast.com\/product\/yoast-seo-wordpress\/ -->\n<title>Bordo Leder Clutch Tasche<\/title>\n<meta name=\"robots\" content=\"index, follow, max-snippet:-1, max-image-preview:large, max-video-preview:-1\" \/>\n<link rel=\"canonical\" href=\"https:\/\/www.erdiunver.de\/en\/product\/bordo-leder-clutch-tasche\/\" \/>\n<meta property=\"og:locale\" content=\"en_US\" \/>\n<meta property=\"og:type\" content=\"article\" \/>\n<meta property=\"og:title\" content=\"Bordo Leder Clutch Tasche\" \/>\n<meta property=\"og:description\" content=\"Einzigartige Clutch Leder Tasche Die hochwertige Clutch Tasche aus Leder schm\u00fcckt jede Frau und jeden Mann mit einem hohen Niveau an Klasse &amp; Eleganz, egal ob f\u00fcr die Arbeit oder den Alltag, Sie haben immer alles dabei, mit unseren sch\u00f6nen Clutch Ledertasche. Mit der edlen Clutch aus echtem Leder hast du dein Smartphone sowie Portemonnaie [...]\" \/>\n<meta property=\"og:url\" content=\"https:\/\/www.erdiunver.de\/en\/product\/bordo-leder-clutch-tasche\/\" \/>\n<meta property=\"og:site_name\" content=\"Erdi \u00dcnver hochwertige Lederg\u00fcrtel aus echtem Leder f\u00fcr Damen &amp; Herren\" \/>\n<meta property=\"article:modified_time\" content=\"2025-04-16T10:40:45+00:00\" \/>\n<meta property=\"og:image\" content=\"https:\/\/www.erdiunver.de\/wp-content\/uploads\/Leder-Clutch-Tasche-Bordo-1.jpg\" \/>\n\t<meta property=\"og:image:width\" content=\"2000\" \/>\n\t<meta property=\"og:image:height\" content=\"1334\" \/>\n\t<meta property=\"og:image:type\" content=\"image\/jpeg\" \/>\n<meta name=\"twitter:card\" content=\"summary_large_image\" \/>\n<meta name=\"twitter:label1\" content=\"Est. reading time\" \/>\n\t<meta name=\"twitter:data1\" content=\"1 minute\" \/>\n<script type=\"application\/ld+json\" class=\"yoast-schema-graph\">{\"@context\":\"https:\\\/\\\/schema.org\",\"@graph\":[{\"@type\":\"WebPage\",\"@id\":\"https:\\\/\\\/www.erdiunver.de\\\/en\\\/product\\\/bordo-leder-clutch-tasche\\\/\",\"url\":\"https:\\\/\\\/www.erdiunver.de\\\/en\\\/product\\\/bordo-leder-clutch-tasche\\\/\",\"name\":\"Bordo Leder Clutch Tasche\",\"isPartOf\":{\"@id\":\"https:\\\/\\\/www.erdiunver.de\\\/en\\\/#website\"},\"primaryImageOfPage\":{\"@id\":\"https:\\\/\\\/www.erdiunver.de\\\/en\\\/product\\\/bordo-leder-clutch-tasche\\\/#primaryimage\"},\"image\":{\"@id\":\"https:\\\/\\\/www.erdiunver.de\\\/en\\\/product\\\/bordo-leder-clutch-tasche\\\/#primaryimage\"},\"thumbnailUrl\":\"https:\\\/\\\/www.erdiunver.de\\\/wp-content\\\/uploads\\\/Leder-Clutch-Tasche-Bordo-1.jpg\",\"datePublished\":\"2022-03-21T14:50:21+00:00\",\"dateModified\":\"2025-04-16T10:40:45+00:00\",\"breadcrumb\":{\"@id\":\"https:\\\/\\\/www.erdiunver.de\\\/en\\\/product\\\/bordo-leder-clutch-tasche\\\/#breadcrumb\"},\"inLanguage\":\"en-US\",\"potentialAction\":[{\"@type\":\"ReadAction\",\"target\":[\"https:\\\/\\\/www.erdiunver.de\\\/en\\\/product\\\/bordo-leder-clutch-tasche\\\/\"]}]},{\"@type\":\"ImageObject\",\"inLanguage\":\"en-US\",\"@id\":\"https:\\\/\\\/www.erdiunver.de\\\/en\\\/product\\\/bordo-leder-clutch-tasche\\\/#primaryimage\",\"url\":\"https:\\\/\\\/www.erdiunver.de\\\/wp-content\\\/uploads\\\/Leder-Clutch-Tasche-Bordo-1.jpg\",\"contentUrl\":\"https:\\\/\\\/www.erdiunver.de\\\/wp-content\\\/uploads\\\/Leder-Clutch-Tasche-Bordo-1.jpg\",\"width\":2000,\"height\":1334,\"caption\":\"Clutch Leder Tasche Bordo\"},{\"@type\":\"BreadcrumbList\",\"@id\":\"https:\\\/\\\/www.erdiunver.de\\\/en\\\/product\\\/bordo-leder-clutch-tasche\\\/#breadcrumb\",\"itemListElement\":[{\"@type\":\"ListItem\",\"position\":1,\"name\":\"Startseite\",\"item\":\"https:\\\/\\\/www.erdiunver.de\\\/en\\\/\"},{\"@type\":\"ListItem\",\"position\":2,\"name\":\"Shop\",\"item\":\"https:\\\/\\\/www.erdiunver.de\\\/en\\\/shop-2\\\/\"},{\"@type\":\"ListItem\",\"position\":3,\"name\":\"Bordo Leder Clutch Tasche\"}]},{\"@type\":\"WebSite\",\"@id\":\"https:\\\/\\\/www.erdiunver.de\\\/en\\\/#website\",\"url\":\"https:\\\/\\\/www.erdiunver.de\\\/en\\\/\",\"name\":\"Erdi \u00dcnver hochwertige Lederg\u00fcrtel aus echtem Leder f\u00fcr Damen & Herren\",\"description\":\"Wendeg\u00fcrtel Taschen H G\u00fcrtel aus Leder hochwertig und Preiswert\",\"potentialAction\":[{\"@type\":\"SearchAction\",\"target\":{\"@type\":\"EntryPoint\",\"urlTemplate\":\"https:\\\/\\\/www.erdiunver.de\\\/en\\\/?s={search_term_string}\"},\"query-input\":{\"@type\":\"PropertyValueSpecification\",\"valueRequired\":true,\"valueName\":\"search_term_string\"}}],\"inLanguage\":\"en-US\"}]}<\/script>\n<!-- \/ Yoast SEO plugin. -->","yoast_head_json":{"title":"Bordo Leder Clutch Tasche","robots":{"index":"index","follow":"follow","max-snippet":"max-snippet:-1","max-image-preview":"max-image-preview:large","max-video-preview":"max-video-preview:-1"},"canonical":"https:\/\/www.erdiunver.de\/en\/product\/bordo-leder-clutch-tasche\/","og_locale":"en_US","og_type":"article","og_title":"Bordo Leder Clutch Tasche","og_description":"Einzigartige Clutch Leder Tasche Die hochwertige Clutch Tasche aus Leder schm\u00fcckt jede Frau und jeden Mann mit einem hohen Niveau an Klasse &amp; Eleganz, egal ob f\u00fcr die Arbeit oder den Alltag, Sie haben immer alles dabei, mit unseren sch\u00f6nen Clutch Ledertasche. Mit der edlen Clutch aus echtem Leder hast du dein Smartphone sowie Portemonnaie [...]","og_url":"https:\/\/www.erdiunver.de\/en\/product\/bordo-leder-clutch-tasche\/","og_site_name":"Erdi \u00dcnver hochwertige Lederg\u00fcrtel aus echtem Leder f\u00fcr Damen &amp; Herren","article_modified_time":"2025-04-16T10:40:45+00:00","og_image":[{"width":2000,"height":1334,"url":"https:\/\/www.erdiunver.de\/wp-content\/uploads\/Leder-Clutch-Tasche-Bordo-1.jpg","type":"image\/jpeg"}],"twitter_card":"summary_large_image","twitter_misc":{"Est. reading time":"1 minute"},"schema":{"@context":"https:\/\/schema.org","@graph":[{"@type":"WebPage","@id":"https:\/\/www.erdiunver.de\/en\/product\/bordo-leder-clutch-tasche\/","url":"https:\/\/www.erdiunver.de\/en\/product\/bordo-leder-clutch-tasche\/","name":"Bordo Leder Clutch Tasche","isPartOf":{"@id":"https:\/\/www.erdiunver.de\/en\/#website"},"primaryImageOfPage":{"@id":"https:\/\/www.erdiunver.de\/en\/product\/bordo-leder-clutch-tasche\/#primaryimage"},"image":{"@id":"https:\/\/www.erdiunver.de\/en\/product\/bordo-leder-clutch-tasche\/#primaryimage"},"thumbnailUrl":"https:\/\/www.erdiunver.de\/wp-content\/uploads\/Leder-Clutch-Tasche-Bordo-1.jpg","datePublished":"2022-03-21T14:50:21+00:00","dateModified":"2025-04-16T10:40:45+00:00","breadcrumb":{"@id":"https:\/\/www.erdiunver.de\/en\/product\/bordo-leder-clutch-tasche\/#breadcrumb"},"inLanguage":"en-US","potentialAction":[{"@type":"ReadAction","target":["https:\/\/www.erdiunver.de\/en\/product\/bordo-leder-clutch-tasche\/"]}]},{"@type":"ImageObject","inLanguage":"en-US","@id":"https:\/\/www.erdiunver.de\/en\/product\/bordo-leder-clutch-tasche\/#primaryimage","url":"https:\/\/www.erdiunver.de\/wp-content\/uploads\/Leder-Clutch-Tasche-Bordo-1.jpg","contentUrl":"https:\/\/www.erdiunver.de\/wp-content\/uploads\/Leder-Clutch-Tasche-Bordo-1.jpg","width":2000,"height":1334,"caption":"Clutch Leder Tasche Bordo"},{"@type":"BreadcrumbList","@id":"https:\/\/www.erdiunver.de\/en\/product\/bordo-leder-clutch-tasche\/#breadcrumb","itemListElement":[{"@type":"ListItem","position":1,"name":"Startseite","item":"https:\/\/www.erdiunver.de\/en\/"},{"@type":"ListItem","position":2,"name":"Shop","item":"https:\/\/www.erdiunver.de\/en\/shop-2\/"},{"@type":"ListItem","position":3,"name":"Bordo Leder Clutch Tasche"}]},{"@type":"WebSite","@id":"https:\/\/www.erdiunver.de\/en\/#website","url":"https:\/\/www.erdiunver.de\/en\/","name":"Erdi \u00dcnver hochwertige Lederg\u00fcrtel aus echtem Leder f\u00fcr Damen & Herren","description":"Wendeg\u00fcrtel Taschen H G\u00fcrtel aus Leder hochwertig und Preiswert","potentialAction":[{"@type":"SearchAction","target":{"@type":"EntryPoint","urlTemplate":"https:\/\/www.erdiunver.de\/en\/?s={search_term_string}"},"query-input":{"@type":"PropertyValueSpecification","valueRequired":true,"valueName":"search_term_string"}}],"inLanguage":"en-US"}]}},"_links":{"self":[{"href":"https:\/\/www.erdiunver.de\/en\/wp-json\/wp\/v2\/product\/67380","targetHints":{"allow":["GET"]}}],"collection":[{"href":"https:\/\/www.erdiunver.de\/en\/wp-json\/wp\/v2\/product"}],"about":[{"href":"https:\/\/www.erdiunver.de\/en\/wp-json\/wp\/v2\/types\/product"}],"replies":[{"embeddable":true,"href":"https:\/\/www.erdiunver.de\/en\/wp-json\/wp\/v2\/comments?post=67380"}],"wp:featuredmedia":[{"embeddable":true,"href":"https:\/\/www.erdiunver.de\/en\/wp-json\/wp\/v2\/media\/67393"}],"wp:attachment":[{"href":"https:\/\/www.erdiunver.de\/en\/wp-json\/wp\/v2\/media?parent=67380"}],"wp:term":[{"taxonomy":"product_brand","embeddable":true,"href":"https:\/\/www.erdiunver.de\/en\/wp-json\/wp\/v2\/product_brand?post=67380"},{"taxonomy":"product_cat","embeddable":true,"href":"https:\/\/www.erdiunver.de\/en\/wp-json\/wp\/v2\/product_cat?post=67380"},{"taxonomy":"product_tag","embeddable":true,"href":"https:\/\/www.erdiunver.de\/en\/wp-json\/wp\/v2\/product_tag?post=67380"}],"curies":[{"name":"wp","href":"https:\/\/api.w.org\/{rel}","templated":true}]}}