{"id":67365,"date":"2022-03-18T11:01:07","date_gmt":"2022-03-18T10:01:07","guid":{"rendered":"https:\/\/www.erdiunver.de\/?post_type=product&#038;p=67365"},"modified":"2022-04-01T01:00:14","modified_gmt":"2022-03-31T23:00:14","slug":"hundeleine-cognac-aus-leder","status":"publish","type":"product","link":"https:\/\/www.erdiunver.de\/en\/product\/hundeleine-cognac-aus-leder\/","title":{"rendered":"Hundeleine Cognac aus Leder"},"content":{"rendered":"<h2>Eine hochwertige Hundeleine Hellbraun aus Leder<\/h2>\n<p>Diese h\u00fcbsche hellbraune Hundeleine aus Leder ist eine perfekte Erg\u00e4nzung zu jedem Hundehalsband. Sie ist perfekt f\u00fcr den Alltag und f\u00fcr ausgedehnte Spazierg\u00e4nge.<\/p>\n<p>\u2022 Unsere Hundeleine ist aus Leder gefertigt<br \/>\n\u2022 Durch den Lederstoff ist die Leine stabil<br \/>\n\u2022 Ein Mikrofaserstoff in der Mitte verst\u00e4rkt die Stabilit\u00e4t<br \/>\n\u2022 Breite 2,1 cm, L\u00e4nge 2,10m<\/p>\n","protected":false},"excerpt":{"rendered":"<p>Eine hochwertige Hundeleine Hellbraun aus Leder Diese h\u00fcbsche hellbraune Hundeleine aus Leder ist eine perfekte Erg\u00e4nzung zu jedem Hundehalsband. Sie ist perfekt f\u00fcr den Alltag und f\u00fcr ausgedehnte Spazierg\u00e4nge. \u2022 Unsere Hundeleine ist aus Leder gefertigt \u2022 Durch den Lederstoff ist die Leine stabil \u2022 Ein Mikrofaserstoff in der Mitte verst\u00e4rkt die Stabilit\u00e4t \u2022 Breite [&#8230;]\n","protected":false},"featured_media":66212,"comment_status":"open","ping_status":"closed","template":"","meta":[],"product_brand":[],"product_cat":[321,322],"product_tag":[],"class_list":{"0":"post-67365","1":"product","2":"type-product","3":"status-publish","4":"has-post-thumbnail","6":"product_cat-hunde","7":"product_cat-hundeleine","9":"first","10":"instock","11":"taxable","12":"shipping-taxable","13":"purchasable","14":"product-type-simple"},"yoast_head":"<!-- This site is optimized with the Yoast SEO plugin v27.5 - https:\/\/yoast.com\/product\/yoast-seo-wordpress\/ -->\n<title>Hundeleine Cognac aus Leder<\/title>\n<meta name=\"robots\" content=\"index, follow, max-snippet:-1, max-image-preview:large, max-video-preview:-1\" \/>\n<link rel=\"canonical\" href=\"https:\/\/www.erdiunver.de\/en\/product\/hundeleine-cognac-aus-leder\/\" \/>\n<meta property=\"og:locale\" content=\"en_US\" \/>\n<meta property=\"og:type\" content=\"article\" \/>\n<meta property=\"og:title\" content=\"Hundeleine Cognac aus Leder\" \/>\n<meta property=\"og:description\" content=\"Eine hochwertige Hundeleine Hellbraun aus Leder Diese h\u00fcbsche hellbraune Hundeleine aus Leder ist eine perfekte Erg\u00e4nzung zu jedem Hundehalsband. Sie ist perfekt f\u00fcr den Alltag und f\u00fcr ausgedehnte Spazierg\u00e4nge. \u2022 Unsere Hundeleine ist aus Leder gefertigt \u2022 Durch den Lederstoff ist die Leine stabil \u2022 Ein Mikrofaserstoff in der Mitte verst\u00e4rkt die Stabilit\u00e4t \u2022 Breite [...]\" \/>\n<meta property=\"og:url\" content=\"https:\/\/www.erdiunver.de\/en\/product\/hundeleine-cognac-aus-leder\/\" \/>\n<meta property=\"og:site_name\" content=\"Erdi \u00dcnver hochwertige Lederg\u00fcrtel aus echtem Leder f\u00fcr Damen &amp; Herren\" \/>\n<meta property=\"article:modified_time\" content=\"2022-03-31T23:00:14+00:00\" \/>\n<meta property=\"og:image\" content=\"https:\/\/www.erdiunver.de\/wp-content\/uploads\/3-Custom-6.jpg\" \/>\n\t<meta property=\"og:image:width\" content=\"2000\" \/>\n\t<meta property=\"og:image:height\" content=\"2000\" \/>\n\t<meta property=\"og:image:type\" content=\"image\/jpeg\" \/>\n<meta name=\"twitter:card\" content=\"summary_large_image\" \/>\n<script type=\"application\/ld+json\" class=\"yoast-schema-graph\">{\"@context\":\"https:\\\/\\\/schema.org\",\"@graph\":[{\"@type\":\"WebPage\",\"@id\":\"https:\\\/\\\/www.erdiunver.de\\\/en\\\/product\\\/hundeleine-cognac-aus-leder\\\/\",\"url\":\"https:\\\/\\\/www.erdiunver.de\\\/en\\\/product\\\/hundeleine-cognac-aus-leder\\\/\",\"name\":\"Hundeleine Cognac aus Leder\",\"isPartOf\":{\"@id\":\"https:\\\/\\\/www.erdiunver.de\\\/en\\\/#website\"},\"primaryImageOfPage\":{\"@id\":\"https:\\\/\\\/www.erdiunver.de\\\/en\\\/product\\\/hundeleine-cognac-aus-leder\\\/#primaryimage\"},\"image\":{\"@id\":\"https:\\\/\\\/www.erdiunver.de\\\/en\\\/product\\\/hundeleine-cognac-aus-leder\\\/#primaryimage\"},\"thumbnailUrl\":\"https:\\\/\\\/www.erdiunver.de\\\/wp-content\\\/uploads\\\/3-Custom-6.jpg\",\"datePublished\":\"2022-03-18T10:01:07+00:00\",\"dateModified\":\"2022-03-31T23:00:14+00:00\",\"breadcrumb\":{\"@id\":\"https:\\\/\\\/www.erdiunver.de\\\/en\\\/product\\\/hundeleine-cognac-aus-leder\\\/#breadcrumb\"},\"inLanguage\":\"en-US\",\"potentialAction\":[{\"@type\":\"ReadAction\",\"target\":[\"https:\\\/\\\/www.erdiunver.de\\\/en\\\/product\\\/hundeleine-cognac-aus-leder\\\/\"]}]},{\"@type\":\"ImageObject\",\"inLanguage\":\"en-US\",\"@id\":\"https:\\\/\\\/www.erdiunver.de\\\/en\\\/product\\\/hundeleine-cognac-aus-leder\\\/#primaryimage\",\"url\":\"https:\\\/\\\/www.erdiunver.de\\\/wp-content\\\/uploads\\\/3-Custom-6.jpg\",\"contentUrl\":\"https:\\\/\\\/www.erdiunver.de\\\/wp-content\\\/uploads\\\/3-Custom-6.jpg\",\"width\":2000,\"height\":2000,\"caption\":\"Hundeleine Hellbraun Leder\"},{\"@type\":\"BreadcrumbList\",\"@id\":\"https:\\\/\\\/www.erdiunver.de\\\/en\\\/product\\\/hundeleine-cognac-aus-leder\\\/#breadcrumb\",\"itemListElement\":[{\"@type\":\"ListItem\",\"position\":1,\"name\":\"Startseite\",\"item\":\"https:\\\/\\\/www.erdiunver.de\\\/en\\\/\"},{\"@type\":\"ListItem\",\"position\":2,\"name\":\"Shop\",\"item\":\"https:\\\/\\\/www.erdiunver.de\\\/en\\\/shop-2\\\/\"},{\"@type\":\"ListItem\",\"position\":3,\"name\":\"Hundeleine Cognac aus Leder\"}]},{\"@type\":\"WebSite\",\"@id\":\"https:\\\/\\\/www.erdiunver.de\\\/en\\\/#website\",\"url\":\"https:\\\/\\\/www.erdiunver.de\\\/en\\\/\",\"name\":\"Erdi \u00dcnver hochwertige Lederg\u00fcrtel aus echtem Leder f\u00fcr Damen & Herren\",\"description\":\"Wendeg\u00fcrtel Taschen H G\u00fcrtel aus Leder hochwertig und Preiswert\",\"potentialAction\":[{\"@type\":\"SearchAction\",\"target\":{\"@type\":\"EntryPoint\",\"urlTemplate\":\"https:\\\/\\\/www.erdiunver.de\\\/en\\\/?s={search_term_string}\"},\"query-input\":{\"@type\":\"PropertyValueSpecification\",\"valueRequired\":true,\"valueName\":\"search_term_string\"}}],\"inLanguage\":\"en-US\"}]}<\/script>\n<!-- \/ Yoast SEO plugin. -->","yoast_head_json":{"title":"Hundeleine Cognac aus Leder","robots":{"index":"index","follow":"follow","max-snippet":"max-snippet:-1","max-image-preview":"max-image-preview:large","max-video-preview":"max-video-preview:-1"},"canonical":"https:\/\/www.erdiunver.de\/en\/product\/hundeleine-cognac-aus-leder\/","og_locale":"en_US","og_type":"article","og_title":"Hundeleine Cognac aus Leder","og_description":"Eine hochwertige Hundeleine Hellbraun aus Leder Diese h\u00fcbsche hellbraune Hundeleine aus Leder ist eine perfekte Erg\u00e4nzung zu jedem Hundehalsband. Sie ist perfekt f\u00fcr den Alltag und f\u00fcr ausgedehnte Spazierg\u00e4nge. \u2022 Unsere Hundeleine ist aus Leder gefertigt \u2022 Durch den Lederstoff ist die Leine stabil \u2022 Ein Mikrofaserstoff in der Mitte verst\u00e4rkt die Stabilit\u00e4t \u2022 Breite [...]","og_url":"https:\/\/www.erdiunver.de\/en\/product\/hundeleine-cognac-aus-leder\/","og_site_name":"Erdi \u00dcnver hochwertige Lederg\u00fcrtel aus echtem Leder f\u00fcr Damen &amp; Herren","article_modified_time":"2022-03-31T23:00:14+00:00","og_image":[{"width":2000,"height":2000,"url":"https:\/\/www.erdiunver.de\/wp-content\/uploads\/3-Custom-6.jpg","type":"image\/jpeg"}],"twitter_card":"summary_large_image","schema":{"@context":"https:\/\/schema.org","@graph":[{"@type":"WebPage","@id":"https:\/\/www.erdiunver.de\/en\/product\/hundeleine-cognac-aus-leder\/","url":"https:\/\/www.erdiunver.de\/en\/product\/hundeleine-cognac-aus-leder\/","name":"Hundeleine Cognac aus Leder","isPartOf":{"@id":"https:\/\/www.erdiunver.de\/en\/#website"},"primaryImageOfPage":{"@id":"https:\/\/www.erdiunver.de\/en\/product\/hundeleine-cognac-aus-leder\/#primaryimage"},"image":{"@id":"https:\/\/www.erdiunver.de\/en\/product\/hundeleine-cognac-aus-leder\/#primaryimage"},"thumbnailUrl":"https:\/\/www.erdiunver.de\/wp-content\/uploads\/3-Custom-6.jpg","datePublished":"2022-03-18T10:01:07+00:00","dateModified":"2022-03-31T23:00:14+00:00","breadcrumb":{"@id":"https:\/\/www.erdiunver.de\/en\/product\/hundeleine-cognac-aus-leder\/#breadcrumb"},"inLanguage":"en-US","potentialAction":[{"@type":"ReadAction","target":["https:\/\/www.erdiunver.de\/en\/product\/hundeleine-cognac-aus-leder\/"]}]},{"@type":"ImageObject","inLanguage":"en-US","@id":"https:\/\/www.erdiunver.de\/en\/product\/hundeleine-cognac-aus-leder\/#primaryimage","url":"https:\/\/www.erdiunver.de\/wp-content\/uploads\/3-Custom-6.jpg","contentUrl":"https:\/\/www.erdiunver.de\/wp-content\/uploads\/3-Custom-6.jpg","width":2000,"height":2000,"caption":"Hundeleine Hellbraun Leder"},{"@type":"BreadcrumbList","@id":"https:\/\/www.erdiunver.de\/en\/product\/hundeleine-cognac-aus-leder\/#breadcrumb","itemListElement":[{"@type":"ListItem","position":1,"name":"Startseite","item":"https:\/\/www.erdiunver.de\/en\/"},{"@type":"ListItem","position":2,"name":"Shop","item":"https:\/\/www.erdiunver.de\/en\/shop-2\/"},{"@type":"ListItem","position":3,"name":"Hundeleine Cognac aus Leder"}]},{"@type":"WebSite","@id":"https:\/\/www.erdiunver.de\/en\/#website","url":"https:\/\/www.erdiunver.de\/en\/","name":"Erdi \u00dcnver hochwertige Lederg\u00fcrtel aus echtem Leder f\u00fcr Damen & Herren","description":"Wendeg\u00fcrtel Taschen H G\u00fcrtel aus Leder hochwertig und Preiswert","potentialAction":[{"@type":"SearchAction","target":{"@type":"EntryPoint","urlTemplate":"https:\/\/www.erdiunver.de\/en\/?s={search_term_string}"},"query-input":{"@type":"PropertyValueSpecification","valueRequired":true,"valueName":"search_term_string"}}],"inLanguage":"en-US"}]}},"_links":{"self":[{"href":"https:\/\/www.erdiunver.de\/en\/wp-json\/wp\/v2\/product\/67365","targetHints":{"allow":["GET"]}}],"collection":[{"href":"https:\/\/www.erdiunver.de\/en\/wp-json\/wp\/v2\/product"}],"about":[{"href":"https:\/\/www.erdiunver.de\/en\/wp-json\/wp\/v2\/types\/product"}],"replies":[{"embeddable":true,"href":"https:\/\/www.erdiunver.de\/en\/wp-json\/wp\/v2\/comments?post=67365"}],"wp:featuredmedia":[{"embeddable":true,"href":"https:\/\/www.erdiunver.de\/en\/wp-json\/wp\/v2\/media\/66212"}],"wp:attachment":[{"href":"https:\/\/www.erdiunver.de\/en\/wp-json\/wp\/v2\/media?parent=67365"}],"wp:term":[{"taxonomy":"product_brand","embeddable":true,"href":"https:\/\/www.erdiunver.de\/en\/wp-json\/wp\/v2\/product_brand?post=67365"},{"taxonomy":"product_cat","embeddable":true,"href":"https:\/\/www.erdiunver.de\/en\/wp-json\/wp\/v2\/product_cat?post=67365"},{"taxonomy":"product_tag","embeddable":true,"href":"https:\/\/www.erdiunver.de\/en\/wp-json\/wp\/v2\/product_tag?post=67365"}],"curies":[{"name":"wp","href":"https:\/\/api.w.org\/{rel}","templated":true}]}}