{"id":66663,"date":"2022-03-02T14:57:15","date_gmt":"2022-03-02T13:57:15","guid":{"rendered":"https:\/\/www.erdiunver.de\/?post_type=product&#038;p=66663"},"modified":"2025-05-04T10:42:36","modified_gmt":"2025-05-04T08:42:36","slug":"straussenleder-gelb-leder-kosmetiktasche-dopp-set-kulturtasche-rasiertasche-badezimmertasche-geschenk-fuer-sie-und-hin-als-ostergeschenk","status":"publish","type":"product","link":"https:\/\/www.erdiunver.de\/en\/product\/straussenleder-gelb-leder-kosmetiktasche-dopp-set-kulturtasche-rasiertasche-badezimmertasche-geschenk-fuer-sie-und-hin-als-ostergeschenk\/","title":{"rendered":"Strau\u00dfenleder Gelb Leder Kulturtasche"},"content":{"rendered":"<p>Strau\u00dfenleder Gelb Leder Kosmetiktasche Dopp Set, Kulturtasche, Rasiertasche, Badezimmertasche Geschenk f\u00fcr Sie und Hin als Ostergeschenk<\/p>\n<p>Perfekt geeignet als Make-up Organizer Box, Hochzeit<\/p>\n<p>Sie suchen nach der richtigen Tasche, um Sie bei der Reise entsprechend zu stylen? Dann haben wir genau die richtige Kulturbeutel f\u00fcr Sie. Wir bieten Ihnen eine Kulturtasche an, von der Sie schnell wissen, dass sie von h\u00f6chster Qualit\u00e4t ist. Wir haben verschiedene Gr\u00f6\u00dfen f\u00fcr Sie, sodass Sie die passende finden k\u00f6nnen.<\/p>\n<p>Unsere Tasche besteht aus 100% Leder<\/p>\n<p>Au\u00dfenmaterial: Leder<br \/>\nInnenmaterial: Leder<\/p>\n<p>DIMENSIONEN<br \/>\nSmall<br \/>\n15,5 x 8 x 6 cm<br \/>\n6,1 x 3,2 x 2,4 inch<\/p>\n<p>Medium<br \/>\n21 x 11 x 9 cm<br \/>\n8,3 x 4,3 x 3,5 inch<\/p>\n<p>Lage<\/p>\n<p>24 x 16 x11 cm<br \/>\n9,5 x 6,3 x 4,3 inch<\/p>\n<p>Suchen Sie nach einem stylischen, funktionalen Geschenk f\u00fcrs Ostergeschenk, Valentinstag Geschenk oder auch als Weihnachtsgeschenk, der sich f\u00fcr Gesch\u00e4ftsleben, Freizeit, oder Reisen und Organisation interessiert? Dann haben wir hier genau die richtige Kulturtasche f\u00fcr Sie!<\/p>\n","protected":false},"excerpt":{"rendered":"<p>Strau\u00dfenleder Gelb Leder Kosmetiktasche Dopp Set, Kulturtasche, Rasiertasche, Badezimmertasche Geschenk f\u00fcr Sie und Hin als Ostergeschenk Perfekt geeignet als Make-up Organizer Box, Hochzeit Sie suchen nach der richtigen Tasche, um Sie bei der Reise entsprechend zu stylen? Dann haben wir genau die richtige Kulturbeutel f\u00fcr Sie. Wir bieten Ihnen eine Kulturtasche an, von der Sie [&#8230;]\n","protected":false},"featured_media":66675,"comment_status":"open","ping_status":"closed","template":"","meta":[],"product_brand":[],"product_cat":[86,92,343,342,95,103],"product_tag":[],"class_list":{"0":"post-66663","1":"product","2":"type-product","3":"status-publish","4":"has-post-thumbnail","6":"product_cat-damen","7":"product_cat-herren","8":"product_cat-kosmetiktasche","9":"product_cat-kulturtasche","10":"product_cat-ledertaschen","11":"product_cat-taschen-herren","13":"first","14":"instock","15":"taxable","16":"shipping-taxable","17":"purchasable","18":"product-type-variable"},"yoast_head":"<!-- This site is optimized with the Yoast SEO plugin v27.4 - https:\/\/yoast.com\/product\/yoast-seo-wordpress\/ -->\n<title>Strau\u00dfenleder Gelb Leder Kulturtasche<\/title>\n<meta name=\"robots\" content=\"index, follow, max-snippet:-1, max-image-preview:large, max-video-preview:-1\" \/>\n<link rel=\"canonical\" href=\"https:\/\/www.erdiunver.de\/en\/product\/straussenleder-gelb-leder-kosmetiktasche-dopp-set-kulturtasche-rasiertasche-badezimmertasche-geschenk-fuer-sie-und-hin-als-ostergeschenk\/\" \/>\n<meta property=\"og:locale\" content=\"en_US\" \/>\n<meta property=\"og:type\" content=\"article\" \/>\n<meta property=\"og:title\" content=\"Strau\u00dfenleder Gelb Leder Kulturtasche\" \/>\n<meta property=\"og:description\" content=\"Strau\u00dfenleder Gelb Leder Kosmetiktasche Dopp Set, Kulturtasche, Rasiertasche, Badezimmertasche Geschenk f\u00fcr Sie und Hin als Ostergeschenk Perfekt geeignet als Make-up Organizer Box, Hochzeit Sie suchen nach der richtigen Tasche, um Sie bei der Reise entsprechend zu stylen? Dann haben wir genau die richtige Kulturbeutel f\u00fcr Sie. Wir bieten Ihnen eine Kulturtasche an, von der Sie [...]\" \/>\n<meta property=\"og:url\" content=\"https:\/\/www.erdiunver.de\/en\/product\/straussenleder-gelb-leder-kosmetiktasche-dopp-set-kulturtasche-rasiertasche-badezimmertasche-geschenk-fuer-sie-und-hin-als-ostergeschenk\/\" \/>\n<meta property=\"og:site_name\" content=\"Erdi \u00dcnver hochwertige Lederg\u00fcrtel aus echtem Leder f\u00fcr Damen &amp; Herren\" \/>\n<meta property=\"article:modified_time\" content=\"2025-05-04T08:42:36+00:00\" \/>\n<meta property=\"og:image\" content=\"https:\/\/www.erdiunver.de\/wp-content\/uploads\/Kosmetiktasche-Strauss-Gelb-4.jpg\" \/>\n\t<meta property=\"og:image:width\" content=\"2000\" \/>\n\t<meta property=\"og:image:height\" content=\"2000\" \/>\n\t<meta property=\"og:image:type\" content=\"image\/jpeg\" \/>\n<meta name=\"twitter:card\" content=\"summary_large_image\" \/>\n<meta name=\"twitter:label1\" content=\"Est. reading time\" \/>\n\t<meta name=\"twitter:data1\" content=\"1 minute\" \/>\n<script type=\"application\/ld+json\" class=\"yoast-schema-graph\">{\"@context\":\"https:\\\/\\\/schema.org\",\"@graph\":[{\"@type\":\"WebPage\",\"@id\":\"https:\\\/\\\/www.erdiunver.de\\\/en\\\/product\\\/straussenleder-gelb-leder-kosmetiktasche-dopp-set-kulturtasche-rasiertasche-badezimmertasche-geschenk-fuer-sie-und-hin-als-ostergeschenk\\\/\",\"url\":\"https:\\\/\\\/www.erdiunver.de\\\/en\\\/product\\\/straussenleder-gelb-leder-kosmetiktasche-dopp-set-kulturtasche-rasiertasche-badezimmertasche-geschenk-fuer-sie-und-hin-als-ostergeschenk\\\/\",\"name\":\"Strau\u00dfenleder Gelb Leder Kulturtasche\",\"isPartOf\":{\"@id\":\"https:\\\/\\\/www.erdiunver.de\\\/en\\\/#website\"},\"primaryImageOfPage\":{\"@id\":\"https:\\\/\\\/www.erdiunver.de\\\/en\\\/product\\\/straussenleder-gelb-leder-kosmetiktasche-dopp-set-kulturtasche-rasiertasche-badezimmertasche-geschenk-fuer-sie-und-hin-als-ostergeschenk\\\/#primaryimage\"},\"image\":{\"@id\":\"https:\\\/\\\/www.erdiunver.de\\\/en\\\/product\\\/straussenleder-gelb-leder-kosmetiktasche-dopp-set-kulturtasche-rasiertasche-badezimmertasche-geschenk-fuer-sie-und-hin-als-ostergeschenk\\\/#primaryimage\"},\"thumbnailUrl\":\"https:\\\/\\\/www.erdiunver.de\\\/wp-content\\\/uploads\\\/Kosmetiktasche-Strauss-Gelb-4.jpg\",\"datePublished\":\"2022-03-02T13:57:15+00:00\",\"dateModified\":\"2025-05-04T08:42:36+00:00\",\"breadcrumb\":{\"@id\":\"https:\\\/\\\/www.erdiunver.de\\\/en\\\/product\\\/straussenleder-gelb-leder-kosmetiktasche-dopp-set-kulturtasche-rasiertasche-badezimmertasche-geschenk-fuer-sie-und-hin-als-ostergeschenk\\\/#breadcrumb\"},\"inLanguage\":\"en-US\",\"potentialAction\":[{\"@type\":\"ReadAction\",\"target\":[\"https:\\\/\\\/www.erdiunver.de\\\/en\\\/product\\\/straussenleder-gelb-leder-kosmetiktasche-dopp-set-kulturtasche-rasiertasche-badezimmertasche-geschenk-fuer-sie-und-hin-als-ostergeschenk\\\/\"]}]},{\"@type\":\"ImageObject\",\"inLanguage\":\"en-US\",\"@id\":\"https:\\\/\\\/www.erdiunver.de\\\/en\\\/product\\\/straussenleder-gelb-leder-kosmetiktasche-dopp-set-kulturtasche-rasiertasche-badezimmertasche-geschenk-fuer-sie-und-hin-als-ostergeschenk\\\/#primaryimage\",\"url\":\"https:\\\/\\\/www.erdiunver.de\\\/wp-content\\\/uploads\\\/Kosmetiktasche-Strauss-Gelb-4.jpg\",\"contentUrl\":\"https:\\\/\\\/www.erdiunver.de\\\/wp-content\\\/uploads\\\/Kosmetiktasche-Strauss-Gelb-4.jpg\",\"width\":2000,\"height\":2000,\"caption\":\"Leder Kosmetiktasche Strau\u00df Gelb\"},{\"@type\":\"BreadcrumbList\",\"@id\":\"https:\\\/\\\/www.erdiunver.de\\\/en\\\/product\\\/straussenleder-gelb-leder-kosmetiktasche-dopp-set-kulturtasche-rasiertasche-badezimmertasche-geschenk-fuer-sie-und-hin-als-ostergeschenk\\\/#breadcrumb\",\"itemListElement\":[{\"@type\":\"ListItem\",\"position\":1,\"name\":\"Startseite\",\"item\":\"https:\\\/\\\/www.erdiunver.de\\\/en\\\/\"},{\"@type\":\"ListItem\",\"position\":2,\"name\":\"Shop\",\"item\":\"https:\\\/\\\/www.erdiunver.de\\\/en\\\/shop-2\\\/\"},{\"@type\":\"ListItem\",\"position\":3,\"name\":\"Strau\u00dfenleder Gelb Leder Kulturtasche\"}]},{\"@type\":\"WebSite\",\"@id\":\"https:\\\/\\\/www.erdiunver.de\\\/en\\\/#website\",\"url\":\"https:\\\/\\\/www.erdiunver.de\\\/en\\\/\",\"name\":\"Erdi \u00dcnver hochwertige Lederg\u00fcrtel aus echtem Leder f\u00fcr Damen & Herren\",\"description\":\"Wendeg\u00fcrtel Taschen H G\u00fcrtel aus Leder hochwertig und Preiswert\",\"potentialAction\":[{\"@type\":\"SearchAction\",\"target\":{\"@type\":\"EntryPoint\",\"urlTemplate\":\"https:\\\/\\\/www.erdiunver.de\\\/en\\\/?s={search_term_string}\"},\"query-input\":{\"@type\":\"PropertyValueSpecification\",\"valueRequired\":true,\"valueName\":\"search_term_string\"}}],\"inLanguage\":\"en-US\"}]}<\/script>\n<!-- \/ Yoast SEO plugin. -->","yoast_head_json":{"title":"Strau\u00dfenleder Gelb Leder Kulturtasche","robots":{"index":"index","follow":"follow","max-snippet":"max-snippet:-1","max-image-preview":"max-image-preview:large","max-video-preview":"max-video-preview:-1"},"canonical":"https:\/\/www.erdiunver.de\/en\/product\/straussenleder-gelb-leder-kosmetiktasche-dopp-set-kulturtasche-rasiertasche-badezimmertasche-geschenk-fuer-sie-und-hin-als-ostergeschenk\/","og_locale":"en_US","og_type":"article","og_title":"Strau\u00dfenleder Gelb Leder Kulturtasche","og_description":"Strau\u00dfenleder Gelb Leder Kosmetiktasche Dopp Set, Kulturtasche, Rasiertasche, Badezimmertasche Geschenk f\u00fcr Sie und Hin als Ostergeschenk Perfekt geeignet als Make-up Organizer Box, Hochzeit Sie suchen nach der richtigen Tasche, um Sie bei der Reise entsprechend zu stylen? Dann haben wir genau die richtige Kulturbeutel f\u00fcr Sie. Wir bieten Ihnen eine Kulturtasche an, von der Sie [...]","og_url":"https:\/\/www.erdiunver.de\/en\/product\/straussenleder-gelb-leder-kosmetiktasche-dopp-set-kulturtasche-rasiertasche-badezimmertasche-geschenk-fuer-sie-und-hin-als-ostergeschenk\/","og_site_name":"Erdi \u00dcnver hochwertige Lederg\u00fcrtel aus echtem Leder f\u00fcr Damen &amp; Herren","article_modified_time":"2025-05-04T08:42:36+00:00","og_image":[{"width":2000,"height":2000,"url":"https:\/\/www.erdiunver.de\/wp-content\/uploads\/Kosmetiktasche-Strauss-Gelb-4.jpg","type":"image\/jpeg"}],"twitter_card":"summary_large_image","twitter_misc":{"Est. reading time":"1 minute"},"schema":{"@context":"https:\/\/schema.org","@graph":[{"@type":"WebPage","@id":"https:\/\/www.erdiunver.de\/en\/product\/straussenleder-gelb-leder-kosmetiktasche-dopp-set-kulturtasche-rasiertasche-badezimmertasche-geschenk-fuer-sie-und-hin-als-ostergeschenk\/","url":"https:\/\/www.erdiunver.de\/en\/product\/straussenleder-gelb-leder-kosmetiktasche-dopp-set-kulturtasche-rasiertasche-badezimmertasche-geschenk-fuer-sie-und-hin-als-ostergeschenk\/","name":"Strau\u00dfenleder Gelb Leder Kulturtasche","isPartOf":{"@id":"https:\/\/www.erdiunver.de\/en\/#website"},"primaryImageOfPage":{"@id":"https:\/\/www.erdiunver.de\/en\/product\/straussenleder-gelb-leder-kosmetiktasche-dopp-set-kulturtasche-rasiertasche-badezimmertasche-geschenk-fuer-sie-und-hin-als-ostergeschenk\/#primaryimage"},"image":{"@id":"https:\/\/www.erdiunver.de\/en\/product\/straussenleder-gelb-leder-kosmetiktasche-dopp-set-kulturtasche-rasiertasche-badezimmertasche-geschenk-fuer-sie-und-hin-als-ostergeschenk\/#primaryimage"},"thumbnailUrl":"https:\/\/www.erdiunver.de\/wp-content\/uploads\/Kosmetiktasche-Strauss-Gelb-4.jpg","datePublished":"2022-03-02T13:57:15+00:00","dateModified":"2025-05-04T08:42:36+00:00","breadcrumb":{"@id":"https:\/\/www.erdiunver.de\/en\/product\/straussenleder-gelb-leder-kosmetiktasche-dopp-set-kulturtasche-rasiertasche-badezimmertasche-geschenk-fuer-sie-und-hin-als-ostergeschenk\/#breadcrumb"},"inLanguage":"en-US","potentialAction":[{"@type":"ReadAction","target":["https:\/\/www.erdiunver.de\/en\/product\/straussenleder-gelb-leder-kosmetiktasche-dopp-set-kulturtasche-rasiertasche-badezimmertasche-geschenk-fuer-sie-und-hin-als-ostergeschenk\/"]}]},{"@type":"ImageObject","inLanguage":"en-US","@id":"https:\/\/www.erdiunver.de\/en\/product\/straussenleder-gelb-leder-kosmetiktasche-dopp-set-kulturtasche-rasiertasche-badezimmertasche-geschenk-fuer-sie-und-hin-als-ostergeschenk\/#primaryimage","url":"https:\/\/www.erdiunver.de\/wp-content\/uploads\/Kosmetiktasche-Strauss-Gelb-4.jpg","contentUrl":"https:\/\/www.erdiunver.de\/wp-content\/uploads\/Kosmetiktasche-Strauss-Gelb-4.jpg","width":2000,"height":2000,"caption":"Leder Kosmetiktasche Strau\u00df Gelb"},{"@type":"BreadcrumbList","@id":"https:\/\/www.erdiunver.de\/en\/product\/straussenleder-gelb-leder-kosmetiktasche-dopp-set-kulturtasche-rasiertasche-badezimmertasche-geschenk-fuer-sie-und-hin-als-ostergeschenk\/#breadcrumb","itemListElement":[{"@type":"ListItem","position":1,"name":"Startseite","item":"https:\/\/www.erdiunver.de\/en\/"},{"@type":"ListItem","position":2,"name":"Shop","item":"https:\/\/www.erdiunver.de\/en\/shop-2\/"},{"@type":"ListItem","position":3,"name":"Strau\u00dfenleder Gelb Leder Kulturtasche"}]},{"@type":"WebSite","@id":"https:\/\/www.erdiunver.de\/en\/#website","url":"https:\/\/www.erdiunver.de\/en\/","name":"Erdi \u00dcnver hochwertige Lederg\u00fcrtel aus echtem Leder f\u00fcr Damen & Herren","description":"Wendeg\u00fcrtel Taschen H G\u00fcrtel aus Leder hochwertig und Preiswert","potentialAction":[{"@type":"SearchAction","target":{"@type":"EntryPoint","urlTemplate":"https:\/\/www.erdiunver.de\/en\/?s={search_term_string}"},"query-input":{"@type":"PropertyValueSpecification","valueRequired":true,"valueName":"search_term_string"}}],"inLanguage":"en-US"}]}},"_links":{"self":[{"href":"https:\/\/www.erdiunver.de\/en\/wp-json\/wp\/v2\/product\/66663","targetHints":{"allow":["GET"]}}],"collection":[{"href":"https:\/\/www.erdiunver.de\/en\/wp-json\/wp\/v2\/product"}],"about":[{"href":"https:\/\/www.erdiunver.de\/en\/wp-json\/wp\/v2\/types\/product"}],"replies":[{"embeddable":true,"href":"https:\/\/www.erdiunver.de\/en\/wp-json\/wp\/v2\/comments?post=66663"}],"wp:featuredmedia":[{"embeddable":true,"href":"https:\/\/www.erdiunver.de\/en\/wp-json\/wp\/v2\/media\/66675"}],"wp:attachment":[{"href":"https:\/\/www.erdiunver.de\/en\/wp-json\/wp\/v2\/media?parent=66663"}],"wp:term":[{"taxonomy":"product_brand","embeddable":true,"href":"https:\/\/www.erdiunver.de\/en\/wp-json\/wp\/v2\/product_brand?post=66663"},{"taxonomy":"product_cat","embeddable":true,"href":"https:\/\/www.erdiunver.de\/en\/wp-json\/wp\/v2\/product_cat?post=66663"},{"taxonomy":"product_tag","embeddable":true,"href":"https:\/\/www.erdiunver.de\/en\/wp-json\/wp\/v2\/product_tag?post=66663"}],"curies":[{"name":"wp","href":"https:\/\/api.w.org\/{rel}","templated":true}]}}