{"id":66214,"date":"2022-02-28T06:18:04","date_gmt":"2022-02-28T05:18:04","guid":{"rendered":"https:\/\/www.erdiunver.de\/?post_type=product&#038;p=66214"},"modified":"2022-04-01T01:00:13","modified_gmt":"2022-03-31T23:00:13","slug":"hundeleine-orange-aus-leder","status":"publish","type":"product","link":"https:\/\/www.erdiunver.de\/en\/product\/hundeleine-orange-aus-leder\/","title":{"rendered":"Hundeleine Orange aus Leder"},"content":{"rendered":"<h2>Eine elegante Hundeleine in Orange<\/h2>\n<p>Die traditionelle Handanfertigung macht diese Hundeleine Orange aus Leder zu etwas Besonderem f\u00fcr jeden, der Geschmack an solchen Dingen hat. Diese Hundeleine in Orange aus Leder ist aus wunderbar weichem Leder hergestellt.<\/p>\n<p>\u2022 Aus bestem Rindsleder gefertigt<br \/>\n\u2022 Erh\u00f6hte Robustheit durch ein Mikrofaserstoff<br \/>\n\u2022 Die Hundeleine ist 2,1 cm breit und hat 3 verstell M\u00f6glichkeiten<br \/>\n\u2022 Die L\u00e4nge betr\u00e4gt ca. 2,10 cm<\/p>\n<p>&nbsp;<\/p>\n","protected":false},"excerpt":{"rendered":"<p>Eine elegante Hundeleine in Orange Die traditionelle Handanfertigung macht diese Hundeleine Orange aus Leder zu etwas Besonderem f\u00fcr jeden, der Geschmack an solchen Dingen hat. Diese Hundeleine in Orange aus Leder ist aus wunderbar weichem Leder hergestellt. \u2022 Aus bestem Rindsleder gefertigt \u2022 Erh\u00f6hte Robustheit durch ein Mikrofaserstoff \u2022 Die Hundeleine ist 2,1 cm breit [&#8230;]\n","protected":false},"featured_media":66216,"comment_status":"open","ping_status":"closed","template":"","meta":[],"product_brand":[],"product_cat":[321,322],"product_tag":[],"class_list":{"0":"post-66214","1":"product","2":"type-product","3":"status-publish","4":"has-post-thumbnail","6":"product_cat-hunde","7":"product_cat-hundeleine","9":"first","10":"instock","11":"taxable","12":"shipping-taxable","13":"purchasable","14":"product-type-simple"},"yoast_head":"<!-- This site is optimized with the Yoast SEO plugin v27.6 - https:\/\/yoast.com\/product\/yoast-seo-wordpress\/ -->\n<title>Hundeleine Orange aus Leder<\/title>\n<meta name=\"description\" content=\"Traditionelle Handanfertigung Hundeleine aus Leder stabil und robust, Die Hundeleine ist 2,1 cm breit und hat 3 verstell M\u00f6glichkeiten\" \/>\n<meta name=\"robots\" content=\"index, follow, max-snippet:-1, max-image-preview:large, max-video-preview:-1\" \/>\n<link rel=\"canonical\" href=\"https:\/\/www.erdiunver.de\/en\/product\/hundeleine-orange-aus-leder\/\" \/>\n<meta property=\"og:locale\" content=\"en_US\" \/>\n<meta property=\"og:type\" content=\"article\" \/>\n<meta property=\"og:title\" content=\"Hundeleine Orange aus Leder\" \/>\n<meta property=\"og:description\" content=\"Traditionelle Handanfertigung Hundeleine aus Leder stabil und robust, Die Hundeleine ist 2,1 cm breit und hat 3 verstell M\u00f6glichkeiten\" \/>\n<meta property=\"og:url\" content=\"https:\/\/www.erdiunver.de\/en\/product\/hundeleine-orange-aus-leder\/\" \/>\n<meta property=\"og:site_name\" content=\"Erdi \u00dcnver hochwertige Lederg\u00fcrtel aus echtem Leder f\u00fcr Damen &amp; Herren\" \/>\n<meta property=\"article:modified_time\" content=\"2022-03-31T23:00:13+00:00\" \/>\n<meta property=\"og:image\" content=\"https:\/\/www.erdiunver.de\/wp-content\/uploads\/3-Custom-7.jpg\" \/>\n\t<meta property=\"og:image:width\" content=\"2000\" \/>\n\t<meta property=\"og:image:height\" content=\"2000\" \/>\n\t<meta property=\"og:image:type\" content=\"image\/jpeg\" \/>\n<meta name=\"twitter:card\" content=\"summary_large_image\" \/>\n<script type=\"application\/ld+json\" class=\"yoast-schema-graph\">{\"@context\":\"https:\\\/\\\/schema.org\",\"@graph\":[{\"@type\":\"WebPage\",\"@id\":\"https:\\\/\\\/www.erdiunver.de\\\/en\\\/product\\\/hundeleine-orange-aus-leder\\\/\",\"url\":\"https:\\\/\\\/www.erdiunver.de\\\/en\\\/product\\\/hundeleine-orange-aus-leder\\\/\",\"name\":\"Hundeleine Orange aus Leder\",\"isPartOf\":{\"@id\":\"https:\\\/\\\/www.erdiunver.de\\\/en\\\/#website\"},\"primaryImageOfPage\":{\"@id\":\"https:\\\/\\\/www.erdiunver.de\\\/en\\\/product\\\/hundeleine-orange-aus-leder\\\/#primaryimage\"},\"image\":{\"@id\":\"https:\\\/\\\/www.erdiunver.de\\\/en\\\/product\\\/hundeleine-orange-aus-leder\\\/#primaryimage\"},\"thumbnailUrl\":\"https:\\\/\\\/www.erdiunver.de\\\/wp-content\\\/uploads\\\/3-Custom-7.jpg\",\"datePublished\":\"2022-02-28T05:18:04+00:00\",\"dateModified\":\"2022-03-31T23:00:13+00:00\",\"description\":\"Traditionelle Handanfertigung Hundeleine aus Leder stabil und robust, Die Hundeleine ist 2,1 cm breit und hat 3 verstell M\u00f6glichkeiten\",\"breadcrumb\":{\"@id\":\"https:\\\/\\\/www.erdiunver.de\\\/en\\\/product\\\/hundeleine-orange-aus-leder\\\/#breadcrumb\"},\"inLanguage\":\"en-US\",\"potentialAction\":[{\"@type\":\"ReadAction\",\"target\":[\"https:\\\/\\\/www.erdiunver.de\\\/en\\\/product\\\/hundeleine-orange-aus-leder\\\/\"]}]},{\"@type\":\"ImageObject\",\"inLanguage\":\"en-US\",\"@id\":\"https:\\\/\\\/www.erdiunver.de\\\/en\\\/product\\\/hundeleine-orange-aus-leder\\\/#primaryimage\",\"url\":\"https:\\\/\\\/www.erdiunver.de\\\/wp-content\\\/uploads\\\/3-Custom-7.jpg\",\"contentUrl\":\"https:\\\/\\\/www.erdiunver.de\\\/wp-content\\\/uploads\\\/3-Custom-7.jpg\",\"width\":2000,\"height\":2000,\"caption\":\"Hundeleine Leder Orange\"},{\"@type\":\"BreadcrumbList\",\"@id\":\"https:\\\/\\\/www.erdiunver.de\\\/en\\\/product\\\/hundeleine-orange-aus-leder\\\/#breadcrumb\",\"itemListElement\":[{\"@type\":\"ListItem\",\"position\":1,\"name\":\"Startseite\",\"item\":\"https:\\\/\\\/www.erdiunver.de\\\/en\\\/\"},{\"@type\":\"ListItem\",\"position\":2,\"name\":\"Shop\",\"item\":\"https:\\\/\\\/www.erdiunver.de\\\/en\\\/shop-2\\\/\"},{\"@type\":\"ListItem\",\"position\":3,\"name\":\"Hundeleine Orange aus Leder\"}]},{\"@type\":\"WebSite\",\"@id\":\"https:\\\/\\\/www.erdiunver.de\\\/en\\\/#website\",\"url\":\"https:\\\/\\\/www.erdiunver.de\\\/en\\\/\",\"name\":\"Erdi \u00dcnver hochwertige Lederg\u00fcrtel aus echtem Leder f\u00fcr Damen & Herren\",\"description\":\"Wendeg\u00fcrtel Taschen H G\u00fcrtel aus Leder hochwertig und Preiswert\",\"potentialAction\":[{\"@type\":\"SearchAction\",\"target\":{\"@type\":\"EntryPoint\",\"urlTemplate\":\"https:\\\/\\\/www.erdiunver.de\\\/en\\\/?s={search_term_string}\"},\"query-input\":{\"@type\":\"PropertyValueSpecification\",\"valueRequired\":true,\"valueName\":\"search_term_string\"}}],\"inLanguage\":\"en-US\"}]}<\/script>\n<!-- \/ Yoast SEO plugin. -->","yoast_head_json":{"title":"Hundeleine Orange aus Leder","description":"Traditionelle Handanfertigung Hundeleine aus Leder stabil und robust, Die Hundeleine ist 2,1 cm breit und hat 3 verstell M\u00f6glichkeiten","robots":{"index":"index","follow":"follow","max-snippet":"max-snippet:-1","max-image-preview":"max-image-preview:large","max-video-preview":"max-video-preview:-1"},"canonical":"https:\/\/www.erdiunver.de\/en\/product\/hundeleine-orange-aus-leder\/","og_locale":"en_US","og_type":"article","og_title":"Hundeleine Orange aus Leder","og_description":"Traditionelle Handanfertigung Hundeleine aus Leder stabil und robust, Die Hundeleine ist 2,1 cm breit und hat 3 verstell M\u00f6glichkeiten","og_url":"https:\/\/www.erdiunver.de\/en\/product\/hundeleine-orange-aus-leder\/","og_site_name":"Erdi \u00dcnver hochwertige Lederg\u00fcrtel aus echtem Leder f\u00fcr Damen &amp; Herren","article_modified_time":"2022-03-31T23:00:13+00:00","og_image":[{"width":2000,"height":2000,"url":"https:\/\/www.erdiunver.de\/wp-content\/uploads\/3-Custom-7.jpg","type":"image\/jpeg"}],"twitter_card":"summary_large_image","schema":{"@context":"https:\/\/schema.org","@graph":[{"@type":"WebPage","@id":"https:\/\/www.erdiunver.de\/en\/product\/hundeleine-orange-aus-leder\/","url":"https:\/\/www.erdiunver.de\/en\/product\/hundeleine-orange-aus-leder\/","name":"Hundeleine Orange aus Leder","isPartOf":{"@id":"https:\/\/www.erdiunver.de\/en\/#website"},"primaryImageOfPage":{"@id":"https:\/\/www.erdiunver.de\/en\/product\/hundeleine-orange-aus-leder\/#primaryimage"},"image":{"@id":"https:\/\/www.erdiunver.de\/en\/product\/hundeleine-orange-aus-leder\/#primaryimage"},"thumbnailUrl":"https:\/\/www.erdiunver.de\/wp-content\/uploads\/3-Custom-7.jpg","datePublished":"2022-02-28T05:18:04+00:00","dateModified":"2022-03-31T23:00:13+00:00","description":"Traditionelle Handanfertigung Hundeleine aus Leder stabil und robust, Die Hundeleine ist 2,1 cm breit und hat 3 verstell M\u00f6glichkeiten","breadcrumb":{"@id":"https:\/\/www.erdiunver.de\/en\/product\/hundeleine-orange-aus-leder\/#breadcrumb"},"inLanguage":"en-US","potentialAction":[{"@type":"ReadAction","target":["https:\/\/www.erdiunver.de\/en\/product\/hundeleine-orange-aus-leder\/"]}]},{"@type":"ImageObject","inLanguage":"en-US","@id":"https:\/\/www.erdiunver.de\/en\/product\/hundeleine-orange-aus-leder\/#primaryimage","url":"https:\/\/www.erdiunver.de\/wp-content\/uploads\/3-Custom-7.jpg","contentUrl":"https:\/\/www.erdiunver.de\/wp-content\/uploads\/3-Custom-7.jpg","width":2000,"height":2000,"caption":"Hundeleine Leder Orange"},{"@type":"BreadcrumbList","@id":"https:\/\/www.erdiunver.de\/en\/product\/hundeleine-orange-aus-leder\/#breadcrumb","itemListElement":[{"@type":"ListItem","position":1,"name":"Startseite","item":"https:\/\/www.erdiunver.de\/en\/"},{"@type":"ListItem","position":2,"name":"Shop","item":"https:\/\/www.erdiunver.de\/en\/shop-2\/"},{"@type":"ListItem","position":3,"name":"Hundeleine Orange aus Leder"}]},{"@type":"WebSite","@id":"https:\/\/www.erdiunver.de\/en\/#website","url":"https:\/\/www.erdiunver.de\/en\/","name":"Erdi \u00dcnver hochwertige Lederg\u00fcrtel aus echtem Leder f\u00fcr Damen & Herren","description":"Wendeg\u00fcrtel Taschen H G\u00fcrtel aus Leder hochwertig und Preiswert","potentialAction":[{"@type":"SearchAction","target":{"@type":"EntryPoint","urlTemplate":"https:\/\/www.erdiunver.de\/en\/?s={search_term_string}"},"query-input":{"@type":"PropertyValueSpecification","valueRequired":true,"valueName":"search_term_string"}}],"inLanguage":"en-US"}]}},"_links":{"self":[{"href":"https:\/\/www.erdiunver.de\/en\/wp-json\/wp\/v2\/product\/66214","targetHints":{"allow":["GET"]}}],"collection":[{"href":"https:\/\/www.erdiunver.de\/en\/wp-json\/wp\/v2\/product"}],"about":[{"href":"https:\/\/www.erdiunver.de\/en\/wp-json\/wp\/v2\/types\/product"}],"replies":[{"embeddable":true,"href":"https:\/\/www.erdiunver.de\/en\/wp-json\/wp\/v2\/comments?post=66214"}],"wp:featuredmedia":[{"embeddable":true,"href":"https:\/\/www.erdiunver.de\/en\/wp-json\/wp\/v2\/media\/66216"}],"wp:attachment":[{"href":"https:\/\/www.erdiunver.de\/en\/wp-json\/wp\/v2\/media?parent=66214"}],"wp:term":[{"taxonomy":"product_brand","embeddable":true,"href":"https:\/\/www.erdiunver.de\/en\/wp-json\/wp\/v2\/product_brand?post=66214"},{"taxonomy":"product_cat","embeddable":true,"href":"https:\/\/www.erdiunver.de\/en\/wp-json\/wp\/v2\/product_cat?post=66214"},{"taxonomy":"product_tag","embeddable":true,"href":"https:\/\/www.erdiunver.de\/en\/wp-json\/wp\/v2\/product_tag?post=66214"}],"curies":[{"name":"wp","href":"https:\/\/api.w.org\/{rel}","templated":true}]}}