{"id":66174,"date":"2022-02-25T13:46:10","date_gmt":"2022-02-25T12:46:10","guid":{"rendered":"https:\/\/www.erdiunver.de\/?post_type=product&#038;p=66174"},"modified":"2022-04-01T01:00:13","modified_gmt":"2022-03-31T23:00:13","slug":"hundeleine-dunkelbraun-aus-leder","status":"publish","type":"product","link":"https:\/\/www.erdiunver.de\/en\/product\/hundeleine-dunkelbraun-aus-leder\/","title":{"rendered":"Hundeleine Dunkelbraun aus Leder"},"content":{"rendered":"<h2>Hundeleine in Dunkelbraun<\/h2>\n<p>Diese Hundeleine aus Leder in Dunkelbraun ist das perfekte Accessoire f\u00fcr Hunde und Hundehalter, die etwas mehr suchen. Mit weichem, robustem Leder, bietet diese Hundeleine aus Leder in Dunkelbraun ein H\u00f6chstma\u00df an Komfort f\u00fcr Ihren Hund. Gleichzeitig ist es ein perfektes Accessoire f\u00fcr Hundehalter, die etwas mehr auf ihr \u00c4u\u00dferes achten.<\/p>\n<p>Unsere Hundeleine wird aus Rindsleder gefertigt, dadurch ist die Leine stabil und robust, wir erh\u00f6hen die Robustheit durch ein Mikrofaserstoff die in die Mitte hineingearbeitet wird, dieses ist von au\u00dfen nicht sichtbar.<\/p>\n<p>Die Breite der Hundeleine betragt 2,1 cm und hat 3 Verstellm\u00f6glichkeiten, die L\u00e4nge betr\u00e4gt ca. 2,10 cm<\/p>\n<p>&nbsp;<\/p>\n<p>&nbsp;<\/p>\n<p>&nbsp;<\/p>\n<p>&nbsp;<\/p>\n","protected":false},"excerpt":{"rendered":"<p>Hundeleine in Dunkelbraun Diese Hundeleine aus Leder in Dunkelbraun ist das perfekte Accessoire f\u00fcr Hunde und Hundehalter, die etwas mehr suchen. Mit weichem, robustem Leder, bietet diese Hundeleine aus Leder in Dunkelbraun ein H\u00f6chstma\u00df an Komfort f\u00fcr Ihren Hund. Gleichzeitig ist es ein perfektes Accessoire f\u00fcr Hundehalter, die etwas mehr auf ihr \u00c4u\u00dferes achten. Unsere [&#8230;]\n","protected":false},"featured_media":66182,"comment_status":"open","ping_status":"closed","template":"","meta":[],"product_brand":[],"product_cat":[321,322],"product_tag":[],"class_list":{"0":"post-66174","1":"product","2":"type-product","3":"status-publish","4":"has-post-thumbnail","6":"product_cat-hunde","7":"product_cat-hundeleine","9":"first","10":"instock","11":"taxable","12":"shipping-taxable","13":"purchasable","14":"product-type-simple"},"yoast_head":"<!-- This site is optimized with the Yoast SEO plugin v27.5 - https:\/\/yoast.com\/product\/yoast-seo-wordpress\/ -->\n<title>Hundeleine Dunkelbraun aus Leder<\/title>\n<meta name=\"robots\" content=\"index, follow, max-snippet:-1, max-image-preview:large, max-video-preview:-1\" \/>\n<link rel=\"canonical\" href=\"https:\/\/www.erdiunver.de\/en\/product\/hundeleine-dunkelbraun-aus-leder\/\" \/>\n<meta property=\"og:locale\" content=\"en_US\" \/>\n<meta property=\"og:type\" content=\"article\" \/>\n<meta property=\"og:title\" content=\"Hundeleine Dunkelbraun aus Leder\" \/>\n<meta property=\"og:description\" content=\"Hundeleine in Dunkelbraun Diese Hundeleine aus Leder in Dunkelbraun ist das perfekte Accessoire f\u00fcr Hunde und Hundehalter, die etwas mehr suchen. Mit weichem, robustem Leder, bietet diese Hundeleine aus Leder in Dunkelbraun ein H\u00f6chstma\u00df an Komfort f\u00fcr Ihren Hund. Gleichzeitig ist es ein perfektes Accessoire f\u00fcr Hundehalter, die etwas mehr auf ihr \u00c4u\u00dferes achten. Unsere [...]\" \/>\n<meta property=\"og:url\" content=\"https:\/\/www.erdiunver.de\/en\/product\/hundeleine-dunkelbraun-aus-leder\/\" \/>\n<meta property=\"og:site_name\" content=\"Erdi \u00dcnver hochwertige Lederg\u00fcrtel aus echtem Leder f\u00fcr Damen &amp; Herren\" \/>\n<meta property=\"article:modified_time\" content=\"2022-03-31T23:00:13+00:00\" \/>\n<meta property=\"og:image\" content=\"https:\/\/www.erdiunver.de\/wp-content\/uploads\/3-Custom-3.jpg\" \/>\n\t<meta property=\"og:image:width\" content=\"2000\" \/>\n\t<meta property=\"og:image:height\" content=\"2000\" \/>\n\t<meta property=\"og:image:type\" content=\"image\/jpeg\" \/>\n<meta name=\"twitter:card\" content=\"summary_large_image\" \/>\n<meta name=\"twitter:label1\" content=\"Est. reading time\" \/>\n\t<meta name=\"twitter:data1\" content=\"1 minute\" \/>\n<script type=\"application\/ld+json\" class=\"yoast-schema-graph\">{\"@context\":\"https:\\\/\\\/schema.org\",\"@graph\":[{\"@type\":\"WebPage\",\"@id\":\"https:\\\/\\\/www.erdiunver.de\\\/en\\\/product\\\/hundeleine-dunkelbraun-aus-leder\\\/\",\"url\":\"https:\\\/\\\/www.erdiunver.de\\\/en\\\/product\\\/hundeleine-dunkelbraun-aus-leder\\\/\",\"name\":\"Hundeleine Dunkelbraun aus Leder\",\"isPartOf\":{\"@id\":\"https:\\\/\\\/www.erdiunver.de\\\/en\\\/#website\"},\"primaryImageOfPage\":{\"@id\":\"https:\\\/\\\/www.erdiunver.de\\\/en\\\/product\\\/hundeleine-dunkelbraun-aus-leder\\\/#primaryimage\"},\"image\":{\"@id\":\"https:\\\/\\\/www.erdiunver.de\\\/en\\\/product\\\/hundeleine-dunkelbraun-aus-leder\\\/#primaryimage\"},\"thumbnailUrl\":\"https:\\\/\\\/www.erdiunver.de\\\/wp-content\\\/uploads\\\/3-Custom-3.jpg\",\"datePublished\":\"2022-02-25T12:46:10+00:00\",\"dateModified\":\"2022-03-31T23:00:13+00:00\",\"breadcrumb\":{\"@id\":\"https:\\\/\\\/www.erdiunver.de\\\/en\\\/product\\\/hundeleine-dunkelbraun-aus-leder\\\/#breadcrumb\"},\"inLanguage\":\"en-US\",\"potentialAction\":[{\"@type\":\"ReadAction\",\"target\":[\"https:\\\/\\\/www.erdiunver.de\\\/en\\\/product\\\/hundeleine-dunkelbraun-aus-leder\\\/\"]}]},{\"@type\":\"ImageObject\",\"inLanguage\":\"en-US\",\"@id\":\"https:\\\/\\\/www.erdiunver.de\\\/en\\\/product\\\/hundeleine-dunkelbraun-aus-leder\\\/#primaryimage\",\"url\":\"https:\\\/\\\/www.erdiunver.de\\\/wp-content\\\/uploads\\\/3-Custom-3.jpg\",\"contentUrl\":\"https:\\\/\\\/www.erdiunver.de\\\/wp-content\\\/uploads\\\/3-Custom-3.jpg\",\"width\":2000,\"height\":2000,\"caption\":\"Hundeleine Braun Leder\"},{\"@type\":\"BreadcrumbList\",\"@id\":\"https:\\\/\\\/www.erdiunver.de\\\/en\\\/product\\\/hundeleine-dunkelbraun-aus-leder\\\/#breadcrumb\",\"itemListElement\":[{\"@type\":\"ListItem\",\"position\":1,\"name\":\"Startseite\",\"item\":\"https:\\\/\\\/www.erdiunver.de\\\/en\\\/\"},{\"@type\":\"ListItem\",\"position\":2,\"name\":\"Shop\",\"item\":\"https:\\\/\\\/www.erdiunver.de\\\/en\\\/shop-2\\\/\"},{\"@type\":\"ListItem\",\"position\":3,\"name\":\"Hundeleine Dunkelbraun aus Leder\"}]},{\"@type\":\"WebSite\",\"@id\":\"https:\\\/\\\/www.erdiunver.de\\\/en\\\/#website\",\"url\":\"https:\\\/\\\/www.erdiunver.de\\\/en\\\/\",\"name\":\"Erdi \u00dcnver hochwertige Lederg\u00fcrtel aus echtem Leder f\u00fcr Damen & Herren\",\"description\":\"Wendeg\u00fcrtel Taschen H G\u00fcrtel aus Leder hochwertig und Preiswert\",\"potentialAction\":[{\"@type\":\"SearchAction\",\"target\":{\"@type\":\"EntryPoint\",\"urlTemplate\":\"https:\\\/\\\/www.erdiunver.de\\\/en\\\/?s={search_term_string}\"},\"query-input\":{\"@type\":\"PropertyValueSpecification\",\"valueRequired\":true,\"valueName\":\"search_term_string\"}}],\"inLanguage\":\"en-US\"}]}<\/script>\n<!-- \/ Yoast SEO plugin. -->","yoast_head_json":{"title":"Hundeleine Dunkelbraun aus Leder","robots":{"index":"index","follow":"follow","max-snippet":"max-snippet:-1","max-image-preview":"max-image-preview:large","max-video-preview":"max-video-preview:-1"},"canonical":"https:\/\/www.erdiunver.de\/en\/product\/hundeleine-dunkelbraun-aus-leder\/","og_locale":"en_US","og_type":"article","og_title":"Hundeleine Dunkelbraun aus Leder","og_description":"Hundeleine in Dunkelbraun Diese Hundeleine aus Leder in Dunkelbraun ist das perfekte Accessoire f\u00fcr Hunde und Hundehalter, die etwas mehr suchen. Mit weichem, robustem Leder, bietet diese Hundeleine aus Leder in Dunkelbraun ein H\u00f6chstma\u00df an Komfort f\u00fcr Ihren Hund. Gleichzeitig ist es ein perfektes Accessoire f\u00fcr Hundehalter, die etwas mehr auf ihr \u00c4u\u00dferes achten. Unsere [...]","og_url":"https:\/\/www.erdiunver.de\/en\/product\/hundeleine-dunkelbraun-aus-leder\/","og_site_name":"Erdi \u00dcnver hochwertige Lederg\u00fcrtel aus echtem Leder f\u00fcr Damen &amp; Herren","article_modified_time":"2022-03-31T23:00:13+00:00","og_image":[{"width":2000,"height":2000,"url":"https:\/\/www.erdiunver.de\/wp-content\/uploads\/3-Custom-3.jpg","type":"image\/jpeg"}],"twitter_card":"summary_large_image","twitter_misc":{"Est. reading time":"1 minute"},"schema":{"@context":"https:\/\/schema.org","@graph":[{"@type":"WebPage","@id":"https:\/\/www.erdiunver.de\/en\/product\/hundeleine-dunkelbraun-aus-leder\/","url":"https:\/\/www.erdiunver.de\/en\/product\/hundeleine-dunkelbraun-aus-leder\/","name":"Hundeleine Dunkelbraun aus Leder","isPartOf":{"@id":"https:\/\/www.erdiunver.de\/en\/#website"},"primaryImageOfPage":{"@id":"https:\/\/www.erdiunver.de\/en\/product\/hundeleine-dunkelbraun-aus-leder\/#primaryimage"},"image":{"@id":"https:\/\/www.erdiunver.de\/en\/product\/hundeleine-dunkelbraun-aus-leder\/#primaryimage"},"thumbnailUrl":"https:\/\/www.erdiunver.de\/wp-content\/uploads\/3-Custom-3.jpg","datePublished":"2022-02-25T12:46:10+00:00","dateModified":"2022-03-31T23:00:13+00:00","breadcrumb":{"@id":"https:\/\/www.erdiunver.de\/en\/product\/hundeleine-dunkelbraun-aus-leder\/#breadcrumb"},"inLanguage":"en-US","potentialAction":[{"@type":"ReadAction","target":["https:\/\/www.erdiunver.de\/en\/product\/hundeleine-dunkelbraun-aus-leder\/"]}]},{"@type":"ImageObject","inLanguage":"en-US","@id":"https:\/\/www.erdiunver.de\/en\/product\/hundeleine-dunkelbraun-aus-leder\/#primaryimage","url":"https:\/\/www.erdiunver.de\/wp-content\/uploads\/3-Custom-3.jpg","contentUrl":"https:\/\/www.erdiunver.de\/wp-content\/uploads\/3-Custom-3.jpg","width":2000,"height":2000,"caption":"Hundeleine Braun Leder"},{"@type":"BreadcrumbList","@id":"https:\/\/www.erdiunver.de\/en\/product\/hundeleine-dunkelbraun-aus-leder\/#breadcrumb","itemListElement":[{"@type":"ListItem","position":1,"name":"Startseite","item":"https:\/\/www.erdiunver.de\/en\/"},{"@type":"ListItem","position":2,"name":"Shop","item":"https:\/\/www.erdiunver.de\/en\/shop-2\/"},{"@type":"ListItem","position":3,"name":"Hundeleine Dunkelbraun aus Leder"}]},{"@type":"WebSite","@id":"https:\/\/www.erdiunver.de\/en\/#website","url":"https:\/\/www.erdiunver.de\/en\/","name":"Erdi \u00dcnver hochwertige Lederg\u00fcrtel aus echtem Leder f\u00fcr Damen & Herren","description":"Wendeg\u00fcrtel Taschen H G\u00fcrtel aus Leder hochwertig und Preiswert","potentialAction":[{"@type":"SearchAction","target":{"@type":"EntryPoint","urlTemplate":"https:\/\/www.erdiunver.de\/en\/?s={search_term_string}"},"query-input":{"@type":"PropertyValueSpecification","valueRequired":true,"valueName":"search_term_string"}}],"inLanguage":"en-US"}]}},"_links":{"self":[{"href":"https:\/\/www.erdiunver.de\/en\/wp-json\/wp\/v2\/product\/66174","targetHints":{"allow":["GET"]}}],"collection":[{"href":"https:\/\/www.erdiunver.de\/en\/wp-json\/wp\/v2\/product"}],"about":[{"href":"https:\/\/www.erdiunver.de\/en\/wp-json\/wp\/v2\/types\/product"}],"replies":[{"embeddable":true,"href":"https:\/\/www.erdiunver.de\/en\/wp-json\/wp\/v2\/comments?post=66174"}],"wp:featuredmedia":[{"embeddable":true,"href":"https:\/\/www.erdiunver.de\/en\/wp-json\/wp\/v2\/media\/66182"}],"wp:attachment":[{"href":"https:\/\/www.erdiunver.de\/en\/wp-json\/wp\/v2\/media?parent=66174"}],"wp:term":[{"taxonomy":"product_brand","embeddable":true,"href":"https:\/\/www.erdiunver.de\/en\/wp-json\/wp\/v2\/product_brand?post=66174"},{"taxonomy":"product_cat","embeddable":true,"href":"https:\/\/www.erdiunver.de\/en\/wp-json\/wp\/v2\/product_cat?post=66174"},{"taxonomy":"product_tag","embeddable":true,"href":"https:\/\/www.erdiunver.de\/en\/wp-json\/wp\/v2\/product_tag?post=66174"}],"curies":[{"name":"wp","href":"https:\/\/api.w.org\/{rel}","templated":true}]}}