{"id":66126,"date":"2022-02-25T12:41:00","date_gmt":"2022-02-25T11:41:00","guid":{"rendered":"https:\/\/www.erdiunver.de\/?post_type=product&#038;p=66126"},"modified":"2022-09-13T15:07:17","modified_gmt":"2022-09-13T13:07:17","slug":"hundehalsband-schwarz-aus-leder","status":"publish","type":"product","link":"https:\/\/www.erdiunver.de\/en\/product\/hundehalsband-schwarz-aus-leder\/","title":{"rendered":"Hundehalsband Schwarz aus Leder"},"content":{"rendered":"<h2>Tolles Geschenk f\u00fcr alle Hundebesitzer und Hundehalter unser Hundehalsband in Schwarz aus Leder<\/h2>\n<p>Unsere erfolgreichsten, langlebigsten und bequemsten Hundehalsb\u00e4nder aus Leder in Schwarz. Leder ist ein nat\u00fcrliches Material, das sehr geschmeidig ist. Es wird sich ergonomisch an den Hals Ihres Hundes anpassen und passt sich seiner Haut an.<\/p>\n<p>Unsere Lederhalsband f\u00fcr Hunde gibt es in 3 verschiedenen Breiten 1,5 cm, 2,5 cm, 3 cm<\/p>\n<p>Wir verwenden f\u00fcr unsere Hundekollektion Leder aus Rindsleder, in die Mitte arbeiten wir\u00a0 ein Mikrofaserstoff ein, sodass, das Leder sich nicht verformt und Sie lange Freude an unsere Hundekollektion haben.<\/p>\n<p>&nbsp;<\/p>\n","protected":false},"excerpt":{"rendered":"<p>Tolles Geschenk f\u00fcr alle Hundebesitzer und Hundehalter unser Hundehalsband in Schwarz aus Leder Unsere erfolgreichsten, langlebigsten und bequemsten Hundehalsb\u00e4nder aus Leder in Schwarz. Leder ist ein nat\u00fcrliches Material, das sehr geschmeidig ist. Es wird sich ergonomisch an den Hals Ihres Hundes anpassen und passt sich seiner Haut an. Unsere Lederhalsband f\u00fcr Hunde gibt es in [&#8230;]\n","protected":false},"featured_media":66134,"comment_status":"open","ping_status":"closed","template":"","meta":[],"product_brand":[],"product_cat":[321,323],"product_tag":[],"class_list":{"0":"post-66126","1":"product","2":"type-product","3":"status-publish","4":"has-post-thumbnail","6":"product_cat-hunde","7":"product_cat-hundehalsband","9":"first","10":"instock","11":"taxable","12":"shipping-taxable","13":"purchasable","14":"product-type-variable"},"yoast_head":"<!-- This site is optimized with the Yoast SEO plugin v27.3 - https:\/\/yoast.com\/product\/yoast-seo-wordpress\/ -->\n<title>Hundehalsband Schwarz aus Leder<\/title>\n<meta name=\"description\" content=\"Unsere Hundehalsband in Schwarz aus Leder gibt es in 3 verschiedenen Breiten 1,5 cm, 2,5 cm, 3 cm passend f\u00fcr jeden Hund\" \/>\n<meta name=\"robots\" content=\"index, follow, max-snippet:-1, max-image-preview:large, max-video-preview:-1\" \/>\n<link rel=\"canonical\" href=\"https:\/\/www.erdiunver.de\/en\/product\/hundehalsband-schwarz-aus-leder\/\" \/>\n<meta property=\"og:locale\" content=\"en_US\" \/>\n<meta property=\"og:type\" content=\"article\" \/>\n<meta property=\"og:title\" content=\"Hundehalsband Schwarz aus Leder\" \/>\n<meta property=\"og:description\" content=\"Unsere Hundehalsband in Schwarz aus Leder gibt es in 3 verschiedenen Breiten 1,5 cm, 2,5 cm, 3 cm passend f\u00fcr jeden Hund\" \/>\n<meta property=\"og:url\" content=\"https:\/\/www.erdiunver.de\/en\/product\/hundehalsband-schwarz-aus-leder\/\" \/>\n<meta property=\"og:site_name\" content=\"Erdi \u00dcnver hochwertige Lederg\u00fcrtel aus echtem Leder f\u00fcr Damen &amp; Herren\" \/>\n<meta property=\"article:modified_time\" content=\"2022-09-13T13:07:17+00:00\" \/>\n<meta property=\"og:image\" content=\"https:\/\/www.erdiunver.de\/wp-content\/uploads\/1-Custom-13.jpg\" \/>\n\t<meta property=\"og:image:width\" content=\"2000\" \/>\n\t<meta property=\"og:image:height\" content=\"2000\" \/>\n\t<meta property=\"og:image:type\" content=\"image\/jpeg\" \/>\n<meta name=\"twitter:card\" content=\"summary_large_image\" \/>\n<meta name=\"twitter:label1\" content=\"Est. reading time\" \/>\n\t<meta name=\"twitter:data1\" content=\"1 minute\" \/>\n<script type=\"application\/ld+json\" class=\"yoast-schema-graph\">{\"@context\":\"https:\\\/\\\/schema.org\",\"@graph\":[{\"@type\":\"WebPage\",\"@id\":\"https:\\\/\\\/www.erdiunver.de\\\/en\\\/product\\\/hundehalsband-schwarz-aus-leder\\\/\",\"url\":\"https:\\\/\\\/www.erdiunver.de\\\/en\\\/product\\\/hundehalsband-schwarz-aus-leder\\\/\",\"name\":\"Hundehalsband Schwarz aus Leder\",\"isPartOf\":{\"@id\":\"https:\\\/\\\/www.erdiunver.de\\\/en\\\/#website\"},\"primaryImageOfPage\":{\"@id\":\"https:\\\/\\\/www.erdiunver.de\\\/en\\\/product\\\/hundehalsband-schwarz-aus-leder\\\/#primaryimage\"},\"image\":{\"@id\":\"https:\\\/\\\/www.erdiunver.de\\\/en\\\/product\\\/hundehalsband-schwarz-aus-leder\\\/#primaryimage\"},\"thumbnailUrl\":\"https:\\\/\\\/www.erdiunver.de\\\/wp-content\\\/uploads\\\/1-Custom-13.jpg\",\"datePublished\":\"2022-02-25T11:41:00+00:00\",\"dateModified\":\"2022-09-13T13:07:17+00:00\",\"description\":\"Unsere Hundehalsband in Schwarz aus Leder gibt es in 3 verschiedenen Breiten 1,5 cm, 2,5 cm, 3 cm passend f\u00fcr jeden Hund\",\"breadcrumb\":{\"@id\":\"https:\\\/\\\/www.erdiunver.de\\\/en\\\/product\\\/hundehalsband-schwarz-aus-leder\\\/#breadcrumb\"},\"inLanguage\":\"en-US\",\"potentialAction\":[{\"@type\":\"ReadAction\",\"target\":[\"https:\\\/\\\/www.erdiunver.de\\\/en\\\/product\\\/hundehalsband-schwarz-aus-leder\\\/\"]}]},{\"@type\":\"ImageObject\",\"inLanguage\":\"en-US\",\"@id\":\"https:\\\/\\\/www.erdiunver.de\\\/en\\\/product\\\/hundehalsband-schwarz-aus-leder\\\/#primaryimage\",\"url\":\"https:\\\/\\\/www.erdiunver.de\\\/wp-content\\\/uploads\\\/1-Custom-13.jpg\",\"contentUrl\":\"https:\\\/\\\/www.erdiunver.de\\\/wp-content\\\/uploads\\\/1-Custom-13.jpg\",\"width\":2000,\"height\":2000,\"caption\":\"Hundehalsband Schwarz Leder\"},{\"@type\":\"BreadcrumbList\",\"@id\":\"https:\\\/\\\/www.erdiunver.de\\\/en\\\/product\\\/hundehalsband-schwarz-aus-leder\\\/#breadcrumb\",\"itemListElement\":[{\"@type\":\"ListItem\",\"position\":1,\"name\":\"Startseite\",\"item\":\"https:\\\/\\\/www.erdiunver.de\\\/en\\\/\"},{\"@type\":\"ListItem\",\"position\":2,\"name\":\"Shop\",\"item\":\"https:\\\/\\\/www.erdiunver.de\\\/en\\\/shop-2\\\/\"},{\"@type\":\"ListItem\",\"position\":3,\"name\":\"Hundehalsband Schwarz aus Leder\"}]},{\"@type\":\"WebSite\",\"@id\":\"https:\\\/\\\/www.erdiunver.de\\\/en\\\/#website\",\"url\":\"https:\\\/\\\/www.erdiunver.de\\\/en\\\/\",\"name\":\"Erdi \u00dcnver hochwertige Lederg\u00fcrtel aus echtem Leder f\u00fcr Damen & Herren\",\"description\":\"Wendeg\u00fcrtel Taschen H G\u00fcrtel aus Leder hochwertig und Preiswert\",\"potentialAction\":[{\"@type\":\"SearchAction\",\"target\":{\"@type\":\"EntryPoint\",\"urlTemplate\":\"https:\\\/\\\/www.erdiunver.de\\\/en\\\/?s={search_term_string}\"},\"query-input\":{\"@type\":\"PropertyValueSpecification\",\"valueRequired\":true,\"valueName\":\"search_term_string\"}}],\"inLanguage\":\"en-US\"}]}<\/script>\n<!-- \/ Yoast SEO plugin. -->","yoast_head_json":{"title":"Hundehalsband Schwarz aus Leder","description":"Unsere Hundehalsband in Schwarz aus Leder gibt es in 3 verschiedenen Breiten 1,5 cm, 2,5 cm, 3 cm passend f\u00fcr jeden Hund","robots":{"index":"index","follow":"follow","max-snippet":"max-snippet:-1","max-image-preview":"max-image-preview:large","max-video-preview":"max-video-preview:-1"},"canonical":"https:\/\/www.erdiunver.de\/en\/product\/hundehalsband-schwarz-aus-leder\/","og_locale":"en_US","og_type":"article","og_title":"Hundehalsband Schwarz aus Leder","og_description":"Unsere Hundehalsband in Schwarz aus Leder gibt es in 3 verschiedenen Breiten 1,5 cm, 2,5 cm, 3 cm passend f\u00fcr jeden Hund","og_url":"https:\/\/www.erdiunver.de\/en\/product\/hundehalsband-schwarz-aus-leder\/","og_site_name":"Erdi \u00dcnver hochwertige Lederg\u00fcrtel aus echtem Leder f\u00fcr Damen &amp; Herren","article_modified_time":"2022-09-13T13:07:17+00:00","og_image":[{"width":2000,"height":2000,"url":"https:\/\/www.erdiunver.de\/wp-content\/uploads\/1-Custom-13.jpg","type":"image\/jpeg"}],"twitter_card":"summary_large_image","twitter_misc":{"Est. reading time":"1 minute"},"schema":{"@context":"https:\/\/schema.org","@graph":[{"@type":"WebPage","@id":"https:\/\/www.erdiunver.de\/en\/product\/hundehalsband-schwarz-aus-leder\/","url":"https:\/\/www.erdiunver.de\/en\/product\/hundehalsband-schwarz-aus-leder\/","name":"Hundehalsband Schwarz aus Leder","isPartOf":{"@id":"https:\/\/www.erdiunver.de\/en\/#website"},"primaryImageOfPage":{"@id":"https:\/\/www.erdiunver.de\/en\/product\/hundehalsband-schwarz-aus-leder\/#primaryimage"},"image":{"@id":"https:\/\/www.erdiunver.de\/en\/product\/hundehalsband-schwarz-aus-leder\/#primaryimage"},"thumbnailUrl":"https:\/\/www.erdiunver.de\/wp-content\/uploads\/1-Custom-13.jpg","datePublished":"2022-02-25T11:41:00+00:00","dateModified":"2022-09-13T13:07:17+00:00","description":"Unsere Hundehalsband in Schwarz aus Leder gibt es in 3 verschiedenen Breiten 1,5 cm, 2,5 cm, 3 cm passend f\u00fcr jeden Hund","breadcrumb":{"@id":"https:\/\/www.erdiunver.de\/en\/product\/hundehalsband-schwarz-aus-leder\/#breadcrumb"},"inLanguage":"en-US","potentialAction":[{"@type":"ReadAction","target":["https:\/\/www.erdiunver.de\/en\/product\/hundehalsband-schwarz-aus-leder\/"]}]},{"@type":"ImageObject","inLanguage":"en-US","@id":"https:\/\/www.erdiunver.de\/en\/product\/hundehalsband-schwarz-aus-leder\/#primaryimage","url":"https:\/\/www.erdiunver.de\/wp-content\/uploads\/1-Custom-13.jpg","contentUrl":"https:\/\/www.erdiunver.de\/wp-content\/uploads\/1-Custom-13.jpg","width":2000,"height":2000,"caption":"Hundehalsband Schwarz Leder"},{"@type":"BreadcrumbList","@id":"https:\/\/www.erdiunver.de\/en\/product\/hundehalsband-schwarz-aus-leder\/#breadcrumb","itemListElement":[{"@type":"ListItem","position":1,"name":"Startseite","item":"https:\/\/www.erdiunver.de\/en\/"},{"@type":"ListItem","position":2,"name":"Shop","item":"https:\/\/www.erdiunver.de\/en\/shop-2\/"},{"@type":"ListItem","position":3,"name":"Hundehalsband Schwarz aus Leder"}]},{"@type":"WebSite","@id":"https:\/\/www.erdiunver.de\/en\/#website","url":"https:\/\/www.erdiunver.de\/en\/","name":"Erdi \u00dcnver hochwertige Lederg\u00fcrtel aus echtem Leder f\u00fcr Damen & Herren","description":"Wendeg\u00fcrtel Taschen H G\u00fcrtel aus Leder hochwertig und Preiswert","potentialAction":[{"@type":"SearchAction","target":{"@type":"EntryPoint","urlTemplate":"https:\/\/www.erdiunver.de\/en\/?s={search_term_string}"},"query-input":{"@type":"PropertyValueSpecification","valueRequired":true,"valueName":"search_term_string"}}],"inLanguage":"en-US"}]}},"_links":{"self":[{"href":"https:\/\/www.erdiunver.de\/en\/wp-json\/wp\/v2\/product\/66126","targetHints":{"allow":["GET"]}}],"collection":[{"href":"https:\/\/www.erdiunver.de\/en\/wp-json\/wp\/v2\/product"}],"about":[{"href":"https:\/\/www.erdiunver.de\/en\/wp-json\/wp\/v2\/types\/product"}],"replies":[{"embeddable":true,"href":"https:\/\/www.erdiunver.de\/en\/wp-json\/wp\/v2\/comments?post=66126"}],"wp:featuredmedia":[{"embeddable":true,"href":"https:\/\/www.erdiunver.de\/en\/wp-json\/wp\/v2\/media\/66134"}],"wp:attachment":[{"href":"https:\/\/www.erdiunver.de\/en\/wp-json\/wp\/v2\/media?parent=66126"}],"wp:term":[{"taxonomy":"product_brand","embeddable":true,"href":"https:\/\/www.erdiunver.de\/en\/wp-json\/wp\/v2\/product_brand?post=66126"},{"taxonomy":"product_cat","embeddable":true,"href":"https:\/\/www.erdiunver.de\/en\/wp-json\/wp\/v2\/product_cat?post=66126"},{"taxonomy":"product_tag","embeddable":true,"href":"https:\/\/www.erdiunver.de\/en\/wp-json\/wp\/v2\/product_tag?post=66126"}],"curies":[{"name":"wp","href":"https:\/\/api.w.org\/{rel}","templated":true}]}}