{"id":66114,"date":"2022-02-25T12:25:13","date_gmt":"2022-02-25T11:25:13","guid":{"rendered":"https:\/\/www.erdiunver.de\/?post_type=product&#038;p=66114"},"modified":"2023-03-29T10:28:03","modified_gmt":"2023-03-29T08:28:03","slug":"hundehalsband-gelb-aus-leder","status":"publish","type":"product","link":"https:\/\/www.erdiunver.de\/en\/product\/hundehalsband-gelb-aus-leder\/","title":{"rendered":"Hundehalsband Gelb aus Leder"},"content":{"rendered":"<h2>Hundehalsband Gelb passend zu unser G\u00fcrtel Kollektion<\/h2>\n<p>Ein Hundehalsband ist ein wichtiges Accessoire f\u00fcr Hunde, aber es gibt viele Aspekte, bei denen Sie auf entscheiden m\u00fcssen, bevor Sie sich entscheiden. Bei der Wahl der Farbe sollte die Besonderheiten der Fellfarbe des Hundes in Betracht gezogen werden. Gelb ist eine gute Wahl, wenn Sie einen Hund mit dunkler Fellfarbe haben.<\/p>\n<p>Unsere Halsb\u00e4nder sind handgefertigt und werden aus Leder produziert. Wir fertigen unsere Halsb\u00e4nder mit einer Mikrofaserstoff an, damit unsere Hundehalsb\u00e4nder sich nicht verformen.<\/p>\n<p>Das Hundehalsband gibt es in drei verschiedenen Breiten erh\u00e4ltlich, 1,5 cm, 2,5 cm, 3 cm. Das Ober- und Untermaterial besteht aus 100 % Rindsleder, in der Mitte ist ein Mikrofaserstoff eingearbeitet, sodass, das Leder nicht verformt wird und Sie lange Freude an unserer Kollektion f\u00fcr Hunde haben.<\/p>\n<p>Messen Sie den Halsumfang Ihres Hundes, wie auf der Bildergalerie zusehen ist.<\/p>\n<p>Ideals Geschenke f\u00fcr Hunde und Hundebesitzer.<\/p>\n","protected":false},"excerpt":{"rendered":"<p>Hundehalsband Gelb passend zu unser G\u00fcrtel Kollektion Ein Hundehalsband ist ein wichtiges Accessoire f\u00fcr Hunde, aber es gibt viele Aspekte, bei denen Sie auf entscheiden m\u00fcssen, bevor Sie sich entscheiden. Bei der Wahl der Farbe sollte die Besonderheiten der Fellfarbe des Hundes in Betracht gezogen werden. Gelb ist eine gute Wahl, wenn Sie einen Hund [&#8230;]\n","protected":false},"featured_media":66122,"comment_status":"open","ping_status":"closed","template":"","meta":[],"product_brand":[],"product_cat":[321,323],"product_tag":[],"class_list":{"0":"post-66114","1":"product","2":"type-product","3":"status-publish","4":"has-post-thumbnail","6":"product_cat-hunde","7":"product_cat-hundehalsband","9":"first","10":"instock","11":"taxable","12":"shipping-taxable","13":"purchasable","14":"product-type-variable"},"yoast_head":"<!-- This site is optimized with the Yoast SEO plugin v27.6 - https:\/\/yoast.com\/product\/yoast-seo-wordpress\/ -->\n<title>Hundehalsband Gelb aus Leder Handgefertigt und einzigartig<\/title>\n<meta name=\"description\" content=\"Ein Hundehalsband ist ein wichtiges Accessoire f\u00fcr Hunde, Hundehalsb\u00e4nder sich nicht verformen oder ausdehnen.\" \/>\n<meta name=\"robots\" content=\"index, follow, max-snippet:-1, max-image-preview:large, max-video-preview:-1\" \/>\n<link rel=\"canonical\" href=\"https:\/\/www.erdiunver.de\/en\/product\/hundehalsband-gelb-aus-leder\/\" \/>\n<meta property=\"og:locale\" content=\"en_US\" \/>\n<meta property=\"og:type\" content=\"article\" \/>\n<meta property=\"og:title\" content=\"Hundehalsband Gelb aus Leder Handgefertigt und einzigartig\" \/>\n<meta property=\"og:description\" content=\"Ein Hundehalsband ist ein wichtiges Accessoire f\u00fcr Hunde, Hundehalsb\u00e4nder sich nicht verformen oder ausdehnen.\" \/>\n<meta property=\"og:url\" content=\"https:\/\/www.erdiunver.de\/en\/product\/hundehalsband-gelb-aus-leder\/\" \/>\n<meta property=\"og:site_name\" content=\"Erdi \u00dcnver hochwertige Lederg\u00fcrtel aus echtem Leder f\u00fcr Damen &amp; Herren\" \/>\n<meta property=\"article:modified_time\" content=\"2023-03-29T08:28:03+00:00\" \/>\n<meta property=\"og:image\" content=\"https:\/\/www.erdiunver.de\/wp-content\/uploads\/gelb-hundehalsband-leder.jpg\" \/>\n\t<meta property=\"og:image:width\" content=\"2000\" \/>\n\t<meta property=\"og:image:height\" content=\"2000\" \/>\n\t<meta property=\"og:image:type\" content=\"image\/jpeg\" \/>\n<meta name=\"twitter:card\" content=\"summary_large_image\" \/>\n<meta name=\"twitter:label1\" content=\"Est. reading time\" \/>\n\t<meta name=\"twitter:data1\" content=\"1 minute\" \/>\n<script type=\"application\/ld+json\" class=\"yoast-schema-graph\">{\"@context\":\"https:\\\/\\\/schema.org\",\"@graph\":[{\"@type\":\"WebPage\",\"@id\":\"https:\\\/\\\/www.erdiunver.de\\\/en\\\/product\\\/hundehalsband-gelb-aus-leder\\\/\",\"url\":\"https:\\\/\\\/www.erdiunver.de\\\/en\\\/product\\\/hundehalsband-gelb-aus-leder\\\/\",\"name\":\"Hundehalsband Gelb aus Leder Handgefertigt und einzigartig\",\"isPartOf\":{\"@id\":\"https:\\\/\\\/www.erdiunver.de\\\/en\\\/#website\"},\"primaryImageOfPage\":{\"@id\":\"https:\\\/\\\/www.erdiunver.de\\\/en\\\/product\\\/hundehalsband-gelb-aus-leder\\\/#primaryimage\"},\"image\":{\"@id\":\"https:\\\/\\\/www.erdiunver.de\\\/en\\\/product\\\/hundehalsband-gelb-aus-leder\\\/#primaryimage\"},\"thumbnailUrl\":\"https:\\\/\\\/www.erdiunver.de\\\/wp-content\\\/uploads\\\/gelb-hundehalsband-leder.jpg\",\"datePublished\":\"2022-02-25T11:25:13+00:00\",\"dateModified\":\"2023-03-29T08:28:03+00:00\",\"description\":\"Ein Hundehalsband ist ein wichtiges Accessoire f\u00fcr Hunde, Hundehalsb\u00e4nder sich nicht verformen oder ausdehnen.\",\"breadcrumb\":{\"@id\":\"https:\\\/\\\/www.erdiunver.de\\\/en\\\/product\\\/hundehalsband-gelb-aus-leder\\\/#breadcrumb\"},\"inLanguage\":\"en-US\",\"potentialAction\":[{\"@type\":\"ReadAction\",\"target\":[\"https:\\\/\\\/www.erdiunver.de\\\/en\\\/product\\\/hundehalsband-gelb-aus-leder\\\/\"]}]},{\"@type\":\"ImageObject\",\"inLanguage\":\"en-US\",\"@id\":\"https:\\\/\\\/www.erdiunver.de\\\/en\\\/product\\\/hundehalsband-gelb-aus-leder\\\/#primaryimage\",\"url\":\"https:\\\/\\\/www.erdiunver.de\\\/wp-content\\\/uploads\\\/gelb-hundehalsband-leder.jpg\",\"contentUrl\":\"https:\\\/\\\/www.erdiunver.de\\\/wp-content\\\/uploads\\\/gelb-hundehalsband-leder.jpg\",\"width\":2000,\"height\":2000,\"caption\":\"Hundehalsband\"},{\"@type\":\"BreadcrumbList\",\"@id\":\"https:\\\/\\\/www.erdiunver.de\\\/en\\\/product\\\/hundehalsband-gelb-aus-leder\\\/#breadcrumb\",\"itemListElement\":[{\"@type\":\"ListItem\",\"position\":1,\"name\":\"Startseite\",\"item\":\"https:\\\/\\\/www.erdiunver.de\\\/en\\\/\"},{\"@type\":\"ListItem\",\"position\":2,\"name\":\"Shop\",\"item\":\"https:\\\/\\\/www.erdiunver.de\\\/en\\\/shop-2\\\/\"},{\"@type\":\"ListItem\",\"position\":3,\"name\":\"Hundehalsband Gelb aus Leder\"}]},{\"@type\":\"WebSite\",\"@id\":\"https:\\\/\\\/www.erdiunver.de\\\/en\\\/#website\",\"url\":\"https:\\\/\\\/www.erdiunver.de\\\/en\\\/\",\"name\":\"Erdi \u00dcnver hochwertige Lederg\u00fcrtel aus echtem Leder f\u00fcr Damen & Herren\",\"description\":\"Wendeg\u00fcrtel Taschen H G\u00fcrtel aus Leder hochwertig und Preiswert\",\"potentialAction\":[{\"@type\":\"SearchAction\",\"target\":{\"@type\":\"EntryPoint\",\"urlTemplate\":\"https:\\\/\\\/www.erdiunver.de\\\/en\\\/?s={search_term_string}\"},\"query-input\":{\"@type\":\"PropertyValueSpecification\",\"valueRequired\":true,\"valueName\":\"search_term_string\"}}],\"inLanguage\":\"en-US\"}]}<\/script>\n<!-- \/ Yoast SEO plugin. -->","yoast_head_json":{"title":"Hundehalsband Gelb aus Leder Handgefertigt und einzigartig","description":"Ein Hundehalsband ist ein wichtiges Accessoire f\u00fcr Hunde, Hundehalsb\u00e4nder sich nicht verformen oder ausdehnen.","robots":{"index":"index","follow":"follow","max-snippet":"max-snippet:-1","max-image-preview":"max-image-preview:large","max-video-preview":"max-video-preview:-1"},"canonical":"https:\/\/www.erdiunver.de\/en\/product\/hundehalsband-gelb-aus-leder\/","og_locale":"en_US","og_type":"article","og_title":"Hundehalsband Gelb aus Leder Handgefertigt und einzigartig","og_description":"Ein Hundehalsband ist ein wichtiges Accessoire f\u00fcr Hunde, Hundehalsb\u00e4nder sich nicht verformen oder ausdehnen.","og_url":"https:\/\/www.erdiunver.de\/en\/product\/hundehalsband-gelb-aus-leder\/","og_site_name":"Erdi \u00dcnver hochwertige Lederg\u00fcrtel aus echtem Leder f\u00fcr Damen &amp; Herren","article_modified_time":"2023-03-29T08:28:03+00:00","og_image":[{"width":2000,"height":2000,"url":"https:\/\/www.erdiunver.de\/wp-content\/uploads\/gelb-hundehalsband-leder.jpg","type":"image\/jpeg"}],"twitter_card":"summary_large_image","twitter_misc":{"Est. reading time":"1 minute"},"schema":{"@context":"https:\/\/schema.org","@graph":[{"@type":"WebPage","@id":"https:\/\/www.erdiunver.de\/en\/product\/hundehalsband-gelb-aus-leder\/","url":"https:\/\/www.erdiunver.de\/en\/product\/hundehalsband-gelb-aus-leder\/","name":"Hundehalsband Gelb aus Leder Handgefertigt und einzigartig","isPartOf":{"@id":"https:\/\/www.erdiunver.de\/en\/#website"},"primaryImageOfPage":{"@id":"https:\/\/www.erdiunver.de\/en\/product\/hundehalsband-gelb-aus-leder\/#primaryimage"},"image":{"@id":"https:\/\/www.erdiunver.de\/en\/product\/hundehalsband-gelb-aus-leder\/#primaryimage"},"thumbnailUrl":"https:\/\/www.erdiunver.de\/wp-content\/uploads\/gelb-hundehalsband-leder.jpg","datePublished":"2022-02-25T11:25:13+00:00","dateModified":"2023-03-29T08:28:03+00:00","description":"Ein Hundehalsband ist ein wichtiges Accessoire f\u00fcr Hunde, Hundehalsb\u00e4nder sich nicht verformen oder ausdehnen.","breadcrumb":{"@id":"https:\/\/www.erdiunver.de\/en\/product\/hundehalsband-gelb-aus-leder\/#breadcrumb"},"inLanguage":"en-US","potentialAction":[{"@type":"ReadAction","target":["https:\/\/www.erdiunver.de\/en\/product\/hundehalsband-gelb-aus-leder\/"]}]},{"@type":"ImageObject","inLanguage":"en-US","@id":"https:\/\/www.erdiunver.de\/en\/product\/hundehalsband-gelb-aus-leder\/#primaryimage","url":"https:\/\/www.erdiunver.de\/wp-content\/uploads\/gelb-hundehalsband-leder.jpg","contentUrl":"https:\/\/www.erdiunver.de\/wp-content\/uploads\/gelb-hundehalsband-leder.jpg","width":2000,"height":2000,"caption":"Hundehalsband"},{"@type":"BreadcrumbList","@id":"https:\/\/www.erdiunver.de\/en\/product\/hundehalsband-gelb-aus-leder\/#breadcrumb","itemListElement":[{"@type":"ListItem","position":1,"name":"Startseite","item":"https:\/\/www.erdiunver.de\/en\/"},{"@type":"ListItem","position":2,"name":"Shop","item":"https:\/\/www.erdiunver.de\/en\/shop-2\/"},{"@type":"ListItem","position":3,"name":"Hundehalsband Gelb aus Leder"}]},{"@type":"WebSite","@id":"https:\/\/www.erdiunver.de\/en\/#website","url":"https:\/\/www.erdiunver.de\/en\/","name":"Erdi \u00dcnver hochwertige Lederg\u00fcrtel aus echtem Leder f\u00fcr Damen & Herren","description":"Wendeg\u00fcrtel Taschen H G\u00fcrtel aus Leder hochwertig und Preiswert","potentialAction":[{"@type":"SearchAction","target":{"@type":"EntryPoint","urlTemplate":"https:\/\/www.erdiunver.de\/en\/?s={search_term_string}"},"query-input":{"@type":"PropertyValueSpecification","valueRequired":true,"valueName":"search_term_string"}}],"inLanguage":"en-US"}]}},"_links":{"self":[{"href":"https:\/\/www.erdiunver.de\/en\/wp-json\/wp\/v2\/product\/66114","targetHints":{"allow":["GET"]}}],"collection":[{"href":"https:\/\/www.erdiunver.de\/en\/wp-json\/wp\/v2\/product"}],"about":[{"href":"https:\/\/www.erdiunver.de\/en\/wp-json\/wp\/v2\/types\/product"}],"replies":[{"embeddable":true,"href":"https:\/\/www.erdiunver.de\/en\/wp-json\/wp\/v2\/comments?post=66114"}],"wp:featuredmedia":[{"embeddable":true,"href":"https:\/\/www.erdiunver.de\/en\/wp-json\/wp\/v2\/media\/66122"}],"wp:attachment":[{"href":"https:\/\/www.erdiunver.de\/en\/wp-json\/wp\/v2\/media?parent=66114"}],"wp:term":[{"taxonomy":"product_brand","embeddable":true,"href":"https:\/\/www.erdiunver.de\/en\/wp-json\/wp\/v2\/product_brand?post=66114"},{"taxonomy":"product_cat","embeddable":true,"href":"https:\/\/www.erdiunver.de\/en\/wp-json\/wp\/v2\/product_cat?post=66114"},{"taxonomy":"product_tag","embeddable":true,"href":"https:\/\/www.erdiunver.de\/en\/wp-json\/wp\/v2\/product_tag?post=66114"}],"curies":[{"name":"wp","href":"https:\/\/api.w.org\/{rel}","templated":true}]}}