{"id":65665,"date":"2021-11-12T12:46:18","date_gmt":"2022-01-11T08:36:53","guid":{"rendered":"https:\/\/www.erdiunver.de\/product\/leather-shoulder-bag-in-white-small\/"},"modified":"2022-01-11T13:52:22","modified_gmt":"2022-01-11T12:52:22","slug":"shoulder-bag-leather-women-white-small","status":"publish","type":"product","link":"https:\/\/www.erdiunver.de\/en\/product\/shoulder-bag-leather-women-white-small\/","title":{"rendered":"Leather Shoulder Bag in White Small"},"content":{"rendered":"<h1><strong>Leather Shoulder Bag for Women in White Small<\/strong><\/h1>\n<p>This elegant, feminine shoulder bag for women is made of soft, white leather, in which you can stow your wallet, ID or smartphone in a controlled manner. It is very comfortable and can be worn over the shoulder.<\/p>\n<p>The handmade leather bag is small and white, making it the perfect bag for women looking for modern adventure. The bag has a main compartment that does not have a zipper, as well as a side pocket with a zipper compartment. The side compartment is perfect for storing your cell phone as well as keys and wallet, which is provided with a zipper. The side compartment is perfect for storing your cell phone as well as keys and wallet, which is provided with a zipper.<\/p>\n<p>These women&#8217;s shoulder bag is white, it is small and will help you with your projects! The material of the bag is very easy to care for, so you don&#8217;t have to worry that your bag will end up getting very old. The shoulder bag is the perfect bag for a chic look. It is also indispensable if you want to carry something with you on the go. It is flexible, robust and small enough to always be with you.<\/p>\n<p>No matter what you are planning \u2013 whether you go to the office quickly, go shopping or are just out with friends, the leather bag with a touch of elegance and comfort for women in white by Erdi \u00dcnver offers space for everything you need and fits perfectly for every occasion.<\/p>\n<p>Our shoulder bag for women is the perfect bag for a chic look. It is also a real highlight if you want to carry something around with you on the go. It is flexible, robust and small enough to always be with you.<\/p>\n<p><strong>This leather shoulder bag is specially made for you, it takes 2 weeks.<\/strong><\/p>\n<p>&nbsp;<\/p>\n<p>Color: White<br \/>\nMaterial: Leather<br \/>\nSize: L 16 x W 18 x H 5 cm<\/p>\n","protected":false},"excerpt":{"rendered":"<p>Leather shoulder bag for women<br \/>\nColor: White<br \/>\nModel small (L 16 x W 18 x H 5 cm)<strong><br \/>\n<\/strong><\/p>\n","protected":false},"featured_media":36399,"comment_status":"open","ping_status":"closed","template":"","meta":[],"product_brand":[],"product_cat":[230],"product_tag":[],"class_list":{"0":"post-65665","1":"product","2":"type-product","3":"status-publish","4":"has-post-thumbnail","6":"product_cat-shoulder-bag-women-leather","8":"first","9":"instock","10":"sale","11":"taxable","12":"shipping-taxable","13":"purchasable","14":"product-type-variable"},"yoast_head":"<!-- This site is optimized with the Yoast SEO plugin v27.3 - https:\/\/yoast.com\/product\/yoast-seo-wordpress\/ -->\n<title>The small shoulder bag made of white leather women<\/title>\n<meta name=\"description\" content=\"This elegant, feminine cut shoulder bag for women is made of soft, white leather, it is small and handy.\" \/>\n<meta name=\"robots\" content=\"index, follow, max-snippet:-1, max-image-preview:large, max-video-preview:-1\" \/>\n<link rel=\"canonical\" href=\"https:\/\/www.erdiunver.de\/en\/product\/shoulder-bag-leather-women-white-small\/\" \/>\n<meta property=\"og:locale\" content=\"en_US\" \/>\n<meta property=\"og:type\" content=\"article\" \/>\n<meta property=\"og:title\" content=\"The small shoulder bag made of white leather women\" \/>\n<meta property=\"og:description\" content=\"This elegant, feminine cut shoulder bag for women is made of soft, white leather, it is small and handy.\" \/>\n<meta property=\"og:url\" content=\"https:\/\/www.erdiunver.de\/en\/product\/shoulder-bag-leather-women-white-small\/\" \/>\n<meta property=\"og:site_name\" content=\"Erdi \u00dcnver hochwertige Lederg\u00fcrtel aus echtem Leder f\u00fcr Damen &amp; Herren\" \/>\n<meta property=\"article:modified_time\" content=\"2022-01-11T12:52:22+00:00\" \/>\n<meta property=\"og:image\" content=\"https:\/\/www.erdiunver.de\/wp-content\/uploads\/Umhaengetasche-Damen-Leder-Weiss-Buchstabe-A.png\" \/>\n\t<meta property=\"og:image:width\" content=\"1636\" \/>\n\t<meta property=\"og:image:height\" content=\"1091\" \/>\n\t<meta property=\"og:image:type\" content=\"image\/png\" \/>\n<meta name=\"twitter:card\" content=\"summary_large_image\" \/>\n<meta name=\"twitter:label1\" content=\"Est. reading time\" \/>\n\t<meta name=\"twitter:data1\" content=\"2 minutes\" \/>\n<script type=\"application\/ld+json\" class=\"yoast-schema-graph\">{\"@context\":\"https:\\\/\\\/schema.org\",\"@graph\":[{\"@type\":\"WebPage\",\"@id\":\"https:\\\/\\\/www.erdiunver.de\\\/en\\\/product\\\/shoulder-bag-leather-women-white-small\\\/\",\"url\":\"https:\\\/\\\/www.erdiunver.de\\\/en\\\/product\\\/shoulder-bag-leather-women-white-small\\\/\",\"name\":\"The small shoulder bag made of white leather women\",\"isPartOf\":{\"@id\":\"https:\\\/\\\/www.erdiunver.de\\\/en\\\/#website\"},\"primaryImageOfPage\":{\"@id\":\"https:\\\/\\\/www.erdiunver.de\\\/en\\\/product\\\/shoulder-bag-leather-women-white-small\\\/#primaryimage\"},\"image\":{\"@id\":\"https:\\\/\\\/www.erdiunver.de\\\/en\\\/product\\\/shoulder-bag-leather-women-white-small\\\/#primaryimage\"},\"thumbnailUrl\":\"https:\\\/\\\/www.erdiunver.de\\\/wp-content\\\/uploads\\\/Umhaengetasche-Damen-Leder-Weiss-Buchstabe-A.png\",\"datePublished\":\"2022-01-11T08:36:53+00:00\",\"dateModified\":\"2022-01-11T12:52:22+00:00\",\"description\":\"This elegant, feminine cut shoulder bag for women is made of soft, white leather, it is small and handy.\",\"breadcrumb\":{\"@id\":\"https:\\\/\\\/www.erdiunver.de\\\/en\\\/product\\\/shoulder-bag-leather-women-white-small\\\/#breadcrumb\"},\"inLanguage\":\"en-US\",\"potentialAction\":[{\"@type\":\"ReadAction\",\"target\":[\"https:\\\/\\\/www.erdiunver.de\\\/en\\\/product\\\/shoulder-bag-leather-women-white-small\\\/\"]}]},{\"@type\":\"ImageObject\",\"inLanguage\":\"en-US\",\"@id\":\"https:\\\/\\\/www.erdiunver.de\\\/en\\\/product\\\/shoulder-bag-leather-women-white-small\\\/#primaryimage\",\"url\":\"https:\\\/\\\/www.erdiunver.de\\\/wp-content\\\/uploads\\\/Umhaengetasche-Damen-Leder-Weiss-Buchstabe-A.png\",\"contentUrl\":\"https:\\\/\\\/www.erdiunver.de\\\/wp-content\\\/uploads\\\/Umhaengetasche-Damen-Leder-Weiss-Buchstabe-A.png\",\"width\":1636,\"height\":1091,\"caption\":\"Shoulder bag women leather small white\"},{\"@type\":\"BreadcrumbList\",\"@id\":\"https:\\\/\\\/www.erdiunver.de\\\/en\\\/product\\\/shoulder-bag-leather-women-white-small\\\/#breadcrumb\",\"itemListElement\":[{\"@type\":\"ListItem\",\"position\":1,\"name\":\"Startseite\",\"item\":\"https:\\\/\\\/www.erdiunver.de\\\/en\\\/\"},{\"@type\":\"ListItem\",\"position\":2,\"name\":\"Shop\",\"item\":\"https:\\\/\\\/www.erdiunver.de\\\/en\\\/shop-2\\\/\"},{\"@type\":\"ListItem\",\"position\":3,\"name\":\"Leather Shoulder Bag in White Small\"}]},{\"@type\":\"WebSite\",\"@id\":\"https:\\\/\\\/www.erdiunver.de\\\/en\\\/#website\",\"url\":\"https:\\\/\\\/www.erdiunver.de\\\/en\\\/\",\"name\":\"Erdi \u00dcnver hochwertige Lederg\u00fcrtel aus echtem Leder f\u00fcr Damen & Herren\",\"description\":\"Wendeg\u00fcrtel Taschen H G\u00fcrtel aus Leder hochwertig und Preiswert\",\"potentialAction\":[{\"@type\":\"SearchAction\",\"target\":{\"@type\":\"EntryPoint\",\"urlTemplate\":\"https:\\\/\\\/www.erdiunver.de\\\/en\\\/?s={search_term_string}\"},\"query-input\":{\"@type\":\"PropertyValueSpecification\",\"valueRequired\":true,\"valueName\":\"search_term_string\"}}],\"inLanguage\":\"en-US\"}]}<\/script>\n<!-- \/ Yoast SEO plugin. -->","yoast_head_json":{"title":"The small shoulder bag made of white leather women","description":"This elegant, feminine cut shoulder bag for women is made of soft, white leather, it is small and handy.","robots":{"index":"index","follow":"follow","max-snippet":"max-snippet:-1","max-image-preview":"max-image-preview:large","max-video-preview":"max-video-preview:-1"},"canonical":"https:\/\/www.erdiunver.de\/en\/product\/shoulder-bag-leather-women-white-small\/","og_locale":"en_US","og_type":"article","og_title":"The small shoulder bag made of white leather women","og_description":"This elegant, feminine cut shoulder bag for women is made of soft, white leather, it is small and handy.","og_url":"https:\/\/www.erdiunver.de\/en\/product\/shoulder-bag-leather-women-white-small\/","og_site_name":"Erdi \u00dcnver hochwertige Lederg\u00fcrtel aus echtem Leder f\u00fcr Damen &amp; Herren","article_modified_time":"2022-01-11T12:52:22+00:00","og_image":[{"width":1636,"height":1091,"url":"https:\/\/www.erdiunver.de\/wp-content\/uploads\/Umhaengetasche-Damen-Leder-Weiss-Buchstabe-A.png","type":"image\/png"}],"twitter_card":"summary_large_image","twitter_misc":{"Est. reading time":"2 minutes"},"schema":{"@context":"https:\/\/schema.org","@graph":[{"@type":"WebPage","@id":"https:\/\/www.erdiunver.de\/en\/product\/shoulder-bag-leather-women-white-small\/","url":"https:\/\/www.erdiunver.de\/en\/product\/shoulder-bag-leather-women-white-small\/","name":"The small shoulder bag made of white leather women","isPartOf":{"@id":"https:\/\/www.erdiunver.de\/en\/#website"},"primaryImageOfPage":{"@id":"https:\/\/www.erdiunver.de\/en\/product\/shoulder-bag-leather-women-white-small\/#primaryimage"},"image":{"@id":"https:\/\/www.erdiunver.de\/en\/product\/shoulder-bag-leather-women-white-small\/#primaryimage"},"thumbnailUrl":"https:\/\/www.erdiunver.de\/wp-content\/uploads\/Umhaengetasche-Damen-Leder-Weiss-Buchstabe-A.png","datePublished":"2022-01-11T08:36:53+00:00","dateModified":"2022-01-11T12:52:22+00:00","description":"This elegant, feminine cut shoulder bag for women is made of soft, white leather, it is small and handy.","breadcrumb":{"@id":"https:\/\/www.erdiunver.de\/en\/product\/shoulder-bag-leather-women-white-small\/#breadcrumb"},"inLanguage":"en-US","potentialAction":[{"@type":"ReadAction","target":["https:\/\/www.erdiunver.de\/en\/product\/shoulder-bag-leather-women-white-small\/"]}]},{"@type":"ImageObject","inLanguage":"en-US","@id":"https:\/\/www.erdiunver.de\/en\/product\/shoulder-bag-leather-women-white-small\/#primaryimage","url":"https:\/\/www.erdiunver.de\/wp-content\/uploads\/Umhaengetasche-Damen-Leder-Weiss-Buchstabe-A.png","contentUrl":"https:\/\/www.erdiunver.de\/wp-content\/uploads\/Umhaengetasche-Damen-Leder-Weiss-Buchstabe-A.png","width":1636,"height":1091,"caption":"Shoulder bag women leather small white"},{"@type":"BreadcrumbList","@id":"https:\/\/www.erdiunver.de\/en\/product\/shoulder-bag-leather-women-white-small\/#breadcrumb","itemListElement":[{"@type":"ListItem","position":1,"name":"Startseite","item":"https:\/\/www.erdiunver.de\/en\/"},{"@type":"ListItem","position":2,"name":"Shop","item":"https:\/\/www.erdiunver.de\/en\/shop-2\/"},{"@type":"ListItem","position":3,"name":"Leather Shoulder Bag in White Small"}]},{"@type":"WebSite","@id":"https:\/\/www.erdiunver.de\/en\/#website","url":"https:\/\/www.erdiunver.de\/en\/","name":"Erdi \u00dcnver hochwertige Lederg\u00fcrtel aus echtem Leder f\u00fcr Damen & Herren","description":"Wendeg\u00fcrtel Taschen H G\u00fcrtel aus Leder hochwertig und Preiswert","potentialAction":[{"@type":"SearchAction","target":{"@type":"EntryPoint","urlTemplate":"https:\/\/www.erdiunver.de\/en\/?s={search_term_string}"},"query-input":{"@type":"PropertyValueSpecification","valueRequired":true,"valueName":"search_term_string"}}],"inLanguage":"en-US"}]}},"_links":{"self":[{"href":"https:\/\/www.erdiunver.de\/en\/wp-json\/wp\/v2\/product\/65665","targetHints":{"allow":["GET"]}}],"collection":[{"href":"https:\/\/www.erdiunver.de\/en\/wp-json\/wp\/v2\/product"}],"about":[{"href":"https:\/\/www.erdiunver.de\/en\/wp-json\/wp\/v2\/types\/product"}],"replies":[{"embeddable":true,"href":"https:\/\/www.erdiunver.de\/en\/wp-json\/wp\/v2\/comments?post=65665"}],"wp:featuredmedia":[{"embeddable":true,"href":"https:\/\/www.erdiunver.de\/en\/wp-json\/wp\/v2\/media\/36399"}],"wp:attachment":[{"href":"https:\/\/www.erdiunver.de\/en\/wp-json\/wp\/v2\/media?parent=65665"}],"wp:term":[{"taxonomy":"product_brand","embeddable":true,"href":"https:\/\/www.erdiunver.de\/en\/wp-json\/wp\/v2\/product_brand?post=65665"},{"taxonomy":"product_cat","embeddable":true,"href":"https:\/\/www.erdiunver.de\/en\/wp-json\/wp\/v2\/product_cat?post=65665"},{"taxonomy":"product_tag","embeddable":true,"href":"https:\/\/www.erdiunver.de\/en\/wp-json\/wp\/v2\/product_tag?post=65665"}],"curies":[{"name":"wp","href":"https:\/\/api.w.org\/{rel}","templated":true}]}}