{"id":65607,"date":"2022-01-04T07:47:46","date_gmt":"2022-01-11T08:16:52","guid":{"rendered":"https:\/\/www.erdiunver.de\/product\/leather-shoulder-bag-in-taupe-gray-small\/"},"modified":"2023-02-06T20:28:58","modified_gmt":"2023-02-06T19:28:58","slug":"shoulder-bag-women-small-made-of-leather-chic-taupe","status":"publish","type":"product","link":"https:\/\/www.erdiunver.de\/en\/product\/shoulder-bag-women-small-made-of-leather-chic-taupe\/","title":{"rendered":"Leather Shoulder Bag in Taupe Gray Small"},"content":{"rendered":"<h1><strong>Small<\/strong><strong> Shoulder Bag for Women in T<\/strong><strong>aupe<\/strong><\/h1>\n<p>This small traditionally made shoulder bag for women in taupe is in line with today&#8217;s trends. The main compartment has no zipper. The small, compact outer pocket has a zipper.<br \/>\n\u2022 Color: Taupe Gray<strong> \u2713<\/strong><br \/>\n\u2022 Material: Leather<strong>\u2713<\/strong><br \/>\n\u2022 Size L 16 x W 18 x H 5 cm<strong> \u2713<\/strong><\/p>\n<p>&nbsp;<\/p>\n<p>Are you looking for a shoulder bag that is not only something special, but also brings life to your wardrobe and extends your wardrobe? Then you should grab our leather bag!<\/p>\n<p><strong>Our leather bags for women are made by hand and specially made for you, this takes about 2 weeks.<\/strong><\/p>\n<p>&nbsp;<\/p>\n<p>&nbsp;<\/p>\n<p>&nbsp;<\/p>\n<div class=\"notranslate\" style=\"all: initial;\"><\/div>\n<div class=\"notranslate\" style=\"all: initial;\"><\/div>\n<div class=\"notranslate\" style=\"all: initial;\"><\/div>\n<div class=\"notranslate\" style=\"all: initial;\"><\/div>\n<div class=\"notranslate\" style=\"all: initial;\"><\/div>\n","protected":false},"excerpt":{"rendered":"<p>Small women shoulder bag made of leather<br \/>\nColor: <strong>Taupe Gray<\/strong><br \/>\nModel small (L 16 x W 18 x H 5 cm)<strong><br \/>\n<\/strong><\/p>\n","protected":false},"featured_media":38692,"comment_status":"open","ping_status":"closed","template":"","meta":[],"product_brand":[],"product_cat":[230],"product_tag":[],"class_list":{"0":"post-65607","1":"product","2":"type-product","3":"status-publish","4":"has-post-thumbnail","6":"product_cat-shoulder-bag-women-leather","8":"first","9":"instock","10":"taxable","11":"shipping-taxable","12":"purchasable","13":"product-type-variable"},"yoast_head":"<!-- This site is optimized with the Yoast SEO plugin v27.4 - https:\/\/yoast.com\/product\/yoast-seo-wordpress\/ -->\n<title>The small shoulder bag women in taupe gray made of real leather<\/title>\n<meta name=\"description\" content=\"This elegant, feminine cut women&#039;s shoulder bag is made of soft leather in taupe gray, it is small and handy. Learn more.\" \/>\n<meta name=\"robots\" content=\"index, follow, max-snippet:-1, max-image-preview:large, max-video-preview:-1\" \/>\n<link rel=\"canonical\" href=\"https:\/\/www.erdiunver.de\/en\/product\/shoulder-bag-women-small-made-of-leather-chic-taupe\/\" \/>\n<meta property=\"og:locale\" content=\"en_US\" \/>\n<meta property=\"og:type\" content=\"article\" \/>\n<meta property=\"og:title\" content=\"The small shoulder bag women in taupe gray made of real leather\" \/>\n<meta property=\"og:description\" content=\"This elegant, feminine cut women&#039;s shoulder bag is made of soft leather in taupe gray, it is small and handy. Learn more.\" \/>\n<meta property=\"og:url\" content=\"https:\/\/www.erdiunver.de\/en\/product\/shoulder-bag-women-small-made-of-leather-chic-taupe\/\" \/>\n<meta property=\"og:site_name\" content=\"Erdi \u00dcnver hochwertige Lederg\u00fcrtel aus echtem Leder f\u00fcr Damen &amp; Herren\" \/>\n<meta property=\"article:modified_time\" content=\"2023-02-06T19:28:58+00:00\" \/>\n<meta property=\"og:image\" content=\"https:\/\/www.erdiunver.de\/wp-content\/uploads\/Umhaengetasche-Damen-Leder-Taupe-Grau-Klein-Buchstabe-A.png\" \/>\n\t<meta property=\"og:image:width\" content=\"1636\" \/>\n\t<meta property=\"og:image:height\" content=\"1091\" \/>\n\t<meta property=\"og:image:type\" content=\"image\/png\" \/>\n<meta name=\"twitter:card\" content=\"summary_large_image\" \/>\n<meta name=\"twitter:label1\" content=\"Est. reading time\" \/>\n\t<meta name=\"twitter:data1\" content=\"1 minute\" \/>\n<script type=\"application\/ld+json\" class=\"yoast-schema-graph\">{\"@context\":\"https:\\\/\\\/schema.org\",\"@graph\":[{\"@type\":\"WebPage\",\"@id\":\"https:\\\/\\\/www.erdiunver.de\\\/en\\\/product\\\/shoulder-bag-women-small-made-of-leather-chic-taupe\\\/\",\"url\":\"https:\\\/\\\/www.erdiunver.de\\\/en\\\/product\\\/shoulder-bag-women-small-made-of-leather-chic-taupe\\\/\",\"name\":\"The small shoulder bag women in taupe gray made of real leather\",\"isPartOf\":{\"@id\":\"https:\\\/\\\/www.erdiunver.de\\\/en\\\/#website\"},\"primaryImageOfPage\":{\"@id\":\"https:\\\/\\\/www.erdiunver.de\\\/en\\\/product\\\/shoulder-bag-women-small-made-of-leather-chic-taupe\\\/#primaryimage\"},\"image\":{\"@id\":\"https:\\\/\\\/www.erdiunver.de\\\/en\\\/product\\\/shoulder-bag-women-small-made-of-leather-chic-taupe\\\/#primaryimage\"},\"thumbnailUrl\":\"https:\\\/\\\/www.erdiunver.de\\\/wp-content\\\/uploads\\\/Umhaengetasche-Damen-Leder-Taupe-Grau-Klein-Buchstabe-A.png\",\"datePublished\":\"2022-01-11T08:16:52+00:00\",\"dateModified\":\"2023-02-06T19:28:58+00:00\",\"description\":\"This elegant, feminine cut women's shoulder bag is made of soft leather in taupe gray, it is small and handy. Learn more.\",\"breadcrumb\":{\"@id\":\"https:\\\/\\\/www.erdiunver.de\\\/en\\\/product\\\/shoulder-bag-women-small-made-of-leather-chic-taupe\\\/#breadcrumb\"},\"inLanguage\":\"en-US\",\"potentialAction\":[{\"@type\":\"ReadAction\",\"target\":[\"https:\\\/\\\/www.erdiunver.de\\\/en\\\/product\\\/shoulder-bag-women-small-made-of-leather-chic-taupe\\\/\"]}]},{\"@type\":\"ImageObject\",\"inLanguage\":\"en-US\",\"@id\":\"https:\\\/\\\/www.erdiunver.de\\\/en\\\/product\\\/shoulder-bag-women-small-made-of-leather-chic-taupe\\\/#primaryimage\",\"url\":\"https:\\\/\\\/www.erdiunver.de\\\/wp-content\\\/uploads\\\/Umhaengetasche-Damen-Leder-Taupe-Grau-Klein-Buchstabe-A.png\",\"contentUrl\":\"https:\\\/\\\/www.erdiunver.de\\\/wp-content\\\/uploads\\\/Umhaengetasche-Damen-Leder-Taupe-Grau-Klein-Buchstabe-A.png\",\"width\":1636,\"height\":1091,\"caption\":\"Very tempting shoulder bag for women made of leather taupe small letter A\"},{\"@type\":\"BreadcrumbList\",\"@id\":\"https:\\\/\\\/www.erdiunver.de\\\/en\\\/product\\\/shoulder-bag-women-small-made-of-leather-chic-taupe\\\/#breadcrumb\",\"itemListElement\":[{\"@type\":\"ListItem\",\"position\":1,\"name\":\"Startseite\",\"item\":\"https:\\\/\\\/www.erdiunver.de\\\/en\\\/\"},{\"@type\":\"ListItem\",\"position\":2,\"name\":\"Shop\",\"item\":\"https:\\\/\\\/www.erdiunver.de\\\/en\\\/shop-2\\\/\"},{\"@type\":\"ListItem\",\"position\":3,\"name\":\"Leather Shoulder Bag in Taupe Gray Small\"}]},{\"@type\":\"WebSite\",\"@id\":\"https:\\\/\\\/www.erdiunver.de\\\/en\\\/#website\",\"url\":\"https:\\\/\\\/www.erdiunver.de\\\/en\\\/\",\"name\":\"Erdi \u00dcnver hochwertige Lederg\u00fcrtel aus echtem Leder f\u00fcr Damen & Herren\",\"description\":\"Wendeg\u00fcrtel Taschen H G\u00fcrtel aus Leder hochwertig und Preiswert\",\"potentialAction\":[{\"@type\":\"SearchAction\",\"target\":{\"@type\":\"EntryPoint\",\"urlTemplate\":\"https:\\\/\\\/www.erdiunver.de\\\/en\\\/?s={search_term_string}\"},\"query-input\":{\"@type\":\"PropertyValueSpecification\",\"valueRequired\":true,\"valueName\":\"search_term_string\"}}],\"inLanguage\":\"en-US\"}]}<\/script>\n<!-- \/ Yoast SEO plugin. -->","yoast_head_json":{"title":"The small shoulder bag women in taupe gray made of real leather","description":"This elegant, feminine cut women's shoulder bag is made of soft leather in taupe gray, it is small and handy. Learn more.","robots":{"index":"index","follow":"follow","max-snippet":"max-snippet:-1","max-image-preview":"max-image-preview:large","max-video-preview":"max-video-preview:-1"},"canonical":"https:\/\/www.erdiunver.de\/en\/product\/shoulder-bag-women-small-made-of-leather-chic-taupe\/","og_locale":"en_US","og_type":"article","og_title":"The small shoulder bag women in taupe gray made of real leather","og_description":"This elegant, feminine cut women's shoulder bag is made of soft leather in taupe gray, it is small and handy. Learn more.","og_url":"https:\/\/www.erdiunver.de\/en\/product\/shoulder-bag-women-small-made-of-leather-chic-taupe\/","og_site_name":"Erdi \u00dcnver hochwertige Lederg\u00fcrtel aus echtem Leder f\u00fcr Damen &amp; Herren","article_modified_time":"2023-02-06T19:28:58+00:00","og_image":[{"width":1636,"height":1091,"url":"https:\/\/www.erdiunver.de\/wp-content\/uploads\/Umhaengetasche-Damen-Leder-Taupe-Grau-Klein-Buchstabe-A.png","type":"image\/png"}],"twitter_card":"summary_large_image","twitter_misc":{"Est. reading time":"1 minute"},"schema":{"@context":"https:\/\/schema.org","@graph":[{"@type":"WebPage","@id":"https:\/\/www.erdiunver.de\/en\/product\/shoulder-bag-women-small-made-of-leather-chic-taupe\/","url":"https:\/\/www.erdiunver.de\/en\/product\/shoulder-bag-women-small-made-of-leather-chic-taupe\/","name":"The small shoulder bag women in taupe gray made of real leather","isPartOf":{"@id":"https:\/\/www.erdiunver.de\/en\/#website"},"primaryImageOfPage":{"@id":"https:\/\/www.erdiunver.de\/en\/product\/shoulder-bag-women-small-made-of-leather-chic-taupe\/#primaryimage"},"image":{"@id":"https:\/\/www.erdiunver.de\/en\/product\/shoulder-bag-women-small-made-of-leather-chic-taupe\/#primaryimage"},"thumbnailUrl":"https:\/\/www.erdiunver.de\/wp-content\/uploads\/Umhaengetasche-Damen-Leder-Taupe-Grau-Klein-Buchstabe-A.png","datePublished":"2022-01-11T08:16:52+00:00","dateModified":"2023-02-06T19:28:58+00:00","description":"This elegant, feminine cut women's shoulder bag is made of soft leather in taupe gray, it is small and handy. Learn more.","breadcrumb":{"@id":"https:\/\/www.erdiunver.de\/en\/product\/shoulder-bag-women-small-made-of-leather-chic-taupe\/#breadcrumb"},"inLanguage":"en-US","potentialAction":[{"@type":"ReadAction","target":["https:\/\/www.erdiunver.de\/en\/product\/shoulder-bag-women-small-made-of-leather-chic-taupe\/"]}]},{"@type":"ImageObject","inLanguage":"en-US","@id":"https:\/\/www.erdiunver.de\/en\/product\/shoulder-bag-women-small-made-of-leather-chic-taupe\/#primaryimage","url":"https:\/\/www.erdiunver.de\/wp-content\/uploads\/Umhaengetasche-Damen-Leder-Taupe-Grau-Klein-Buchstabe-A.png","contentUrl":"https:\/\/www.erdiunver.de\/wp-content\/uploads\/Umhaengetasche-Damen-Leder-Taupe-Grau-Klein-Buchstabe-A.png","width":1636,"height":1091,"caption":"Very tempting shoulder bag for women made of leather taupe small letter A"},{"@type":"BreadcrumbList","@id":"https:\/\/www.erdiunver.de\/en\/product\/shoulder-bag-women-small-made-of-leather-chic-taupe\/#breadcrumb","itemListElement":[{"@type":"ListItem","position":1,"name":"Startseite","item":"https:\/\/www.erdiunver.de\/en\/"},{"@type":"ListItem","position":2,"name":"Shop","item":"https:\/\/www.erdiunver.de\/en\/shop-2\/"},{"@type":"ListItem","position":3,"name":"Leather Shoulder Bag in Taupe Gray Small"}]},{"@type":"WebSite","@id":"https:\/\/www.erdiunver.de\/en\/#website","url":"https:\/\/www.erdiunver.de\/en\/","name":"Erdi \u00dcnver hochwertige Lederg\u00fcrtel aus echtem Leder f\u00fcr Damen & Herren","description":"Wendeg\u00fcrtel Taschen H G\u00fcrtel aus Leder hochwertig und Preiswert","potentialAction":[{"@type":"SearchAction","target":{"@type":"EntryPoint","urlTemplate":"https:\/\/www.erdiunver.de\/en\/?s={search_term_string}"},"query-input":{"@type":"PropertyValueSpecification","valueRequired":true,"valueName":"search_term_string"}}],"inLanguage":"en-US"}]}},"_links":{"self":[{"href":"https:\/\/www.erdiunver.de\/en\/wp-json\/wp\/v2\/product\/65607","targetHints":{"allow":["GET"]}}],"collection":[{"href":"https:\/\/www.erdiunver.de\/en\/wp-json\/wp\/v2\/product"}],"about":[{"href":"https:\/\/www.erdiunver.de\/en\/wp-json\/wp\/v2\/types\/product"}],"replies":[{"embeddable":true,"href":"https:\/\/www.erdiunver.de\/en\/wp-json\/wp\/v2\/comments?post=65607"}],"wp:featuredmedia":[{"embeddable":true,"href":"https:\/\/www.erdiunver.de\/en\/wp-json\/wp\/v2\/media\/38692"}],"wp:attachment":[{"href":"https:\/\/www.erdiunver.de\/en\/wp-json\/wp\/v2\/media?parent=65607"}],"wp:term":[{"taxonomy":"product_brand","embeddable":true,"href":"https:\/\/www.erdiunver.de\/en\/wp-json\/wp\/v2\/product_brand?post=65607"},{"taxonomy":"product_cat","embeddable":true,"href":"https:\/\/www.erdiunver.de\/en\/wp-json\/wp\/v2\/product_cat?post=65607"},{"taxonomy":"product_tag","embeddable":true,"href":"https:\/\/www.erdiunver.de\/en\/wp-json\/wp\/v2\/product_tag?post=65607"}],"curies":[{"name":"wp","href":"https:\/\/api.w.org\/{rel}","templated":true}]}}