{"id":65551,"date":"2021-11-22T09:52:53","date_gmt":"2022-01-11T08:08:53","guid":{"rendered":"https:\/\/www.erdiunver.de\/product\/leather-shoulder-bag-in-red-small-for-women\/"},"modified":"2022-01-11T13:46:51","modified_gmt":"2022-01-11T12:46:51","slug":"shoulder-bag-women-small-made-of-leather-red","status":"publish","type":"product","link":"https:\/\/www.erdiunver.de\/en\/product\/shoulder-bag-women-small-made-of-leather-red\/","title":{"rendered":"Leather Shoulder Bag in Red Small"},"content":{"rendered":"<h1><strong>Leather Shoulder Bag for Women in the<\/strong> <strong>Small Version<\/strong> <strong>in Red<br \/>\n<\/strong><\/h1>\n<p>Our shoulder bag for women is made of soft and delicate leather in the small version, it is the perfect size for everyone who appreciates the stylish, elegant design. The shoulder bag is particularly suitable for a short excursion or just for the office.<\/p>\n<p>Traditionally made leather bag at a decent price, this is how this beautiful leather bag for women was designed by our masters by hand.<\/p>\n<p>Our shoulder bag is a timeless fashion classic that goes with any stylish look. It is elegant and adds a certain touch of luxury to your appearance.<\/p>\n<p>The classic, elegant shoulder bag for women, in the small version, has a main compartment that does not have a zipper.<br \/>\nOur women&#8217;s shoulder bag has a compact outer pocket with a zipper, so that your important things such as cards and keys are always kept safe.<\/p>\n<p>&nbsp;<\/p>\n<h2>The small shoulder bag for women for more attention.<\/h2>\n<p>Our small and practical personalized leather bag with your own initials is a great way to create an unprecedented outfit. With our small leather bag, you will attract everyone&#8217;s attention.<\/p>\n<p>With this practical and small leather bag, you will never go wrong. If you are looking for a small bag that looks elegant but is still sturdy, look no further. Our leather bags are only made from high quality leather, which means that our leather bags are robust, high quality and durable.<\/p>\n<p><span class=\"ILfuVd\"><span class=\"hgKElc\">&#8211; Our little bag that not only looks classy, \u200b\u200bbut is also very practical<\/span><\/span><strong><span class=\"ILfuVd\"><span class=\"hgKElc\">\u2713<\/span><\/span><\/strong><br \/>\n&#8211; A small bag that not only offers a variety of functions, but also a very nice quality possession. <strong><span class=\"ILfuVd\"><span class=\"hgKElc\">\u2713<\/span><\/span><\/strong><br \/>\n&#8211; This little bag that is not only beautiful, but also durable and <span class=\"ILfuVd\"><span class=\"hgKElc\">robust<\/span><\/span><strong><span class=\"ILfuVd\"><span class=\"hgKElc\">\u2713<br \/>\n<\/span> <\/span><\/strong><br \/>\n<strong><span class=\"ILfuVd\"><span class=\"hgKElc\"><br \/>\n<\/span><\/span><\/strong><\/p>\n<p>A leather bag is a must-have for every wardrobe. It can be combined well with any wardrobe.<\/p>\n<p>The practical leather bag for every occasion will convince you now of our shoulder bag for women in the small version!<\/p>\n<p><strong>Our leather shoulder bag is specially made for you, this takes about 2 weeks.<\/strong><\/p>\n<p>&nbsp;<\/p>\n<p>Color: Red<br \/>\nMaterial: Leather<br \/>\nSize: L 16 x W 18 x H 5 cm<\/p>\n<div class=\"notranslate\" style=\"all: initial;\"><\/div>\n<div class=\"notranslate\" style=\"all: initial;\"><\/div>\n<div class=\"notranslate\" style=\"all: initial;\"><\/div>\n<div class=\"notranslate\" style=\"all: initial;\"><\/div>\n","protected":false},"excerpt":{"rendered":"<p>Small women shoulder bag made of leather<br \/>\nColor: Red<br \/>\nModel small (L 16 x W 18 x H 5 cm)<strong><br \/>\n<\/strong><\/p>\n","protected":false},"featured_media":36684,"comment_status":"open","ping_status":"closed","template":"","meta":[],"product_brand":[],"product_cat":[230],"product_tag":[],"class_list":{"0":"post-65551","1":"product","2":"type-product","3":"status-publish","4":"has-post-thumbnail","6":"product_cat-shoulder-bag-women-leather","8":"first","9":"instock","10":"taxable","11":"shipping-taxable","12":"purchasable","13":"product-type-variable"},"yoast_head":"<!-- This site is optimized with the Yoast SEO plugin v27.5 - https:\/\/yoast.com\/product\/yoast-seo-wordpress\/ -->\n<title>Leather Shoulder Bag in Red Small<\/title>\n<meta name=\"description\" content=\"This elegant, feminine cut women&#039;s shoulder bag is made of soft, green leather, it is small and handy. Learn more.\" \/>\n<meta name=\"robots\" content=\"index, follow, max-snippet:-1, max-image-preview:large, max-video-preview:-1\" \/>\n<link rel=\"canonical\" href=\"https:\/\/www.erdiunver.de\/en\/product\/shoulder-bag-women-small-made-of-leather-red\/\" \/>\n<meta property=\"og:locale\" content=\"en_US\" \/>\n<meta property=\"og:type\" content=\"article\" \/>\n<meta property=\"og:title\" content=\"Leather Shoulder Bag in Red Small\" \/>\n<meta property=\"og:description\" content=\"This elegant, feminine cut women&#039;s shoulder bag is made of soft, green leather, it is small and handy. Learn more.\" \/>\n<meta property=\"og:url\" content=\"https:\/\/www.erdiunver.de\/en\/product\/shoulder-bag-women-small-made-of-leather-red\/\" \/>\n<meta property=\"og:site_name\" content=\"Erdi \u00dcnver hochwertige Lederg\u00fcrtel aus echtem Leder f\u00fcr Damen &amp; Herren\" \/>\n<meta property=\"article:modified_time\" content=\"2022-01-11T12:46:51+00:00\" \/>\n<meta property=\"og:image\" content=\"https:\/\/www.erdiunver.de\/wp-content\/uploads\/Umhaengetasche-Damen-Leder-Rot-gross-Buchstabe-A.png\" \/>\n\t<meta property=\"og:image:width\" content=\"1636\" \/>\n\t<meta property=\"og:image:height\" content=\"1091\" \/>\n\t<meta property=\"og:image:type\" content=\"image\/png\" \/>\n<meta name=\"twitter:card\" content=\"summary_large_image\" \/>\n<meta name=\"twitter:label1\" content=\"Est. reading time\" \/>\n\t<meta name=\"twitter:data1\" content=\"2 minutes\" \/>\n<script type=\"application\/ld+json\" class=\"yoast-schema-graph\">{\"@context\":\"https:\\\/\\\/schema.org\",\"@graph\":[{\"@type\":\"WebPage\",\"@id\":\"https:\\\/\\\/www.erdiunver.de\\\/en\\\/product\\\/shoulder-bag-women-small-made-of-leather-red\\\/\",\"url\":\"https:\\\/\\\/www.erdiunver.de\\\/en\\\/product\\\/shoulder-bag-women-small-made-of-leather-red\\\/\",\"name\":\"Leather Shoulder Bag in Red Small\",\"isPartOf\":{\"@id\":\"https:\\\/\\\/www.erdiunver.de\\\/en\\\/#website\"},\"primaryImageOfPage\":{\"@id\":\"https:\\\/\\\/www.erdiunver.de\\\/en\\\/product\\\/shoulder-bag-women-small-made-of-leather-red\\\/#primaryimage\"},\"image\":{\"@id\":\"https:\\\/\\\/www.erdiunver.de\\\/en\\\/product\\\/shoulder-bag-women-small-made-of-leather-red\\\/#primaryimage\"},\"thumbnailUrl\":\"https:\\\/\\\/www.erdiunver.de\\\/wp-content\\\/uploads\\\/Umhaengetasche-Damen-Leder-Rot-gross-Buchstabe-A.png\",\"datePublished\":\"2022-01-11T08:08:53+00:00\",\"dateModified\":\"2022-01-11T12:46:51+00:00\",\"description\":\"This elegant, feminine cut women's shoulder bag is made of soft, green leather, it is small and handy. Learn more.\",\"breadcrumb\":{\"@id\":\"https:\\\/\\\/www.erdiunver.de\\\/en\\\/product\\\/shoulder-bag-women-small-made-of-leather-red\\\/#breadcrumb\"},\"inLanguage\":\"en-US\",\"potentialAction\":[{\"@type\":\"ReadAction\",\"target\":[\"https:\\\/\\\/www.erdiunver.de\\\/en\\\/product\\\/shoulder-bag-women-small-made-of-leather-red\\\/\"]}]},{\"@type\":\"ImageObject\",\"inLanguage\":\"en-US\",\"@id\":\"https:\\\/\\\/www.erdiunver.de\\\/en\\\/product\\\/shoulder-bag-women-small-made-of-leather-red\\\/#primaryimage\",\"url\":\"https:\\\/\\\/www.erdiunver.de\\\/wp-content\\\/uploads\\\/Umhaengetasche-Damen-Leder-Rot-gross-Buchstabe-A.png\",\"contentUrl\":\"https:\\\/\\\/www.erdiunver.de\\\/wp-content\\\/uploads\\\/Umhaengetasche-Damen-Leder-Rot-gross-Buchstabe-A.png\",\"width\":1636,\"height\":1091,\"caption\":\"The aesthetic small shoulder bag women leather red letter A\"},{\"@type\":\"BreadcrumbList\",\"@id\":\"https:\\\/\\\/www.erdiunver.de\\\/en\\\/product\\\/shoulder-bag-women-small-made-of-leather-red\\\/#breadcrumb\",\"itemListElement\":[{\"@type\":\"ListItem\",\"position\":1,\"name\":\"Startseite\",\"item\":\"https:\\\/\\\/www.erdiunver.de\\\/en\\\/\"},{\"@type\":\"ListItem\",\"position\":2,\"name\":\"Shop\",\"item\":\"https:\\\/\\\/www.erdiunver.de\\\/en\\\/shop-2\\\/\"},{\"@type\":\"ListItem\",\"position\":3,\"name\":\"Leather Shoulder Bag in Red Small\"}]},{\"@type\":\"WebSite\",\"@id\":\"https:\\\/\\\/www.erdiunver.de\\\/en\\\/#website\",\"url\":\"https:\\\/\\\/www.erdiunver.de\\\/en\\\/\",\"name\":\"Erdi \u00dcnver hochwertige Lederg\u00fcrtel aus echtem Leder f\u00fcr Damen & Herren\",\"description\":\"Wendeg\u00fcrtel Taschen H G\u00fcrtel aus Leder hochwertig und Preiswert\",\"potentialAction\":[{\"@type\":\"SearchAction\",\"target\":{\"@type\":\"EntryPoint\",\"urlTemplate\":\"https:\\\/\\\/www.erdiunver.de\\\/en\\\/?s={search_term_string}\"},\"query-input\":{\"@type\":\"PropertyValueSpecification\",\"valueRequired\":true,\"valueName\":\"search_term_string\"}}],\"inLanguage\":\"en-US\"}]}<\/script>\n<!-- \/ Yoast SEO plugin. -->","yoast_head_json":{"title":"Leather Shoulder Bag in Red Small","description":"This elegant, feminine cut women's shoulder bag is made of soft, green leather, it is small and handy. Learn more.","robots":{"index":"index","follow":"follow","max-snippet":"max-snippet:-1","max-image-preview":"max-image-preview:large","max-video-preview":"max-video-preview:-1"},"canonical":"https:\/\/www.erdiunver.de\/en\/product\/shoulder-bag-women-small-made-of-leather-red\/","og_locale":"en_US","og_type":"article","og_title":"Leather Shoulder Bag in Red Small","og_description":"This elegant, feminine cut women's shoulder bag is made of soft, green leather, it is small and handy. Learn more.","og_url":"https:\/\/www.erdiunver.de\/en\/product\/shoulder-bag-women-small-made-of-leather-red\/","og_site_name":"Erdi \u00dcnver hochwertige Lederg\u00fcrtel aus echtem Leder f\u00fcr Damen &amp; Herren","article_modified_time":"2022-01-11T12:46:51+00:00","og_image":[{"width":1636,"height":1091,"url":"https:\/\/www.erdiunver.de\/wp-content\/uploads\/Umhaengetasche-Damen-Leder-Rot-gross-Buchstabe-A.png","type":"image\/png"}],"twitter_card":"summary_large_image","twitter_misc":{"Est. reading time":"2 minutes"},"schema":{"@context":"https:\/\/schema.org","@graph":[{"@type":"WebPage","@id":"https:\/\/www.erdiunver.de\/en\/product\/shoulder-bag-women-small-made-of-leather-red\/","url":"https:\/\/www.erdiunver.de\/en\/product\/shoulder-bag-women-small-made-of-leather-red\/","name":"Leather Shoulder Bag in Red Small","isPartOf":{"@id":"https:\/\/www.erdiunver.de\/en\/#website"},"primaryImageOfPage":{"@id":"https:\/\/www.erdiunver.de\/en\/product\/shoulder-bag-women-small-made-of-leather-red\/#primaryimage"},"image":{"@id":"https:\/\/www.erdiunver.de\/en\/product\/shoulder-bag-women-small-made-of-leather-red\/#primaryimage"},"thumbnailUrl":"https:\/\/www.erdiunver.de\/wp-content\/uploads\/Umhaengetasche-Damen-Leder-Rot-gross-Buchstabe-A.png","datePublished":"2022-01-11T08:08:53+00:00","dateModified":"2022-01-11T12:46:51+00:00","description":"This elegant, feminine cut women's shoulder bag is made of soft, green leather, it is small and handy. Learn more.","breadcrumb":{"@id":"https:\/\/www.erdiunver.de\/en\/product\/shoulder-bag-women-small-made-of-leather-red\/#breadcrumb"},"inLanguage":"en-US","potentialAction":[{"@type":"ReadAction","target":["https:\/\/www.erdiunver.de\/en\/product\/shoulder-bag-women-small-made-of-leather-red\/"]}]},{"@type":"ImageObject","inLanguage":"en-US","@id":"https:\/\/www.erdiunver.de\/en\/product\/shoulder-bag-women-small-made-of-leather-red\/#primaryimage","url":"https:\/\/www.erdiunver.de\/wp-content\/uploads\/Umhaengetasche-Damen-Leder-Rot-gross-Buchstabe-A.png","contentUrl":"https:\/\/www.erdiunver.de\/wp-content\/uploads\/Umhaengetasche-Damen-Leder-Rot-gross-Buchstabe-A.png","width":1636,"height":1091,"caption":"The aesthetic small shoulder bag women leather red letter A"},{"@type":"BreadcrumbList","@id":"https:\/\/www.erdiunver.de\/en\/product\/shoulder-bag-women-small-made-of-leather-red\/#breadcrumb","itemListElement":[{"@type":"ListItem","position":1,"name":"Startseite","item":"https:\/\/www.erdiunver.de\/en\/"},{"@type":"ListItem","position":2,"name":"Shop","item":"https:\/\/www.erdiunver.de\/en\/shop-2\/"},{"@type":"ListItem","position":3,"name":"Leather Shoulder Bag in Red Small"}]},{"@type":"WebSite","@id":"https:\/\/www.erdiunver.de\/en\/#website","url":"https:\/\/www.erdiunver.de\/en\/","name":"Erdi \u00dcnver hochwertige Lederg\u00fcrtel aus echtem Leder f\u00fcr Damen & Herren","description":"Wendeg\u00fcrtel Taschen H G\u00fcrtel aus Leder hochwertig und Preiswert","potentialAction":[{"@type":"SearchAction","target":{"@type":"EntryPoint","urlTemplate":"https:\/\/www.erdiunver.de\/en\/?s={search_term_string}"},"query-input":{"@type":"PropertyValueSpecification","valueRequired":true,"valueName":"search_term_string"}}],"inLanguage":"en-US"}]}},"_links":{"self":[{"href":"https:\/\/www.erdiunver.de\/en\/wp-json\/wp\/v2\/product\/65551","targetHints":{"allow":["GET"]}}],"collection":[{"href":"https:\/\/www.erdiunver.de\/en\/wp-json\/wp\/v2\/product"}],"about":[{"href":"https:\/\/www.erdiunver.de\/en\/wp-json\/wp\/v2\/types\/product"}],"replies":[{"embeddable":true,"href":"https:\/\/www.erdiunver.de\/en\/wp-json\/wp\/v2\/comments?post=65551"}],"wp:featuredmedia":[{"embeddable":true,"href":"https:\/\/www.erdiunver.de\/en\/wp-json\/wp\/v2\/media\/36684"}],"wp:attachment":[{"href":"https:\/\/www.erdiunver.de\/en\/wp-json\/wp\/v2\/media?parent=65551"}],"wp:term":[{"taxonomy":"product_brand","embeddable":true,"href":"https:\/\/www.erdiunver.de\/en\/wp-json\/wp\/v2\/product_brand?post=65551"},{"taxonomy":"product_cat","embeddable":true,"href":"https:\/\/www.erdiunver.de\/en\/wp-json\/wp\/v2\/product_cat?post=65551"},{"taxonomy":"product_tag","embeddable":true,"href":"https:\/\/www.erdiunver.de\/en\/wp-json\/wp\/v2\/product_tag?post=65551"}],"curies":[{"name":"wp","href":"https:\/\/api.w.org\/{rel}","templated":true}]}}