{"id":65523,"date":"2021-11-19T09:24:51","date_gmt":"2021-11-19T08:24:51","guid":{"rendered":"https:\/\/www.erdiunver.de\/product\/leather-shoulder-bag-in-light-brown-small-for-women\/"},"modified":"2022-01-11T13:42:08","modified_gmt":"2022-01-11T12:42:08","slug":"shoulder-bag-small-women-made-of-leather-light-brown","status":"publish","type":"product","link":"https:\/\/www.erdiunver.de\/en\/product\/shoulder-bag-small-women-made-of-leather-light-brown\/","title":{"rendered":"Leather Shoulder Bag in Light Brown Small"},"content":{"rendered":"<h1><strong>Small Leather Shoulder Bag for Women <\/strong><strong>in Light Brown <\/strong><\/h1>\n<p>Our shoulder bag for women is made of soft and delicate leather in the small version, it is the perfect size for everyone who appreciates the stylish, elegant design. The shoulder bag is particularly suitable for a short excursion or just for the office.<br \/>\nOur shoulder bag is a timeless classic that goes with every look. It is pleasant and adds a certain touch of luxury to your appearance.<\/p>\n<p>The high quality at a decent price is important to us, so this casual leather bag for women was designed by our masters.<\/p>\n<p>The timeless, elegant shoulder bag for women, in the small version, has a large main compartment that does not have a zipper, but has a snap fastener.<br \/>\nOur women&#8217;s shoulder bag has a small outer pocket with a zipper, so that your important things such as keys and cards are always safe.<\/p>\n<p>&nbsp;<\/p>\n<h2>Our small shoulder bag for women \u2013 attract more attention<\/h2>\n<p>The leather bag makes this possible, a personalized leather bag with your own initials is a great way to create a unique outfit. With this leather bag, you will attract everyone&#8217;s attention. Are you ready for this?<\/p>\n<p>You will never go wrong with this chic and small bag. If you are looking for a practical little bag that looks classy but is still robust, you don&#8217;t need to look any further. Our leather bags are only made of high quality leather, which makes them robust, high quality and durable.<\/p>\n<p>&#8211; A small bag that not only offers various functions, but is also of very good quality. <strong><span class=\"ILfuVd\"><span class=\"hgKElc\">\u2713<\/span><\/span><\/strong><br \/>\n&#8211; The little bag that is not only beautiful, but also robust and durable <strong><span class=\"ILfuVd\"><span class=\"hgKElc\">\u2713<br \/>\n<\/span><\/span><\/strong> <span class=\"ILfuVd\"><span class=\"hgKElc\">&#8211; Our little bag that not only looks beautiful, but is also very practical<\/span><\/span><strong><span class=\"ILfuVd\"><span class=\"hgKElc\">\u2713<\/span><\/span><\/strong><br \/>\n<strong><span class=\"ILfuVd\"><span class=\"hgKElc\"><br \/>\n<\/span><\/span><\/strong><\/p>\n<p>A leather bag is a must-have for every woman. It can be combined well with any wardrobe.<\/p>\n<p>The unique leather bag for every occasion will convince you now of our shoulder bag for women in the small version!<\/p>\n<p><strong>Our leather shoulder bag is specially made for you, this takes about 2 weeks.<\/strong><\/p>\n<p>&nbsp;<\/p>\n<p>Color: Light Brown<br \/>\nMaterial: Leather<br \/>\nSize: L 16 x W 18 x H 5 cm<\/p>\n<div class=\"notranslate\" style=\"all: initial;\"><\/div>\n<div class=\"notranslate\" style=\"all: initial;\"><\/div>\n<div class=\"notranslate\" style=\"all: initial;\"><\/div>\n","protected":false},"excerpt":{"rendered":"<p>Small women shoulder bag made of leather<br \/>\nColor: Light Brown<br \/>\nModel small (L 16 x W 18 x H 5 cm)<strong><br \/>\n<\/strong><\/p>\n","protected":false},"featured_media":36651,"comment_status":"open","ping_status":"closed","template":"","meta":[],"product_brand":[],"product_cat":[230],"product_tag":[],"class_list":{"0":"post-65523","1":"product","2":"type-product","3":"status-publish","4":"has-post-thumbnail","6":"product_cat-shoulder-bag-women-leather","8":"first","9":"instock","10":"taxable","11":"shipping-taxable","12":"purchasable","13":"product-type-variable"},"yoast_head":"<!-- This site is optimized with the Yoast SEO plugin v27.4 - https:\/\/yoast.com\/product\/yoast-seo-wordpress\/ -->\n<title>Leather Shoulder Bag in Light Brown Small<\/title>\n<meta name=\"description\" content=\"This elegant, feminine cut women&#039;s shoulder bag is made of soft, green leather, it is small and handy. Learn more.\" \/>\n<meta name=\"robots\" content=\"index, follow, max-snippet:-1, max-image-preview:large, max-video-preview:-1\" \/>\n<link rel=\"canonical\" href=\"https:\/\/www.erdiunver.de\/en\/product\/shoulder-bag-small-women-made-of-leather-light-brown\/\" \/>\n<meta property=\"og:locale\" content=\"en_US\" \/>\n<meta property=\"og:type\" content=\"article\" \/>\n<meta property=\"og:title\" content=\"Leather Shoulder Bag in Light Brown Small\" \/>\n<meta property=\"og:description\" content=\"This elegant, feminine cut women&#039;s shoulder bag is made of soft, green leather, it is small and handy. Learn more.\" \/>\n<meta property=\"og:url\" content=\"https:\/\/www.erdiunver.de\/en\/product\/shoulder-bag-small-women-made-of-leather-light-brown\/\" \/>\n<meta property=\"og:site_name\" content=\"Erdi \u00dcnver hochwertige Lederg\u00fcrtel aus echtem Leder f\u00fcr Damen &amp; Herren\" \/>\n<meta property=\"article:modified_time\" content=\"2022-01-11T12:42:08+00:00\" \/>\n<meta property=\"og:image\" content=\"https:\/\/www.erdiunver.de\/wp-content\/uploads\/Umhaengetasche-Damen-Leder-Hellbraun-Braun-gross-Buchstabe-A.png\" \/>\n\t<meta property=\"og:image:width\" content=\"1636\" \/>\n\t<meta property=\"og:image:height\" content=\"1091\" \/>\n\t<meta property=\"og:image:type\" content=\"image\/png\" \/>\n<meta name=\"twitter:card\" content=\"summary_large_image\" \/>\n<meta name=\"twitter:label1\" content=\"Est. reading time\" \/>\n\t<meta name=\"twitter:data1\" content=\"2 minutes\" \/>\n<script type=\"application\/ld+json\" class=\"yoast-schema-graph\">{\"@context\":\"https:\\\/\\\/schema.org\",\"@graph\":[{\"@type\":\"WebPage\",\"@id\":\"https:\\\/\\\/www.erdiunver.de\\\/en\\\/product\\\/shoulder-bag-small-women-made-of-leather-light-brown\\\/\",\"url\":\"https:\\\/\\\/www.erdiunver.de\\\/en\\\/product\\\/shoulder-bag-small-women-made-of-leather-light-brown\\\/\",\"name\":\"Leather Shoulder Bag in Light Brown Small\",\"isPartOf\":{\"@id\":\"https:\\\/\\\/www.erdiunver.de\\\/en\\\/#website\"},\"primaryImageOfPage\":{\"@id\":\"https:\\\/\\\/www.erdiunver.de\\\/en\\\/product\\\/shoulder-bag-small-women-made-of-leather-light-brown\\\/#primaryimage\"},\"image\":{\"@id\":\"https:\\\/\\\/www.erdiunver.de\\\/en\\\/product\\\/shoulder-bag-small-women-made-of-leather-light-brown\\\/#primaryimage\"},\"thumbnailUrl\":\"https:\\\/\\\/www.erdiunver.de\\\/wp-content\\\/uploads\\\/Umhaengetasche-Damen-Leder-Hellbraun-Braun-gross-Buchstabe-A.png\",\"datePublished\":\"2021-11-19T08:24:51+00:00\",\"dateModified\":\"2022-01-11T12:42:08+00:00\",\"description\":\"This elegant, feminine cut women's shoulder bag is made of soft, green leather, it is small and handy. Learn more.\",\"breadcrumb\":{\"@id\":\"https:\\\/\\\/www.erdiunver.de\\\/en\\\/product\\\/shoulder-bag-small-women-made-of-leather-light-brown\\\/#breadcrumb\"},\"inLanguage\":\"en-US\",\"potentialAction\":[{\"@type\":\"ReadAction\",\"target\":[\"https:\\\/\\\/www.erdiunver.de\\\/en\\\/product\\\/shoulder-bag-small-women-made-of-leather-light-brown\\\/\"]}]},{\"@type\":\"ImageObject\",\"inLanguage\":\"en-US\",\"@id\":\"https:\\\/\\\/www.erdiunver.de\\\/en\\\/product\\\/shoulder-bag-small-women-made-of-leather-light-brown\\\/#primaryimage\",\"url\":\"https:\\\/\\\/www.erdiunver.de\\\/wp-content\\\/uploads\\\/Umhaengetasche-Damen-Leder-Hellbraun-Braun-gross-Buchstabe-A.png\",\"contentUrl\":\"https:\\\/\\\/www.erdiunver.de\\\/wp-content\\\/uploads\\\/Umhaengetasche-Damen-Leder-Hellbraun-Braun-gross-Buchstabe-A.png\",\"width\":1636,\"height\":1091,\"caption\":\"Woman shoulder bag leather small light brown brown letter A\"},{\"@type\":\"BreadcrumbList\",\"@id\":\"https:\\\/\\\/www.erdiunver.de\\\/en\\\/product\\\/shoulder-bag-small-women-made-of-leather-light-brown\\\/#breadcrumb\",\"itemListElement\":[{\"@type\":\"ListItem\",\"position\":1,\"name\":\"Startseite\",\"item\":\"https:\\\/\\\/www.erdiunver.de\\\/en\\\/\"},{\"@type\":\"ListItem\",\"position\":2,\"name\":\"Shop\",\"item\":\"https:\\\/\\\/www.erdiunver.de\\\/en\\\/shop-2\\\/\"},{\"@type\":\"ListItem\",\"position\":3,\"name\":\"Leather Shoulder Bag in Light Brown Small\"}]},{\"@type\":\"WebSite\",\"@id\":\"https:\\\/\\\/www.erdiunver.de\\\/en\\\/#website\",\"url\":\"https:\\\/\\\/www.erdiunver.de\\\/en\\\/\",\"name\":\"Erdi \u00dcnver hochwertige Lederg\u00fcrtel aus echtem Leder f\u00fcr Damen & Herren\",\"description\":\"Wendeg\u00fcrtel Taschen H G\u00fcrtel aus Leder hochwertig und Preiswert\",\"potentialAction\":[{\"@type\":\"SearchAction\",\"target\":{\"@type\":\"EntryPoint\",\"urlTemplate\":\"https:\\\/\\\/www.erdiunver.de\\\/en\\\/?s={search_term_string}\"},\"query-input\":{\"@type\":\"PropertyValueSpecification\",\"valueRequired\":true,\"valueName\":\"search_term_string\"}}],\"inLanguage\":\"en-US\"}]}<\/script>\n<!-- \/ Yoast SEO plugin. -->","yoast_head_json":{"title":"Leather Shoulder Bag in Light Brown Small","description":"This elegant, feminine cut women's shoulder bag is made of soft, green leather, it is small and handy. Learn more.","robots":{"index":"index","follow":"follow","max-snippet":"max-snippet:-1","max-image-preview":"max-image-preview:large","max-video-preview":"max-video-preview:-1"},"canonical":"https:\/\/www.erdiunver.de\/en\/product\/shoulder-bag-small-women-made-of-leather-light-brown\/","og_locale":"en_US","og_type":"article","og_title":"Leather Shoulder Bag in Light Brown Small","og_description":"This elegant, feminine cut women's shoulder bag is made of soft, green leather, it is small and handy. Learn more.","og_url":"https:\/\/www.erdiunver.de\/en\/product\/shoulder-bag-small-women-made-of-leather-light-brown\/","og_site_name":"Erdi \u00dcnver hochwertige Lederg\u00fcrtel aus echtem Leder f\u00fcr Damen &amp; Herren","article_modified_time":"2022-01-11T12:42:08+00:00","og_image":[{"width":1636,"height":1091,"url":"https:\/\/www.erdiunver.de\/wp-content\/uploads\/Umhaengetasche-Damen-Leder-Hellbraun-Braun-gross-Buchstabe-A.png","type":"image\/png"}],"twitter_card":"summary_large_image","twitter_misc":{"Est. reading time":"2 minutes"},"schema":{"@context":"https:\/\/schema.org","@graph":[{"@type":"WebPage","@id":"https:\/\/www.erdiunver.de\/en\/product\/shoulder-bag-small-women-made-of-leather-light-brown\/","url":"https:\/\/www.erdiunver.de\/en\/product\/shoulder-bag-small-women-made-of-leather-light-brown\/","name":"Leather Shoulder Bag in Light Brown Small","isPartOf":{"@id":"https:\/\/www.erdiunver.de\/en\/#website"},"primaryImageOfPage":{"@id":"https:\/\/www.erdiunver.de\/en\/product\/shoulder-bag-small-women-made-of-leather-light-brown\/#primaryimage"},"image":{"@id":"https:\/\/www.erdiunver.de\/en\/product\/shoulder-bag-small-women-made-of-leather-light-brown\/#primaryimage"},"thumbnailUrl":"https:\/\/www.erdiunver.de\/wp-content\/uploads\/Umhaengetasche-Damen-Leder-Hellbraun-Braun-gross-Buchstabe-A.png","datePublished":"2021-11-19T08:24:51+00:00","dateModified":"2022-01-11T12:42:08+00:00","description":"This elegant, feminine cut women's shoulder bag is made of soft, green leather, it is small and handy. Learn more.","breadcrumb":{"@id":"https:\/\/www.erdiunver.de\/en\/product\/shoulder-bag-small-women-made-of-leather-light-brown\/#breadcrumb"},"inLanguage":"en-US","potentialAction":[{"@type":"ReadAction","target":["https:\/\/www.erdiunver.de\/en\/product\/shoulder-bag-small-women-made-of-leather-light-brown\/"]}]},{"@type":"ImageObject","inLanguage":"en-US","@id":"https:\/\/www.erdiunver.de\/en\/product\/shoulder-bag-small-women-made-of-leather-light-brown\/#primaryimage","url":"https:\/\/www.erdiunver.de\/wp-content\/uploads\/Umhaengetasche-Damen-Leder-Hellbraun-Braun-gross-Buchstabe-A.png","contentUrl":"https:\/\/www.erdiunver.de\/wp-content\/uploads\/Umhaengetasche-Damen-Leder-Hellbraun-Braun-gross-Buchstabe-A.png","width":1636,"height":1091,"caption":"Woman shoulder bag leather small light brown brown letter A"},{"@type":"BreadcrumbList","@id":"https:\/\/www.erdiunver.de\/en\/product\/shoulder-bag-small-women-made-of-leather-light-brown\/#breadcrumb","itemListElement":[{"@type":"ListItem","position":1,"name":"Startseite","item":"https:\/\/www.erdiunver.de\/en\/"},{"@type":"ListItem","position":2,"name":"Shop","item":"https:\/\/www.erdiunver.de\/en\/shop-2\/"},{"@type":"ListItem","position":3,"name":"Leather Shoulder Bag in Light Brown Small"}]},{"@type":"WebSite","@id":"https:\/\/www.erdiunver.de\/en\/#website","url":"https:\/\/www.erdiunver.de\/en\/","name":"Erdi \u00dcnver hochwertige Lederg\u00fcrtel aus echtem Leder f\u00fcr Damen & Herren","description":"Wendeg\u00fcrtel Taschen H G\u00fcrtel aus Leder hochwertig und Preiswert","potentialAction":[{"@type":"SearchAction","target":{"@type":"EntryPoint","urlTemplate":"https:\/\/www.erdiunver.de\/en\/?s={search_term_string}"},"query-input":{"@type":"PropertyValueSpecification","valueRequired":true,"valueName":"search_term_string"}}],"inLanguage":"en-US"}]}},"_links":{"self":[{"href":"https:\/\/www.erdiunver.de\/en\/wp-json\/wp\/v2\/product\/65523","targetHints":{"allow":["GET"]}}],"collection":[{"href":"https:\/\/www.erdiunver.de\/en\/wp-json\/wp\/v2\/product"}],"about":[{"href":"https:\/\/www.erdiunver.de\/en\/wp-json\/wp\/v2\/types\/product"}],"replies":[{"embeddable":true,"href":"https:\/\/www.erdiunver.de\/en\/wp-json\/wp\/v2\/comments?post=65523"}],"wp:featuredmedia":[{"embeddable":true,"href":"https:\/\/www.erdiunver.de\/en\/wp-json\/wp\/v2\/media\/36651"}],"wp:attachment":[{"href":"https:\/\/www.erdiunver.de\/en\/wp-json\/wp\/v2\/media?parent=65523"}],"wp:term":[{"taxonomy":"product_brand","embeddable":true,"href":"https:\/\/www.erdiunver.de\/en\/wp-json\/wp\/v2\/product_brand?post=65523"},{"taxonomy":"product_cat","embeddable":true,"href":"https:\/\/www.erdiunver.de\/en\/wp-json\/wp\/v2\/product_cat?post=65523"},{"taxonomy":"product_tag","embeddable":true,"href":"https:\/\/www.erdiunver.de\/en\/wp-json\/wp\/v2\/product_tag?post=65523"}],"curies":[{"name":"wp","href":"https:\/\/api.w.org\/{rel}","templated":true}]}}