{"id":65440,"date":"2021-11-18T11:43:40","date_gmt":"2022-01-10T15:19:25","guid":{"rendered":"https:\/\/www.erdiunver.de\/product\/shoulder-bag-women-small-made-of-leather-gray\/"},"modified":"2022-01-11T13:27:44","modified_gmt":"2022-01-11T12:27:44","slug":"shoulder-bag-women-small-made-of-leather-gray","status":"publish","type":"product","link":"https:\/\/www.erdiunver.de\/en\/product\/shoulder-bag-women-small-made-of-leather-gray\/","title":{"rendered":"Leather Shoulder Bag in Gray Small"},"content":{"rendered":"<h1><strong>Small Leather Shoulder Bag for Women <\/strong><strong>in Gray<br \/>\n<\/strong><\/h1>\n<p>The delicate and soft leather shoulder bag for women in the small version is the perfect size for everyone who appreciates the modern, elegant design. The leather bag is particularly suitable for a short trip or for the office.<br \/>\nThe shoulder bag is a classic that goes with every outfit. It is comfortable and adds a certain mystery to your look, with a touch of luxury.<\/p>\n<p>This casual shoulder bag for women was developed by our experts to be of high quality at a decent price.<\/p>\n<p>The noble shoulder bag for women, in the small version, has a large main compartment without a zipper, but a leather push button in the middle<br \/>\nOur women&#8217;s shoulder bag has a small outside pocket with a zipper, so that your important things such as keys are always safe.<\/p>\n<p>&nbsp;<\/p>\n<h2>The small shoulder bag for women \u2013 attract more attention<\/h2>\n<p>Our leather bag makes this possible, a personalized bag with your initials is a great way to create a unique outfit. Your shoulder bag will attract everyone&#8217;s attention. Are you ready to be a part of it?<\/p>\n<p>You will never go wrong with this bag. If you are looking for a practical bag that looks classy but is still robust, you don&#8217;t need to look any further. Our leather bags are made of high quality leather, which makes them robust and high quality.<\/p>\n<p>&#8211; The little bag that not only offers various functions but is also of good quality. <strong><span class=\"ILfuVd\"><span class=\"hgKElc\">\u2713<\/span><\/span><\/strong><br \/>\n&#8211; Our little bag that is not only beautiful, but also robust<strong><span class=\"ILfuVd\"><span class=\"hgKElc\">\u2713<br \/>\n<\/span><\/span><\/strong><span class=\"ILfuVd\"><span class=\"hgKElc\">-This little bag that not only looks good, but is also practical<\/span><\/span><span class=\"ILfuVd\"><span class=\"hgKElc\">\u2713<\/span><\/span><br \/>\n<strong><span class=\"ILfuVd\"><span class=\"hgKElc\"><br \/>\n<\/span><\/span><\/strong><\/p>\n<p>A leather bag is an absolute must-have for every lady. It can be combined with almost any wardrobe.<\/p>\n<p>The perfect bag for every occasion, convince yourself now!<\/p>\n<p><strong>Our leather shoulder bag is specially made for you, this takes 2 weeks.<\/strong><\/p>\n<p>&nbsp;<\/p>\n<p>Color: Gray<br \/>\nMaterial: Leather<br \/>\nSize: L 16 x W 18 x H 5 cm<\/p>\n<div class=\"notranslate\" style=\"all: initial;\"><\/div>\n<div class=\"notranslate\" style=\"all: initial;\"><\/div>\n<div class=\"notranslate\" style=\"all: initial;\"><\/div>\n","protected":false},"excerpt":{"rendered":"<p>Small shoulder bag for women made of leather<br \/>\nColor: Gray<br \/>\nModel small (L 16 x W 18 x H 5 cm)<strong><br \/>\n<\/strong><\/p>\n","protected":false},"featured_media":36609,"comment_status":"open","ping_status":"closed","template":"","meta":[],"product_brand":[],"product_cat":[230],"product_tag":[],"class_list":{"0":"post-65440","1":"product","2":"type-product","3":"status-publish","4":"has-post-thumbnail","6":"product_cat-shoulder-bag-women-leather","8":"first","9":"instock","10":"taxable","11":"shipping-taxable","12":"purchasable","13":"product-type-variable"},"yoast_head":"<!-- This site is optimized with the Yoast SEO plugin v27.4 - https:\/\/yoast.com\/product\/yoast-seo-wordpress\/ -->\n<title>Leather Shoulder Bag in Gray Small<\/title>\n<meta name=\"description\" content=\"This elegant, feminine cut women&#039;s shoulder bag is made of soft, gray leather, it is small and handy. Learn more.\" \/>\n<meta name=\"robots\" content=\"index, follow, max-snippet:-1, max-image-preview:large, max-video-preview:-1\" \/>\n<link rel=\"canonical\" href=\"https:\/\/www.erdiunver.de\/en\/product\/shoulder-bag-women-small-made-of-leather-gray\/\" \/>\n<meta property=\"og:locale\" content=\"en_US\" \/>\n<meta property=\"og:type\" content=\"article\" \/>\n<meta property=\"og:title\" content=\"Leather Shoulder Bag in Gray Small\" \/>\n<meta property=\"og:description\" content=\"This elegant, feminine cut women&#039;s shoulder bag is made of soft, gray leather, it is small and handy. Learn more.\" \/>\n<meta property=\"og:url\" content=\"https:\/\/www.erdiunver.de\/en\/product\/shoulder-bag-women-small-made-of-leather-gray\/\" \/>\n<meta property=\"og:site_name\" content=\"Erdi \u00dcnver hochwertige Lederg\u00fcrtel aus echtem Leder f\u00fcr Damen &amp; Herren\" \/>\n<meta property=\"article:modified_time\" content=\"2022-01-11T12:27:44+00:00\" \/>\n<meta property=\"og:image\" content=\"https:\/\/www.erdiunver.de\/wp-content\/uploads\/Umhaengetasche-Damen-Leder-Grau-gross-Buchstabe-A.png\" \/>\n\t<meta property=\"og:image:width\" content=\"1636\" \/>\n\t<meta property=\"og:image:height\" content=\"1091\" \/>\n\t<meta property=\"og:image:type\" content=\"image\/png\" \/>\n<meta name=\"twitter:card\" content=\"summary_large_image\" \/>\n<meta name=\"twitter:label1\" content=\"Est. reading time\" \/>\n\t<meta name=\"twitter:data1\" content=\"2 minutes\" \/>\n<script type=\"application\/ld+json\" class=\"yoast-schema-graph\">{\"@context\":\"https:\\\/\\\/schema.org\",\"@graph\":[{\"@type\":\"WebPage\",\"@id\":\"https:\\\/\\\/www.erdiunver.de\\\/en\\\/product\\\/shoulder-bag-women-small-made-of-leather-gray\\\/\",\"url\":\"https:\\\/\\\/www.erdiunver.de\\\/en\\\/product\\\/shoulder-bag-women-small-made-of-leather-gray\\\/\",\"name\":\"Leather Shoulder Bag in Gray Small\",\"isPartOf\":{\"@id\":\"https:\\\/\\\/www.erdiunver.de\\\/en\\\/#website\"},\"primaryImageOfPage\":{\"@id\":\"https:\\\/\\\/www.erdiunver.de\\\/en\\\/product\\\/shoulder-bag-women-small-made-of-leather-gray\\\/#primaryimage\"},\"image\":{\"@id\":\"https:\\\/\\\/www.erdiunver.de\\\/en\\\/product\\\/shoulder-bag-women-small-made-of-leather-gray\\\/#primaryimage\"},\"thumbnailUrl\":\"https:\\\/\\\/www.erdiunver.de\\\/wp-content\\\/uploads\\\/Umhaengetasche-Damen-Leder-Grau-gross-Buchstabe-A.png\",\"datePublished\":\"2022-01-10T15:19:25+00:00\",\"dateModified\":\"2022-01-11T12:27:44+00:00\",\"description\":\"This elegant, feminine cut women's shoulder bag is made of soft, gray leather, it is small and handy. Learn more.\",\"breadcrumb\":{\"@id\":\"https:\\\/\\\/www.erdiunver.de\\\/en\\\/product\\\/shoulder-bag-women-small-made-of-leather-gray\\\/#breadcrumb\"},\"inLanguage\":\"en-US\",\"potentialAction\":[{\"@type\":\"ReadAction\",\"target\":[\"https:\\\/\\\/www.erdiunver.de\\\/en\\\/product\\\/shoulder-bag-women-small-made-of-leather-gray\\\/\"]}]},{\"@type\":\"ImageObject\",\"inLanguage\":\"en-US\",\"@id\":\"https:\\\/\\\/www.erdiunver.de\\\/en\\\/product\\\/shoulder-bag-women-small-made-of-leather-gray\\\/#primaryimage\",\"url\":\"https:\\\/\\\/www.erdiunver.de\\\/wp-content\\\/uploads\\\/Umhaengetasche-Damen-Leder-Grau-gross-Buchstabe-A.png\",\"contentUrl\":\"https:\\\/\\\/www.erdiunver.de\\\/wp-content\\\/uploads\\\/Umhaengetasche-Damen-Leder-Grau-gross-Buchstabe-A.png\",\"width\":1636,\"height\":1091,\"caption\":\"Shoulder bag women leather gray small letter a\"},{\"@type\":\"BreadcrumbList\",\"@id\":\"https:\\\/\\\/www.erdiunver.de\\\/en\\\/product\\\/shoulder-bag-women-small-made-of-leather-gray\\\/#breadcrumb\",\"itemListElement\":[{\"@type\":\"ListItem\",\"position\":1,\"name\":\"Startseite\",\"item\":\"https:\\\/\\\/www.erdiunver.de\\\/en\\\/\"},{\"@type\":\"ListItem\",\"position\":2,\"name\":\"Shop\",\"item\":\"https:\\\/\\\/www.erdiunver.de\\\/en\\\/shop-2\\\/\"},{\"@type\":\"ListItem\",\"position\":3,\"name\":\"Leather Shoulder Bag in Gray Small\"}]},{\"@type\":\"WebSite\",\"@id\":\"https:\\\/\\\/www.erdiunver.de\\\/en\\\/#website\",\"url\":\"https:\\\/\\\/www.erdiunver.de\\\/en\\\/\",\"name\":\"Erdi \u00dcnver hochwertige Lederg\u00fcrtel aus echtem Leder f\u00fcr Damen & Herren\",\"description\":\"Wendeg\u00fcrtel Taschen H G\u00fcrtel aus Leder hochwertig und Preiswert\",\"potentialAction\":[{\"@type\":\"SearchAction\",\"target\":{\"@type\":\"EntryPoint\",\"urlTemplate\":\"https:\\\/\\\/www.erdiunver.de\\\/en\\\/?s={search_term_string}\"},\"query-input\":{\"@type\":\"PropertyValueSpecification\",\"valueRequired\":true,\"valueName\":\"search_term_string\"}}],\"inLanguage\":\"en-US\"}]}<\/script>\n<!-- \/ Yoast SEO plugin. -->","yoast_head_json":{"title":"Leather Shoulder Bag in Gray Small","description":"This elegant, feminine cut women's shoulder bag is made of soft, gray leather, it is small and handy. Learn more.","robots":{"index":"index","follow":"follow","max-snippet":"max-snippet:-1","max-image-preview":"max-image-preview:large","max-video-preview":"max-video-preview:-1"},"canonical":"https:\/\/www.erdiunver.de\/en\/product\/shoulder-bag-women-small-made-of-leather-gray\/","og_locale":"en_US","og_type":"article","og_title":"Leather Shoulder Bag in Gray Small","og_description":"This elegant, feminine cut women's shoulder bag is made of soft, gray leather, it is small and handy. Learn more.","og_url":"https:\/\/www.erdiunver.de\/en\/product\/shoulder-bag-women-small-made-of-leather-gray\/","og_site_name":"Erdi \u00dcnver hochwertige Lederg\u00fcrtel aus echtem Leder f\u00fcr Damen &amp; Herren","article_modified_time":"2022-01-11T12:27:44+00:00","og_image":[{"width":1636,"height":1091,"url":"https:\/\/www.erdiunver.de\/wp-content\/uploads\/Umhaengetasche-Damen-Leder-Grau-gross-Buchstabe-A.png","type":"image\/png"}],"twitter_card":"summary_large_image","twitter_misc":{"Est. reading time":"2 minutes"},"schema":{"@context":"https:\/\/schema.org","@graph":[{"@type":"WebPage","@id":"https:\/\/www.erdiunver.de\/en\/product\/shoulder-bag-women-small-made-of-leather-gray\/","url":"https:\/\/www.erdiunver.de\/en\/product\/shoulder-bag-women-small-made-of-leather-gray\/","name":"Leather Shoulder Bag in Gray Small","isPartOf":{"@id":"https:\/\/www.erdiunver.de\/en\/#website"},"primaryImageOfPage":{"@id":"https:\/\/www.erdiunver.de\/en\/product\/shoulder-bag-women-small-made-of-leather-gray\/#primaryimage"},"image":{"@id":"https:\/\/www.erdiunver.de\/en\/product\/shoulder-bag-women-small-made-of-leather-gray\/#primaryimage"},"thumbnailUrl":"https:\/\/www.erdiunver.de\/wp-content\/uploads\/Umhaengetasche-Damen-Leder-Grau-gross-Buchstabe-A.png","datePublished":"2022-01-10T15:19:25+00:00","dateModified":"2022-01-11T12:27:44+00:00","description":"This elegant, feminine cut women's shoulder bag is made of soft, gray leather, it is small and handy. Learn more.","breadcrumb":{"@id":"https:\/\/www.erdiunver.de\/en\/product\/shoulder-bag-women-small-made-of-leather-gray\/#breadcrumb"},"inLanguage":"en-US","potentialAction":[{"@type":"ReadAction","target":["https:\/\/www.erdiunver.de\/en\/product\/shoulder-bag-women-small-made-of-leather-gray\/"]}]},{"@type":"ImageObject","inLanguage":"en-US","@id":"https:\/\/www.erdiunver.de\/en\/product\/shoulder-bag-women-small-made-of-leather-gray\/#primaryimage","url":"https:\/\/www.erdiunver.de\/wp-content\/uploads\/Umhaengetasche-Damen-Leder-Grau-gross-Buchstabe-A.png","contentUrl":"https:\/\/www.erdiunver.de\/wp-content\/uploads\/Umhaengetasche-Damen-Leder-Grau-gross-Buchstabe-A.png","width":1636,"height":1091,"caption":"Shoulder bag women leather gray small letter a"},{"@type":"BreadcrumbList","@id":"https:\/\/www.erdiunver.de\/en\/product\/shoulder-bag-women-small-made-of-leather-gray\/#breadcrumb","itemListElement":[{"@type":"ListItem","position":1,"name":"Startseite","item":"https:\/\/www.erdiunver.de\/en\/"},{"@type":"ListItem","position":2,"name":"Shop","item":"https:\/\/www.erdiunver.de\/en\/shop-2\/"},{"@type":"ListItem","position":3,"name":"Leather Shoulder Bag in Gray Small"}]},{"@type":"WebSite","@id":"https:\/\/www.erdiunver.de\/en\/#website","url":"https:\/\/www.erdiunver.de\/en\/","name":"Erdi \u00dcnver hochwertige Lederg\u00fcrtel aus echtem Leder f\u00fcr Damen & Herren","description":"Wendeg\u00fcrtel Taschen H G\u00fcrtel aus Leder hochwertig und Preiswert","potentialAction":[{"@type":"SearchAction","target":{"@type":"EntryPoint","urlTemplate":"https:\/\/www.erdiunver.de\/en\/?s={search_term_string}"},"query-input":{"@type":"PropertyValueSpecification","valueRequired":true,"valueName":"search_term_string"}}],"inLanguage":"en-US"}]}},"_links":{"self":[{"href":"https:\/\/www.erdiunver.de\/en\/wp-json\/wp\/v2\/product\/65440","targetHints":{"allow":["GET"]}}],"collection":[{"href":"https:\/\/www.erdiunver.de\/en\/wp-json\/wp\/v2\/product"}],"about":[{"href":"https:\/\/www.erdiunver.de\/en\/wp-json\/wp\/v2\/types\/product"}],"replies":[{"embeddable":true,"href":"https:\/\/www.erdiunver.de\/en\/wp-json\/wp\/v2\/comments?post=65440"}],"wp:featuredmedia":[{"embeddable":true,"href":"https:\/\/www.erdiunver.de\/en\/wp-json\/wp\/v2\/media\/36609"}],"wp:attachment":[{"href":"https:\/\/www.erdiunver.de\/en\/wp-json\/wp\/v2\/media?parent=65440"}],"wp:term":[{"taxonomy":"product_brand","embeddable":true,"href":"https:\/\/www.erdiunver.de\/en\/wp-json\/wp\/v2\/product_brand?post=65440"},{"taxonomy":"product_cat","embeddable":true,"href":"https:\/\/www.erdiunver.de\/en\/wp-json\/wp\/v2\/product_cat?post=65440"},{"taxonomy":"product_tag","embeddable":true,"href":"https:\/\/www.erdiunver.de\/en\/wp-json\/wp\/v2\/product_tag?post=65440"}],"curies":[{"name":"wp","href":"https:\/\/api.w.org\/{rel}","templated":true}]}}