{"id":65353,"date":"2021-11-16T15:03:39","date_gmt":"2022-01-10T14:31:07","guid":{"rendered":"https:\/\/www.erdiunver.de\/product\/small-shoulder-bag-for-women-made-of-leather-dark-blue\/"},"modified":"2022-01-11T13:26:49","modified_gmt":"2022-01-11T12:26:49","slug":"small-shoulder-bag-for-women-made-of-leather-dark-brown","status":"publish","type":"product","link":"https:\/\/www.erdiunver.de\/en\/product\/small-shoulder-bag-for-women-made-of-leather-dark-brown\/","title":{"rendered":"Leather Shoulder Bag in Dark Brown Small"},"content":{"rendered":"<h1><strong>Small Leather S<\/strong><strong>houlder Bag for W<\/strong><strong>omen <\/strong><strong>in Dark Brown<br \/>\n<\/strong><\/h1>\n<p>Are you looking for a nifty and useful shoulder bag? Our small shoulder bag for women is sure to be one of the two things you want. Our leather bag is the latest in style, blending today&#8217;s styles with tomorrow&#8217;s styles.<\/p>\n<p>Our handcrafted small shoulder bag for women in dark blue is a handcrafted masterpiece. The small shoulder bag for women is created by hand from the combination of traditional craft methods with innovative production techniques.<\/p>\n<p>The small shoulder bag for women in the color brown is therefore the ideal bag for every lady.<\/p>\n<p>Are you looking for a bag that is timeless, good and inexpensive? No problem \u2013 we have just the thing. The perfect bag for women that fits all occasions. The bag has a large main pocket and an outside pocket with a zipper, and a shoulder strap that is adjustable in length.<\/p>\n<p>This small shoulder bag for women in the color dark brown \/ brown is the perfect companion for your daily activities. Our leather bag is small enough not to take up too much space, but big enough to store everything you need. The outer pocket with zipper is ideal for a smartphone as well as keys and wallet.<\/p>\n<h2>The best smallest shoulder bag for women<\/h2>\n<p>This handmade small leather bag for women sets new standards in terms of class and sophistication. The small leather bag is provided with a side pocket, with a zipper and a detachable shoulder strap, which allow you to carry the leather bag as you wish.<\/p>\n<p>We only use the best leather for our high quality leather bags, our leather masters work by hand to ensure the best and most beautiful quality in order to design the perfect leather bag for you.<\/p>\n<p>&nbsp;<\/p>\n<p>&nbsp;<\/p>\n<p><strong>Our leather shoulder bag is specially made for you, this takes 2 weeks.<\/strong><\/p>\n<p>&nbsp;<\/p>\n<p>Color: Dark Brown \/ Brown<br \/>\nMaterial: Leather<br \/>\nSize: L 16 x W 18 x H 5 cm<\/p>\n<div class=\"notranslate\" style=\"all: initial;\"><\/div>\n<div class=\"notranslate\" style=\"all: initial;\"><\/div>\n<div class=\"notranslate\" style=\"all: initial;\"><\/div>\n","protected":false},"excerpt":{"rendered":"<p>Small shoulder bag for women made of leather<br \/>\nColor: Dark brown \/ brown<br \/>\nModel small (L 16 x W 18 x H 5 cm)<strong><br \/>\n<\/strong><\/p>\n","protected":false},"featured_media":36533,"comment_status":"open","ping_status":"closed","template":"","meta":[],"product_brand":[],"product_cat":[230],"product_tag":[],"class_list":{"0":"post-65353","1":"product","2":"type-product","3":"status-publish","4":"has-post-thumbnail","6":"product_cat-shoulder-bag-women-leather","8":"first","9":"instock","10":"taxable","11":"shipping-taxable","12":"purchasable","13":"product-type-variable"},"yoast_head":"<!-- This site is optimized with the Yoast SEO plugin v27.5 - https:\/\/yoast.com\/product\/yoast-seo-wordpress\/ -->\n<title>Small Leather Shoulder Bag in Brown with Letter<\/title>\n<meta name=\"description\" content=\"This elegant, feminine cut women&#039;s shoulder bag is made of soft, leather in cognac, it is small and handy. learn more\" \/>\n<meta name=\"robots\" content=\"index, follow, max-snippet:-1, max-image-preview:large, max-video-preview:-1\" \/>\n<link rel=\"canonical\" href=\"https:\/\/www.erdiunver.de\/en\/product\/small-shoulder-bag-for-women-made-of-leather-dark-brown\/\" \/>\n<meta property=\"og:locale\" content=\"en_US\" \/>\n<meta property=\"og:type\" content=\"article\" \/>\n<meta property=\"og:title\" content=\"Small Leather Shoulder Bag in Brown with Letter\" \/>\n<meta property=\"og:description\" content=\"This elegant, feminine cut women&#039;s shoulder bag is made of soft, leather in cognac, it is small and handy. learn more\" \/>\n<meta property=\"og:url\" content=\"https:\/\/www.erdiunver.de\/en\/product\/small-shoulder-bag-for-women-made-of-leather-dark-brown\/\" \/>\n<meta property=\"og:site_name\" content=\"Erdi \u00dcnver hochwertige Lederg\u00fcrtel aus echtem Leder f\u00fcr Damen &amp; Herren\" \/>\n<meta property=\"article:modified_time\" content=\"2022-01-11T12:26:49+00:00\" \/>\n<meta property=\"og:image\" content=\"https:\/\/www.erdiunver.de\/wp-content\/uploads\/Umhaengetasche-Damen-Leder-Dunkelbraun-Braun-gross-Buchstabe-A.png\" \/>\n\t<meta property=\"og:image:width\" content=\"1636\" \/>\n\t<meta property=\"og:image:height\" content=\"1091\" \/>\n\t<meta property=\"og:image:type\" content=\"image\/png\" \/>\n<meta name=\"twitter:card\" content=\"summary_large_image\" \/>\n<meta name=\"twitter:label1\" content=\"Est. reading time\" \/>\n\t<meta name=\"twitter:data1\" content=\"2 minutes\" \/>\n<script type=\"application\/ld+json\" class=\"yoast-schema-graph\">{\"@context\":\"https:\\\/\\\/schema.org\",\"@graph\":[{\"@type\":\"WebPage\",\"@id\":\"https:\\\/\\\/www.erdiunver.de\\\/en\\\/product\\\/small-shoulder-bag-for-women-made-of-leather-dark-brown\\\/\",\"url\":\"https:\\\/\\\/www.erdiunver.de\\\/en\\\/product\\\/small-shoulder-bag-for-women-made-of-leather-dark-brown\\\/\",\"name\":\"Small Leather Shoulder Bag in Brown with Letter\",\"isPartOf\":{\"@id\":\"https:\\\/\\\/www.erdiunver.de\\\/en\\\/#website\"},\"primaryImageOfPage\":{\"@id\":\"https:\\\/\\\/www.erdiunver.de\\\/en\\\/product\\\/small-shoulder-bag-for-women-made-of-leather-dark-brown\\\/#primaryimage\"},\"image\":{\"@id\":\"https:\\\/\\\/www.erdiunver.de\\\/en\\\/product\\\/small-shoulder-bag-for-women-made-of-leather-dark-brown\\\/#primaryimage\"},\"thumbnailUrl\":\"https:\\\/\\\/www.erdiunver.de\\\/wp-content\\\/uploads\\\/Umhaengetasche-Damen-Leder-Dunkelbraun-Braun-gross-Buchstabe-A.png\",\"datePublished\":\"2022-01-10T14:31:07+00:00\",\"dateModified\":\"2022-01-11T12:26:49+00:00\",\"description\":\"This elegant, feminine cut women's shoulder bag is made of soft, leather in cognac, it is small and handy. learn more\",\"breadcrumb\":{\"@id\":\"https:\\\/\\\/www.erdiunver.de\\\/en\\\/product\\\/small-shoulder-bag-for-women-made-of-leather-dark-brown\\\/#breadcrumb\"},\"inLanguage\":\"en-US\",\"potentialAction\":[{\"@type\":\"ReadAction\",\"target\":[\"https:\\\/\\\/www.erdiunver.de\\\/en\\\/product\\\/small-shoulder-bag-for-women-made-of-leather-dark-brown\\\/\"]}]},{\"@type\":\"ImageObject\",\"inLanguage\":\"en-US\",\"@id\":\"https:\\\/\\\/www.erdiunver.de\\\/en\\\/product\\\/small-shoulder-bag-for-women-made-of-leather-dark-brown\\\/#primaryimage\",\"url\":\"https:\\\/\\\/www.erdiunver.de\\\/wp-content\\\/uploads\\\/Umhaengetasche-Damen-Leder-Dunkelbraun-Braun-gross-Buchstabe-A.png\",\"contentUrl\":\"https:\\\/\\\/www.erdiunver.de\\\/wp-content\\\/uploads\\\/Umhaengetasche-Damen-Leder-Dunkelbraun-Braun-gross-Buchstabe-A.png\",\"width\":1636,\"height\":1091,\"caption\":\"The modern Shoulder bag for women leather dark brown \\\/ brown small letter A\"},{\"@type\":\"BreadcrumbList\",\"@id\":\"https:\\\/\\\/www.erdiunver.de\\\/en\\\/product\\\/small-shoulder-bag-for-women-made-of-leather-dark-brown\\\/#breadcrumb\",\"itemListElement\":[{\"@type\":\"ListItem\",\"position\":1,\"name\":\"Startseite\",\"item\":\"https:\\\/\\\/www.erdiunver.de\\\/en\\\/\"},{\"@type\":\"ListItem\",\"position\":2,\"name\":\"Shop\",\"item\":\"https:\\\/\\\/www.erdiunver.de\\\/en\\\/shop-2\\\/\"},{\"@type\":\"ListItem\",\"position\":3,\"name\":\"Leather Shoulder Bag in Dark Brown Small\"}]},{\"@type\":\"WebSite\",\"@id\":\"https:\\\/\\\/www.erdiunver.de\\\/en\\\/#website\",\"url\":\"https:\\\/\\\/www.erdiunver.de\\\/en\\\/\",\"name\":\"Erdi \u00dcnver hochwertige Lederg\u00fcrtel aus echtem Leder f\u00fcr Damen & Herren\",\"description\":\"Wendeg\u00fcrtel Taschen H G\u00fcrtel aus Leder hochwertig und Preiswert\",\"potentialAction\":[{\"@type\":\"SearchAction\",\"target\":{\"@type\":\"EntryPoint\",\"urlTemplate\":\"https:\\\/\\\/www.erdiunver.de\\\/en\\\/?s={search_term_string}\"},\"query-input\":{\"@type\":\"PropertyValueSpecification\",\"valueRequired\":true,\"valueName\":\"search_term_string\"}}],\"inLanguage\":\"en-US\"}]}<\/script>\n<!-- \/ Yoast SEO plugin. -->","yoast_head_json":{"title":"Small Leather Shoulder Bag in Brown with Letter","description":"This elegant, feminine cut women's shoulder bag is made of soft, leather in cognac, it is small and handy. learn more","robots":{"index":"index","follow":"follow","max-snippet":"max-snippet:-1","max-image-preview":"max-image-preview:large","max-video-preview":"max-video-preview:-1"},"canonical":"https:\/\/www.erdiunver.de\/en\/product\/small-shoulder-bag-for-women-made-of-leather-dark-brown\/","og_locale":"en_US","og_type":"article","og_title":"Small Leather Shoulder Bag in Brown with Letter","og_description":"This elegant, feminine cut women's shoulder bag is made of soft, leather in cognac, it is small and handy. learn more","og_url":"https:\/\/www.erdiunver.de\/en\/product\/small-shoulder-bag-for-women-made-of-leather-dark-brown\/","og_site_name":"Erdi \u00dcnver hochwertige Lederg\u00fcrtel aus echtem Leder f\u00fcr Damen &amp; Herren","article_modified_time":"2022-01-11T12:26:49+00:00","og_image":[{"width":1636,"height":1091,"url":"https:\/\/www.erdiunver.de\/wp-content\/uploads\/Umhaengetasche-Damen-Leder-Dunkelbraun-Braun-gross-Buchstabe-A.png","type":"image\/png"}],"twitter_card":"summary_large_image","twitter_misc":{"Est. reading time":"2 minutes"},"schema":{"@context":"https:\/\/schema.org","@graph":[{"@type":"WebPage","@id":"https:\/\/www.erdiunver.de\/en\/product\/small-shoulder-bag-for-women-made-of-leather-dark-brown\/","url":"https:\/\/www.erdiunver.de\/en\/product\/small-shoulder-bag-for-women-made-of-leather-dark-brown\/","name":"Small Leather Shoulder Bag in Brown with Letter","isPartOf":{"@id":"https:\/\/www.erdiunver.de\/en\/#website"},"primaryImageOfPage":{"@id":"https:\/\/www.erdiunver.de\/en\/product\/small-shoulder-bag-for-women-made-of-leather-dark-brown\/#primaryimage"},"image":{"@id":"https:\/\/www.erdiunver.de\/en\/product\/small-shoulder-bag-for-women-made-of-leather-dark-brown\/#primaryimage"},"thumbnailUrl":"https:\/\/www.erdiunver.de\/wp-content\/uploads\/Umhaengetasche-Damen-Leder-Dunkelbraun-Braun-gross-Buchstabe-A.png","datePublished":"2022-01-10T14:31:07+00:00","dateModified":"2022-01-11T12:26:49+00:00","description":"This elegant, feminine cut women's shoulder bag is made of soft, leather in cognac, it is small and handy. learn more","breadcrumb":{"@id":"https:\/\/www.erdiunver.de\/en\/product\/small-shoulder-bag-for-women-made-of-leather-dark-brown\/#breadcrumb"},"inLanguage":"en-US","potentialAction":[{"@type":"ReadAction","target":["https:\/\/www.erdiunver.de\/en\/product\/small-shoulder-bag-for-women-made-of-leather-dark-brown\/"]}]},{"@type":"ImageObject","inLanguage":"en-US","@id":"https:\/\/www.erdiunver.de\/en\/product\/small-shoulder-bag-for-women-made-of-leather-dark-brown\/#primaryimage","url":"https:\/\/www.erdiunver.de\/wp-content\/uploads\/Umhaengetasche-Damen-Leder-Dunkelbraun-Braun-gross-Buchstabe-A.png","contentUrl":"https:\/\/www.erdiunver.de\/wp-content\/uploads\/Umhaengetasche-Damen-Leder-Dunkelbraun-Braun-gross-Buchstabe-A.png","width":1636,"height":1091,"caption":"The modern Shoulder bag for women leather dark brown \/ brown small letter A"},{"@type":"BreadcrumbList","@id":"https:\/\/www.erdiunver.de\/en\/product\/small-shoulder-bag-for-women-made-of-leather-dark-brown\/#breadcrumb","itemListElement":[{"@type":"ListItem","position":1,"name":"Startseite","item":"https:\/\/www.erdiunver.de\/en\/"},{"@type":"ListItem","position":2,"name":"Shop","item":"https:\/\/www.erdiunver.de\/en\/shop-2\/"},{"@type":"ListItem","position":3,"name":"Leather Shoulder Bag in Dark Brown Small"}]},{"@type":"WebSite","@id":"https:\/\/www.erdiunver.de\/en\/#website","url":"https:\/\/www.erdiunver.de\/en\/","name":"Erdi \u00dcnver hochwertige Lederg\u00fcrtel aus echtem Leder f\u00fcr Damen & Herren","description":"Wendeg\u00fcrtel Taschen H G\u00fcrtel aus Leder hochwertig und Preiswert","potentialAction":[{"@type":"SearchAction","target":{"@type":"EntryPoint","urlTemplate":"https:\/\/www.erdiunver.de\/en\/?s={search_term_string}"},"query-input":{"@type":"PropertyValueSpecification","valueRequired":true,"valueName":"search_term_string"}}],"inLanguage":"en-US"}]}},"_links":{"self":[{"href":"https:\/\/www.erdiunver.de\/en\/wp-json\/wp\/v2\/product\/65353","targetHints":{"allow":["GET"]}}],"collection":[{"href":"https:\/\/www.erdiunver.de\/en\/wp-json\/wp\/v2\/product"}],"about":[{"href":"https:\/\/www.erdiunver.de\/en\/wp-json\/wp\/v2\/types\/product"}],"replies":[{"embeddable":true,"href":"https:\/\/www.erdiunver.de\/en\/wp-json\/wp\/v2\/comments?post=65353"}],"wp:featuredmedia":[{"embeddable":true,"href":"https:\/\/www.erdiunver.de\/en\/wp-json\/wp\/v2\/media\/36533"}],"wp:attachment":[{"href":"https:\/\/www.erdiunver.de\/en\/wp-json\/wp\/v2\/media?parent=65353"}],"wp:term":[{"taxonomy":"product_brand","embeddable":true,"href":"https:\/\/www.erdiunver.de\/en\/wp-json\/wp\/v2\/product_brand?post=65353"},{"taxonomy":"product_cat","embeddable":true,"href":"https:\/\/www.erdiunver.de\/en\/wp-json\/wp\/v2\/product_cat?post=65353"},{"taxonomy":"product_tag","embeddable":true,"href":"https:\/\/www.erdiunver.de\/en\/wp-json\/wp\/v2\/product_tag?post=65353"}],"curies":[{"name":"wp","href":"https:\/\/api.w.org\/{rel}","templated":true}]}}