{"id":65299,"date":"2022-01-03T15:14:46","date_gmt":"2022-01-10T12:38:49","guid":{"rendered":"https:\/\/www.erdiunver.de\/product\/shoulder-bag-women-small-made-of-leather-in-yellow\/"},"modified":"2023-02-04T12:50:37","modified_gmt":"2023-02-04T11:50:37","slug":"__trashed-3-2","status":"publish","type":"product","link":"https:\/\/www.erdiunver.de\/en\/product\/__trashed-3-2\/","title":{"rendered":"Leather Shoulder Bag in Yellow Small"},"content":{"rendered":"<h1><strong>Small S<\/strong><strong>houlder Bag for Women in Y<\/strong><strong>ellow<br \/>\n<\/strong><\/h1>\n<p>Our small shoulder bag for women is a timeless fashion classic that goes with every style. It is just right for a short trip to the city, and our selected leather makes it a contemporary leather bag for all tastes.<\/p>\n<p>This small traditionally made shoulder bag for women is in line with the current trend and features a zipper so that you can keep all your essentials safe and secure. The traditionally crafted shoulder bag for women has one main compartment that is zippered to give you the opportunity to store things that you use often. The compact outer pocket zipped so that your important items such as cards and keys are always safely stored that you don&#8217;t have to worry about them!<\/p>\n<p>&nbsp;<\/p>\n<h2>The perfect small shoulder bag for women<\/h2>\n<p><strong>Are you looking for the perfect little companion?<\/strong> <strong>Looking for a bag that has enough space for your smaller needs?<\/strong> <em><strong>Can&#8217;t find the right bag?<\/strong> <\/em>Your problem is solved with our small shoulder bag. With enough space for your most important things \u2013 credit card, cell phone and lipstick \u2013 this bag is the perfect companion for all of your needs. Less is often more, and that is the key feature of the small leather bags. Not only do they look chic, but they are still robust. The small leather bags are only made from high quality leather.<\/p>\n<p>\u2022 Elegant bag goes with every outfit <strong>\u2713<\/strong><br \/>\n\u2022 The main thing is without a zipper and an outside pocket with a zipper <strong>\u2713<\/strong><br \/>\n\u2022 Robust, durable bag <strong> \u2713<\/strong><br \/>\n\u2022 High quality <strong>\u2713<br \/>\n<\/strong>\u2022 Color: Yellow <strong>\u2713<\/strong><br \/>\n\u2022 Material: Leather<strong>\u2713<\/strong><br \/>\n\u2022 Size L 16 x W 18 x H 5 cm<strong> \u2713<\/strong><\/p>\n<p>&nbsp;<\/p>\n<p>Are you looking for a bag that is not only something special, but also brings life to your wardrobe and extends your wardrobe? Then you should grab our leather bag! The bag goes wonderfully with every outfit and goes with every clothing.<\/p>\n<p><strong>Our leather bags for women are made by hand and specially made for you, this takes about 2 weeks.<\/strong><\/p>\n<p>&nbsp;<\/p>\n<p>&nbsp;<\/p>\n<p>&nbsp;<\/p>\n<div class=\"notranslate\" style=\"all: initial;\"><\/div>\n<div class=\"notranslate\" style=\"all: initial;\"><\/div>\n<div class=\"notranslate\" style=\"all: initial;\"><\/div>\n<div class=\"notranslate\" style=\"all: initial;\"><\/div>\n<div class=\"notranslate\" style=\"all: initial;\"><\/div>\n","protected":false},"excerpt":{"rendered":"<p>Small women shoulder bag made of leather<br \/>\nColor: Yellow<br \/>\nModel small (L 16 x W 18 x H 5 cm)<strong><br \/>\n<\/strong><\/p>\n","protected":false},"featured_media":37850,"comment_status":"open","ping_status":"closed","template":"","meta":[],"product_brand":[],"product_cat":[230],"product_tag":[],"class_list":{"0":"post-65299","1":"product","2":"type-product","3":"status-publish","4":"has-post-thumbnail","6":"product_cat-shoulder-bag-women-leather","8":"first","9":"instock","10":"taxable","11":"shipping-taxable","12":"purchasable","13":"product-type-variable"},"yoast_head":"<!-- This site is optimized with the Yoast SEO plugin v27.4 - https:\/\/yoast.com\/product\/yoast-seo-wordpress\/ -->\n<title>Small Leather Shoulder Bag in Yellow with Letter<\/title>\n<meta name=\"description\" content=\"This elegant, feminine cut women&#039;s shoulder bag is made of soft, leather in cognac, it is small and handy.. Learn more.\" \/>\n<meta name=\"robots\" content=\"index, follow, max-snippet:-1, max-image-preview:large, max-video-preview:-1\" \/>\n<link rel=\"canonical\" href=\"https:\/\/www.erdiunver.de\/en\/product\/__trashed-3-2\/\" \/>\n<meta property=\"og:locale\" content=\"en_US\" \/>\n<meta property=\"og:type\" content=\"article\" \/>\n<meta property=\"og:title\" content=\"Small Leather Shoulder Bag in Yellow with Letter\" \/>\n<meta property=\"og:description\" content=\"This elegant, feminine cut women&#039;s shoulder bag is made of soft, leather in cognac, it is small and handy.. Learn more.\" \/>\n<meta property=\"og:url\" content=\"https:\/\/www.erdiunver.de\/en\/product\/__trashed-3-2\/\" \/>\n<meta property=\"og:site_name\" content=\"Erdi \u00dcnver hochwertige Lederg\u00fcrtel aus echtem Leder f\u00fcr Damen &amp; Herren\" \/>\n<meta property=\"article:modified_time\" content=\"2023-02-04T11:50:37+00:00\" \/>\n<meta property=\"og:image\" content=\"https:\/\/www.erdiunver.de\/wp-content\/uploads\/Umhaengetasche-Damen-Leder-Gelb-Klein-Buchstabe-A.png\" \/>\n\t<meta property=\"og:image:width\" content=\"1636\" \/>\n\t<meta property=\"og:image:height\" content=\"1091\" \/>\n\t<meta property=\"og:image:type\" content=\"image\/png\" \/>\n<meta name=\"twitter:card\" content=\"summary_large_image\" \/>\n<meta name=\"twitter:label1\" content=\"Est. reading time\" \/>\n\t<meta name=\"twitter:data1\" content=\"2 minutes\" \/>\n<script type=\"application\/ld+json\" class=\"yoast-schema-graph\">{\"@context\":\"https:\\\/\\\/schema.org\",\"@graph\":[{\"@type\":\"WebPage\",\"@id\":\"https:\\\/\\\/www.erdiunver.de\\\/en\\\/product\\\/__trashed-3-2\\\/\",\"url\":\"https:\\\/\\\/www.erdiunver.de\\\/en\\\/product\\\/__trashed-3-2\\\/\",\"name\":\"Small Leather Shoulder Bag in Yellow with Letter\",\"isPartOf\":{\"@id\":\"https:\\\/\\\/www.erdiunver.de\\\/en\\\/#website\"},\"primaryImageOfPage\":{\"@id\":\"https:\\\/\\\/www.erdiunver.de\\\/en\\\/product\\\/__trashed-3-2\\\/#primaryimage\"},\"image\":{\"@id\":\"https:\\\/\\\/www.erdiunver.de\\\/en\\\/product\\\/__trashed-3-2\\\/#primaryimage\"},\"thumbnailUrl\":\"https:\\\/\\\/www.erdiunver.de\\\/wp-content\\\/uploads\\\/Umhaengetasche-Damen-Leder-Gelb-Klein-Buchstabe-A.png\",\"datePublished\":\"2022-01-10T12:38:49+00:00\",\"dateModified\":\"2023-02-04T11:50:37+00:00\",\"description\":\"This elegant, feminine cut women's shoulder bag is made of soft, leather in cognac, it is small and handy.. Learn more.\",\"breadcrumb\":{\"@id\":\"https:\\\/\\\/www.erdiunver.de\\\/en\\\/product\\\/__trashed-3-2\\\/#breadcrumb\"},\"inLanguage\":\"en-US\",\"potentialAction\":[{\"@type\":\"ReadAction\",\"target\":[\"https:\\\/\\\/www.erdiunver.de\\\/en\\\/product\\\/__trashed-3-2\\\/\"]}]},{\"@type\":\"ImageObject\",\"inLanguage\":\"en-US\",\"@id\":\"https:\\\/\\\/www.erdiunver.de\\\/en\\\/product\\\/__trashed-3-2\\\/#primaryimage\",\"url\":\"https:\\\/\\\/www.erdiunver.de\\\/wp-content\\\/uploads\\\/Umhaengetasche-Damen-Leder-Gelb-Klein-Buchstabe-A.png\",\"contentUrl\":\"https:\\\/\\\/www.erdiunver.de\\\/wp-content\\\/uploads\\\/Umhaengetasche-Damen-Leder-Gelb-Klein-Buchstabe-A.png\",\"width\":1636,\"height\":1091,\"caption\":\"Unique leather shoulder bag women yellow letter A\"},{\"@type\":\"BreadcrumbList\",\"@id\":\"https:\\\/\\\/www.erdiunver.de\\\/en\\\/product\\\/__trashed-3-2\\\/#breadcrumb\",\"itemListElement\":[{\"@type\":\"ListItem\",\"position\":1,\"name\":\"Startseite\",\"item\":\"https:\\\/\\\/www.erdiunver.de\\\/en\\\/\"},{\"@type\":\"ListItem\",\"position\":2,\"name\":\"Shop\",\"item\":\"https:\\\/\\\/www.erdiunver.de\\\/en\\\/shop-2\\\/\"},{\"@type\":\"ListItem\",\"position\":3,\"name\":\"Leather Shoulder Bag in Yellow Small\"}]},{\"@type\":\"WebSite\",\"@id\":\"https:\\\/\\\/www.erdiunver.de\\\/en\\\/#website\",\"url\":\"https:\\\/\\\/www.erdiunver.de\\\/en\\\/\",\"name\":\"Erdi \u00dcnver hochwertige Lederg\u00fcrtel aus echtem Leder f\u00fcr Damen & Herren\",\"description\":\"Wendeg\u00fcrtel Taschen H G\u00fcrtel aus Leder hochwertig und Preiswert\",\"potentialAction\":[{\"@type\":\"SearchAction\",\"target\":{\"@type\":\"EntryPoint\",\"urlTemplate\":\"https:\\\/\\\/www.erdiunver.de\\\/en\\\/?s={search_term_string}\"},\"query-input\":{\"@type\":\"PropertyValueSpecification\",\"valueRequired\":true,\"valueName\":\"search_term_string\"}}],\"inLanguage\":\"en-US\"}]}<\/script>\n<!-- \/ Yoast SEO plugin. -->","yoast_head_json":{"title":"Small Leather Shoulder Bag in Yellow with Letter","description":"This elegant, feminine cut women's shoulder bag is made of soft, leather in cognac, it is small and handy.. Learn more.","robots":{"index":"index","follow":"follow","max-snippet":"max-snippet:-1","max-image-preview":"max-image-preview:large","max-video-preview":"max-video-preview:-1"},"canonical":"https:\/\/www.erdiunver.de\/en\/product\/__trashed-3-2\/","og_locale":"en_US","og_type":"article","og_title":"Small Leather Shoulder Bag in Yellow with Letter","og_description":"This elegant, feminine cut women's shoulder bag is made of soft, leather in cognac, it is small and handy.. Learn more.","og_url":"https:\/\/www.erdiunver.de\/en\/product\/__trashed-3-2\/","og_site_name":"Erdi \u00dcnver hochwertige Lederg\u00fcrtel aus echtem Leder f\u00fcr Damen &amp; Herren","article_modified_time":"2023-02-04T11:50:37+00:00","og_image":[{"width":1636,"height":1091,"url":"https:\/\/www.erdiunver.de\/wp-content\/uploads\/Umhaengetasche-Damen-Leder-Gelb-Klein-Buchstabe-A.png","type":"image\/png"}],"twitter_card":"summary_large_image","twitter_misc":{"Est. reading time":"2 minutes"},"schema":{"@context":"https:\/\/schema.org","@graph":[{"@type":"WebPage","@id":"https:\/\/www.erdiunver.de\/en\/product\/__trashed-3-2\/","url":"https:\/\/www.erdiunver.de\/en\/product\/__trashed-3-2\/","name":"Small Leather Shoulder Bag in Yellow with Letter","isPartOf":{"@id":"https:\/\/www.erdiunver.de\/en\/#website"},"primaryImageOfPage":{"@id":"https:\/\/www.erdiunver.de\/en\/product\/__trashed-3-2\/#primaryimage"},"image":{"@id":"https:\/\/www.erdiunver.de\/en\/product\/__trashed-3-2\/#primaryimage"},"thumbnailUrl":"https:\/\/www.erdiunver.de\/wp-content\/uploads\/Umhaengetasche-Damen-Leder-Gelb-Klein-Buchstabe-A.png","datePublished":"2022-01-10T12:38:49+00:00","dateModified":"2023-02-04T11:50:37+00:00","description":"This elegant, feminine cut women's shoulder bag is made of soft, leather in cognac, it is small and handy.. Learn more.","breadcrumb":{"@id":"https:\/\/www.erdiunver.de\/en\/product\/__trashed-3-2\/#breadcrumb"},"inLanguage":"en-US","potentialAction":[{"@type":"ReadAction","target":["https:\/\/www.erdiunver.de\/en\/product\/__trashed-3-2\/"]}]},{"@type":"ImageObject","inLanguage":"en-US","@id":"https:\/\/www.erdiunver.de\/en\/product\/__trashed-3-2\/#primaryimage","url":"https:\/\/www.erdiunver.de\/wp-content\/uploads\/Umhaengetasche-Damen-Leder-Gelb-Klein-Buchstabe-A.png","contentUrl":"https:\/\/www.erdiunver.de\/wp-content\/uploads\/Umhaengetasche-Damen-Leder-Gelb-Klein-Buchstabe-A.png","width":1636,"height":1091,"caption":"Unique leather shoulder bag women yellow letter A"},{"@type":"BreadcrumbList","@id":"https:\/\/www.erdiunver.de\/en\/product\/__trashed-3-2\/#breadcrumb","itemListElement":[{"@type":"ListItem","position":1,"name":"Startseite","item":"https:\/\/www.erdiunver.de\/en\/"},{"@type":"ListItem","position":2,"name":"Shop","item":"https:\/\/www.erdiunver.de\/en\/shop-2\/"},{"@type":"ListItem","position":3,"name":"Leather Shoulder Bag in Yellow Small"}]},{"@type":"WebSite","@id":"https:\/\/www.erdiunver.de\/en\/#website","url":"https:\/\/www.erdiunver.de\/en\/","name":"Erdi \u00dcnver hochwertige Lederg\u00fcrtel aus echtem Leder f\u00fcr Damen & Herren","description":"Wendeg\u00fcrtel Taschen H G\u00fcrtel aus Leder hochwertig und Preiswert","potentialAction":[{"@type":"SearchAction","target":{"@type":"EntryPoint","urlTemplate":"https:\/\/www.erdiunver.de\/en\/?s={search_term_string}"},"query-input":{"@type":"PropertyValueSpecification","valueRequired":true,"valueName":"search_term_string"}}],"inLanguage":"en-US"}]}},"_links":{"self":[{"href":"https:\/\/www.erdiunver.de\/en\/wp-json\/wp\/v2\/product\/65299","targetHints":{"allow":["GET"]}}],"collection":[{"href":"https:\/\/www.erdiunver.de\/en\/wp-json\/wp\/v2\/product"}],"about":[{"href":"https:\/\/www.erdiunver.de\/en\/wp-json\/wp\/v2\/types\/product"}],"replies":[{"embeddable":true,"href":"https:\/\/www.erdiunver.de\/en\/wp-json\/wp\/v2\/comments?post=65299"}],"wp:featuredmedia":[{"embeddable":true,"href":"https:\/\/www.erdiunver.de\/en\/wp-json\/wp\/v2\/media\/37850"}],"wp:attachment":[{"href":"https:\/\/www.erdiunver.de\/en\/wp-json\/wp\/v2\/media?parent=65299"}],"wp:term":[{"taxonomy":"product_brand","embeddable":true,"href":"https:\/\/www.erdiunver.de\/en\/wp-json\/wp\/v2\/product_brand?post=65299"},{"taxonomy":"product_cat","embeddable":true,"href":"https:\/\/www.erdiunver.de\/en\/wp-json\/wp\/v2\/product_cat?post=65299"},{"taxonomy":"product_tag","embeddable":true,"href":"https:\/\/www.erdiunver.de\/en\/wp-json\/wp\/v2\/product_tag?post=65299"}],"curies":[{"name":"wp","href":"https:\/\/api.w.org\/{rel}","templated":true}]}}