{"id":63983,"date":"2021-07-27T14:39:43","date_gmt":"2022-01-07T11:27:28","guid":{"rendered":"https:\/\/www.erdiunver.de\/product\/reversible-belt-in-pink-32mm\/"},"modified":"2022-01-07T12:27:28","modified_gmt":"2022-01-07T11:27:28","slug":"reversible-belt-in-pink","status":"publish","type":"product","link":"https:\/\/www.erdiunver.de\/en\/product\/reversible-belt-in-pink\/","title":{"rendered":"Reversible Belt in Pink 32mm"},"content":{"rendered":"<div class=\"box-additional grid12-9\">\n<div class=\"box-collateral collateral-container box-tabs\">\n<div id=\"product-tabs\" class=\"gen-tabs gen-tabs--style1\">\n<div class=\"tabs-panels\">\n<div class=\"panel\">\n<div class=\"std\">Reversible Belt Pink Black 32 mm<\/div>\n<\/div>\n<\/div>\n<\/div>\n<\/div>\n<\/div>\n<div class=\"box-additional grid12-9\">\n<div class=\"box-collateral box-upsell\">\n<div class=\"block block-upsell\"><\/div>\n<\/div>\n<\/div>\n","protected":false},"excerpt":{"rendered":"<p>Reversible Belt Pink Black 32 mm<\/p>\n","protected":false},"featured_media":31857,"comment_status":"open","ping_status":"closed","template":"","meta":[],"product_brand":[],"product_cat":[250,240,238,249],"product_tag":[],"class_list":{"0":"post-63983","1":"product","2":"type-product","3":"status-publish","4":"has-post-thumbnail","6":"product_cat-32mm-reversible-belt-without-buckle-men","7":"product_cat-belt-men","8":"product_cat-men","9":"product_cat-reversible-belt-without-buckle-men","11":"first","12":"instock","13":"taxable","14":"shipping-taxable","15":"purchasable","16":"product-type-variable"},"yoast_head":"<!-- This site is optimized with the Yoast SEO plugin v27.3 - https:\/\/yoast.com\/product\/yoast-seo-wordpress\/ -->\n<title>Reversible Belt in Pink 32mm<\/title>\n<meta name=\"robots\" content=\"index, follow, max-snippet:-1, max-image-preview:large, max-video-preview:-1\" \/>\n<link rel=\"canonical\" href=\"https:\/\/www.erdiunver.de\/en\/product\/reversible-belt-in-pink\/\" \/>\n<meta property=\"og:locale\" content=\"en_US\" \/>\n<meta property=\"og:type\" content=\"article\" \/>\n<meta property=\"og:title\" content=\"Reversible Belt in Pink 32mm\" \/>\n<meta property=\"og:description\" content=\"Reversible Belt Pink Black 32 mm\" \/>\n<meta property=\"og:url\" content=\"https:\/\/www.erdiunver.de\/en\/product\/reversible-belt-in-pink\/\" \/>\n<meta property=\"og:site_name\" content=\"Erdi \u00dcnver hochwertige Lederg\u00fcrtel aus echtem Leder f\u00fcr Damen &amp; Herren\" \/>\n<meta property=\"og:image\" content=\"https:\/\/www.erdiunver.de\/wp-content\/uploads\/guertel-pink-schwarz-damen-herren-32mm-40mm-lederguertel-ohne-schnalle-fuer-h-guertelschnalle.png\" \/>\n\t<meta property=\"og:image:width\" content=\"1600\" \/>\n\t<meta property=\"og:image:height\" content=\"1600\" \/>\n\t<meta property=\"og:image:type\" content=\"image\/png\" \/>\n<meta name=\"twitter:card\" content=\"summary_large_image\" \/>\n<script type=\"application\/ld+json\" class=\"yoast-schema-graph\">{\"@context\":\"https:\\\/\\\/schema.org\",\"@graph\":[{\"@type\":\"WebPage\",\"@id\":\"https:\\\/\\\/www.erdiunver.de\\\/en\\\/product\\\/reversible-belt-in-pink\\\/\",\"url\":\"https:\\\/\\\/www.erdiunver.de\\\/en\\\/product\\\/reversible-belt-in-pink\\\/\",\"name\":\"Reversible Belt in Pink 32mm\",\"isPartOf\":{\"@id\":\"https:\\\/\\\/www.erdiunver.de\\\/en\\\/#website\"},\"primaryImageOfPage\":{\"@id\":\"https:\\\/\\\/www.erdiunver.de\\\/en\\\/product\\\/reversible-belt-in-pink\\\/#primaryimage\"},\"image\":{\"@id\":\"https:\\\/\\\/www.erdiunver.de\\\/en\\\/product\\\/reversible-belt-in-pink\\\/#primaryimage\"},\"thumbnailUrl\":\"https:\\\/\\\/www.erdiunver.de\\\/wp-content\\\/uploads\\\/guertel-pink-schwarz-damen-herren-32mm-40mm-lederguertel-ohne-schnalle-fuer-h-guertelschnalle.png\",\"datePublished\":\"2022-01-07T11:27:28+00:00\",\"breadcrumb\":{\"@id\":\"https:\\\/\\\/www.erdiunver.de\\\/en\\\/product\\\/reversible-belt-in-pink\\\/#breadcrumb\"},\"inLanguage\":\"en-US\",\"potentialAction\":[{\"@type\":\"ReadAction\",\"target\":[\"https:\\\/\\\/www.erdiunver.de\\\/en\\\/product\\\/reversible-belt-in-pink\\\/\"]}]},{\"@type\":\"ImageObject\",\"inLanguage\":\"en-US\",\"@id\":\"https:\\\/\\\/www.erdiunver.de\\\/en\\\/product\\\/reversible-belt-in-pink\\\/#primaryimage\",\"url\":\"https:\\\/\\\/www.erdiunver.de\\\/wp-content\\\/uploads\\\/guertel-pink-schwarz-damen-herren-32mm-40mm-lederguertel-ohne-schnalle-fuer-h-guertelschnalle.png\",\"contentUrl\":\"https:\\\/\\\/www.erdiunver.de\\\/wp-content\\\/uploads\\\/guertel-pink-schwarz-damen-herren-32mm-40mm-lederguertel-ohne-schnalle-fuer-h-guertelschnalle.png\",\"width\":1600,\"height\":1600,\"caption\":\"Interchangeable Belt for H Belt Buckle Pink Black Women &amp; Men 32mm \\\/ 40mm Leather Belt without Buckle\"},{\"@type\":\"BreadcrumbList\",\"@id\":\"https:\\\/\\\/www.erdiunver.de\\\/en\\\/product\\\/reversible-belt-in-pink\\\/#breadcrumb\",\"itemListElement\":[{\"@type\":\"ListItem\",\"position\":1,\"name\":\"Startseite\",\"item\":\"https:\\\/\\\/www.erdiunver.de\\\/en\\\/\"},{\"@type\":\"ListItem\",\"position\":2,\"name\":\"Shop\",\"item\":\"https:\\\/\\\/www.erdiunver.de\\\/en\\\/shop-2\\\/\"},{\"@type\":\"ListItem\",\"position\":3,\"name\":\"Reversible Belt in Pink 32mm\"}]},{\"@type\":\"WebSite\",\"@id\":\"https:\\\/\\\/www.erdiunver.de\\\/en\\\/#website\",\"url\":\"https:\\\/\\\/www.erdiunver.de\\\/en\\\/\",\"name\":\"Erdi \u00dcnver hochwertige Lederg\u00fcrtel aus echtem Leder f\u00fcr Damen & Herren\",\"description\":\"Wendeg\u00fcrtel Taschen H G\u00fcrtel aus Leder hochwertig und Preiswert\",\"potentialAction\":[{\"@type\":\"SearchAction\",\"target\":{\"@type\":\"EntryPoint\",\"urlTemplate\":\"https:\\\/\\\/www.erdiunver.de\\\/en\\\/?s={search_term_string}\"},\"query-input\":{\"@type\":\"PropertyValueSpecification\",\"valueRequired\":true,\"valueName\":\"search_term_string\"}}],\"inLanguage\":\"en-US\"}]}<\/script>\n<!-- \/ Yoast SEO plugin. -->","yoast_head_json":{"title":"Reversible Belt in Pink 32mm","robots":{"index":"index","follow":"follow","max-snippet":"max-snippet:-1","max-image-preview":"max-image-preview:large","max-video-preview":"max-video-preview:-1"},"canonical":"https:\/\/www.erdiunver.de\/en\/product\/reversible-belt-in-pink\/","og_locale":"en_US","og_type":"article","og_title":"Reversible Belt in Pink 32mm","og_description":"Reversible Belt Pink Black 32 mm","og_url":"https:\/\/www.erdiunver.de\/en\/product\/reversible-belt-in-pink\/","og_site_name":"Erdi \u00dcnver hochwertige Lederg\u00fcrtel aus echtem Leder f\u00fcr Damen &amp; Herren","og_image":[{"width":1600,"height":1600,"url":"https:\/\/www.erdiunver.de\/wp-content\/uploads\/guertel-pink-schwarz-damen-herren-32mm-40mm-lederguertel-ohne-schnalle-fuer-h-guertelschnalle.png","type":"image\/png"}],"twitter_card":"summary_large_image","schema":{"@context":"https:\/\/schema.org","@graph":[{"@type":"WebPage","@id":"https:\/\/www.erdiunver.de\/en\/product\/reversible-belt-in-pink\/","url":"https:\/\/www.erdiunver.de\/en\/product\/reversible-belt-in-pink\/","name":"Reversible Belt in Pink 32mm","isPartOf":{"@id":"https:\/\/www.erdiunver.de\/en\/#website"},"primaryImageOfPage":{"@id":"https:\/\/www.erdiunver.de\/en\/product\/reversible-belt-in-pink\/#primaryimage"},"image":{"@id":"https:\/\/www.erdiunver.de\/en\/product\/reversible-belt-in-pink\/#primaryimage"},"thumbnailUrl":"https:\/\/www.erdiunver.de\/wp-content\/uploads\/guertel-pink-schwarz-damen-herren-32mm-40mm-lederguertel-ohne-schnalle-fuer-h-guertelschnalle.png","datePublished":"2022-01-07T11:27:28+00:00","breadcrumb":{"@id":"https:\/\/www.erdiunver.de\/en\/product\/reversible-belt-in-pink\/#breadcrumb"},"inLanguage":"en-US","potentialAction":[{"@type":"ReadAction","target":["https:\/\/www.erdiunver.de\/en\/product\/reversible-belt-in-pink\/"]}]},{"@type":"ImageObject","inLanguage":"en-US","@id":"https:\/\/www.erdiunver.de\/en\/product\/reversible-belt-in-pink\/#primaryimage","url":"https:\/\/www.erdiunver.de\/wp-content\/uploads\/guertel-pink-schwarz-damen-herren-32mm-40mm-lederguertel-ohne-schnalle-fuer-h-guertelschnalle.png","contentUrl":"https:\/\/www.erdiunver.de\/wp-content\/uploads\/guertel-pink-schwarz-damen-herren-32mm-40mm-lederguertel-ohne-schnalle-fuer-h-guertelschnalle.png","width":1600,"height":1600,"caption":"Interchangeable Belt for H Belt Buckle Pink Black Women &amp; Men 32mm \/ 40mm Leather Belt without Buckle"},{"@type":"BreadcrumbList","@id":"https:\/\/www.erdiunver.de\/en\/product\/reversible-belt-in-pink\/#breadcrumb","itemListElement":[{"@type":"ListItem","position":1,"name":"Startseite","item":"https:\/\/www.erdiunver.de\/en\/"},{"@type":"ListItem","position":2,"name":"Shop","item":"https:\/\/www.erdiunver.de\/en\/shop-2\/"},{"@type":"ListItem","position":3,"name":"Reversible Belt in Pink 32mm"}]},{"@type":"WebSite","@id":"https:\/\/www.erdiunver.de\/en\/#website","url":"https:\/\/www.erdiunver.de\/en\/","name":"Erdi \u00dcnver hochwertige Lederg\u00fcrtel aus echtem Leder f\u00fcr Damen & Herren","description":"Wendeg\u00fcrtel Taschen H G\u00fcrtel aus Leder hochwertig und Preiswert","potentialAction":[{"@type":"SearchAction","target":{"@type":"EntryPoint","urlTemplate":"https:\/\/www.erdiunver.de\/en\/?s={search_term_string}"},"query-input":{"@type":"PropertyValueSpecification","valueRequired":true,"valueName":"search_term_string"}}],"inLanguage":"en-US"}]}},"_links":{"self":[{"href":"https:\/\/www.erdiunver.de\/en\/wp-json\/wp\/v2\/product\/63983","targetHints":{"allow":["GET"]}}],"collection":[{"href":"https:\/\/www.erdiunver.de\/en\/wp-json\/wp\/v2\/product"}],"about":[{"href":"https:\/\/www.erdiunver.de\/en\/wp-json\/wp\/v2\/types\/product"}],"replies":[{"embeddable":true,"href":"https:\/\/www.erdiunver.de\/en\/wp-json\/wp\/v2\/comments?post=63983"}],"wp:featuredmedia":[{"embeddable":true,"href":"https:\/\/www.erdiunver.de\/en\/wp-json\/wp\/v2\/media\/31857"}],"wp:attachment":[{"href":"https:\/\/www.erdiunver.de\/en\/wp-json\/wp\/v2\/media?parent=63983"}],"wp:term":[{"taxonomy":"product_brand","embeddable":true,"href":"https:\/\/www.erdiunver.de\/en\/wp-json\/wp\/v2\/product_brand?post=63983"},{"taxonomy":"product_cat","embeddable":true,"href":"https:\/\/www.erdiunver.de\/en\/wp-json\/wp\/v2\/product_cat?post=63983"},{"taxonomy":"product_tag","embeddable":true,"href":"https:\/\/www.erdiunver.de\/en\/wp-json\/wp\/v2\/product_tag?post=63983"}],"curies":[{"name":"wp","href":"https:\/\/api.w.org\/{rel}","templated":true}]}}