{"id":63957,"date":"2021-09-13T12:21:49","date_gmt":"2022-01-07T11:21:46","guid":{"rendered":"https:\/\/www.erdiunver.de\/product\/reversible-belt-in-orange-32mm\/"},"modified":"2023-06-05T10:44:39","modified_gmt":"2023-06-05T08:44:39","slug":"reversible-belt-in-orange-32mm","status":"publish","type":"product","link":"https:\/\/www.erdiunver.de\/en\/product\/reversible-belt-in-orange-32mm\/","title":{"rendered":"Reversible Belt in Orange 32mm"},"content":{"rendered":"<h2>Reversible belt for men<\/h2>\n<p><strong>Your appearance in an outfit, which you complement with this reversible belt as an accessory, exudes self-confidence. With its width of 31 mm, the orange \/ black reversible belt for men is conspicuous, but not dominant. Depending on your preference, you can change the sides of the elaborately handcrafted reversible belt to add variety to your look. <\/strong><\/p>\n<p><strong> <\/strong><\/p>\n<p><strong>You can find the same leather belt with a width of 40 mm as a leather belt for men. Also, handmade from the finest leather, our wide belt proves to be the perfect complement to sporty as well as elegant outfits. The design is timeless, the workmanship of high quality. With this leather belt you get a piece that will last forever<\/strong><\/p>\n","protected":false},"excerpt":{"rendered":"<p>Reversible belt for men Your appearance in an outfit, which you complement with this reversible belt as an accessory, exudes self-confidence. With its width of 31 mm, the orange \/ black reversible belt for men is conspicuous, but not dominant. Depending on your preference, you can change the sides of the elaborately handcrafted reversible belt [&#8230;]\n","protected":false},"featured_media":31823,"comment_status":"open","ping_status":"closed","template":"","meta":[],"product_brand":[],"product_cat":[250,240,238,249],"product_tag":[],"class_list":{"0":"post-63957","1":"product","2":"type-product","3":"status-publish","4":"has-post-thumbnail","6":"product_cat-32mm-reversible-belt-without-buckle-men","7":"product_cat-belt-men","8":"product_cat-men","9":"product_cat-reversible-belt-without-buckle-men","11":"first","12":"instock","13":"taxable","14":"shipping-taxable","15":"purchasable","16":"product-type-variable"},"yoast_head":"<!-- This site is optimized with the Yoast SEO plugin v27.4 - https:\/\/yoast.com\/product\/yoast-seo-wordpress\/ -->\n<title>Your find out more now<\/title>\n<meta name=\"description\" content=\"Reversible belts for men are striking, but not dominant. The design is timeless, the workmanship of high quality. Buy now\" \/>\n<meta name=\"robots\" content=\"index, follow, max-snippet:-1, max-image-preview:large, max-video-preview:-1\" \/>\n<link rel=\"canonical\" href=\"https:\/\/www.erdiunver.de\/en\/product\/reversible-belt-in-orange-32mm\/\" \/>\n<meta property=\"og:locale\" content=\"en_US\" \/>\n<meta property=\"og:type\" content=\"article\" \/>\n<meta property=\"og:title\" content=\"Your find out more now\" \/>\n<meta property=\"og:description\" content=\"Reversible belts for men are striking, but not dominant. The design is timeless, the workmanship of high quality. Buy now\" \/>\n<meta property=\"og:url\" content=\"https:\/\/www.erdiunver.de\/en\/product\/reversible-belt-in-orange-32mm\/\" \/>\n<meta property=\"og:site_name\" content=\"Erdi \u00dcnver hochwertige Lederg\u00fcrtel aus echtem Leder f\u00fcr Damen &amp; Herren\" \/>\n<meta property=\"article:modified_time\" content=\"2023-06-05T08:44:39+00:00\" \/>\n<meta property=\"og:image\" content=\"https:\/\/www.erdiunver.de\/wp-content\/uploads\/guertel-orange-damen-herren-32mm-lederguertel-ohne-schnalle-fuer-h-guertelschnalle.png\" \/>\n\t<meta property=\"og:image:width\" content=\"650\" \/>\n\t<meta property=\"og:image:height\" content=\"375\" \/>\n\t<meta property=\"og:image:type\" content=\"image\/png\" \/>\n<meta name=\"twitter:card\" content=\"summary_large_image\" \/>\n<meta name=\"twitter:label1\" content=\"Est. reading time\" \/>\n\t<meta name=\"twitter:data1\" content=\"1 minute\" \/>\n<script type=\"application\/ld+json\" class=\"yoast-schema-graph\">{\"@context\":\"https:\\\/\\\/schema.org\",\"@graph\":[{\"@type\":\"WebPage\",\"@id\":\"https:\\\/\\\/www.erdiunver.de\\\/en\\\/product\\\/reversible-belt-in-orange-32mm\\\/\",\"url\":\"https:\\\/\\\/www.erdiunver.de\\\/en\\\/product\\\/reversible-belt-in-orange-32mm\\\/\",\"name\":\"Your find out more now\",\"isPartOf\":{\"@id\":\"https:\\\/\\\/www.erdiunver.de\\\/en\\\/#website\"},\"primaryImageOfPage\":{\"@id\":\"https:\\\/\\\/www.erdiunver.de\\\/en\\\/product\\\/reversible-belt-in-orange-32mm\\\/#primaryimage\"},\"image\":{\"@id\":\"https:\\\/\\\/www.erdiunver.de\\\/en\\\/product\\\/reversible-belt-in-orange-32mm\\\/#primaryimage\"},\"thumbnailUrl\":\"https:\\\/\\\/www.erdiunver.de\\\/wp-content\\\/uploads\\\/guertel-orange-damen-herren-32mm-lederguertel-ohne-schnalle-fuer-h-guertelschnalle.png\",\"datePublished\":\"2022-01-07T11:21:46+00:00\",\"dateModified\":\"2023-06-05T08:44:39+00:00\",\"description\":\"Reversible belts for men are striking, but not dominant. The design is timeless, the workmanship of high quality. Buy now\",\"breadcrumb\":{\"@id\":\"https:\\\/\\\/www.erdiunver.de\\\/en\\\/product\\\/reversible-belt-in-orange-32mm\\\/#breadcrumb\"},\"inLanguage\":\"en-US\",\"potentialAction\":[{\"@type\":\"ReadAction\",\"target\":[\"https:\\\/\\\/www.erdiunver.de\\\/en\\\/product\\\/reversible-belt-in-orange-32mm\\\/\"]}]},{\"@type\":\"ImageObject\",\"inLanguage\":\"en-US\",\"@id\":\"https:\\\/\\\/www.erdiunver.de\\\/en\\\/product\\\/reversible-belt-in-orange-32mm\\\/#primaryimage\",\"url\":\"https:\\\/\\\/www.erdiunver.de\\\/wp-content\\\/uploads\\\/guertel-orange-damen-herren-32mm-lederguertel-ohne-schnalle-fuer-h-guertelschnalle.png\",\"contentUrl\":\"https:\\\/\\\/www.erdiunver.de\\\/wp-content\\\/uploads\\\/guertel-orange-damen-herren-32mm-lederguertel-ohne-schnalle-fuer-h-guertelschnalle.png\",\"width\":650,\"height\":375,\"caption\":\"Orange women belt &amp; men's belt in 32mm or 40mm leather belt without buckle\"},{\"@type\":\"BreadcrumbList\",\"@id\":\"https:\\\/\\\/www.erdiunver.de\\\/en\\\/product\\\/reversible-belt-in-orange-32mm\\\/#breadcrumb\",\"itemListElement\":[{\"@type\":\"ListItem\",\"position\":1,\"name\":\"Startseite\",\"item\":\"https:\\\/\\\/www.erdiunver.de\\\/en\\\/\"},{\"@type\":\"ListItem\",\"position\":2,\"name\":\"Shop\",\"item\":\"https:\\\/\\\/www.erdiunver.de\\\/en\\\/shop-2\\\/\"},{\"@type\":\"ListItem\",\"position\":3,\"name\":\"Reversible Belt in Orange 32mm\"}]},{\"@type\":\"WebSite\",\"@id\":\"https:\\\/\\\/www.erdiunver.de\\\/en\\\/#website\",\"url\":\"https:\\\/\\\/www.erdiunver.de\\\/en\\\/\",\"name\":\"Erdi \u00dcnver hochwertige Lederg\u00fcrtel aus echtem Leder f\u00fcr Damen & Herren\",\"description\":\"Wendeg\u00fcrtel Taschen H G\u00fcrtel aus Leder hochwertig und Preiswert\",\"potentialAction\":[{\"@type\":\"SearchAction\",\"target\":{\"@type\":\"EntryPoint\",\"urlTemplate\":\"https:\\\/\\\/www.erdiunver.de\\\/en\\\/?s={search_term_string}\"},\"query-input\":{\"@type\":\"PropertyValueSpecification\",\"valueRequired\":true,\"valueName\":\"search_term_string\"}}],\"inLanguage\":\"en-US\"}]}<\/script>\n<!-- \/ Yoast SEO plugin. -->","yoast_head_json":{"title":"Your find out more now","description":"Reversible belts for men are striking, but not dominant. The design is timeless, the workmanship of high quality. Buy now","robots":{"index":"index","follow":"follow","max-snippet":"max-snippet:-1","max-image-preview":"max-image-preview:large","max-video-preview":"max-video-preview:-1"},"canonical":"https:\/\/www.erdiunver.de\/en\/product\/reversible-belt-in-orange-32mm\/","og_locale":"en_US","og_type":"article","og_title":"Your find out more now","og_description":"Reversible belts for men are striking, but not dominant. The design is timeless, the workmanship of high quality. Buy now","og_url":"https:\/\/www.erdiunver.de\/en\/product\/reversible-belt-in-orange-32mm\/","og_site_name":"Erdi \u00dcnver hochwertige Lederg\u00fcrtel aus echtem Leder f\u00fcr Damen &amp; Herren","article_modified_time":"2023-06-05T08:44:39+00:00","og_image":[{"width":650,"height":375,"url":"https:\/\/www.erdiunver.de\/wp-content\/uploads\/guertel-orange-damen-herren-32mm-lederguertel-ohne-schnalle-fuer-h-guertelschnalle.png","type":"image\/png"}],"twitter_card":"summary_large_image","twitter_misc":{"Est. reading time":"1 minute"},"schema":{"@context":"https:\/\/schema.org","@graph":[{"@type":"WebPage","@id":"https:\/\/www.erdiunver.de\/en\/product\/reversible-belt-in-orange-32mm\/","url":"https:\/\/www.erdiunver.de\/en\/product\/reversible-belt-in-orange-32mm\/","name":"Your find out more now","isPartOf":{"@id":"https:\/\/www.erdiunver.de\/en\/#website"},"primaryImageOfPage":{"@id":"https:\/\/www.erdiunver.de\/en\/product\/reversible-belt-in-orange-32mm\/#primaryimage"},"image":{"@id":"https:\/\/www.erdiunver.de\/en\/product\/reversible-belt-in-orange-32mm\/#primaryimage"},"thumbnailUrl":"https:\/\/www.erdiunver.de\/wp-content\/uploads\/guertel-orange-damen-herren-32mm-lederguertel-ohne-schnalle-fuer-h-guertelschnalle.png","datePublished":"2022-01-07T11:21:46+00:00","dateModified":"2023-06-05T08:44:39+00:00","description":"Reversible belts for men are striking, but not dominant. The design is timeless, the workmanship of high quality. Buy now","breadcrumb":{"@id":"https:\/\/www.erdiunver.de\/en\/product\/reversible-belt-in-orange-32mm\/#breadcrumb"},"inLanguage":"en-US","potentialAction":[{"@type":"ReadAction","target":["https:\/\/www.erdiunver.de\/en\/product\/reversible-belt-in-orange-32mm\/"]}]},{"@type":"ImageObject","inLanguage":"en-US","@id":"https:\/\/www.erdiunver.de\/en\/product\/reversible-belt-in-orange-32mm\/#primaryimage","url":"https:\/\/www.erdiunver.de\/wp-content\/uploads\/guertel-orange-damen-herren-32mm-lederguertel-ohne-schnalle-fuer-h-guertelschnalle.png","contentUrl":"https:\/\/www.erdiunver.de\/wp-content\/uploads\/guertel-orange-damen-herren-32mm-lederguertel-ohne-schnalle-fuer-h-guertelschnalle.png","width":650,"height":375,"caption":"Orange women belt &amp; men's belt in 32mm or 40mm leather belt without buckle"},{"@type":"BreadcrumbList","@id":"https:\/\/www.erdiunver.de\/en\/product\/reversible-belt-in-orange-32mm\/#breadcrumb","itemListElement":[{"@type":"ListItem","position":1,"name":"Startseite","item":"https:\/\/www.erdiunver.de\/en\/"},{"@type":"ListItem","position":2,"name":"Shop","item":"https:\/\/www.erdiunver.de\/en\/shop-2\/"},{"@type":"ListItem","position":3,"name":"Reversible Belt in Orange 32mm"}]},{"@type":"WebSite","@id":"https:\/\/www.erdiunver.de\/en\/#website","url":"https:\/\/www.erdiunver.de\/en\/","name":"Erdi \u00dcnver hochwertige Lederg\u00fcrtel aus echtem Leder f\u00fcr Damen & Herren","description":"Wendeg\u00fcrtel Taschen H G\u00fcrtel aus Leder hochwertig und Preiswert","potentialAction":[{"@type":"SearchAction","target":{"@type":"EntryPoint","urlTemplate":"https:\/\/www.erdiunver.de\/en\/?s={search_term_string}"},"query-input":{"@type":"PropertyValueSpecification","valueRequired":true,"valueName":"search_term_string"}}],"inLanguage":"en-US"}]}},"_links":{"self":[{"href":"https:\/\/www.erdiunver.de\/en\/wp-json\/wp\/v2\/product\/63957","targetHints":{"allow":["GET"]}}],"collection":[{"href":"https:\/\/www.erdiunver.de\/en\/wp-json\/wp\/v2\/product"}],"about":[{"href":"https:\/\/www.erdiunver.de\/en\/wp-json\/wp\/v2\/types\/product"}],"replies":[{"embeddable":true,"href":"https:\/\/www.erdiunver.de\/en\/wp-json\/wp\/v2\/comments?post=63957"}],"wp:featuredmedia":[{"embeddable":true,"href":"https:\/\/www.erdiunver.de\/en\/wp-json\/wp\/v2\/media\/31823"}],"wp:attachment":[{"href":"https:\/\/www.erdiunver.de\/en\/wp-json\/wp\/v2\/media?parent=63957"}],"wp:term":[{"taxonomy":"product_brand","embeddable":true,"href":"https:\/\/www.erdiunver.de\/en\/wp-json\/wp\/v2\/product_brand?post=63957"},{"taxonomy":"product_cat","embeddable":true,"href":"https:\/\/www.erdiunver.de\/en\/wp-json\/wp\/v2\/product_cat?post=63957"},{"taxonomy":"product_tag","embeddable":true,"href":"https:\/\/www.erdiunver.de\/en\/wp-json\/wp\/v2\/product_tag?post=63957"}],"curies":[{"name":"wp","href":"https:\/\/api.w.org\/{rel}","templated":true}]}}