{"id":63906,"date":"2021-07-26T15:38:22","date_gmt":"2022-01-07T11:15:29","guid":{"rendered":"https:\/\/www.erdiunver.de\/product\/reversible-belt-in-crocodile-light-brown-32mm\/"},"modified":"2025-04-27T11:31:29","modified_gmt":"2025-04-27T09:31:29","slug":"reversible-belt-in-crocodile-light-brown","status":"publish","type":"product","link":"https:\/\/www.erdiunver.de\/en\/product\/reversible-belt-in-crocodile-light-brown\/","title":{"rendered":"Reversible Belt in Crocodile Light Brown 32mm"},"content":{"rendered":"<h2>Elegant leather belt in eternal design \u2013 men&#8217;s belt in crocodile look, cognac black matte<\/h2>\n<h2><\/h2>\n<p>With this man&#8217;s belt you can skillfully set accents in the various situations of everyday life, thanks to its reversible function, there are endless style combinations. The leather belt convinces with its two colors in cognac and matte black. The leather belt is handmade quality goods. With this interchangeable belt, crocodile optics in cognac brown would be used for the upper material. The sub-material for this interchangeable belt would be a cowhide in black matte with a belt width of 32 mm, the men&#8217;s belt can be used perfectly for everyday life or for the office.<\/p>\n<p>Convince yourself of our high quality standards that we place on our leather belts.<\/p>\n","protected":false},"excerpt":{"rendered":"<p>Elegant leather belt in eternal design \u2013 men&#8217;s belt in crocodile look, cognac black matte With this man&#8217;s belt you can skillfully set accents in the various situations of everyday life, thanks to its reversible function, there are endless style combinations. The leather belt convinces with its two colors in cognac and matte black. The [&#8230;]\n","protected":false},"featured_media":31819,"comment_status":"open","ping_status":"closed","template":"","meta":[],"product_brand":[],"product_cat":[250,240,238,249],"product_tag":[],"class_list":{"0":"post-63906","1":"product","2":"type-product","3":"status-publish","4":"has-post-thumbnail","6":"product_cat-32mm-reversible-belt-without-buckle-men","7":"product_cat-belt-men","8":"product_cat-men","9":"product_cat-reversible-belt-without-buckle-men","11":"first","12":"instock","13":"taxable","14":"shipping-taxable","15":"purchasable","16":"product-type-variable"},"yoast_head":"<!-- This site is optimized with the Yoast SEO plugin v27.4 - https:\/\/yoast.com\/product\/yoast-seo-wordpress\/ -->\n<title>Reversible Belt in Crocodile Light Brown 32mm<\/title>\n<meta name=\"robots\" content=\"index, follow, max-snippet:-1, max-image-preview:large, max-video-preview:-1\" \/>\n<link rel=\"canonical\" href=\"https:\/\/www.erdiunver.de\/en\/product\/reversible-belt-in-crocodile-light-brown\/\" \/>\n<meta property=\"og:locale\" content=\"en_US\" \/>\n<meta property=\"og:type\" content=\"article\" \/>\n<meta property=\"og:title\" content=\"Reversible Belt in Crocodile Light Brown 32mm\" \/>\n<meta property=\"og:description\" content=\"Elegant leather belt in eternal design \u2013 men&#8217;s belt in crocodile look, cognac black matte With this man&#8217;s belt you can skillfully set accents in the various situations of everyday life, thanks to its reversible function, there are endless style combinations. The leather belt convinces with its two colors in cognac and matte black. The [...]\" \/>\n<meta property=\"og:url\" content=\"https:\/\/www.erdiunver.de\/en\/product\/reversible-belt-in-crocodile-light-brown\/\" \/>\n<meta property=\"og:site_name\" content=\"Erdi \u00dcnver hochwertige Lederg\u00fcrtel aus echtem Leder f\u00fcr Damen &amp; Herren\" \/>\n<meta property=\"article:modified_time\" content=\"2025-04-27T09:31:29+00:00\" \/>\n<meta property=\"og:image\" content=\"https:\/\/www.erdiunver.de\/wp-content\/uploads\/krokodilleder-guertel-herren-damen-hellbraun-braun-32mm-40mm-lederguertel-ohne-schnalle-fuer-h-guertelschnalle-kroko.jpg\" \/>\n\t<meta property=\"og:image:width\" content=\"1600\" \/>\n\t<meta property=\"og:image:height\" content=\"1600\" \/>\n\t<meta property=\"og:image:type\" content=\"image\/jpeg\" \/>\n<meta name=\"twitter:card\" content=\"summary_large_image\" \/>\n<meta name=\"twitter:label1\" content=\"Est. reading time\" \/>\n\t<meta name=\"twitter:data1\" content=\"1 minute\" \/>\n<script type=\"application\/ld+json\" class=\"yoast-schema-graph\">{\"@context\":\"https:\\\/\\\/schema.org\",\"@graph\":[{\"@type\":\"WebPage\",\"@id\":\"https:\\\/\\\/www.erdiunver.de\\\/en\\\/product\\\/reversible-belt-in-crocodile-light-brown\\\/\",\"url\":\"https:\\\/\\\/www.erdiunver.de\\\/en\\\/product\\\/reversible-belt-in-crocodile-light-brown\\\/\",\"name\":\"Reversible Belt in Crocodile Light Brown 32mm\",\"isPartOf\":{\"@id\":\"https:\\\/\\\/www.erdiunver.de\\\/en\\\/#website\"},\"primaryImageOfPage\":{\"@id\":\"https:\\\/\\\/www.erdiunver.de\\\/en\\\/product\\\/reversible-belt-in-crocodile-light-brown\\\/#primaryimage\"},\"image\":{\"@id\":\"https:\\\/\\\/www.erdiunver.de\\\/en\\\/product\\\/reversible-belt-in-crocodile-light-brown\\\/#primaryimage\"},\"thumbnailUrl\":\"https:\\\/\\\/www.erdiunver.de\\\/wp-content\\\/uploads\\\/krokodilleder-guertel-herren-damen-hellbraun-braun-32mm-40mm-lederguertel-ohne-schnalle-fuer-h-guertelschnalle-kroko.jpg\",\"datePublished\":\"2022-01-07T11:15:29+00:00\",\"dateModified\":\"2025-04-27T09:31:29+00:00\",\"breadcrumb\":{\"@id\":\"https:\\\/\\\/www.erdiunver.de\\\/en\\\/product\\\/reversible-belt-in-crocodile-light-brown\\\/#breadcrumb\"},\"inLanguage\":\"en-US\",\"potentialAction\":[{\"@type\":\"ReadAction\",\"target\":[\"https:\\\/\\\/www.erdiunver.de\\\/en\\\/product\\\/reversible-belt-in-crocodile-light-brown\\\/\"]}]},{\"@type\":\"ImageObject\",\"inLanguage\":\"en-US\",\"@id\":\"https:\\\/\\\/www.erdiunver.de\\\/en\\\/product\\\/reversible-belt-in-crocodile-light-brown\\\/#primaryimage\",\"url\":\"https:\\\/\\\/www.erdiunver.de\\\/wp-content\\\/uploads\\\/krokodilleder-guertel-herren-damen-hellbraun-braun-32mm-40mm-lederguertel-ohne-schnalle-fuer-h-guertelschnalle-kroko.jpg\",\"contentUrl\":\"https:\\\/\\\/www.erdiunver.de\\\/wp-content\\\/uploads\\\/krokodilleder-guertel-herren-damen-hellbraun-braun-32mm-40mm-lederguertel-ohne-schnalle-fuer-h-guertelschnalle-kroko.jpg\",\"width\":1600,\"height\":1600,\"caption\":\"Crocodile Belt Men &amp; Women Light Brown Cognac 32 mm or 40 mm Leather Belt without Buckle for H Belt Buckle\"},{\"@type\":\"BreadcrumbList\",\"@id\":\"https:\\\/\\\/www.erdiunver.de\\\/en\\\/product\\\/reversible-belt-in-crocodile-light-brown\\\/#breadcrumb\",\"itemListElement\":[{\"@type\":\"ListItem\",\"position\":1,\"name\":\"Startseite\",\"item\":\"https:\\\/\\\/www.erdiunver.de\\\/en\\\/\"},{\"@type\":\"ListItem\",\"position\":2,\"name\":\"Shop\",\"item\":\"https:\\\/\\\/www.erdiunver.de\\\/en\\\/shop-2\\\/\"},{\"@type\":\"ListItem\",\"position\":3,\"name\":\"Reversible Belt in Crocodile Light Brown 32mm\"}]},{\"@type\":\"WebSite\",\"@id\":\"https:\\\/\\\/www.erdiunver.de\\\/en\\\/#website\",\"url\":\"https:\\\/\\\/www.erdiunver.de\\\/en\\\/\",\"name\":\"Erdi \u00dcnver hochwertige Lederg\u00fcrtel aus echtem Leder f\u00fcr Damen & Herren\",\"description\":\"Wendeg\u00fcrtel Taschen H G\u00fcrtel aus Leder hochwertig und Preiswert\",\"potentialAction\":[{\"@type\":\"SearchAction\",\"target\":{\"@type\":\"EntryPoint\",\"urlTemplate\":\"https:\\\/\\\/www.erdiunver.de\\\/en\\\/?s={search_term_string}\"},\"query-input\":{\"@type\":\"PropertyValueSpecification\",\"valueRequired\":true,\"valueName\":\"search_term_string\"}}],\"inLanguage\":\"en-US\"}]}<\/script>\n<!-- \/ Yoast SEO plugin. -->","yoast_head_json":{"title":"Reversible Belt in Crocodile Light Brown 32mm","robots":{"index":"index","follow":"follow","max-snippet":"max-snippet:-1","max-image-preview":"max-image-preview:large","max-video-preview":"max-video-preview:-1"},"canonical":"https:\/\/www.erdiunver.de\/en\/product\/reversible-belt-in-crocodile-light-brown\/","og_locale":"en_US","og_type":"article","og_title":"Reversible Belt in Crocodile Light Brown 32mm","og_description":"Elegant leather belt in eternal design \u2013 men&#8217;s belt in crocodile look, cognac black matte With this man&#8217;s belt you can skillfully set accents in the various situations of everyday life, thanks to its reversible function, there are endless style combinations. The leather belt convinces with its two colors in cognac and matte black. The [...]","og_url":"https:\/\/www.erdiunver.de\/en\/product\/reversible-belt-in-crocodile-light-brown\/","og_site_name":"Erdi \u00dcnver hochwertige Lederg\u00fcrtel aus echtem Leder f\u00fcr Damen &amp; Herren","article_modified_time":"2025-04-27T09:31:29+00:00","og_image":[{"width":1600,"height":1600,"url":"https:\/\/www.erdiunver.de\/wp-content\/uploads\/krokodilleder-guertel-herren-damen-hellbraun-braun-32mm-40mm-lederguertel-ohne-schnalle-fuer-h-guertelschnalle-kroko.jpg","type":"image\/jpeg"}],"twitter_card":"summary_large_image","twitter_misc":{"Est. reading time":"1 minute"},"schema":{"@context":"https:\/\/schema.org","@graph":[{"@type":"WebPage","@id":"https:\/\/www.erdiunver.de\/en\/product\/reversible-belt-in-crocodile-light-brown\/","url":"https:\/\/www.erdiunver.de\/en\/product\/reversible-belt-in-crocodile-light-brown\/","name":"Reversible Belt in Crocodile Light Brown 32mm","isPartOf":{"@id":"https:\/\/www.erdiunver.de\/en\/#website"},"primaryImageOfPage":{"@id":"https:\/\/www.erdiunver.de\/en\/product\/reversible-belt-in-crocodile-light-brown\/#primaryimage"},"image":{"@id":"https:\/\/www.erdiunver.de\/en\/product\/reversible-belt-in-crocodile-light-brown\/#primaryimage"},"thumbnailUrl":"https:\/\/www.erdiunver.de\/wp-content\/uploads\/krokodilleder-guertel-herren-damen-hellbraun-braun-32mm-40mm-lederguertel-ohne-schnalle-fuer-h-guertelschnalle-kroko.jpg","datePublished":"2022-01-07T11:15:29+00:00","dateModified":"2025-04-27T09:31:29+00:00","breadcrumb":{"@id":"https:\/\/www.erdiunver.de\/en\/product\/reversible-belt-in-crocodile-light-brown\/#breadcrumb"},"inLanguage":"en-US","potentialAction":[{"@type":"ReadAction","target":["https:\/\/www.erdiunver.de\/en\/product\/reversible-belt-in-crocodile-light-brown\/"]}]},{"@type":"ImageObject","inLanguage":"en-US","@id":"https:\/\/www.erdiunver.de\/en\/product\/reversible-belt-in-crocodile-light-brown\/#primaryimage","url":"https:\/\/www.erdiunver.de\/wp-content\/uploads\/krokodilleder-guertel-herren-damen-hellbraun-braun-32mm-40mm-lederguertel-ohne-schnalle-fuer-h-guertelschnalle-kroko.jpg","contentUrl":"https:\/\/www.erdiunver.de\/wp-content\/uploads\/krokodilleder-guertel-herren-damen-hellbraun-braun-32mm-40mm-lederguertel-ohne-schnalle-fuer-h-guertelschnalle-kroko.jpg","width":1600,"height":1600,"caption":"Crocodile Belt Men &amp; Women Light Brown Cognac 32 mm or 40 mm Leather Belt without Buckle for H Belt Buckle"},{"@type":"BreadcrumbList","@id":"https:\/\/www.erdiunver.de\/en\/product\/reversible-belt-in-crocodile-light-brown\/#breadcrumb","itemListElement":[{"@type":"ListItem","position":1,"name":"Startseite","item":"https:\/\/www.erdiunver.de\/en\/"},{"@type":"ListItem","position":2,"name":"Shop","item":"https:\/\/www.erdiunver.de\/en\/shop-2\/"},{"@type":"ListItem","position":3,"name":"Reversible Belt in Crocodile Light Brown 32mm"}]},{"@type":"WebSite","@id":"https:\/\/www.erdiunver.de\/en\/#website","url":"https:\/\/www.erdiunver.de\/en\/","name":"Erdi \u00dcnver hochwertige Lederg\u00fcrtel aus echtem Leder f\u00fcr Damen & Herren","description":"Wendeg\u00fcrtel Taschen H G\u00fcrtel aus Leder hochwertig und Preiswert","potentialAction":[{"@type":"SearchAction","target":{"@type":"EntryPoint","urlTemplate":"https:\/\/www.erdiunver.de\/en\/?s={search_term_string}"},"query-input":{"@type":"PropertyValueSpecification","valueRequired":true,"valueName":"search_term_string"}}],"inLanguage":"en-US"}]}},"_links":{"self":[{"href":"https:\/\/www.erdiunver.de\/en\/wp-json\/wp\/v2\/product\/63906","targetHints":{"allow":["GET"]}}],"collection":[{"href":"https:\/\/www.erdiunver.de\/en\/wp-json\/wp\/v2\/product"}],"about":[{"href":"https:\/\/www.erdiunver.de\/en\/wp-json\/wp\/v2\/types\/product"}],"replies":[{"embeddable":true,"href":"https:\/\/www.erdiunver.de\/en\/wp-json\/wp\/v2\/comments?post=63906"}],"wp:featuredmedia":[{"embeddable":true,"href":"https:\/\/www.erdiunver.de\/en\/wp-json\/wp\/v2\/media\/31819"}],"wp:attachment":[{"href":"https:\/\/www.erdiunver.de\/en\/wp-json\/wp\/v2\/media?parent=63906"}],"wp:term":[{"taxonomy":"product_brand","embeddable":true,"href":"https:\/\/www.erdiunver.de\/en\/wp-json\/wp\/v2\/product_brand?post=63906"},{"taxonomy":"product_cat","embeddable":true,"href":"https:\/\/www.erdiunver.de\/en\/wp-json\/wp\/v2\/product_cat?post=63906"},{"taxonomy":"product_tag","embeddable":true,"href":"https:\/\/www.erdiunver.de\/en\/wp-json\/wp\/v2\/product_tag?post=63906"}],"curies":[{"name":"wp","href":"https:\/\/api.w.org\/{rel}","templated":true}]}}