{"id":63875,"date":"2021-07-26T12:12:38","date_gmt":"2022-01-07T11:11:09","guid":{"rendered":"https:\/\/www.erdiunver.de\/product\/reversible-belt-in-light-brown-32mm\/"},"modified":"2024-03-17T04:37:18","modified_gmt":"2024-03-17T03:37:18","slug":"reversible-belt-in-light-brown","status":"publish","type":"product","link":"https:\/\/www.erdiunver.de\/en\/product\/reversible-belt-in-light-brown\/","title":{"rendered":"Reversible Belt in Light Brown 32mm"},"content":{"rendered":"<h2>Elegant timeless <strong>leather belt<\/strong> in practical colors \u2013 <strong>Women leather belt<\/strong> in light brown\/black<\/h2>\n<p>This stylish <strong><em>leather belt<\/em><\/strong> is particularly suitable for a flexible combination in the office and everyday life: the <em>women&#8217;s belt<\/em> made of full-grain <em>calfskin<\/em> is a practical combination of <strong><em>light brown and black<\/em><\/strong>. The light brown side is made of <em>calfskin<\/em> and can be turned: The reverse side is wrapped in classic black leather. The <em>belt<\/em> has a <strong><em>Width of 31mm<\/em><\/strong> on. Since the <strong><em>Leather belt <\/em><\/strong>can be turned, it is perfect for any situation in life, always look top current.<\/p>\n","protected":false},"excerpt":{"rendered":"<p>Elegant timeless leather belt in practical colors \u2013 Women leather belt in light brown\/black This stylish leather belt is particularly suitable for a flexible combination in the office and everyday life: the women&#8217;s belt made of full-grain calfskin is a practical combination of light brown and black. The light brown side is made of calfskin [&#8230;]\n","protected":false},"featured_media":31809,"comment_status":"open","ping_status":"closed","template":"","meta":[],"product_brand":[],"product_cat":[250,240,238,249],"product_tag":[],"class_list":{"0":"post-63875","1":"product","2":"type-product","3":"status-publish","4":"has-post-thumbnail","6":"product_cat-32mm-reversible-belt-without-buckle-men","7":"product_cat-belt-men","8":"product_cat-men","9":"product_cat-reversible-belt-without-buckle-men","11":"first","12":"instock","13":"taxable","14":"shipping-taxable","15":"purchasable","16":"product-type-variable"},"yoast_head":"<!-- This site is optimized with the Yoast SEO plugin v27.4 - https:\/\/yoast.com\/product\/yoast-seo-wordpress\/ -->\n<title>Reversible Belt in Light Brown 32mm<\/title>\n<meta name=\"robots\" content=\"index, follow, max-snippet:-1, max-image-preview:large, max-video-preview:-1\" \/>\n<link rel=\"canonical\" href=\"https:\/\/www.erdiunver.de\/en\/product\/reversible-belt-in-light-brown\/\" \/>\n<meta property=\"og:locale\" content=\"en_US\" \/>\n<meta property=\"og:type\" content=\"article\" \/>\n<meta property=\"og:title\" content=\"Reversible Belt in Light Brown 32mm\" \/>\n<meta property=\"og:description\" content=\"Elegant timeless leather belt in practical colors \u2013 Women leather belt in light brown\/black This stylish leather belt is particularly suitable for a flexible combination in the office and everyday life: the women&#8217;s belt made of full-grain calfskin is a practical combination of light brown and black. The light brown side is made of calfskin [...]\" \/>\n<meta property=\"og:url\" content=\"https:\/\/www.erdiunver.de\/en\/product\/reversible-belt-in-light-brown\/\" \/>\n<meta property=\"og:site_name\" content=\"Erdi \u00dcnver hochwertige Lederg\u00fcrtel aus echtem Leder f\u00fcr Damen &amp; Herren\" \/>\n<meta property=\"article:modified_time\" content=\"2024-03-17T03:37:18+00:00\" \/>\n<meta property=\"og:image\" content=\"https:\/\/www.erdiunver.de\/wp-content\/uploads\/lederguertel-fuer-h-guertelschnalle-wechselguertel-in-32-mm-oder-40mm-in-hellbraun.jpg\" \/>\n\t<meta property=\"og:image:width\" content=\"1600\" \/>\n\t<meta property=\"og:image:height\" content=\"1600\" \/>\n\t<meta property=\"og:image:type\" content=\"image\/jpeg\" \/>\n<meta name=\"twitter:card\" content=\"summary_large_image\" \/>\n<script type=\"application\/ld+json\" class=\"yoast-schema-graph\">{\"@context\":\"https:\\\/\\\/schema.org\",\"@graph\":[{\"@type\":\"WebPage\",\"@id\":\"https:\\\/\\\/www.erdiunver.de\\\/en\\\/product\\\/reversible-belt-in-light-brown\\\/\",\"url\":\"https:\\\/\\\/www.erdiunver.de\\\/en\\\/product\\\/reversible-belt-in-light-brown\\\/\",\"name\":\"Reversible Belt in Light Brown 32mm\",\"isPartOf\":{\"@id\":\"https:\\\/\\\/www.erdiunver.de\\\/en\\\/#website\"},\"primaryImageOfPage\":{\"@id\":\"https:\\\/\\\/www.erdiunver.de\\\/en\\\/product\\\/reversible-belt-in-light-brown\\\/#primaryimage\"},\"image\":{\"@id\":\"https:\\\/\\\/www.erdiunver.de\\\/en\\\/product\\\/reversible-belt-in-light-brown\\\/#primaryimage\"},\"thumbnailUrl\":\"https:\\\/\\\/www.erdiunver.de\\\/wp-content\\\/uploads\\\/lederguertel-fuer-h-guertelschnalle-wechselguertel-in-32-mm-oder-40mm-in-hellbraun.jpg\",\"datePublished\":\"2022-01-07T11:11:09+00:00\",\"dateModified\":\"2024-03-17T03:37:18+00:00\",\"breadcrumb\":{\"@id\":\"https:\\\/\\\/www.erdiunver.de\\\/en\\\/product\\\/reversible-belt-in-light-brown\\\/#breadcrumb\"},\"inLanguage\":\"en-US\",\"potentialAction\":[{\"@type\":\"ReadAction\",\"target\":[\"https:\\\/\\\/www.erdiunver.de\\\/en\\\/product\\\/reversible-belt-in-light-brown\\\/\"]}]},{\"@type\":\"ImageObject\",\"inLanguage\":\"en-US\",\"@id\":\"https:\\\/\\\/www.erdiunver.de\\\/en\\\/product\\\/reversible-belt-in-light-brown\\\/#primaryimage\",\"url\":\"https:\\\/\\\/www.erdiunver.de\\\/wp-content\\\/uploads\\\/lederguertel-fuer-h-guertelschnalle-wechselguertel-in-32-mm-oder-40mm-in-hellbraun.jpg\",\"contentUrl\":\"https:\\\/\\\/www.erdiunver.de\\\/wp-content\\\/uploads\\\/lederguertel-fuer-h-guertelschnalle-wechselguertel-in-32-mm-oder-40mm-in-hellbraun.jpg\",\"width\":1600,\"height\":1600,\"caption\":\"Belt for H belt buckle in light brown as 32 mm or 40 mm alternative as change belt\"},{\"@type\":\"BreadcrumbList\",\"@id\":\"https:\\\/\\\/www.erdiunver.de\\\/en\\\/product\\\/reversible-belt-in-light-brown\\\/#breadcrumb\",\"itemListElement\":[{\"@type\":\"ListItem\",\"position\":1,\"name\":\"Startseite\",\"item\":\"https:\\\/\\\/www.erdiunver.de\\\/en\\\/\"},{\"@type\":\"ListItem\",\"position\":2,\"name\":\"Shop\",\"item\":\"https:\\\/\\\/www.erdiunver.de\\\/en\\\/shop-2\\\/\"},{\"@type\":\"ListItem\",\"position\":3,\"name\":\"Reversible Belt in Light Brown 32mm\"}]},{\"@type\":\"WebSite\",\"@id\":\"https:\\\/\\\/www.erdiunver.de\\\/en\\\/#website\",\"url\":\"https:\\\/\\\/www.erdiunver.de\\\/en\\\/\",\"name\":\"Erdi \u00dcnver hochwertige Lederg\u00fcrtel aus echtem Leder f\u00fcr Damen & Herren\",\"description\":\"Wendeg\u00fcrtel Taschen H G\u00fcrtel aus Leder hochwertig und Preiswert\",\"potentialAction\":[{\"@type\":\"SearchAction\",\"target\":{\"@type\":\"EntryPoint\",\"urlTemplate\":\"https:\\\/\\\/www.erdiunver.de\\\/en\\\/?s={search_term_string}\"},\"query-input\":{\"@type\":\"PropertyValueSpecification\",\"valueRequired\":true,\"valueName\":\"search_term_string\"}}],\"inLanguage\":\"en-US\"}]}<\/script>\n<!-- \/ Yoast SEO plugin. -->","yoast_head_json":{"title":"Reversible Belt in Light Brown 32mm","robots":{"index":"index","follow":"follow","max-snippet":"max-snippet:-1","max-image-preview":"max-image-preview:large","max-video-preview":"max-video-preview:-1"},"canonical":"https:\/\/www.erdiunver.de\/en\/product\/reversible-belt-in-light-brown\/","og_locale":"en_US","og_type":"article","og_title":"Reversible Belt in Light Brown 32mm","og_description":"Elegant timeless leather belt in practical colors \u2013 Women leather belt in light brown\/black This stylish leather belt is particularly suitable for a flexible combination in the office and everyday life: the women&#8217;s belt made of full-grain calfskin is a practical combination of light brown and black. The light brown side is made of calfskin [...]","og_url":"https:\/\/www.erdiunver.de\/en\/product\/reversible-belt-in-light-brown\/","og_site_name":"Erdi \u00dcnver hochwertige Lederg\u00fcrtel aus echtem Leder f\u00fcr Damen &amp; Herren","article_modified_time":"2024-03-17T03:37:18+00:00","og_image":[{"width":1600,"height":1600,"url":"https:\/\/www.erdiunver.de\/wp-content\/uploads\/lederguertel-fuer-h-guertelschnalle-wechselguertel-in-32-mm-oder-40mm-in-hellbraun.jpg","type":"image\/jpeg"}],"twitter_card":"summary_large_image","schema":{"@context":"https:\/\/schema.org","@graph":[{"@type":"WebPage","@id":"https:\/\/www.erdiunver.de\/en\/product\/reversible-belt-in-light-brown\/","url":"https:\/\/www.erdiunver.de\/en\/product\/reversible-belt-in-light-brown\/","name":"Reversible Belt in Light Brown 32mm","isPartOf":{"@id":"https:\/\/www.erdiunver.de\/en\/#website"},"primaryImageOfPage":{"@id":"https:\/\/www.erdiunver.de\/en\/product\/reversible-belt-in-light-brown\/#primaryimage"},"image":{"@id":"https:\/\/www.erdiunver.de\/en\/product\/reversible-belt-in-light-brown\/#primaryimage"},"thumbnailUrl":"https:\/\/www.erdiunver.de\/wp-content\/uploads\/lederguertel-fuer-h-guertelschnalle-wechselguertel-in-32-mm-oder-40mm-in-hellbraun.jpg","datePublished":"2022-01-07T11:11:09+00:00","dateModified":"2024-03-17T03:37:18+00:00","breadcrumb":{"@id":"https:\/\/www.erdiunver.de\/en\/product\/reversible-belt-in-light-brown\/#breadcrumb"},"inLanguage":"en-US","potentialAction":[{"@type":"ReadAction","target":["https:\/\/www.erdiunver.de\/en\/product\/reversible-belt-in-light-brown\/"]}]},{"@type":"ImageObject","inLanguage":"en-US","@id":"https:\/\/www.erdiunver.de\/en\/product\/reversible-belt-in-light-brown\/#primaryimage","url":"https:\/\/www.erdiunver.de\/wp-content\/uploads\/lederguertel-fuer-h-guertelschnalle-wechselguertel-in-32-mm-oder-40mm-in-hellbraun.jpg","contentUrl":"https:\/\/www.erdiunver.de\/wp-content\/uploads\/lederguertel-fuer-h-guertelschnalle-wechselguertel-in-32-mm-oder-40mm-in-hellbraun.jpg","width":1600,"height":1600,"caption":"Belt for H belt buckle in light brown as 32 mm or 40 mm alternative as change belt"},{"@type":"BreadcrumbList","@id":"https:\/\/www.erdiunver.de\/en\/product\/reversible-belt-in-light-brown\/#breadcrumb","itemListElement":[{"@type":"ListItem","position":1,"name":"Startseite","item":"https:\/\/www.erdiunver.de\/en\/"},{"@type":"ListItem","position":2,"name":"Shop","item":"https:\/\/www.erdiunver.de\/en\/shop-2\/"},{"@type":"ListItem","position":3,"name":"Reversible Belt in Light Brown 32mm"}]},{"@type":"WebSite","@id":"https:\/\/www.erdiunver.de\/en\/#website","url":"https:\/\/www.erdiunver.de\/en\/","name":"Erdi \u00dcnver hochwertige Lederg\u00fcrtel aus echtem Leder f\u00fcr Damen & Herren","description":"Wendeg\u00fcrtel Taschen H G\u00fcrtel aus Leder hochwertig und Preiswert","potentialAction":[{"@type":"SearchAction","target":{"@type":"EntryPoint","urlTemplate":"https:\/\/www.erdiunver.de\/en\/?s={search_term_string}"},"query-input":{"@type":"PropertyValueSpecification","valueRequired":true,"valueName":"search_term_string"}}],"inLanguage":"en-US"}]}},"_links":{"self":[{"href":"https:\/\/www.erdiunver.de\/en\/wp-json\/wp\/v2\/product\/63875","targetHints":{"allow":["GET"]}}],"collection":[{"href":"https:\/\/www.erdiunver.de\/en\/wp-json\/wp\/v2\/product"}],"about":[{"href":"https:\/\/www.erdiunver.de\/en\/wp-json\/wp\/v2\/types\/product"}],"replies":[{"embeddable":true,"href":"https:\/\/www.erdiunver.de\/en\/wp-json\/wp\/v2\/comments?post=63875"}],"wp:featuredmedia":[{"embeddable":true,"href":"https:\/\/www.erdiunver.de\/en\/wp-json\/wp\/v2\/media\/31809"}],"wp:attachment":[{"href":"https:\/\/www.erdiunver.de\/en\/wp-json\/wp\/v2\/media?parent=63875"}],"wp:term":[{"taxonomy":"product_brand","embeddable":true,"href":"https:\/\/www.erdiunver.de\/en\/wp-json\/wp\/v2\/product_brand?post=63875"},{"taxonomy":"product_cat","embeddable":true,"href":"https:\/\/www.erdiunver.de\/en\/wp-json\/wp\/v2\/product_cat?post=63875"},{"taxonomy":"product_tag","embeddable":true,"href":"https:\/\/www.erdiunver.de\/en\/wp-json\/wp\/v2\/product_tag?post=63875"}],"curies":[{"name":"wp","href":"https:\/\/api.w.org\/{rel}","templated":true}]}}