{"id":63756,"date":"2021-07-27T09:21:14","date_gmt":"2022-01-07T10:40:25","guid":{"rendered":"https:\/\/www.erdiunver.de\/product\/reversible-belt-in-bordo-32mm\/"},"modified":"2022-01-07T11:40:25","modified_gmt":"2022-01-07T10:40:25","slug":"reversible-belt-in-bordo-3","status":"publish","type":"product","link":"https:\/\/www.erdiunver.de\/en\/product\/reversible-belt-in-bordo-3\/","title":{"rendered":"Reversible Belt in Bordo 32mm"},"content":{"rendered":"<h2>Chic men&#8217;s leather belt in Bordo \/ black with a width of 32mm<\/h2>\n<p>Style-conscious and trendy <strong>men<\/strong> appreciate the charisma of a <strong>high-quality and elegant reversible belt.<\/strong> Especially the <strong>reversible belt made of full-grain calfskin<\/strong> with a <strong>bordeaux red and black strap<\/strong> enchants with a pleasant width of around 32 mm. Every outfit can be optimally complemented with this fashionable companion. Whether casual, casual or chic. Many combinations and variations are possible. In the morning in the office, the<strong>leather belt<\/strong>can shine perfectly with jeans, boots and a simple shirt. And if you go to town in the afternoon, you can simply turn the <strong>belt<\/strong> to the bordo red side and create a real eye-catcher. Combined with shoes in the same bordo red color, every outfit looks overall harmonious. So let yourself be enchanted by the various and diverse possibilities of our leather belts and find your favorite combination today.<\/p>\n","protected":false},"excerpt":{"rendered":"<p>Chic men&#8217;s leather belt in Bordo \/ black with a width of 32mm Style-conscious and trendy men appreciate the charisma of a high-quality and elegant reversible belt. Especially the reversible belt made of full-grain calfskin with a bordeaux red and black strap enchants with a pleasant width of around 32 mm. Every outfit can be [&#8230;]\n","protected":false},"featured_media":31808,"comment_status":"open","ping_status":"closed","template":"","meta":[],"product_brand":[],"product_cat":[250,240,238,249],"product_tag":[],"class_list":{"0":"post-63756","1":"product","2":"type-product","3":"status-publish","4":"has-post-thumbnail","6":"product_cat-32mm-reversible-belt-without-buckle-men","7":"product_cat-belt-men","8":"product_cat-men","9":"product_cat-reversible-belt-without-buckle-men","11":"first","12":"instock","13":"taxable","14":"shipping-taxable","15":"purchasable","16":"product-type-variable"},"yoast_head":"<!-- This site is optimized with the Yoast SEO plugin v27.4 - https:\/\/yoast.com\/product\/yoast-seo-wordpress\/ -->\n<title>Reversible Belt in Bordo 32mm<\/title>\n<meta name=\"robots\" content=\"index, follow, max-snippet:-1, max-image-preview:large, max-video-preview:-1\" \/>\n<link rel=\"canonical\" href=\"https:\/\/www.erdiunver.de\/en\/product\/reversible-belt-in-bordo-3\/\" \/>\n<meta property=\"og:locale\" content=\"en_US\" \/>\n<meta property=\"og:type\" content=\"article\" \/>\n<meta property=\"og:title\" content=\"Reversible Belt in Bordo 32mm\" \/>\n<meta property=\"og:description\" content=\"Chic men&#8217;s leather belt in Bordo \/ black with a width of 32mm Style-conscious and trendy men appreciate the charisma of a high-quality and elegant reversible belt. Especially the reversible belt made of full-grain calfskin with a bordeaux red and black strap enchants with a pleasant width of around 32 mm. Every outfit can be [...]\" \/>\n<meta property=\"og:url\" content=\"https:\/\/www.erdiunver.de\/en\/product\/reversible-belt-in-bordo-3\/\" \/>\n<meta property=\"og:site_name\" content=\"Erdi \u00dcnver hochwertige Lederg\u00fcrtel aus echtem Leder f\u00fcr Damen &amp; Herren\" \/>\n<meta property=\"og:image\" content=\"https:\/\/www.erdiunver.de\/wp-content\/uploads\/wendeguertel-wechselguertel-in-32-mm-und-40mm-in-bordo.jpg\" \/>\n\t<meta property=\"og:image:width\" content=\"1600\" \/>\n\t<meta property=\"og:image:height\" content=\"1600\" \/>\n\t<meta property=\"og:image:type\" content=\"image\/jpeg\" \/>\n<meta name=\"twitter:card\" content=\"summary_large_image\" \/>\n<meta name=\"twitter:label1\" content=\"Est. reading time\" \/>\n\t<meta name=\"twitter:data1\" content=\"1 minute\" \/>\n<script type=\"application\/ld+json\" class=\"yoast-schema-graph\">{\"@context\":\"https:\\\/\\\/schema.org\",\"@graph\":[{\"@type\":\"WebPage\",\"@id\":\"https:\\\/\\\/www.erdiunver.de\\\/en\\\/product\\\/reversible-belt-in-bordo-3\\\/\",\"url\":\"https:\\\/\\\/www.erdiunver.de\\\/en\\\/product\\\/reversible-belt-in-bordo-3\\\/\",\"name\":\"Reversible Belt in Bordo 32mm\",\"isPartOf\":{\"@id\":\"https:\\\/\\\/www.erdiunver.de\\\/en\\\/#website\"},\"primaryImageOfPage\":{\"@id\":\"https:\\\/\\\/www.erdiunver.de\\\/en\\\/product\\\/reversible-belt-in-bordo-3\\\/#primaryimage\"},\"image\":{\"@id\":\"https:\\\/\\\/www.erdiunver.de\\\/en\\\/product\\\/reversible-belt-in-bordo-3\\\/#primaryimage\"},\"thumbnailUrl\":\"https:\\\/\\\/www.erdiunver.de\\\/wp-content\\\/uploads\\\/wendeguertel-wechselguertel-in-32-mm-und-40mm-in-bordo.jpg\",\"datePublished\":\"2022-01-07T10:40:25+00:00\",\"breadcrumb\":{\"@id\":\"https:\\\/\\\/www.erdiunver.de\\\/en\\\/product\\\/reversible-belt-in-bordo-3\\\/#breadcrumb\"},\"inLanguage\":\"en-US\",\"potentialAction\":[{\"@type\":\"ReadAction\",\"target\":[\"https:\\\/\\\/www.erdiunver.de\\\/en\\\/product\\\/reversible-belt-in-bordo-3\\\/\"]}]},{\"@type\":\"ImageObject\",\"inLanguage\":\"en-US\",\"@id\":\"https:\\\/\\\/www.erdiunver.de\\\/en\\\/product\\\/reversible-belt-in-bordo-3\\\/#primaryimage\",\"url\":\"https:\\\/\\\/www.erdiunver.de\\\/wp-content\\\/uploads\\\/wendeguertel-wechselguertel-in-32-mm-und-40mm-in-bordo.jpg\",\"contentUrl\":\"https:\\\/\\\/www.erdiunver.de\\\/wp-content\\\/uploads\\\/wendeguertel-wechselguertel-in-32-mm-und-40mm-in-bordo.jpg\",\"width\":1600,\"height\":1600,\"caption\":\"Leather belt in 32 mm or 40mm in Bordo for letters belt buckle\"},{\"@type\":\"BreadcrumbList\",\"@id\":\"https:\\\/\\\/www.erdiunver.de\\\/en\\\/product\\\/reversible-belt-in-bordo-3\\\/#breadcrumb\",\"itemListElement\":[{\"@type\":\"ListItem\",\"position\":1,\"name\":\"Startseite\",\"item\":\"https:\\\/\\\/www.erdiunver.de\\\/en\\\/\"},{\"@type\":\"ListItem\",\"position\":2,\"name\":\"Shop\",\"item\":\"https:\\\/\\\/www.erdiunver.de\\\/en\\\/shop-2\\\/\"},{\"@type\":\"ListItem\",\"position\":3,\"name\":\"Reversible Belt in Bordo 32mm\"}]},{\"@type\":\"WebSite\",\"@id\":\"https:\\\/\\\/www.erdiunver.de\\\/en\\\/#website\",\"url\":\"https:\\\/\\\/www.erdiunver.de\\\/en\\\/\",\"name\":\"Erdi \u00dcnver hochwertige Lederg\u00fcrtel aus echtem Leder f\u00fcr Damen & Herren\",\"description\":\"Wendeg\u00fcrtel Taschen H G\u00fcrtel aus Leder hochwertig und Preiswert\",\"potentialAction\":[{\"@type\":\"SearchAction\",\"target\":{\"@type\":\"EntryPoint\",\"urlTemplate\":\"https:\\\/\\\/www.erdiunver.de\\\/en\\\/?s={search_term_string}\"},\"query-input\":{\"@type\":\"PropertyValueSpecification\",\"valueRequired\":true,\"valueName\":\"search_term_string\"}}],\"inLanguage\":\"en-US\"}]}<\/script>\n<!-- \/ Yoast SEO plugin. -->","yoast_head_json":{"title":"Reversible Belt in Bordo 32mm","robots":{"index":"index","follow":"follow","max-snippet":"max-snippet:-1","max-image-preview":"max-image-preview:large","max-video-preview":"max-video-preview:-1"},"canonical":"https:\/\/www.erdiunver.de\/en\/product\/reversible-belt-in-bordo-3\/","og_locale":"en_US","og_type":"article","og_title":"Reversible Belt in Bordo 32mm","og_description":"Chic men&#8217;s leather belt in Bordo \/ black with a width of 32mm Style-conscious and trendy men appreciate the charisma of a high-quality and elegant reversible belt. Especially the reversible belt made of full-grain calfskin with a bordeaux red and black strap enchants with a pleasant width of around 32 mm. Every outfit can be [...]","og_url":"https:\/\/www.erdiunver.de\/en\/product\/reversible-belt-in-bordo-3\/","og_site_name":"Erdi \u00dcnver hochwertige Lederg\u00fcrtel aus echtem Leder f\u00fcr Damen &amp; Herren","og_image":[{"width":1600,"height":1600,"url":"https:\/\/www.erdiunver.de\/wp-content\/uploads\/wendeguertel-wechselguertel-in-32-mm-und-40mm-in-bordo.jpg","type":"image\/jpeg"}],"twitter_card":"summary_large_image","twitter_misc":{"Est. reading time":"1 minute"},"schema":{"@context":"https:\/\/schema.org","@graph":[{"@type":"WebPage","@id":"https:\/\/www.erdiunver.de\/en\/product\/reversible-belt-in-bordo-3\/","url":"https:\/\/www.erdiunver.de\/en\/product\/reversible-belt-in-bordo-3\/","name":"Reversible Belt in Bordo 32mm","isPartOf":{"@id":"https:\/\/www.erdiunver.de\/en\/#website"},"primaryImageOfPage":{"@id":"https:\/\/www.erdiunver.de\/en\/product\/reversible-belt-in-bordo-3\/#primaryimage"},"image":{"@id":"https:\/\/www.erdiunver.de\/en\/product\/reversible-belt-in-bordo-3\/#primaryimage"},"thumbnailUrl":"https:\/\/www.erdiunver.de\/wp-content\/uploads\/wendeguertel-wechselguertel-in-32-mm-und-40mm-in-bordo.jpg","datePublished":"2022-01-07T10:40:25+00:00","breadcrumb":{"@id":"https:\/\/www.erdiunver.de\/en\/product\/reversible-belt-in-bordo-3\/#breadcrumb"},"inLanguage":"en-US","potentialAction":[{"@type":"ReadAction","target":["https:\/\/www.erdiunver.de\/en\/product\/reversible-belt-in-bordo-3\/"]}]},{"@type":"ImageObject","inLanguage":"en-US","@id":"https:\/\/www.erdiunver.de\/en\/product\/reversible-belt-in-bordo-3\/#primaryimage","url":"https:\/\/www.erdiunver.de\/wp-content\/uploads\/wendeguertel-wechselguertel-in-32-mm-und-40mm-in-bordo.jpg","contentUrl":"https:\/\/www.erdiunver.de\/wp-content\/uploads\/wendeguertel-wechselguertel-in-32-mm-und-40mm-in-bordo.jpg","width":1600,"height":1600,"caption":"Leather belt in 32 mm or 40mm in Bordo for letters belt buckle"},{"@type":"BreadcrumbList","@id":"https:\/\/www.erdiunver.de\/en\/product\/reversible-belt-in-bordo-3\/#breadcrumb","itemListElement":[{"@type":"ListItem","position":1,"name":"Startseite","item":"https:\/\/www.erdiunver.de\/en\/"},{"@type":"ListItem","position":2,"name":"Shop","item":"https:\/\/www.erdiunver.de\/en\/shop-2\/"},{"@type":"ListItem","position":3,"name":"Reversible Belt in Bordo 32mm"}]},{"@type":"WebSite","@id":"https:\/\/www.erdiunver.de\/en\/#website","url":"https:\/\/www.erdiunver.de\/en\/","name":"Erdi \u00dcnver hochwertige Lederg\u00fcrtel aus echtem Leder f\u00fcr Damen & Herren","description":"Wendeg\u00fcrtel Taschen H G\u00fcrtel aus Leder hochwertig und Preiswert","potentialAction":[{"@type":"SearchAction","target":{"@type":"EntryPoint","urlTemplate":"https:\/\/www.erdiunver.de\/en\/?s={search_term_string}"},"query-input":{"@type":"PropertyValueSpecification","valueRequired":true,"valueName":"search_term_string"}}],"inLanguage":"en-US"}]}},"_links":{"self":[{"href":"https:\/\/www.erdiunver.de\/en\/wp-json\/wp\/v2\/product\/63756","targetHints":{"allow":["GET"]}}],"collection":[{"href":"https:\/\/www.erdiunver.de\/en\/wp-json\/wp\/v2\/product"}],"about":[{"href":"https:\/\/www.erdiunver.de\/en\/wp-json\/wp\/v2\/types\/product"}],"replies":[{"embeddable":true,"href":"https:\/\/www.erdiunver.de\/en\/wp-json\/wp\/v2\/comments?post=63756"}],"wp:featuredmedia":[{"embeddable":true,"href":"https:\/\/www.erdiunver.de\/en\/wp-json\/wp\/v2\/media\/31808"}],"wp:attachment":[{"href":"https:\/\/www.erdiunver.de\/en\/wp-json\/wp\/v2\/media?parent=63756"}],"wp:term":[{"taxonomy":"product_brand","embeddable":true,"href":"https:\/\/www.erdiunver.de\/en\/wp-json\/wp\/v2\/product_brand?post=63756"},{"taxonomy":"product_cat","embeddable":true,"href":"https:\/\/www.erdiunver.de\/en\/wp-json\/wp\/v2\/product_cat?post=63756"},{"taxonomy":"product_tag","embeddable":true,"href":"https:\/\/www.erdiunver.de\/en\/wp-json\/wp\/v2\/product_tag?post=63756"}],"curies":[{"name":"wp","href":"https:\/\/api.w.org\/{rel}","templated":true}]}}