{"id":63411,"date":"2021-07-30T17:18:33","date_gmt":"2022-01-07T09:37:46","guid":{"rendered":"https:\/\/www.erdiunver.de\/product\/leather-belt-in-white-with-h-buckle-32mm\/"},"modified":"2022-01-07T10:37:46","modified_gmt":"2022-01-07T09:37:46","slug":"leather-belt-in-white-with-h-buckle-32mm-2","status":"publish","type":"product","link":"https:\/\/www.erdiunver.de\/en\/product\/leather-belt-in-white-with-h-buckle-32mm-2\/","title":{"rendered":"Leather Belt in White with H Buckle 32mm"},"content":{"rendered":"<h2>Men&#8217;s leather belt with belt buckle H in the leather color white and black<\/h2>\n<p>The men&#8217;s leather belt has a width of 32mm, consists of classic leather and cowhide in the color white black with an H belt buckle in the colors gold matte, chrome matte and black matte.<\/p>\n","protected":false},"excerpt":{"rendered":"<p>Men&#8217;s leather belt with belt buckle H in the leather color white and black The men&#8217;s leather belt has a width of 32mm, consists of classic leather and cowhide in the color white black with an H belt buckle in the colors gold matte, chrome matte and black matte.<\/p>\n","protected":false},"featured_media":31992,"comment_status":"open","ping_status":"closed","template":"","meta":[],"product_brand":[],"product_cat":[247,240,238,246],"product_tag":[],"class_list":{"0":"post-63411","1":"product","2":"type-product","3":"status-publish","4":"has-post-thumbnail","6":"product_cat-32mm-reversible-belt-with-buckle","7":"product_cat-belt-men","8":"product_cat-men","9":"product_cat-reversible-belt-with-buckle-men","11":"first","12":"instock","13":"taxable","14":"shipping-taxable","15":"purchasable","16":"product-type-variable"},"yoast_head":"<!-- This site is optimized with the Yoast SEO plugin v27.3 - https:\/\/yoast.com\/product\/yoast-seo-wordpress\/ -->\n<title>Leather Belt in White with H Buckle 32mm<\/title>\n<meta name=\"robots\" content=\"index, follow, max-snippet:-1, max-image-preview:large, max-video-preview:-1\" \/>\n<link rel=\"canonical\" href=\"https:\/\/www.erdiunver.de\/en\/product\/leather-belt-in-white-with-h-buckle-32mm-2\/\" \/>\n<meta property=\"og:locale\" content=\"en_US\" \/>\n<meta property=\"og:type\" content=\"article\" \/>\n<meta property=\"og:title\" content=\"Leather Belt in White with H Buckle 32mm\" \/>\n<meta property=\"og:description\" content=\"Men&#8217;s leather belt with belt buckle H in the leather color white and black The men&#8217;s leather belt has a width of 32mm, consists of classic leather and cowhide in the color white black with an H belt buckle in the colors gold matte, chrome matte and black matte.\" \/>\n<meta property=\"og:url\" content=\"https:\/\/www.erdiunver.de\/en\/product\/leather-belt-in-white-with-h-buckle-32mm-2\/\" \/>\n<meta property=\"og:site_name\" content=\"Erdi \u00dcnver hochwertige Lederg\u00fcrtel aus echtem Leder f\u00fcr Damen &amp; Herren\" \/>\n<meta property=\"og:image\" content=\"https:\/\/www.erdiunver.de\/wp-content\/uploads\/h-guertel-weiss-mit-schanlle-in-gold.jpg\" \/>\n\t<meta property=\"og:image:width\" content=\"2560\" \/>\n\t<meta property=\"og:image:height\" content=\"2560\" \/>\n\t<meta property=\"og:image:type\" content=\"image\/jpeg\" \/>\n<meta name=\"twitter:card\" content=\"summary_large_image\" \/>\n<script type=\"application\/ld+json\" class=\"yoast-schema-graph\">{\"@context\":\"https:\\\/\\\/schema.org\",\"@graph\":[{\"@type\":\"WebPage\",\"@id\":\"https:\\\/\\\/www.erdiunver.de\\\/en\\\/product\\\/leather-belt-in-white-with-h-buckle-32mm-2\\\/\",\"url\":\"https:\\\/\\\/www.erdiunver.de\\\/en\\\/product\\\/leather-belt-in-white-with-h-buckle-32mm-2\\\/\",\"name\":\"Leather Belt in White with H Buckle 32mm\",\"isPartOf\":{\"@id\":\"https:\\\/\\\/www.erdiunver.de\\\/en\\\/#website\"},\"primaryImageOfPage\":{\"@id\":\"https:\\\/\\\/www.erdiunver.de\\\/en\\\/product\\\/leather-belt-in-white-with-h-buckle-32mm-2\\\/#primaryimage\"},\"image\":{\"@id\":\"https:\\\/\\\/www.erdiunver.de\\\/en\\\/product\\\/leather-belt-in-white-with-h-buckle-32mm-2\\\/#primaryimage\"},\"thumbnailUrl\":\"https:\\\/\\\/www.erdiunver.de\\\/wp-content\\\/uploads\\\/h-guertel-weiss-mit-schanlle-in-gold.jpg\",\"datePublished\":\"2022-01-07T09:37:46+00:00\",\"breadcrumb\":{\"@id\":\"https:\\\/\\\/www.erdiunver.de\\\/en\\\/product\\\/leather-belt-in-white-with-h-buckle-32mm-2\\\/#breadcrumb\"},\"inLanguage\":\"en-US\",\"potentialAction\":[{\"@type\":\"ReadAction\",\"target\":[\"https:\\\/\\\/www.erdiunver.de\\\/en\\\/product\\\/leather-belt-in-white-with-h-buckle-32mm-2\\\/\"]}]},{\"@type\":\"ImageObject\",\"inLanguage\":\"en-US\",\"@id\":\"https:\\\/\\\/www.erdiunver.de\\\/en\\\/product\\\/leather-belt-in-white-with-h-buckle-32mm-2\\\/#primaryimage\",\"url\":\"https:\\\/\\\/www.erdiunver.de\\\/wp-content\\\/uploads\\\/h-guertel-weiss-mit-schanlle-in-gold.jpg\",\"contentUrl\":\"https:\\\/\\\/www.erdiunver.de\\\/wp-content\\\/uploads\\\/h-guertel-weiss-mit-schanlle-in-gold.jpg\",\"width\":2560,\"height\":2560,\"caption\":\"H reversible belt, white with belt buckle in gold\"},{\"@type\":\"BreadcrumbList\",\"@id\":\"https:\\\/\\\/www.erdiunver.de\\\/en\\\/product\\\/leather-belt-in-white-with-h-buckle-32mm-2\\\/#breadcrumb\",\"itemListElement\":[{\"@type\":\"ListItem\",\"position\":1,\"name\":\"Startseite\",\"item\":\"https:\\\/\\\/www.erdiunver.de\\\/en\\\/\"},{\"@type\":\"ListItem\",\"position\":2,\"name\":\"Shop\",\"item\":\"https:\\\/\\\/www.erdiunver.de\\\/en\\\/shop-2\\\/\"},{\"@type\":\"ListItem\",\"position\":3,\"name\":\"Leather Belt in White with H Buckle 32mm\"}]},{\"@type\":\"WebSite\",\"@id\":\"https:\\\/\\\/www.erdiunver.de\\\/en\\\/#website\",\"url\":\"https:\\\/\\\/www.erdiunver.de\\\/en\\\/\",\"name\":\"Erdi \u00dcnver hochwertige Lederg\u00fcrtel aus echtem Leder f\u00fcr Damen & Herren\",\"description\":\"Wendeg\u00fcrtel Taschen H G\u00fcrtel aus Leder hochwertig und Preiswert\",\"potentialAction\":[{\"@type\":\"SearchAction\",\"target\":{\"@type\":\"EntryPoint\",\"urlTemplate\":\"https:\\\/\\\/www.erdiunver.de\\\/en\\\/?s={search_term_string}\"},\"query-input\":{\"@type\":\"PropertyValueSpecification\",\"valueRequired\":true,\"valueName\":\"search_term_string\"}}],\"inLanguage\":\"en-US\"}]}<\/script>\n<!-- \/ Yoast SEO plugin. -->","yoast_head_json":{"title":"Leather Belt in White with H Buckle 32mm","robots":{"index":"index","follow":"follow","max-snippet":"max-snippet:-1","max-image-preview":"max-image-preview:large","max-video-preview":"max-video-preview:-1"},"canonical":"https:\/\/www.erdiunver.de\/en\/product\/leather-belt-in-white-with-h-buckle-32mm-2\/","og_locale":"en_US","og_type":"article","og_title":"Leather Belt in White with H Buckle 32mm","og_description":"Men&#8217;s leather belt with belt buckle H in the leather color white and black The men&#8217;s leather belt has a width of 32mm, consists of classic leather and cowhide in the color white black with an H belt buckle in the colors gold matte, chrome matte and black matte.","og_url":"https:\/\/www.erdiunver.de\/en\/product\/leather-belt-in-white-with-h-buckle-32mm-2\/","og_site_name":"Erdi \u00dcnver hochwertige Lederg\u00fcrtel aus echtem Leder f\u00fcr Damen &amp; Herren","og_image":[{"width":2560,"height":2560,"url":"https:\/\/www.erdiunver.de\/wp-content\/uploads\/h-guertel-weiss-mit-schanlle-in-gold.jpg","type":"image\/jpeg"}],"twitter_card":"summary_large_image","schema":{"@context":"https:\/\/schema.org","@graph":[{"@type":"WebPage","@id":"https:\/\/www.erdiunver.de\/en\/product\/leather-belt-in-white-with-h-buckle-32mm-2\/","url":"https:\/\/www.erdiunver.de\/en\/product\/leather-belt-in-white-with-h-buckle-32mm-2\/","name":"Leather Belt in White with H Buckle 32mm","isPartOf":{"@id":"https:\/\/www.erdiunver.de\/en\/#website"},"primaryImageOfPage":{"@id":"https:\/\/www.erdiunver.de\/en\/product\/leather-belt-in-white-with-h-buckle-32mm-2\/#primaryimage"},"image":{"@id":"https:\/\/www.erdiunver.de\/en\/product\/leather-belt-in-white-with-h-buckle-32mm-2\/#primaryimage"},"thumbnailUrl":"https:\/\/www.erdiunver.de\/wp-content\/uploads\/h-guertel-weiss-mit-schanlle-in-gold.jpg","datePublished":"2022-01-07T09:37:46+00:00","breadcrumb":{"@id":"https:\/\/www.erdiunver.de\/en\/product\/leather-belt-in-white-with-h-buckle-32mm-2\/#breadcrumb"},"inLanguage":"en-US","potentialAction":[{"@type":"ReadAction","target":["https:\/\/www.erdiunver.de\/en\/product\/leather-belt-in-white-with-h-buckle-32mm-2\/"]}]},{"@type":"ImageObject","inLanguage":"en-US","@id":"https:\/\/www.erdiunver.de\/en\/product\/leather-belt-in-white-with-h-buckle-32mm-2\/#primaryimage","url":"https:\/\/www.erdiunver.de\/wp-content\/uploads\/h-guertel-weiss-mit-schanlle-in-gold.jpg","contentUrl":"https:\/\/www.erdiunver.de\/wp-content\/uploads\/h-guertel-weiss-mit-schanlle-in-gold.jpg","width":2560,"height":2560,"caption":"H reversible belt, white with belt buckle in gold"},{"@type":"BreadcrumbList","@id":"https:\/\/www.erdiunver.de\/en\/product\/leather-belt-in-white-with-h-buckle-32mm-2\/#breadcrumb","itemListElement":[{"@type":"ListItem","position":1,"name":"Startseite","item":"https:\/\/www.erdiunver.de\/en\/"},{"@type":"ListItem","position":2,"name":"Shop","item":"https:\/\/www.erdiunver.de\/en\/shop-2\/"},{"@type":"ListItem","position":3,"name":"Leather Belt in White with H Buckle 32mm"}]},{"@type":"WebSite","@id":"https:\/\/www.erdiunver.de\/en\/#website","url":"https:\/\/www.erdiunver.de\/en\/","name":"Erdi \u00dcnver hochwertige Lederg\u00fcrtel aus echtem Leder f\u00fcr Damen & Herren","description":"Wendeg\u00fcrtel Taschen H G\u00fcrtel aus Leder hochwertig und Preiswert","potentialAction":[{"@type":"SearchAction","target":{"@type":"EntryPoint","urlTemplate":"https:\/\/www.erdiunver.de\/en\/?s={search_term_string}"},"query-input":{"@type":"PropertyValueSpecification","valueRequired":true,"valueName":"search_term_string"}}],"inLanguage":"en-US"}]}},"_links":{"self":[{"href":"https:\/\/www.erdiunver.de\/en\/wp-json\/wp\/v2\/product\/63411","targetHints":{"allow":["GET"]}}],"collection":[{"href":"https:\/\/www.erdiunver.de\/en\/wp-json\/wp\/v2\/product"}],"about":[{"href":"https:\/\/www.erdiunver.de\/en\/wp-json\/wp\/v2\/types\/product"}],"replies":[{"embeddable":true,"href":"https:\/\/www.erdiunver.de\/en\/wp-json\/wp\/v2\/comments?post=63411"}],"wp:featuredmedia":[{"embeddable":true,"href":"https:\/\/www.erdiunver.de\/en\/wp-json\/wp\/v2\/media\/31992"}],"wp:attachment":[{"href":"https:\/\/www.erdiunver.de\/en\/wp-json\/wp\/v2\/media?parent=63411"}],"wp:term":[{"taxonomy":"product_brand","embeddable":true,"href":"https:\/\/www.erdiunver.de\/en\/wp-json\/wp\/v2\/product_brand?post=63411"},{"taxonomy":"product_cat","embeddable":true,"href":"https:\/\/www.erdiunver.de\/en\/wp-json\/wp\/v2\/product_cat?post=63411"},{"taxonomy":"product_tag","embeddable":true,"href":"https:\/\/www.erdiunver.de\/en\/wp-json\/wp\/v2\/product_tag?post=63411"}],"curies":[{"name":"wp","href":"https:\/\/api.w.org\/{rel}","templated":true}]}}