{"id":63186,"date":"2021-08-02T13:37:03","date_gmt":"2022-01-07T09:07:22","guid":{"rendered":"https:\/\/www.erdiunver.de\/product\/leather-belt-in-ostrich-yellow-with-h-buckle-32mm\/"},"modified":"2022-01-07T10:07:22","modified_gmt":"2022-01-07T09:07:22","slug":"leather-belt-in-yellow-strauss-with-h-buckle-32mm-2","status":"publish","type":"product","link":"https:\/\/www.erdiunver.de\/en\/product\/leather-belt-in-yellow-strauss-with-h-buckle-32mm-2\/","title":{"rendered":"Leather Belt in Ostrich Yellow with H Buckle 32mm"},"content":{"rendered":"<h2>Men&#8217;s leather belt in yellow with ostrich leather look \/ yellow matte set trend-conscious highlights<\/h2>\n<p>&nbsp;<\/p>\n<h3>Elegant men&#8217;s leather belt that is unique<\/h3>\n<p>With this high-quality men&#8217;s <b>leather belt<\/b> made of <b>full-grain cowhide<\/b> you set excellent accents in <b>yellow with the ostrich leather look<\/b>, for the base material we have chosen the trendy colors yellow matte, which is made of cowhide. It owes its elegant look to the quality workmanship. The design focuses on conspicuousness that knows how to inspire through details. The discreet leather belt is closed with a simple H buckle, which is available in matte chrome as well as matte black and gold. The unique <strong>men&#8217;s leather belt has a width of 32mm.<\/strong><\/p>\n<p>&nbsp;<\/p>\n<h4>Striking trend look in an elegant style<\/h4>\n<p>This model goes stylishly with harmoniously fitting clothes, whereby a simple black is enough here. Thanks to its first-class accents, the high-quality leather belt already creates a stylish trend look that promises style security. The first-class men&#8217;s leather belt can be combined with a trendy casual look.<\/p>\n","protected":false},"excerpt":{"rendered":"<p>Men&#8217;s leather belt in yellow with ostrich leather look \/ yellow matte set trend-conscious highlights &nbsp; Elegant men&#8217;s leather belt that is unique With this high-quality men&#8217;s leather belt made of full-grain cowhide you set excellent accents in yellow with the ostrich leather look, for the base material we have chosen the trendy colors yellow [&#8230;]\n","protected":false},"featured_media":32010,"comment_status":"open","ping_status":"closed","template":"","meta":[],"product_brand":[],"product_cat":[247,240,238,246],"product_tag":[],"class_list":{"0":"post-63186","1":"product","2":"type-product","3":"status-publish","4":"has-post-thumbnail","6":"product_cat-32mm-reversible-belt-with-buckle","7":"product_cat-belt-men","8":"product_cat-men","9":"product_cat-reversible-belt-with-buckle-men","11":"first","12":"instock","13":"taxable","14":"shipping-taxable","15":"purchasable","16":"product-type-variable"},"yoast_head":"<!-- This site is optimized with the Yoast SEO plugin v27.5 - https:\/\/yoast.com\/product\/yoast-seo-wordpress\/ -->\n<title>Leather Belt in Ostrich Yellow with H Buckle 32mm<\/title>\n<meta name=\"robots\" content=\"index, follow, max-snippet:-1, max-image-preview:large, max-video-preview:-1\" \/>\n<link rel=\"canonical\" href=\"https:\/\/www.erdiunver.de\/en\/product\/leather-belt-in-yellow-strauss-with-h-buckle-32mm-2\/\" \/>\n<meta property=\"og:locale\" content=\"en_US\" \/>\n<meta property=\"og:type\" content=\"article\" \/>\n<meta property=\"og:title\" content=\"Leather Belt in Ostrich Yellow with H Buckle 32mm\" \/>\n<meta property=\"og:description\" content=\"Men&#8217;s leather belt in yellow with ostrich leather look \/ yellow matte set trend-conscious highlights &nbsp; Elegant men&#8217;s leather belt that is unique With this high-quality men&#8217;s leather belt made of full-grain cowhide you set excellent accents in yellow with the ostrich leather look, for the base material we have chosen the trendy colors yellow [...]\" \/>\n<meta property=\"og:url\" content=\"https:\/\/www.erdiunver.de\/en\/product\/leather-belt-in-yellow-strauss-with-h-buckle-32mm-2\/\" \/>\n<meta property=\"og:site_name\" content=\"Erdi \u00dcnver hochwertige Lederg\u00fcrtel aus echtem Leder f\u00fcr Damen &amp; Herren\" \/>\n<meta property=\"og:image\" content=\"https:\/\/www.erdiunver.de\/wp-content\/uploads\/Strauss-gelb-4cm-schnalle-gold.png\" \/>\n\t<meta property=\"og:image:width\" content=\"1200\" \/>\n\t<meta property=\"og:image:height\" content=\"800\" \/>\n\t<meta property=\"og:image:type\" content=\"image\/png\" \/>\n<meta name=\"twitter:card\" content=\"summary_large_image\" \/>\n<meta name=\"twitter:label1\" content=\"Est. reading time\" \/>\n\t<meta name=\"twitter:data1\" content=\"1 minute\" \/>\n<script type=\"application\/ld+json\" class=\"yoast-schema-graph\">{\"@context\":\"https:\\\/\\\/schema.org\",\"@graph\":[{\"@type\":\"WebPage\",\"@id\":\"https:\\\/\\\/www.erdiunver.de\\\/en\\\/product\\\/leather-belt-in-yellow-strauss-with-h-buckle-32mm-2\\\/\",\"url\":\"https:\\\/\\\/www.erdiunver.de\\\/en\\\/product\\\/leather-belt-in-yellow-strauss-with-h-buckle-32mm-2\\\/\",\"name\":\"Leather Belt in Ostrich Yellow with H Buckle 32mm\",\"isPartOf\":{\"@id\":\"https:\\\/\\\/www.erdiunver.de\\\/en\\\/#website\"},\"primaryImageOfPage\":{\"@id\":\"https:\\\/\\\/www.erdiunver.de\\\/en\\\/product\\\/leather-belt-in-yellow-strauss-with-h-buckle-32mm-2\\\/#primaryimage\"},\"image\":{\"@id\":\"https:\\\/\\\/www.erdiunver.de\\\/en\\\/product\\\/leather-belt-in-yellow-strauss-with-h-buckle-32mm-2\\\/#primaryimage\"},\"thumbnailUrl\":\"https:\\\/\\\/www.erdiunver.de\\\/wp-content\\\/uploads\\\/Strauss-gelb-4cm-schnalle-gold.png\",\"datePublished\":\"2022-01-07T09:07:22+00:00\",\"breadcrumb\":{\"@id\":\"https:\\\/\\\/www.erdiunver.de\\\/en\\\/product\\\/leather-belt-in-yellow-strauss-with-h-buckle-32mm-2\\\/#breadcrumb\"},\"inLanguage\":\"en-US\",\"potentialAction\":[{\"@type\":\"ReadAction\",\"target\":[\"https:\\\/\\\/www.erdiunver.de\\\/en\\\/product\\\/leather-belt-in-yellow-strauss-with-h-buckle-32mm-2\\\/\"]}]},{\"@type\":\"ImageObject\",\"inLanguage\":\"en-US\",\"@id\":\"https:\\\/\\\/www.erdiunver.de\\\/en\\\/product\\\/leather-belt-in-yellow-strauss-with-h-buckle-32mm-2\\\/#primaryimage\",\"url\":\"https:\\\/\\\/www.erdiunver.de\\\/wp-content\\\/uploads\\\/Strauss-gelb-4cm-schnalle-gold.png\",\"contentUrl\":\"https:\\\/\\\/www.erdiunver.de\\\/wp-content\\\/uploads\\\/Strauss-gelb-4cm-schnalle-gold.png\",\"width\":1200,\"height\":800,\"caption\":\"H buckle Gold 32 mm with H Belt light Tan brown\"},{\"@type\":\"BreadcrumbList\",\"@id\":\"https:\\\/\\\/www.erdiunver.de\\\/en\\\/product\\\/leather-belt-in-yellow-strauss-with-h-buckle-32mm-2\\\/#breadcrumb\",\"itemListElement\":[{\"@type\":\"ListItem\",\"position\":1,\"name\":\"Startseite\",\"item\":\"https:\\\/\\\/www.erdiunver.de\\\/en\\\/\"},{\"@type\":\"ListItem\",\"position\":2,\"name\":\"Shop\",\"item\":\"https:\\\/\\\/www.erdiunver.de\\\/en\\\/shop-2\\\/\"},{\"@type\":\"ListItem\",\"position\":3,\"name\":\"Leather Belt in Ostrich Yellow with H Buckle 32mm\"}]},{\"@type\":\"WebSite\",\"@id\":\"https:\\\/\\\/www.erdiunver.de\\\/en\\\/#website\",\"url\":\"https:\\\/\\\/www.erdiunver.de\\\/en\\\/\",\"name\":\"Erdi \u00dcnver hochwertige Lederg\u00fcrtel aus echtem Leder f\u00fcr Damen & Herren\",\"description\":\"Wendeg\u00fcrtel Taschen H G\u00fcrtel aus Leder hochwertig und Preiswert\",\"potentialAction\":[{\"@type\":\"SearchAction\",\"target\":{\"@type\":\"EntryPoint\",\"urlTemplate\":\"https:\\\/\\\/www.erdiunver.de\\\/en\\\/?s={search_term_string}\"},\"query-input\":{\"@type\":\"PropertyValueSpecification\",\"valueRequired\":true,\"valueName\":\"search_term_string\"}}],\"inLanguage\":\"en-US\"}]}<\/script>\n<!-- \/ Yoast SEO plugin. -->","yoast_head_json":{"title":"Leather Belt in Ostrich Yellow with H Buckle 32mm","robots":{"index":"index","follow":"follow","max-snippet":"max-snippet:-1","max-image-preview":"max-image-preview:large","max-video-preview":"max-video-preview:-1"},"canonical":"https:\/\/www.erdiunver.de\/en\/product\/leather-belt-in-yellow-strauss-with-h-buckle-32mm-2\/","og_locale":"en_US","og_type":"article","og_title":"Leather Belt in Ostrich Yellow with H Buckle 32mm","og_description":"Men&#8217;s leather belt in yellow with ostrich leather look \/ yellow matte set trend-conscious highlights &nbsp; Elegant men&#8217;s leather belt that is unique With this high-quality men&#8217;s leather belt made of full-grain cowhide you set excellent accents in yellow with the ostrich leather look, for the base material we have chosen the trendy colors yellow [...]","og_url":"https:\/\/www.erdiunver.de\/en\/product\/leather-belt-in-yellow-strauss-with-h-buckle-32mm-2\/","og_site_name":"Erdi \u00dcnver hochwertige Lederg\u00fcrtel aus echtem Leder f\u00fcr Damen &amp; Herren","og_image":[{"width":1200,"height":800,"url":"https:\/\/www.erdiunver.de\/wp-content\/uploads\/Strauss-gelb-4cm-schnalle-gold.png","type":"image\/png"}],"twitter_card":"summary_large_image","twitter_misc":{"Est. reading time":"1 minute"},"schema":{"@context":"https:\/\/schema.org","@graph":[{"@type":"WebPage","@id":"https:\/\/www.erdiunver.de\/en\/product\/leather-belt-in-yellow-strauss-with-h-buckle-32mm-2\/","url":"https:\/\/www.erdiunver.de\/en\/product\/leather-belt-in-yellow-strauss-with-h-buckle-32mm-2\/","name":"Leather Belt in Ostrich Yellow with H Buckle 32mm","isPartOf":{"@id":"https:\/\/www.erdiunver.de\/en\/#website"},"primaryImageOfPage":{"@id":"https:\/\/www.erdiunver.de\/en\/product\/leather-belt-in-yellow-strauss-with-h-buckle-32mm-2\/#primaryimage"},"image":{"@id":"https:\/\/www.erdiunver.de\/en\/product\/leather-belt-in-yellow-strauss-with-h-buckle-32mm-2\/#primaryimage"},"thumbnailUrl":"https:\/\/www.erdiunver.de\/wp-content\/uploads\/Strauss-gelb-4cm-schnalle-gold.png","datePublished":"2022-01-07T09:07:22+00:00","breadcrumb":{"@id":"https:\/\/www.erdiunver.de\/en\/product\/leather-belt-in-yellow-strauss-with-h-buckle-32mm-2\/#breadcrumb"},"inLanguage":"en-US","potentialAction":[{"@type":"ReadAction","target":["https:\/\/www.erdiunver.de\/en\/product\/leather-belt-in-yellow-strauss-with-h-buckle-32mm-2\/"]}]},{"@type":"ImageObject","inLanguage":"en-US","@id":"https:\/\/www.erdiunver.de\/en\/product\/leather-belt-in-yellow-strauss-with-h-buckle-32mm-2\/#primaryimage","url":"https:\/\/www.erdiunver.de\/wp-content\/uploads\/Strauss-gelb-4cm-schnalle-gold.png","contentUrl":"https:\/\/www.erdiunver.de\/wp-content\/uploads\/Strauss-gelb-4cm-schnalle-gold.png","width":1200,"height":800,"caption":"H buckle Gold 32 mm with H Belt light Tan brown"},{"@type":"BreadcrumbList","@id":"https:\/\/www.erdiunver.de\/en\/product\/leather-belt-in-yellow-strauss-with-h-buckle-32mm-2\/#breadcrumb","itemListElement":[{"@type":"ListItem","position":1,"name":"Startseite","item":"https:\/\/www.erdiunver.de\/en\/"},{"@type":"ListItem","position":2,"name":"Shop","item":"https:\/\/www.erdiunver.de\/en\/shop-2\/"},{"@type":"ListItem","position":3,"name":"Leather Belt in Ostrich Yellow with H Buckle 32mm"}]},{"@type":"WebSite","@id":"https:\/\/www.erdiunver.de\/en\/#website","url":"https:\/\/www.erdiunver.de\/en\/","name":"Erdi \u00dcnver hochwertige Lederg\u00fcrtel aus echtem Leder f\u00fcr Damen & Herren","description":"Wendeg\u00fcrtel Taschen H G\u00fcrtel aus Leder hochwertig und Preiswert","potentialAction":[{"@type":"SearchAction","target":{"@type":"EntryPoint","urlTemplate":"https:\/\/www.erdiunver.de\/en\/?s={search_term_string}"},"query-input":{"@type":"PropertyValueSpecification","valueRequired":true,"valueName":"search_term_string"}}],"inLanguage":"en-US"}]}},"_links":{"self":[{"href":"https:\/\/www.erdiunver.de\/en\/wp-json\/wp\/v2\/product\/63186","targetHints":{"allow":["GET"]}}],"collection":[{"href":"https:\/\/www.erdiunver.de\/en\/wp-json\/wp\/v2\/product"}],"about":[{"href":"https:\/\/www.erdiunver.de\/en\/wp-json\/wp\/v2\/types\/product"}],"replies":[{"embeddable":true,"href":"https:\/\/www.erdiunver.de\/en\/wp-json\/wp\/v2\/comments?post=63186"}],"wp:featuredmedia":[{"embeddable":true,"href":"https:\/\/www.erdiunver.de\/en\/wp-json\/wp\/v2\/media\/32010"}],"wp:attachment":[{"href":"https:\/\/www.erdiunver.de\/en\/wp-json\/wp\/v2\/media?parent=63186"}],"wp:term":[{"taxonomy":"product_brand","embeddable":true,"href":"https:\/\/www.erdiunver.de\/en\/wp-json\/wp\/v2\/product_brand?post=63186"},{"taxonomy":"product_cat","embeddable":true,"href":"https:\/\/www.erdiunver.de\/en\/wp-json\/wp\/v2\/product_cat?post=63186"},{"taxonomy":"product_tag","embeddable":true,"href":"https:\/\/www.erdiunver.de\/en\/wp-json\/wp\/v2\/product_tag?post=63186"}],"curies":[{"name":"wp","href":"https:\/\/api.w.org\/{rel}","templated":true}]}}