{"id":62682,"date":"2021-07-27T16:59:48","date_gmt":"2022-01-06T15:13:15","guid":{"rendered":"https:\/\/www.erdiunver.de\/product\/mens-belt-in-light-brown-40mm\/"},"modified":"2022-01-07T13:05:53","modified_gmt":"2022-01-07T12:05:53","slug":"reversible-girdles-in-light-brown-4","status":"publish","type":"product","link":"https:\/\/www.erdiunver.de\/en\/product\/reversible-girdles-in-light-brown-4\/","title":{"rendered":"Reversible Belt in Light Brown 40mm"},"content":{"rendered":"<h2>Top fashion men&#8217;s belt in light brown \/ black<\/h2>\n<p>&nbsp;<\/p>\n<p>This sturdy men&#8217;s belt is a light brown \/ black combination, which proves the <strong>leather belt<\/strong> is particularly flexible and practical. The <em>men&#8217;s belt<\/em> is a <em>reversible belt<\/em> that can be worn on both sides. Here, one of the wearable sides is made of light brown leather, while the second side is in classic black. With the handmade style accessory you convince in the office and in the spare time equally. The <em>belt for men<\/em> is 4 cm wide.<\/p>\n","protected":false},"excerpt":{"rendered":"<p>Top fashion men&#8217;s belt in light brown \/ black &nbsp; This sturdy men&#8217;s belt is a light brown \/ black combination, which proves the leather belt is particularly flexible and practical. The men&#8217;s belt is a reversible belt that can be worn on both sides. Here, one of the wearable sides is made of light [&#8230;]\n","protected":false},"featured_media":31809,"comment_status":"open","ping_status":"closed","template":"","meta":[],"product_brand":[],"product_cat":[251,240,238,249],"product_tag":[280,279],"class_list":{"0":"post-62682","1":"product","2":"type-product","3":"status-publish","4":"has-post-thumbnail","6":"product_cat-40mm-reversible-belt-without-buckle-men","7":"product_cat-belt-men","8":"product_cat-men","9":"product_cat-reversible-belt-without-buckle-men","10":"product_tag-leather-belt-for-h-buckle","11":"product_tag-mens-belt","13":"first","14":"instock","15":"sale","16":"taxable","17":"shipping-taxable","18":"purchasable","19":"product-type-variable"},"yoast_head":"<!-- This site is optimized with the Yoast SEO plugin v27.6 - https:\/\/yoast.com\/product\/yoast-seo-wordpress\/ -->\n<title>Reversible Belt in Light Brown 40mm<\/title>\n<meta name=\"robots\" content=\"index, follow, max-snippet:-1, max-image-preview:large, max-video-preview:-1\" \/>\n<link rel=\"canonical\" href=\"https:\/\/www.erdiunver.de\/en\/product\/reversible-girdles-in-light-brown-4\/\" \/>\n<meta property=\"og:locale\" content=\"en_US\" \/>\n<meta property=\"og:type\" content=\"article\" \/>\n<meta property=\"og:title\" content=\"Reversible Belt in Light Brown 40mm\" \/>\n<meta property=\"og:description\" content=\"Top fashion men&#8217;s belt in light brown \/ black &nbsp; This sturdy men&#8217;s belt is a light brown \/ black combination, which proves the leather belt is particularly flexible and practical. The men&#8217;s belt is a reversible belt that can be worn on both sides. Here, one of the wearable sides is made of light [...]\" \/>\n<meta property=\"og:url\" content=\"https:\/\/www.erdiunver.de\/en\/product\/reversible-girdles-in-light-brown-4\/\" \/>\n<meta property=\"og:site_name\" content=\"Erdi \u00dcnver hochwertige Lederg\u00fcrtel aus echtem Leder f\u00fcr Damen &amp; Herren\" \/>\n<meta property=\"article:modified_time\" content=\"2022-01-07T12:05:53+00:00\" \/>\n<meta property=\"og:image\" content=\"https:\/\/www.erdiunver.de\/wp-content\/uploads\/lederguertel-fuer-h-guertelschnalle-wechselguertel-in-32-mm-oder-40mm-in-hellbraun.jpg\" \/>\n\t<meta property=\"og:image:width\" content=\"1600\" \/>\n\t<meta property=\"og:image:height\" content=\"1600\" \/>\n\t<meta property=\"og:image:type\" content=\"image\/jpeg\" \/>\n<meta name=\"twitter:card\" content=\"summary_large_image\" \/>\n<script type=\"application\/ld+json\" class=\"yoast-schema-graph\">{\"@context\":\"https:\\\/\\\/schema.org\",\"@graph\":[{\"@type\":\"WebPage\",\"@id\":\"https:\\\/\\\/www.erdiunver.de\\\/en\\\/product\\\/reversible-girdles-in-light-brown-4\\\/\",\"url\":\"https:\\\/\\\/www.erdiunver.de\\\/en\\\/product\\\/reversible-girdles-in-light-brown-4\\\/\",\"name\":\"Reversible Belt in Light Brown 40mm\",\"isPartOf\":{\"@id\":\"https:\\\/\\\/www.erdiunver.de\\\/en\\\/#website\"},\"primaryImageOfPage\":{\"@id\":\"https:\\\/\\\/www.erdiunver.de\\\/en\\\/product\\\/reversible-girdles-in-light-brown-4\\\/#primaryimage\"},\"image\":{\"@id\":\"https:\\\/\\\/www.erdiunver.de\\\/en\\\/product\\\/reversible-girdles-in-light-brown-4\\\/#primaryimage\"},\"thumbnailUrl\":\"https:\\\/\\\/www.erdiunver.de\\\/wp-content\\\/uploads\\\/lederguertel-fuer-h-guertelschnalle-wechselguertel-in-32-mm-oder-40mm-in-hellbraun.jpg\",\"datePublished\":\"2022-01-06T15:13:15+00:00\",\"dateModified\":\"2022-01-07T12:05:53+00:00\",\"breadcrumb\":{\"@id\":\"https:\\\/\\\/www.erdiunver.de\\\/en\\\/product\\\/reversible-girdles-in-light-brown-4\\\/#breadcrumb\"},\"inLanguage\":\"en-US\",\"potentialAction\":[{\"@type\":\"ReadAction\",\"target\":[\"https:\\\/\\\/www.erdiunver.de\\\/en\\\/product\\\/reversible-girdles-in-light-brown-4\\\/\"]}]},{\"@type\":\"ImageObject\",\"inLanguage\":\"en-US\",\"@id\":\"https:\\\/\\\/www.erdiunver.de\\\/en\\\/product\\\/reversible-girdles-in-light-brown-4\\\/#primaryimage\",\"url\":\"https:\\\/\\\/www.erdiunver.de\\\/wp-content\\\/uploads\\\/lederguertel-fuer-h-guertelschnalle-wechselguertel-in-32-mm-oder-40mm-in-hellbraun.jpg\",\"contentUrl\":\"https:\\\/\\\/www.erdiunver.de\\\/wp-content\\\/uploads\\\/lederguertel-fuer-h-guertelschnalle-wechselguertel-in-32-mm-oder-40mm-in-hellbraun.jpg\",\"width\":1600,\"height\":1600,\"caption\":\"Belt for H belt buckle in light brown as 32 mm or 40 mm alternative as change belt\"},{\"@type\":\"BreadcrumbList\",\"@id\":\"https:\\\/\\\/www.erdiunver.de\\\/en\\\/product\\\/reversible-girdles-in-light-brown-4\\\/#breadcrumb\",\"itemListElement\":[{\"@type\":\"ListItem\",\"position\":1,\"name\":\"Startseite\",\"item\":\"https:\\\/\\\/www.erdiunver.de\\\/en\\\/\"},{\"@type\":\"ListItem\",\"position\":2,\"name\":\"Shop\",\"item\":\"https:\\\/\\\/www.erdiunver.de\\\/en\\\/shop-2\\\/\"},{\"@type\":\"ListItem\",\"position\":3,\"name\":\"Reversible Belt in Light Brown 40mm\"}]},{\"@type\":\"WebSite\",\"@id\":\"https:\\\/\\\/www.erdiunver.de\\\/en\\\/#website\",\"url\":\"https:\\\/\\\/www.erdiunver.de\\\/en\\\/\",\"name\":\"Erdi \u00dcnver hochwertige Lederg\u00fcrtel aus echtem Leder f\u00fcr Damen & Herren\",\"description\":\"Wendeg\u00fcrtel Taschen H G\u00fcrtel aus Leder hochwertig und Preiswert\",\"potentialAction\":[{\"@type\":\"SearchAction\",\"target\":{\"@type\":\"EntryPoint\",\"urlTemplate\":\"https:\\\/\\\/www.erdiunver.de\\\/en\\\/?s={search_term_string}\"},\"query-input\":{\"@type\":\"PropertyValueSpecification\",\"valueRequired\":true,\"valueName\":\"search_term_string\"}}],\"inLanguage\":\"en-US\"}]}<\/script>\n<!-- \/ Yoast SEO plugin. -->","yoast_head_json":{"title":"Reversible Belt in Light Brown 40mm","robots":{"index":"index","follow":"follow","max-snippet":"max-snippet:-1","max-image-preview":"max-image-preview:large","max-video-preview":"max-video-preview:-1"},"canonical":"https:\/\/www.erdiunver.de\/en\/product\/reversible-girdles-in-light-brown-4\/","og_locale":"en_US","og_type":"article","og_title":"Reversible Belt in Light Brown 40mm","og_description":"Top fashion men&#8217;s belt in light brown \/ black &nbsp; This sturdy men&#8217;s belt is a light brown \/ black combination, which proves the leather belt is particularly flexible and practical. The men&#8217;s belt is a reversible belt that can be worn on both sides. Here, one of the wearable sides is made of light [...]","og_url":"https:\/\/www.erdiunver.de\/en\/product\/reversible-girdles-in-light-brown-4\/","og_site_name":"Erdi \u00dcnver hochwertige Lederg\u00fcrtel aus echtem Leder f\u00fcr Damen &amp; Herren","article_modified_time":"2022-01-07T12:05:53+00:00","og_image":[{"width":1600,"height":1600,"url":"https:\/\/www.erdiunver.de\/wp-content\/uploads\/lederguertel-fuer-h-guertelschnalle-wechselguertel-in-32-mm-oder-40mm-in-hellbraun.jpg","type":"image\/jpeg"}],"twitter_card":"summary_large_image","schema":{"@context":"https:\/\/schema.org","@graph":[{"@type":"WebPage","@id":"https:\/\/www.erdiunver.de\/en\/product\/reversible-girdles-in-light-brown-4\/","url":"https:\/\/www.erdiunver.de\/en\/product\/reversible-girdles-in-light-brown-4\/","name":"Reversible Belt in Light Brown 40mm","isPartOf":{"@id":"https:\/\/www.erdiunver.de\/en\/#website"},"primaryImageOfPage":{"@id":"https:\/\/www.erdiunver.de\/en\/product\/reversible-girdles-in-light-brown-4\/#primaryimage"},"image":{"@id":"https:\/\/www.erdiunver.de\/en\/product\/reversible-girdles-in-light-brown-4\/#primaryimage"},"thumbnailUrl":"https:\/\/www.erdiunver.de\/wp-content\/uploads\/lederguertel-fuer-h-guertelschnalle-wechselguertel-in-32-mm-oder-40mm-in-hellbraun.jpg","datePublished":"2022-01-06T15:13:15+00:00","dateModified":"2022-01-07T12:05:53+00:00","breadcrumb":{"@id":"https:\/\/www.erdiunver.de\/en\/product\/reversible-girdles-in-light-brown-4\/#breadcrumb"},"inLanguage":"en-US","potentialAction":[{"@type":"ReadAction","target":["https:\/\/www.erdiunver.de\/en\/product\/reversible-girdles-in-light-brown-4\/"]}]},{"@type":"ImageObject","inLanguage":"en-US","@id":"https:\/\/www.erdiunver.de\/en\/product\/reversible-girdles-in-light-brown-4\/#primaryimage","url":"https:\/\/www.erdiunver.de\/wp-content\/uploads\/lederguertel-fuer-h-guertelschnalle-wechselguertel-in-32-mm-oder-40mm-in-hellbraun.jpg","contentUrl":"https:\/\/www.erdiunver.de\/wp-content\/uploads\/lederguertel-fuer-h-guertelschnalle-wechselguertel-in-32-mm-oder-40mm-in-hellbraun.jpg","width":1600,"height":1600,"caption":"Belt for H belt buckle in light brown as 32 mm or 40 mm alternative as change belt"},{"@type":"BreadcrumbList","@id":"https:\/\/www.erdiunver.de\/en\/product\/reversible-girdles-in-light-brown-4\/#breadcrumb","itemListElement":[{"@type":"ListItem","position":1,"name":"Startseite","item":"https:\/\/www.erdiunver.de\/en\/"},{"@type":"ListItem","position":2,"name":"Shop","item":"https:\/\/www.erdiunver.de\/en\/shop-2\/"},{"@type":"ListItem","position":3,"name":"Reversible Belt in Light Brown 40mm"}]},{"@type":"WebSite","@id":"https:\/\/www.erdiunver.de\/en\/#website","url":"https:\/\/www.erdiunver.de\/en\/","name":"Erdi \u00dcnver hochwertige Lederg\u00fcrtel aus echtem Leder f\u00fcr Damen & Herren","description":"Wendeg\u00fcrtel Taschen H G\u00fcrtel aus Leder hochwertig und Preiswert","potentialAction":[{"@type":"SearchAction","target":{"@type":"EntryPoint","urlTemplate":"https:\/\/www.erdiunver.de\/en\/?s={search_term_string}"},"query-input":{"@type":"PropertyValueSpecification","valueRequired":true,"valueName":"search_term_string"}}],"inLanguage":"en-US"}]}},"_links":{"self":[{"href":"https:\/\/www.erdiunver.de\/en\/wp-json\/wp\/v2\/product\/62682","targetHints":{"allow":["GET"]}}],"collection":[{"href":"https:\/\/www.erdiunver.de\/en\/wp-json\/wp\/v2\/product"}],"about":[{"href":"https:\/\/www.erdiunver.de\/en\/wp-json\/wp\/v2\/types\/product"}],"replies":[{"embeddable":true,"href":"https:\/\/www.erdiunver.de\/en\/wp-json\/wp\/v2\/comments?post=62682"}],"wp:featuredmedia":[{"embeddable":true,"href":"https:\/\/www.erdiunver.de\/en\/wp-json\/wp\/v2\/media\/31809"}],"wp:attachment":[{"href":"https:\/\/www.erdiunver.de\/en\/wp-json\/wp\/v2\/media?parent=62682"}],"wp:term":[{"taxonomy":"product_brand","embeddable":true,"href":"https:\/\/www.erdiunver.de\/en\/wp-json\/wp\/v2\/product_brand?post=62682"},{"taxonomy":"product_cat","embeddable":true,"href":"https:\/\/www.erdiunver.de\/en\/wp-json\/wp\/v2\/product_cat?post=62682"},{"taxonomy":"product_tag","embeddable":true,"href":"https:\/\/www.erdiunver.de\/en\/wp-json\/wp\/v2\/product_tag?post=62682"}],"curies":[{"name":"wp","href":"https:\/\/api.w.org\/{rel}","templated":true}]}}