{"id":62645,"date":"2021-07-30T12:13:38","date_gmt":"2022-01-06T15:09:09","guid":{"rendered":"https:\/\/www.erdiunver.de\/product\/leather-belt-in-electric-blue-with-h-buckle-40mm\/"},"modified":"2022-01-06T16:09:09","modified_gmt":"2022-01-06T15:09:09","slug":"leather-belt-in-electric-blue-with-h-buckle-40mm","status":"publish","type":"product","link":"https:\/\/www.erdiunver.de\/en\/product\/leather-belt-in-electric-blue-with-h-buckle-40mm\/","title":{"rendered":"Leather Belt in Electric Blue with H Buckle 40mm"},"content":{"rendered":"<h2>Women who want to set accents, it has never been so easy as with this women belt in electric blue \/ electric blue matte as a reversible belt<\/h2>\n<p>&nbsp;<\/p>\n<p>This practical reversible belt made of calfskin in a combination of light blue and light blue matte. The reversible belt is an item of clothing for everyday life as well as perfect for everyday office life. The chic H belt buckle for women adds another visual highlight to this reversible belt and can be freely selected in the combinations black matte, chrome matte or gold matte. <b>The reversible belt has a width of 40 mm.<\/b><\/p>\n<p>&nbsp;<\/p>\n<p>When choosing our materials for the reversible belt, we pay particular attention to <strong>the high<\/strong><b>quality of the leather<\/b>, which must meet our strict guidelines. Let yourself be convinced by the strict guidelines and our handmade reversible belts. Our leather belts not only impress visually, they also promise one thing: Quality always comes first.<\/p>\n","protected":false},"excerpt":{"rendered":"<p>Women who want to set accents, it has never been so easy as with this women belt in electric blue \/ electric blue matte as a reversible belt &nbsp; This practical reversible belt made of calfskin in a combination of light blue and light blue matte. The reversible belt is an item of clothing for [&#8230;]\n","protected":false},"featured_media":31954,"comment_status":"open","ping_status":"closed","template":"","meta":[],"product_brand":[],"product_cat":[234,224,232,222],"product_tag":[],"class_list":{"0":"post-62645","1":"product","2":"type-product","3":"status-publish","4":"has-post-thumbnail","6":"product_cat-40mm-reversible-belt-with-buckle","7":"product_cat-h-belt","8":"product_cat-reversible-belt-with-buckle","9":"product_cat-women","11":"first","12":"instock","13":"taxable","14":"shipping-taxable","15":"purchasable","16":"product-type-variable"},"yoast_head":"<!-- This site is optimized with the Yoast SEO plugin v27.5 - https:\/\/yoast.com\/product\/yoast-seo-wordpress\/ -->\n<title>Leather Belt in Electric Blue with H Buckle 40mm<\/title>\n<meta name=\"robots\" content=\"index, follow, max-snippet:-1, max-image-preview:large, max-video-preview:-1\" \/>\n<link rel=\"canonical\" href=\"https:\/\/www.erdiunver.de\/en\/product\/leather-belt-in-electric-blue-with-h-buckle-40mm\/\" \/>\n<meta property=\"og:locale\" content=\"en_US\" \/>\n<meta property=\"og:type\" content=\"article\" \/>\n<meta property=\"og:title\" content=\"Leather Belt in Electric Blue with H Buckle 40mm\" \/>\n<meta property=\"og:description\" content=\"Women who want to set accents, it has never been so easy as with this women belt in electric blue \/ electric blue matte as a reversible belt &nbsp; This practical reversible belt made of calfskin in a combination of light blue and light blue matte. The reversible belt is an item of clothing for [...]\" \/>\n<meta property=\"og:url\" content=\"https:\/\/www.erdiunver.de\/en\/product\/leather-belt-in-electric-blue-with-h-buckle-40mm\/\" \/>\n<meta property=\"og:site_name\" content=\"Erdi \u00dcnver hochwertige Lederg\u00fcrtel aus echtem Leder f\u00fcr Damen &amp; Herren\" \/>\n<meta property=\"og:image\" content=\"https:\/\/www.erdiunver.de\/wp-content\/uploads\/h-guertel-hellblau-electricblau-mit-h-guertelschnalle-schwarz-matt-als-wendeguertel.jpg\" \/>\n\t<meta property=\"og:image:width\" content=\"1600\" \/>\n\t<meta property=\"og:image:height\" content=\"1600\" \/>\n\t<meta property=\"og:image:type\" content=\"image\/jpeg\" \/>\n<meta name=\"twitter:card\" content=\"summary_large_image\" \/>\n<meta name=\"twitter:label1\" content=\"Est. reading time\" \/>\n\t<meta name=\"twitter:data1\" content=\"1 minute\" \/>\n<script type=\"application\/ld+json\" class=\"yoast-schema-graph\">{\"@context\":\"https:\\\/\\\/schema.org\",\"@graph\":[{\"@type\":\"WebPage\",\"@id\":\"https:\\\/\\\/www.erdiunver.de\\\/en\\\/product\\\/leather-belt-in-electric-blue-with-h-buckle-40mm\\\/\",\"url\":\"https:\\\/\\\/www.erdiunver.de\\\/en\\\/product\\\/leather-belt-in-electric-blue-with-h-buckle-40mm\\\/\",\"name\":\"Leather Belt in Electric Blue with H Buckle 40mm\",\"isPartOf\":{\"@id\":\"https:\\\/\\\/www.erdiunver.de\\\/en\\\/#website\"},\"primaryImageOfPage\":{\"@id\":\"https:\\\/\\\/www.erdiunver.de\\\/en\\\/product\\\/leather-belt-in-electric-blue-with-h-buckle-40mm\\\/#primaryimage\"},\"image\":{\"@id\":\"https:\\\/\\\/www.erdiunver.de\\\/en\\\/product\\\/leather-belt-in-electric-blue-with-h-buckle-40mm\\\/#primaryimage\"},\"thumbnailUrl\":\"https:\\\/\\\/www.erdiunver.de\\\/wp-content\\\/uploads\\\/h-guertel-hellblau-electricblau-mit-h-guertelschnalle-schwarz-matt-als-wendeguertel.jpg\",\"datePublished\":\"2022-01-06T15:09:09+00:00\",\"breadcrumb\":{\"@id\":\"https:\\\/\\\/www.erdiunver.de\\\/en\\\/product\\\/leather-belt-in-electric-blue-with-h-buckle-40mm\\\/#breadcrumb\"},\"inLanguage\":\"en-US\",\"potentialAction\":[{\"@type\":\"ReadAction\",\"target\":[\"https:\\\/\\\/www.erdiunver.de\\\/en\\\/product\\\/leather-belt-in-electric-blue-with-h-buckle-40mm\\\/\"]}]},{\"@type\":\"ImageObject\",\"inLanguage\":\"en-US\",\"@id\":\"https:\\\/\\\/www.erdiunver.de\\\/en\\\/product\\\/leather-belt-in-electric-blue-with-h-buckle-40mm\\\/#primaryimage\",\"url\":\"https:\\\/\\\/www.erdiunver.de\\\/wp-content\\\/uploads\\\/h-guertel-hellblau-electricblau-mit-h-guertelschnalle-schwarz-matt-als-wendeguertel.jpg\",\"contentUrl\":\"https:\\\/\\\/www.erdiunver.de\\\/wp-content\\\/uploads\\\/h-guertel-hellblau-electricblau-mit-h-guertelschnalle-schwarz-matt-als-wendeguertel.jpg\",\"width\":1600,\"height\":1600,\"caption\":\"H leather belt light blue electric blue with H belt buckle black matte as reversible belt in widths 25 mm, 32 mm or 40 mm\"},{\"@type\":\"BreadcrumbList\",\"@id\":\"https:\\\/\\\/www.erdiunver.de\\\/en\\\/product\\\/leather-belt-in-electric-blue-with-h-buckle-40mm\\\/#breadcrumb\",\"itemListElement\":[{\"@type\":\"ListItem\",\"position\":1,\"name\":\"Startseite\",\"item\":\"https:\\\/\\\/www.erdiunver.de\\\/en\\\/\"},{\"@type\":\"ListItem\",\"position\":2,\"name\":\"Shop\",\"item\":\"https:\\\/\\\/www.erdiunver.de\\\/en\\\/shop-2\\\/\"},{\"@type\":\"ListItem\",\"position\":3,\"name\":\"Leather Belt in Electric Blue with H Buckle 40mm\"}]},{\"@type\":\"WebSite\",\"@id\":\"https:\\\/\\\/www.erdiunver.de\\\/en\\\/#website\",\"url\":\"https:\\\/\\\/www.erdiunver.de\\\/en\\\/\",\"name\":\"Erdi \u00dcnver hochwertige Lederg\u00fcrtel aus echtem Leder f\u00fcr Damen & Herren\",\"description\":\"Wendeg\u00fcrtel Taschen H G\u00fcrtel aus Leder hochwertig und Preiswert\",\"potentialAction\":[{\"@type\":\"SearchAction\",\"target\":{\"@type\":\"EntryPoint\",\"urlTemplate\":\"https:\\\/\\\/www.erdiunver.de\\\/en\\\/?s={search_term_string}\"},\"query-input\":{\"@type\":\"PropertyValueSpecification\",\"valueRequired\":true,\"valueName\":\"search_term_string\"}}],\"inLanguage\":\"en-US\"}]}<\/script>\n<!-- \/ Yoast SEO plugin. -->","yoast_head_json":{"title":"Leather Belt in Electric Blue with H Buckle 40mm","robots":{"index":"index","follow":"follow","max-snippet":"max-snippet:-1","max-image-preview":"max-image-preview:large","max-video-preview":"max-video-preview:-1"},"canonical":"https:\/\/www.erdiunver.de\/en\/product\/leather-belt-in-electric-blue-with-h-buckle-40mm\/","og_locale":"en_US","og_type":"article","og_title":"Leather Belt in Electric Blue with H Buckle 40mm","og_description":"Women who want to set accents, it has never been so easy as with this women belt in electric blue \/ electric blue matte as a reversible belt &nbsp; This practical reversible belt made of calfskin in a combination of light blue and light blue matte. The reversible belt is an item of clothing for [...]","og_url":"https:\/\/www.erdiunver.de\/en\/product\/leather-belt-in-electric-blue-with-h-buckle-40mm\/","og_site_name":"Erdi \u00dcnver hochwertige Lederg\u00fcrtel aus echtem Leder f\u00fcr Damen &amp; Herren","og_image":[{"width":1600,"height":1600,"url":"https:\/\/www.erdiunver.de\/wp-content\/uploads\/h-guertel-hellblau-electricblau-mit-h-guertelschnalle-schwarz-matt-als-wendeguertel.jpg","type":"image\/jpeg"}],"twitter_card":"summary_large_image","twitter_misc":{"Est. reading time":"1 minute"},"schema":{"@context":"https:\/\/schema.org","@graph":[{"@type":"WebPage","@id":"https:\/\/www.erdiunver.de\/en\/product\/leather-belt-in-electric-blue-with-h-buckle-40mm\/","url":"https:\/\/www.erdiunver.de\/en\/product\/leather-belt-in-electric-blue-with-h-buckle-40mm\/","name":"Leather Belt in Electric Blue with H Buckle 40mm","isPartOf":{"@id":"https:\/\/www.erdiunver.de\/en\/#website"},"primaryImageOfPage":{"@id":"https:\/\/www.erdiunver.de\/en\/product\/leather-belt-in-electric-blue-with-h-buckle-40mm\/#primaryimage"},"image":{"@id":"https:\/\/www.erdiunver.de\/en\/product\/leather-belt-in-electric-blue-with-h-buckle-40mm\/#primaryimage"},"thumbnailUrl":"https:\/\/www.erdiunver.de\/wp-content\/uploads\/h-guertel-hellblau-electricblau-mit-h-guertelschnalle-schwarz-matt-als-wendeguertel.jpg","datePublished":"2022-01-06T15:09:09+00:00","breadcrumb":{"@id":"https:\/\/www.erdiunver.de\/en\/product\/leather-belt-in-electric-blue-with-h-buckle-40mm\/#breadcrumb"},"inLanguage":"en-US","potentialAction":[{"@type":"ReadAction","target":["https:\/\/www.erdiunver.de\/en\/product\/leather-belt-in-electric-blue-with-h-buckle-40mm\/"]}]},{"@type":"ImageObject","inLanguage":"en-US","@id":"https:\/\/www.erdiunver.de\/en\/product\/leather-belt-in-electric-blue-with-h-buckle-40mm\/#primaryimage","url":"https:\/\/www.erdiunver.de\/wp-content\/uploads\/h-guertel-hellblau-electricblau-mit-h-guertelschnalle-schwarz-matt-als-wendeguertel.jpg","contentUrl":"https:\/\/www.erdiunver.de\/wp-content\/uploads\/h-guertel-hellblau-electricblau-mit-h-guertelschnalle-schwarz-matt-als-wendeguertel.jpg","width":1600,"height":1600,"caption":"H leather belt light blue electric blue with H belt buckle black matte as reversible belt in widths 25 mm, 32 mm or 40 mm"},{"@type":"BreadcrumbList","@id":"https:\/\/www.erdiunver.de\/en\/product\/leather-belt-in-electric-blue-with-h-buckle-40mm\/#breadcrumb","itemListElement":[{"@type":"ListItem","position":1,"name":"Startseite","item":"https:\/\/www.erdiunver.de\/en\/"},{"@type":"ListItem","position":2,"name":"Shop","item":"https:\/\/www.erdiunver.de\/en\/shop-2\/"},{"@type":"ListItem","position":3,"name":"Leather Belt in Electric Blue with H Buckle 40mm"}]},{"@type":"WebSite","@id":"https:\/\/www.erdiunver.de\/en\/#website","url":"https:\/\/www.erdiunver.de\/en\/","name":"Erdi \u00dcnver hochwertige Lederg\u00fcrtel aus echtem Leder f\u00fcr Damen & Herren","description":"Wendeg\u00fcrtel Taschen H G\u00fcrtel aus Leder hochwertig und Preiswert","potentialAction":[{"@type":"SearchAction","target":{"@type":"EntryPoint","urlTemplate":"https:\/\/www.erdiunver.de\/en\/?s={search_term_string}"},"query-input":{"@type":"PropertyValueSpecification","valueRequired":true,"valueName":"search_term_string"}}],"inLanguage":"en-US"}]}},"_links":{"self":[{"href":"https:\/\/www.erdiunver.de\/en\/wp-json\/wp\/v2\/product\/62645","targetHints":{"allow":["GET"]}}],"collection":[{"href":"https:\/\/www.erdiunver.de\/en\/wp-json\/wp\/v2\/product"}],"about":[{"href":"https:\/\/www.erdiunver.de\/en\/wp-json\/wp\/v2\/types\/product"}],"replies":[{"embeddable":true,"href":"https:\/\/www.erdiunver.de\/en\/wp-json\/wp\/v2\/comments?post=62645"}],"wp:featuredmedia":[{"embeddable":true,"href":"https:\/\/www.erdiunver.de\/en\/wp-json\/wp\/v2\/media\/31954"}],"wp:attachment":[{"href":"https:\/\/www.erdiunver.de\/en\/wp-json\/wp\/v2\/media?parent=62645"}],"wp:term":[{"taxonomy":"product_brand","embeddable":true,"href":"https:\/\/www.erdiunver.de\/en\/wp-json\/wp\/v2\/product_brand?post=62645"},{"taxonomy":"product_cat","embeddable":true,"href":"https:\/\/www.erdiunver.de\/en\/wp-json\/wp\/v2\/product_cat?post=62645"},{"taxonomy":"product_tag","embeddable":true,"href":"https:\/\/www.erdiunver.de\/en\/wp-json\/wp\/v2\/product_tag?post=62645"}],"curies":[{"name":"wp","href":"https:\/\/api.w.org\/{rel}","templated":true}]}}