{"id":61586,"date":"2021-08-09T12:19:26","date_gmt":"2022-01-06T14:03:23","guid":{"rendered":"https:\/\/www.erdiunver.de\/product\/leather-belt-in-ostrich-navy-with-h-buckle-32mm\/"},"modified":"2022-01-06T15:03:23","modified_gmt":"2022-01-06T14:03:23","slug":"leather-belt-in-navy-ostrich-with-h-buckle-32mm","status":"publish","type":"product","link":"https:\/\/www.erdiunver.de\/en\/product\/leather-belt-in-navy-ostrich-with-h-buckle-32mm\/","title":{"rendered":"Leather Belt in Ostrich Navy with H Buckle 32mm"},"content":{"rendered":"<h2>The men&#8217;s leather belt made of ostrich leather look dark blue navy is the perfect choice for a dazzling outfit<\/h2>\n<h3>Modern design with luxurious design leather belt with ostrich leather look<\/h3>\n<p>This quality men&#8217;s leather belt made of cowhide is a piece of the finest handcraft art. The leather belt is decorated with an H buckle in an impressive style, which is available in our range in the color combinations matte chrome, matte black and matte gold.<\/p>\n<h4>Stand out from the crowd with special details<\/h4>\n<p>This variant knows how to impress with its elegant shape and high-quality design and offers a varied accessory for the men&#8217;s wardrobe. The leather belt has a width of 32 mm.<\/p>\n","protected":false},"excerpt":{"rendered":"<p>The men&#8217;s leather belt made of ostrich leather look dark blue navy is the perfect choice for a dazzling outfit Modern design with luxurious design leather belt with ostrich leather look This quality men&#8217;s leather belt made of cowhide is a piece of the finest handcraft art. The leather belt is decorated with an H [&#8230;]\n","protected":false},"featured_media":31975,"comment_status":"open","ping_status":"closed","template":"","meta":[],"product_brand":[],"product_cat":[233,224,232,222],"product_tag":[],"class_list":{"0":"post-61586","1":"product","2":"type-product","3":"status-publish","4":"has-post-thumbnail","6":"product_cat-32-reversible-belt-with-buckle","7":"product_cat-h-belt","8":"product_cat-reversible-belt-with-buckle","9":"product_cat-women","11":"first","12":"instock","13":"taxable","14":"shipping-taxable","15":"purchasable","16":"product-type-variable"},"yoast_head":"<!-- This site is optimized with the Yoast SEO plugin v27.4 - https:\/\/yoast.com\/product\/yoast-seo-wordpress\/ -->\n<title>Leather Belt in Ostrich Navy with H Buckle 32mm<\/title>\n<meta name=\"robots\" content=\"index, follow, max-snippet:-1, max-image-preview:large, max-video-preview:-1\" \/>\n<link rel=\"canonical\" href=\"https:\/\/www.erdiunver.de\/en\/product\/leather-belt-in-navy-ostrich-with-h-buckle-32mm\/\" \/>\n<meta property=\"og:locale\" content=\"en_US\" \/>\n<meta property=\"og:type\" content=\"article\" \/>\n<meta property=\"og:title\" content=\"Leather Belt in Ostrich Navy with H Buckle 32mm\" \/>\n<meta property=\"og:description\" content=\"The men&#8217;s leather belt made of ostrich leather look dark blue navy is the perfect choice for a dazzling outfit Modern design with luxurious design leather belt with ostrich leather look This quality men&#8217;s leather belt made of cowhide is a piece of the finest handcraft art. The leather belt is decorated with an H [...]\" \/>\n<meta property=\"og:url\" content=\"https:\/\/www.erdiunver.de\/en\/product\/leather-belt-in-navy-ostrich-with-h-buckle-32mm\/\" \/>\n<meta property=\"og:site_name\" content=\"Erdi \u00dcnver hochwertige Lederg\u00fcrtel aus echtem Leder f\u00fcr Damen &amp; Herren\" \/>\n<meta property=\"og:image\" content=\"https:\/\/www.erdiunver.de\/wp-content\/uploads\/blau-navy-straussenleder-guertel-optik-mit-h-guertelschnalle-in-gold-matt-gebuerstet-40-mm-32-mm.png\" \/>\n\t<meta property=\"og:image:width\" content=\"1200\" \/>\n\t<meta property=\"og:image:height\" content=\"800\" \/>\n\t<meta property=\"og:image:type\" content=\"image\/png\" \/>\n<meta name=\"twitter:card\" content=\"summary_large_image\" \/>\n<meta name=\"twitter:label1\" content=\"Est. reading time\" \/>\n\t<meta name=\"twitter:data1\" content=\"1 minute\" \/>\n<script type=\"application\/ld+json\" class=\"yoast-schema-graph\">{\"@context\":\"https:\\\/\\\/schema.org\",\"@graph\":[{\"@type\":\"WebPage\",\"@id\":\"https:\\\/\\\/www.erdiunver.de\\\/en\\\/product\\\/leather-belt-in-navy-ostrich-with-h-buckle-32mm\\\/\",\"url\":\"https:\\\/\\\/www.erdiunver.de\\\/en\\\/product\\\/leather-belt-in-navy-ostrich-with-h-buckle-32mm\\\/\",\"name\":\"Leather Belt in Ostrich Navy with H Buckle 32mm\",\"isPartOf\":{\"@id\":\"https:\\\/\\\/www.erdiunver.de\\\/en\\\/#website\"},\"primaryImageOfPage\":{\"@id\":\"https:\\\/\\\/www.erdiunver.de\\\/en\\\/product\\\/leather-belt-in-navy-ostrich-with-h-buckle-32mm\\\/#primaryimage\"},\"image\":{\"@id\":\"https:\\\/\\\/www.erdiunver.de\\\/en\\\/product\\\/leather-belt-in-navy-ostrich-with-h-buckle-32mm\\\/#primaryimage\"},\"thumbnailUrl\":\"https:\\\/\\\/www.erdiunver.de\\\/wp-content\\\/uploads\\\/blau-navy-straussenleder-guertel-optik-mit-h-guertelschnalle-in-gold-matt-gebuerstet-40-mm-32-mm.png\",\"datePublished\":\"2022-01-06T14:03:23+00:00\",\"breadcrumb\":{\"@id\":\"https:\\\/\\\/www.erdiunver.de\\\/en\\\/product\\\/leather-belt-in-navy-ostrich-with-h-buckle-32mm\\\/#breadcrumb\"},\"inLanguage\":\"en-US\",\"potentialAction\":[{\"@type\":\"ReadAction\",\"target\":[\"https:\\\/\\\/www.erdiunver.de\\\/en\\\/product\\\/leather-belt-in-navy-ostrich-with-h-buckle-32mm\\\/\"]}]},{\"@type\":\"ImageObject\",\"inLanguage\":\"en-US\",\"@id\":\"https:\\\/\\\/www.erdiunver.de\\\/en\\\/product\\\/leather-belt-in-navy-ostrich-with-h-buckle-32mm\\\/#primaryimage\",\"url\":\"https:\\\/\\\/www.erdiunver.de\\\/wp-content\\\/uploads\\\/blau-navy-straussenleder-guertel-optik-mit-h-guertelschnalle-in-gold-matt-gebuerstet-40-mm-32-mm.png\",\"contentUrl\":\"https:\\\/\\\/www.erdiunver.de\\\/wp-content\\\/uploads\\\/blau-navy-straussenleder-guertel-optik-mit-h-guertelschnalle-in-gold-matt-gebuerstet-40-mm-32-mm.png\",\"width\":1200,\"height\":800,\"caption\":\"Navy blue reversible belt ostrich leather belt look with H belt buckle in gold matte brushed 40 mm \\\/ 32 mm\"},{\"@type\":\"BreadcrumbList\",\"@id\":\"https:\\\/\\\/www.erdiunver.de\\\/en\\\/product\\\/leather-belt-in-navy-ostrich-with-h-buckle-32mm\\\/#breadcrumb\",\"itemListElement\":[{\"@type\":\"ListItem\",\"position\":1,\"name\":\"Startseite\",\"item\":\"https:\\\/\\\/www.erdiunver.de\\\/en\\\/\"},{\"@type\":\"ListItem\",\"position\":2,\"name\":\"Shop\",\"item\":\"https:\\\/\\\/www.erdiunver.de\\\/en\\\/shop-2\\\/\"},{\"@type\":\"ListItem\",\"position\":3,\"name\":\"Leather Belt in Ostrich Navy with H Buckle 32mm\"}]},{\"@type\":\"WebSite\",\"@id\":\"https:\\\/\\\/www.erdiunver.de\\\/en\\\/#website\",\"url\":\"https:\\\/\\\/www.erdiunver.de\\\/en\\\/\",\"name\":\"Erdi \u00dcnver hochwertige Lederg\u00fcrtel aus echtem Leder f\u00fcr Damen & Herren\",\"description\":\"Wendeg\u00fcrtel Taschen H G\u00fcrtel aus Leder hochwertig und Preiswert\",\"potentialAction\":[{\"@type\":\"SearchAction\",\"target\":{\"@type\":\"EntryPoint\",\"urlTemplate\":\"https:\\\/\\\/www.erdiunver.de\\\/en\\\/?s={search_term_string}\"},\"query-input\":{\"@type\":\"PropertyValueSpecification\",\"valueRequired\":true,\"valueName\":\"search_term_string\"}}],\"inLanguage\":\"en-US\"}]}<\/script>\n<!-- \/ Yoast SEO plugin. -->","yoast_head_json":{"title":"Leather Belt in Ostrich Navy with H Buckle 32mm","robots":{"index":"index","follow":"follow","max-snippet":"max-snippet:-1","max-image-preview":"max-image-preview:large","max-video-preview":"max-video-preview:-1"},"canonical":"https:\/\/www.erdiunver.de\/en\/product\/leather-belt-in-navy-ostrich-with-h-buckle-32mm\/","og_locale":"en_US","og_type":"article","og_title":"Leather Belt in Ostrich Navy with H Buckle 32mm","og_description":"The men&#8217;s leather belt made of ostrich leather look dark blue navy is the perfect choice for a dazzling outfit Modern design with luxurious design leather belt with ostrich leather look This quality men&#8217;s leather belt made of cowhide is a piece of the finest handcraft art. The leather belt is decorated with an H [...]","og_url":"https:\/\/www.erdiunver.de\/en\/product\/leather-belt-in-navy-ostrich-with-h-buckle-32mm\/","og_site_name":"Erdi \u00dcnver hochwertige Lederg\u00fcrtel aus echtem Leder f\u00fcr Damen &amp; Herren","og_image":[{"width":1200,"height":800,"url":"https:\/\/www.erdiunver.de\/wp-content\/uploads\/blau-navy-straussenleder-guertel-optik-mit-h-guertelschnalle-in-gold-matt-gebuerstet-40-mm-32-mm.png","type":"image\/png"}],"twitter_card":"summary_large_image","twitter_misc":{"Est. reading time":"1 minute"},"schema":{"@context":"https:\/\/schema.org","@graph":[{"@type":"WebPage","@id":"https:\/\/www.erdiunver.de\/en\/product\/leather-belt-in-navy-ostrich-with-h-buckle-32mm\/","url":"https:\/\/www.erdiunver.de\/en\/product\/leather-belt-in-navy-ostrich-with-h-buckle-32mm\/","name":"Leather Belt in Ostrich Navy with H Buckle 32mm","isPartOf":{"@id":"https:\/\/www.erdiunver.de\/en\/#website"},"primaryImageOfPage":{"@id":"https:\/\/www.erdiunver.de\/en\/product\/leather-belt-in-navy-ostrich-with-h-buckle-32mm\/#primaryimage"},"image":{"@id":"https:\/\/www.erdiunver.de\/en\/product\/leather-belt-in-navy-ostrich-with-h-buckle-32mm\/#primaryimage"},"thumbnailUrl":"https:\/\/www.erdiunver.de\/wp-content\/uploads\/blau-navy-straussenleder-guertel-optik-mit-h-guertelschnalle-in-gold-matt-gebuerstet-40-mm-32-mm.png","datePublished":"2022-01-06T14:03:23+00:00","breadcrumb":{"@id":"https:\/\/www.erdiunver.de\/en\/product\/leather-belt-in-navy-ostrich-with-h-buckle-32mm\/#breadcrumb"},"inLanguage":"en-US","potentialAction":[{"@type":"ReadAction","target":["https:\/\/www.erdiunver.de\/en\/product\/leather-belt-in-navy-ostrich-with-h-buckle-32mm\/"]}]},{"@type":"ImageObject","inLanguage":"en-US","@id":"https:\/\/www.erdiunver.de\/en\/product\/leather-belt-in-navy-ostrich-with-h-buckle-32mm\/#primaryimage","url":"https:\/\/www.erdiunver.de\/wp-content\/uploads\/blau-navy-straussenleder-guertel-optik-mit-h-guertelschnalle-in-gold-matt-gebuerstet-40-mm-32-mm.png","contentUrl":"https:\/\/www.erdiunver.de\/wp-content\/uploads\/blau-navy-straussenleder-guertel-optik-mit-h-guertelschnalle-in-gold-matt-gebuerstet-40-mm-32-mm.png","width":1200,"height":800,"caption":"Navy blue reversible belt ostrich leather belt look with H belt buckle in gold matte brushed 40 mm \/ 32 mm"},{"@type":"BreadcrumbList","@id":"https:\/\/www.erdiunver.de\/en\/product\/leather-belt-in-navy-ostrich-with-h-buckle-32mm\/#breadcrumb","itemListElement":[{"@type":"ListItem","position":1,"name":"Startseite","item":"https:\/\/www.erdiunver.de\/en\/"},{"@type":"ListItem","position":2,"name":"Shop","item":"https:\/\/www.erdiunver.de\/en\/shop-2\/"},{"@type":"ListItem","position":3,"name":"Leather Belt in Ostrich Navy with H Buckle 32mm"}]},{"@type":"WebSite","@id":"https:\/\/www.erdiunver.de\/en\/#website","url":"https:\/\/www.erdiunver.de\/en\/","name":"Erdi \u00dcnver hochwertige Lederg\u00fcrtel aus echtem Leder f\u00fcr Damen & Herren","description":"Wendeg\u00fcrtel Taschen H G\u00fcrtel aus Leder hochwertig und Preiswert","potentialAction":[{"@type":"SearchAction","target":{"@type":"EntryPoint","urlTemplate":"https:\/\/www.erdiunver.de\/en\/?s={search_term_string}"},"query-input":{"@type":"PropertyValueSpecification","valueRequired":true,"valueName":"search_term_string"}}],"inLanguage":"en-US"}]}},"_links":{"self":[{"href":"https:\/\/www.erdiunver.de\/en\/wp-json\/wp\/v2\/product\/61586","targetHints":{"allow":["GET"]}}],"collection":[{"href":"https:\/\/www.erdiunver.de\/en\/wp-json\/wp\/v2\/product"}],"about":[{"href":"https:\/\/www.erdiunver.de\/en\/wp-json\/wp\/v2\/types\/product"}],"replies":[{"embeddable":true,"href":"https:\/\/www.erdiunver.de\/en\/wp-json\/wp\/v2\/comments?post=61586"}],"wp:featuredmedia":[{"embeddable":true,"href":"https:\/\/www.erdiunver.de\/en\/wp-json\/wp\/v2\/media\/31975"}],"wp:attachment":[{"href":"https:\/\/www.erdiunver.de\/en\/wp-json\/wp\/v2\/media?parent=61586"}],"wp:term":[{"taxonomy":"product_brand","embeddable":true,"href":"https:\/\/www.erdiunver.de\/en\/wp-json\/wp\/v2\/product_brand?post=61586"},{"taxonomy":"product_cat","embeddable":true,"href":"https:\/\/www.erdiunver.de\/en\/wp-json\/wp\/v2\/product_cat?post=61586"},{"taxonomy":"product_tag","embeddable":true,"href":"https:\/\/www.erdiunver.de\/en\/wp-json\/wp\/v2\/product_tag?post=61586"}],"curies":[{"name":"wp","href":"https:\/\/api.w.org\/{rel}","templated":true}]}}