{"id":48461,"date":"2021-07-29T09:28:00","date_gmt":"2022-01-05T09:49:18","guid":{"rendered":"https:\/\/www.erdiunver.de\/product\/leather-belt-in-gray-with-h-buckle-32mm\/"},"modified":"2022-01-05T13:20:13","modified_gmt":"2022-01-05T12:20:13","slug":"leather-belt-in-grey-taupe-with-h-buckle-32mm","status":"publish","type":"product","link":"https:\/\/www.erdiunver.de\/en\/product\/leather-belt-in-grey-taupe-with-h-buckle-32mm\/","title":{"rendered":"Leather Belt in Gray with H Buckle 32mm"},"content":{"rendered":"<h2>The perfect leather belt for the modern woman in plain gray \/ black<\/h2>\n<h3>Style and simplicity and refined details<\/h3>\n<p>This <strong>women belt<\/strong> made of <strong>full-grain calfskin<\/strong> knows how to score with smart design that gives every wardrobe the crowning finish. <strong>The modern leather belt<\/strong> knows how to score with simplicity <strong>in the color gray<\/strong> or in <strong>black<\/strong> with a simple stretch. The practical H buckle gives the belt in the combinations black and gold matte or chrome matte special contrasts. The handmade leather belt has a<strong> width of 32 mm.<\/strong><\/p>\n<h3>Designs and quality : Of the high quality leather belt<\/h3>\n<p>Our <strong>handmade leather belts<\/strong> were produced from particularly <strong>high-quality materials<\/strong>, which only the highest quality demands. Our customers benefit from the years of experience of our designers and staff, who are constantly working on innovative designs of excellent quality to meet customer requirements. Our collection features only the products of selected premium manufacturers. The production was done by hand, so that with all <strong>handmade leather belts<\/strong> from our assortment, the <strong>quality stands in the first place<\/strong>.<\/p>\n","protected":false},"excerpt":{"rendered":"<p>H Belt Gray in width 32mm<\/p>\n","protected":false},"featured_media":31884,"comment_status":"open","ping_status":"closed","template":"","meta":[],"product_brand":[],"product_cat":[233,224,232,222],"product_tag":[],"class_list":{"0":"post-48461","1":"product","2":"type-product","3":"status-publish","4":"has-post-thumbnail","6":"product_cat-32-reversible-belt-with-buckle","7":"product_cat-h-belt","8":"product_cat-reversible-belt-with-buckle","9":"product_cat-women","11":"first","12":"instock","13":"taxable","14":"shipping-taxable","15":"purchasable","16":"product-type-variable"},"yoast_head":"<!-- This site is optimized with the Yoast SEO plugin v27.5 - https:\/\/yoast.com\/product\/yoast-seo-wordpress\/ -->\n<title>Leather Belt in Gray with H Buckle 32mm<\/title>\n<meta name=\"robots\" content=\"index, follow, max-snippet:-1, max-image-preview:large, max-video-preview:-1\" \/>\n<link rel=\"canonical\" href=\"https:\/\/www.erdiunver.de\/en\/product\/leather-belt-in-grey-taupe-with-h-buckle-32mm\/\" \/>\n<meta property=\"og:locale\" content=\"en_US\" \/>\n<meta property=\"og:type\" content=\"article\" \/>\n<meta property=\"og:title\" content=\"Leather Belt in Gray with H Buckle 32mm\" \/>\n<meta property=\"og:description\" content=\"H Belt Gray in width 32mm\" \/>\n<meta property=\"og:url\" content=\"https:\/\/www.erdiunver.de\/en\/product\/leather-belt-in-grey-taupe-with-h-buckle-32mm\/\" \/>\n<meta property=\"og:site_name\" content=\"Erdi \u00dcnver hochwertige Lederg\u00fcrtel aus echtem Leder f\u00fcr Damen &amp; Herren\" \/>\n<meta property=\"article:modified_time\" content=\"2022-01-05T12:20:13+00:00\" \/>\n<meta property=\"og:image\" content=\"https:\/\/www.erdiunver.de\/wp-content\/uploads\/h-guertelschnalle-mit-guertel-grau-mit-h-schnalle-in-gold-24k-damen-herren-32mm-40mm.jpg\" \/>\n\t<meta property=\"og:image:width\" content=\"1600\" \/>\n\t<meta property=\"og:image:height\" content=\"1600\" \/>\n\t<meta property=\"og:image:type\" content=\"image\/jpeg\" \/>\n<meta name=\"twitter:card\" content=\"summary_large_image\" \/>\n<meta name=\"twitter:label1\" content=\"Est. reading time\" \/>\n\t<meta name=\"twitter:data1\" content=\"1 minute\" \/>\n<script type=\"application\/ld+json\" class=\"yoast-schema-graph\">{\"@context\":\"https:\\\/\\\/schema.org\",\"@graph\":[{\"@type\":\"WebPage\",\"@id\":\"https:\\\/\\\/www.erdiunver.de\\\/en\\\/product\\\/leather-belt-in-grey-taupe-with-h-buckle-32mm\\\/\",\"url\":\"https:\\\/\\\/www.erdiunver.de\\\/en\\\/product\\\/leather-belt-in-grey-taupe-with-h-buckle-32mm\\\/\",\"name\":\"Leather Belt in Gray with H Buckle 32mm\",\"isPartOf\":{\"@id\":\"https:\\\/\\\/www.erdiunver.de\\\/en\\\/#website\"},\"primaryImageOfPage\":{\"@id\":\"https:\\\/\\\/www.erdiunver.de\\\/en\\\/product\\\/leather-belt-in-grey-taupe-with-h-buckle-32mm\\\/#primaryimage\"},\"image\":{\"@id\":\"https:\\\/\\\/www.erdiunver.de\\\/en\\\/product\\\/leather-belt-in-grey-taupe-with-h-buckle-32mm\\\/#primaryimage\"},\"thumbnailUrl\":\"https:\\\/\\\/www.erdiunver.de\\\/wp-content\\\/uploads\\\/h-guertelschnalle-mit-guertel-grau-mit-h-schnalle-in-gold-24k-damen-herren-32mm-40mm.jpg\",\"datePublished\":\"2022-01-05T09:49:18+00:00\",\"dateModified\":\"2022-01-05T12:20:13+00:00\",\"breadcrumb\":{\"@id\":\"https:\\\/\\\/www.erdiunver.de\\\/en\\\/product\\\/leather-belt-in-grey-taupe-with-h-buckle-32mm\\\/#breadcrumb\"},\"inLanguage\":\"en-US\",\"potentialAction\":[{\"@type\":\"ReadAction\",\"target\":[\"https:\\\/\\\/www.erdiunver.de\\\/en\\\/product\\\/leather-belt-in-grey-taupe-with-h-buckle-32mm\\\/\"]}]},{\"@type\":\"ImageObject\",\"inLanguage\":\"en-US\",\"@id\":\"https:\\\/\\\/www.erdiunver.de\\\/en\\\/product\\\/leather-belt-in-grey-taupe-with-h-buckle-32mm\\\/#primaryimage\",\"url\":\"https:\\\/\\\/www.erdiunver.de\\\/wp-content\\\/uploads\\\/h-guertelschnalle-mit-guertel-grau-mit-h-schnalle-in-gold-24k-damen-herren-32mm-40mm.jpg\",\"contentUrl\":\"https:\\\/\\\/www.erdiunver.de\\\/wp-content\\\/uploads\\\/h-guertelschnalle-mit-guertel-grau-mit-h-schnalle-in-gold-24k-damen-herren-32mm-40mm.jpg\",\"width\":1600,\"height\":1600,\"caption\":\"H Belt Buckle with Belt Gray with Buckle in Gold Women &amp; Men 32 mm \\\/ 40 mm\"},{\"@type\":\"BreadcrumbList\",\"@id\":\"https:\\\/\\\/www.erdiunver.de\\\/en\\\/product\\\/leather-belt-in-grey-taupe-with-h-buckle-32mm\\\/#breadcrumb\",\"itemListElement\":[{\"@type\":\"ListItem\",\"position\":1,\"name\":\"Startseite\",\"item\":\"https:\\\/\\\/www.erdiunver.de\\\/en\\\/\"},{\"@type\":\"ListItem\",\"position\":2,\"name\":\"Shop\",\"item\":\"https:\\\/\\\/www.erdiunver.de\\\/en\\\/shop-2\\\/\"},{\"@type\":\"ListItem\",\"position\":3,\"name\":\"Leather Belt in Gray with H Buckle 32mm\"}]},{\"@type\":\"WebSite\",\"@id\":\"https:\\\/\\\/www.erdiunver.de\\\/en\\\/#website\",\"url\":\"https:\\\/\\\/www.erdiunver.de\\\/en\\\/\",\"name\":\"Erdi \u00dcnver hochwertige Lederg\u00fcrtel aus echtem Leder f\u00fcr Damen & Herren\",\"description\":\"Wendeg\u00fcrtel Taschen H G\u00fcrtel aus Leder hochwertig und Preiswert\",\"potentialAction\":[{\"@type\":\"SearchAction\",\"target\":{\"@type\":\"EntryPoint\",\"urlTemplate\":\"https:\\\/\\\/www.erdiunver.de\\\/en\\\/?s={search_term_string}\"},\"query-input\":{\"@type\":\"PropertyValueSpecification\",\"valueRequired\":true,\"valueName\":\"search_term_string\"}}],\"inLanguage\":\"en-US\"}]}<\/script>\n<!-- \/ Yoast SEO plugin. -->","yoast_head_json":{"title":"Leather Belt in Gray with H Buckle 32mm","robots":{"index":"index","follow":"follow","max-snippet":"max-snippet:-1","max-image-preview":"max-image-preview:large","max-video-preview":"max-video-preview:-1"},"canonical":"https:\/\/www.erdiunver.de\/en\/product\/leather-belt-in-grey-taupe-with-h-buckle-32mm\/","og_locale":"en_US","og_type":"article","og_title":"Leather Belt in Gray with H Buckle 32mm","og_description":"H Belt Gray in width 32mm","og_url":"https:\/\/www.erdiunver.de\/en\/product\/leather-belt-in-grey-taupe-with-h-buckle-32mm\/","og_site_name":"Erdi \u00dcnver hochwertige Lederg\u00fcrtel aus echtem Leder f\u00fcr Damen &amp; Herren","article_modified_time":"2022-01-05T12:20:13+00:00","og_image":[{"width":1600,"height":1600,"url":"https:\/\/www.erdiunver.de\/wp-content\/uploads\/h-guertelschnalle-mit-guertel-grau-mit-h-schnalle-in-gold-24k-damen-herren-32mm-40mm.jpg","type":"image\/jpeg"}],"twitter_card":"summary_large_image","twitter_misc":{"Est. reading time":"1 minute"},"schema":{"@context":"https:\/\/schema.org","@graph":[{"@type":"WebPage","@id":"https:\/\/www.erdiunver.de\/en\/product\/leather-belt-in-grey-taupe-with-h-buckle-32mm\/","url":"https:\/\/www.erdiunver.de\/en\/product\/leather-belt-in-grey-taupe-with-h-buckle-32mm\/","name":"Leather Belt in Gray with H Buckle 32mm","isPartOf":{"@id":"https:\/\/www.erdiunver.de\/en\/#website"},"primaryImageOfPage":{"@id":"https:\/\/www.erdiunver.de\/en\/product\/leather-belt-in-grey-taupe-with-h-buckle-32mm\/#primaryimage"},"image":{"@id":"https:\/\/www.erdiunver.de\/en\/product\/leather-belt-in-grey-taupe-with-h-buckle-32mm\/#primaryimage"},"thumbnailUrl":"https:\/\/www.erdiunver.de\/wp-content\/uploads\/h-guertelschnalle-mit-guertel-grau-mit-h-schnalle-in-gold-24k-damen-herren-32mm-40mm.jpg","datePublished":"2022-01-05T09:49:18+00:00","dateModified":"2022-01-05T12:20:13+00:00","breadcrumb":{"@id":"https:\/\/www.erdiunver.de\/en\/product\/leather-belt-in-grey-taupe-with-h-buckle-32mm\/#breadcrumb"},"inLanguage":"en-US","potentialAction":[{"@type":"ReadAction","target":["https:\/\/www.erdiunver.de\/en\/product\/leather-belt-in-grey-taupe-with-h-buckle-32mm\/"]}]},{"@type":"ImageObject","inLanguage":"en-US","@id":"https:\/\/www.erdiunver.de\/en\/product\/leather-belt-in-grey-taupe-with-h-buckle-32mm\/#primaryimage","url":"https:\/\/www.erdiunver.de\/wp-content\/uploads\/h-guertelschnalle-mit-guertel-grau-mit-h-schnalle-in-gold-24k-damen-herren-32mm-40mm.jpg","contentUrl":"https:\/\/www.erdiunver.de\/wp-content\/uploads\/h-guertelschnalle-mit-guertel-grau-mit-h-schnalle-in-gold-24k-damen-herren-32mm-40mm.jpg","width":1600,"height":1600,"caption":"H Belt Buckle with Belt Gray with Buckle in Gold Women &amp; Men 32 mm \/ 40 mm"},{"@type":"BreadcrumbList","@id":"https:\/\/www.erdiunver.de\/en\/product\/leather-belt-in-grey-taupe-with-h-buckle-32mm\/#breadcrumb","itemListElement":[{"@type":"ListItem","position":1,"name":"Startseite","item":"https:\/\/www.erdiunver.de\/en\/"},{"@type":"ListItem","position":2,"name":"Shop","item":"https:\/\/www.erdiunver.de\/en\/shop-2\/"},{"@type":"ListItem","position":3,"name":"Leather Belt in Gray with H Buckle 32mm"}]},{"@type":"WebSite","@id":"https:\/\/www.erdiunver.de\/en\/#website","url":"https:\/\/www.erdiunver.de\/en\/","name":"Erdi \u00dcnver hochwertige Lederg\u00fcrtel aus echtem Leder f\u00fcr Damen & Herren","description":"Wendeg\u00fcrtel Taschen H G\u00fcrtel aus Leder hochwertig und Preiswert","potentialAction":[{"@type":"SearchAction","target":{"@type":"EntryPoint","urlTemplate":"https:\/\/www.erdiunver.de\/en\/?s={search_term_string}"},"query-input":{"@type":"PropertyValueSpecification","valueRequired":true,"valueName":"search_term_string"}}],"inLanguage":"en-US"}]}},"_links":{"self":[{"href":"https:\/\/www.erdiunver.de\/en\/wp-json\/wp\/v2\/product\/48461","targetHints":{"allow":["GET"]}}],"collection":[{"href":"https:\/\/www.erdiunver.de\/en\/wp-json\/wp\/v2\/product"}],"about":[{"href":"https:\/\/www.erdiunver.de\/en\/wp-json\/wp\/v2\/types\/product"}],"replies":[{"embeddable":true,"href":"https:\/\/www.erdiunver.de\/en\/wp-json\/wp\/v2\/comments?post=48461"}],"wp:featuredmedia":[{"embeddable":true,"href":"https:\/\/www.erdiunver.de\/en\/wp-json\/wp\/v2\/media\/31884"}],"wp:attachment":[{"href":"https:\/\/www.erdiunver.de\/en\/wp-json\/wp\/v2\/media?parent=48461"}],"wp:term":[{"taxonomy":"product_brand","embeddable":true,"href":"https:\/\/www.erdiunver.de\/en\/wp-json\/wp\/v2\/product_brand?post=48461"},{"taxonomy":"product_cat","embeddable":true,"href":"https:\/\/www.erdiunver.de\/en\/wp-json\/wp\/v2\/product_cat?post=48461"},{"taxonomy":"product_tag","embeddable":true,"href":"https:\/\/www.erdiunver.de\/en\/wp-json\/wp\/v2\/product_tag?post=48461"}],"curies":[{"name":"wp","href":"https:\/\/api.w.org\/{rel}","templated":true}]}}