{"id":42105,"date":"2021-08-06T16:04:32","date_gmt":"2022-01-04T13:28:11","guid":{"rendered":"https:\/\/www.erdiunver.de\/product\/suede-belt-dark-brown-32mm\/"},"modified":"2022-01-10T12:58:39","modified_gmt":"2022-01-10T11:58:39","slug":"suede-belt-dark-brown-2","status":"publish","type":"product","link":"https:\/\/www.erdiunver.de\/en\/product\/suede-belt-dark-brown-2\/","title":{"rendered":"Suede Belt in Dark Brown 32mm"},"content":{"rendered":"<h2><b>Leather belt in suede design &#8211; suede belt in the color dark brown<\/b><\/h2>\n<p>&nbsp;<\/p>\n<h3>With this <b>suede belt <\/b>you set skilfully accents in the different situations of the everyday life. The <b>suede belt <\/b>convinces with its <b>dark brown <\/b>side. This leather belt is handmade quality goods. For this leather belt <b>dark brown <\/b>leather was used for the upper material. The base material for this <b>suede belt <\/b>was a cowhide leather in the color light beige verwedet with a belt width of 32mm, the leather belt can be used perfectly, for everyday or for the office.<\/h3>\n<h3>Convince yourself of our high quality standards that we place on our leather belts.<\/h3>\n","protected":false},"excerpt":{"rendered":"<p>Leather belt in suede design &#8211; suede belt in the color dark brown &nbsp; With this suede belt you set skilfully accents in the different situations of the everyday life. The suede belt convinces with its dark brown side. This leather belt is handmade quality goods. For this leather belt dark brown leather was used [&#8230;]\n","protected":false},"featured_media":32296,"comment_status":"open","ping_status":"closed","template":"","meta":[],"product_brand":[],"product_cat":[236,224,235,222],"product_tag":[],"class_list":{"0":"post-42105","1":"product","2":"type-product","3":"status-publish","4":"has-post-thumbnail","6":"product_cat-32mm-reversible-belt-without-buckle","7":"product_cat-h-belt","8":"product_cat-reversible-belt-without-buckle","9":"product_cat-women","11":"first","12":"instock","13":"taxable","14":"shipping-taxable","15":"purchasable","16":"product-type-variable"},"yoast_head":"<!-- This site is optimized with the Yoast SEO plugin v27.3 - https:\/\/yoast.com\/product\/yoast-seo-wordpress\/ -->\n<title>Suede Belt in Dark Brown 32mm<\/title>\n<meta name=\"robots\" content=\"index, follow, max-snippet:-1, max-image-preview:large, max-video-preview:-1\" \/>\n<link rel=\"canonical\" href=\"https:\/\/www.erdiunver.de\/en\/product\/suede-belt-dark-brown-2\/\" \/>\n<meta property=\"og:locale\" content=\"en_US\" \/>\n<meta property=\"og:type\" content=\"article\" \/>\n<meta property=\"og:title\" content=\"Suede Belt in Dark Brown 32mm\" \/>\n<meta property=\"og:description\" content=\"Leather belt in suede design &#8211; suede belt in the color dark brown &nbsp; With this suede belt you set skilfully accents in the different situations of the everyday life. The suede belt convinces with its dark brown side. This leather belt is handmade quality goods. For this leather belt dark brown leather was used [...]\" \/>\n<meta property=\"og:url\" content=\"https:\/\/www.erdiunver.de\/en\/product\/suede-belt-dark-brown-2\/\" \/>\n<meta property=\"og:site_name\" content=\"Erdi \u00dcnver hochwertige Lederg\u00fcrtel aus echtem Leder f\u00fcr Damen &amp; Herren\" \/>\n<meta property=\"article:modified_time\" content=\"2022-01-10T11:58:39+00:00\" \/>\n<meta property=\"og:image\" content=\"https:\/\/www.erdiunver.de\/wp-content\/uploads\/17-Custom.jpg\" \/>\n\t<meta property=\"og:image:width\" content=\"1591\" \/>\n\t<meta property=\"og:image:height\" content=\"1600\" \/>\n\t<meta property=\"og:image:type\" content=\"image\/jpeg\" \/>\n<meta name=\"twitter:card\" content=\"summary_large_image\" \/>\n<meta name=\"twitter:label1\" content=\"Est. reading time\" \/>\n\t<meta name=\"twitter:data1\" content=\"1 minute\" \/>\n<script type=\"application\/ld+json\" class=\"yoast-schema-graph\">{\"@context\":\"https:\\\/\\\/schema.org\",\"@graph\":[{\"@type\":\"WebPage\",\"@id\":\"https:\\\/\\\/www.erdiunver.de\\\/en\\\/product\\\/suede-belt-dark-brown-2\\\/\",\"url\":\"https:\\\/\\\/www.erdiunver.de\\\/en\\\/product\\\/suede-belt-dark-brown-2\\\/\",\"name\":\"Suede Belt in Dark Brown 32mm\",\"isPartOf\":{\"@id\":\"https:\\\/\\\/www.erdiunver.de\\\/en\\\/#website\"},\"primaryImageOfPage\":{\"@id\":\"https:\\\/\\\/www.erdiunver.de\\\/en\\\/product\\\/suede-belt-dark-brown-2\\\/#primaryimage\"},\"image\":{\"@id\":\"https:\\\/\\\/www.erdiunver.de\\\/en\\\/product\\\/suede-belt-dark-brown-2\\\/#primaryimage\"},\"thumbnailUrl\":\"https:\\\/\\\/www.erdiunver.de\\\/wp-content\\\/uploads\\\/17-Custom.jpg\",\"datePublished\":\"2022-01-04T13:28:11+00:00\",\"dateModified\":\"2022-01-10T11:58:39+00:00\",\"breadcrumb\":{\"@id\":\"https:\\\/\\\/www.erdiunver.de\\\/en\\\/product\\\/suede-belt-dark-brown-2\\\/#breadcrumb\"},\"inLanguage\":\"en-US\",\"potentialAction\":[{\"@type\":\"ReadAction\",\"target\":[\"https:\\\/\\\/www.erdiunver.de\\\/en\\\/product\\\/suede-belt-dark-brown-2\\\/\"]}]},{\"@type\":\"ImageObject\",\"inLanguage\":\"en-US\",\"@id\":\"https:\\\/\\\/www.erdiunver.de\\\/en\\\/product\\\/suede-belt-dark-brown-2\\\/#primaryimage\",\"url\":\"https:\\\/\\\/www.erdiunver.de\\\/wp-content\\\/uploads\\\/17-Custom.jpg\",\"contentUrl\":\"https:\\\/\\\/www.erdiunver.de\\\/wp-content\\\/uploads\\\/17-Custom.jpg\",\"width\":1591,\"height\":1600,\"caption\":\"Suede belt dark brown 32 mm belt\"},{\"@type\":\"BreadcrumbList\",\"@id\":\"https:\\\/\\\/www.erdiunver.de\\\/en\\\/product\\\/suede-belt-dark-brown-2\\\/#breadcrumb\",\"itemListElement\":[{\"@type\":\"ListItem\",\"position\":1,\"name\":\"Startseite\",\"item\":\"https:\\\/\\\/www.erdiunver.de\\\/en\\\/\"},{\"@type\":\"ListItem\",\"position\":2,\"name\":\"Shop\",\"item\":\"https:\\\/\\\/www.erdiunver.de\\\/en\\\/shop-2\\\/\"},{\"@type\":\"ListItem\",\"position\":3,\"name\":\"Suede Belt in Dark Brown 32mm\"}]},{\"@type\":\"WebSite\",\"@id\":\"https:\\\/\\\/www.erdiunver.de\\\/en\\\/#website\",\"url\":\"https:\\\/\\\/www.erdiunver.de\\\/en\\\/\",\"name\":\"Erdi \u00dcnver hochwertige Lederg\u00fcrtel aus echtem Leder f\u00fcr Damen & Herren\",\"description\":\"Wendeg\u00fcrtel Taschen H G\u00fcrtel aus Leder hochwertig und Preiswert\",\"potentialAction\":[{\"@type\":\"SearchAction\",\"target\":{\"@type\":\"EntryPoint\",\"urlTemplate\":\"https:\\\/\\\/www.erdiunver.de\\\/en\\\/?s={search_term_string}\"},\"query-input\":{\"@type\":\"PropertyValueSpecification\",\"valueRequired\":true,\"valueName\":\"search_term_string\"}}],\"inLanguage\":\"en-US\"}]}<\/script>\n<!-- \/ Yoast SEO plugin. -->","yoast_head_json":{"title":"Suede Belt in Dark Brown 32mm","robots":{"index":"index","follow":"follow","max-snippet":"max-snippet:-1","max-image-preview":"max-image-preview:large","max-video-preview":"max-video-preview:-1"},"canonical":"https:\/\/www.erdiunver.de\/en\/product\/suede-belt-dark-brown-2\/","og_locale":"en_US","og_type":"article","og_title":"Suede Belt in Dark Brown 32mm","og_description":"Leather belt in suede design &#8211; suede belt in the color dark brown &nbsp; With this suede belt you set skilfully accents in the different situations of the everyday life. The suede belt convinces with its dark brown side. This leather belt is handmade quality goods. For this leather belt dark brown leather was used [...]","og_url":"https:\/\/www.erdiunver.de\/en\/product\/suede-belt-dark-brown-2\/","og_site_name":"Erdi \u00dcnver hochwertige Lederg\u00fcrtel aus echtem Leder f\u00fcr Damen &amp; Herren","article_modified_time":"2022-01-10T11:58:39+00:00","og_image":[{"width":1591,"height":1600,"url":"https:\/\/www.erdiunver.de\/wp-content\/uploads\/17-Custom.jpg","type":"image\/jpeg"}],"twitter_card":"summary_large_image","twitter_misc":{"Est. reading time":"1 minute"},"schema":{"@context":"https:\/\/schema.org","@graph":[{"@type":"WebPage","@id":"https:\/\/www.erdiunver.de\/en\/product\/suede-belt-dark-brown-2\/","url":"https:\/\/www.erdiunver.de\/en\/product\/suede-belt-dark-brown-2\/","name":"Suede Belt in Dark Brown 32mm","isPartOf":{"@id":"https:\/\/www.erdiunver.de\/en\/#website"},"primaryImageOfPage":{"@id":"https:\/\/www.erdiunver.de\/en\/product\/suede-belt-dark-brown-2\/#primaryimage"},"image":{"@id":"https:\/\/www.erdiunver.de\/en\/product\/suede-belt-dark-brown-2\/#primaryimage"},"thumbnailUrl":"https:\/\/www.erdiunver.de\/wp-content\/uploads\/17-Custom.jpg","datePublished":"2022-01-04T13:28:11+00:00","dateModified":"2022-01-10T11:58:39+00:00","breadcrumb":{"@id":"https:\/\/www.erdiunver.de\/en\/product\/suede-belt-dark-brown-2\/#breadcrumb"},"inLanguage":"en-US","potentialAction":[{"@type":"ReadAction","target":["https:\/\/www.erdiunver.de\/en\/product\/suede-belt-dark-brown-2\/"]}]},{"@type":"ImageObject","inLanguage":"en-US","@id":"https:\/\/www.erdiunver.de\/en\/product\/suede-belt-dark-brown-2\/#primaryimage","url":"https:\/\/www.erdiunver.de\/wp-content\/uploads\/17-Custom.jpg","contentUrl":"https:\/\/www.erdiunver.de\/wp-content\/uploads\/17-Custom.jpg","width":1591,"height":1600,"caption":"Suede belt dark brown 32 mm belt"},{"@type":"BreadcrumbList","@id":"https:\/\/www.erdiunver.de\/en\/product\/suede-belt-dark-brown-2\/#breadcrumb","itemListElement":[{"@type":"ListItem","position":1,"name":"Startseite","item":"https:\/\/www.erdiunver.de\/en\/"},{"@type":"ListItem","position":2,"name":"Shop","item":"https:\/\/www.erdiunver.de\/en\/shop-2\/"},{"@type":"ListItem","position":3,"name":"Suede Belt in Dark Brown 32mm"}]},{"@type":"WebSite","@id":"https:\/\/www.erdiunver.de\/en\/#website","url":"https:\/\/www.erdiunver.de\/en\/","name":"Erdi \u00dcnver hochwertige Lederg\u00fcrtel aus echtem Leder f\u00fcr Damen & Herren","description":"Wendeg\u00fcrtel Taschen H G\u00fcrtel aus Leder hochwertig und Preiswert","potentialAction":[{"@type":"SearchAction","target":{"@type":"EntryPoint","urlTemplate":"https:\/\/www.erdiunver.de\/en\/?s={search_term_string}"},"query-input":{"@type":"PropertyValueSpecification","valueRequired":true,"valueName":"search_term_string"}}],"inLanguage":"en-US"}]}},"_links":{"self":[{"href":"https:\/\/www.erdiunver.de\/en\/wp-json\/wp\/v2\/product\/42105","targetHints":{"allow":["GET"]}}],"collection":[{"href":"https:\/\/www.erdiunver.de\/en\/wp-json\/wp\/v2\/product"}],"about":[{"href":"https:\/\/www.erdiunver.de\/en\/wp-json\/wp\/v2\/types\/product"}],"replies":[{"embeddable":true,"href":"https:\/\/www.erdiunver.de\/en\/wp-json\/wp\/v2\/comments?post=42105"}],"wp:featuredmedia":[{"embeddable":true,"href":"https:\/\/www.erdiunver.de\/en\/wp-json\/wp\/v2\/media\/32296"}],"wp:attachment":[{"href":"https:\/\/www.erdiunver.de\/en\/wp-json\/wp\/v2\/media?parent=42105"}],"wp:term":[{"taxonomy":"product_brand","embeddable":true,"href":"https:\/\/www.erdiunver.de\/en\/wp-json\/wp\/v2\/product_brand?post=42105"},{"taxonomy":"product_cat","embeddable":true,"href":"https:\/\/www.erdiunver.de\/en\/wp-json\/wp\/v2\/product_cat?post=42105"},{"taxonomy":"product_tag","embeddable":true,"href":"https:\/\/www.erdiunver.de\/en\/wp-json\/wp\/v2\/product_tag?post=42105"}],"curies":[{"name":"wp","href":"https:\/\/api.w.org\/{rel}","templated":true}]}}