{"id":42074,"date":"2021-08-09T11:10:11","date_gmt":"2022-01-04T13:22:58","guid":{"rendered":"https:\/\/www.erdiunver.de\/product\/suede-belt-brown-40mm\/"},"modified":"2022-01-10T13:18:16","modified_gmt":"2022-01-10T12:18:16","slug":"suede-belt-brown-4","status":"publish","type":"product","link":"https:\/\/www.erdiunver.de\/en\/product\/suede-belt-brown-4\/","title":{"rendered":"Suede Belt in Brown 40mm"},"content":{"rendered":"<h2>The unique leather belt in suede design &#8211; suede belt in the color brown<\/h2>\n<p>&nbsp;<\/p>\n<h3>This suede belt in brown puts you skillfully in the scene. The suede belt convinces with its brown side. This unique leather belt is handmade quality goods. Brown leather was used for the upper material of this leather belt. The base material for this suede belt was a cowhide leather in the color brown used, with a belt width of 40mm, the suede belt can be used perfectly for everyday or even for the office everyday.<\/h3>\n<h3>Convince yourself of our high quality standards that we place on our leather belts.<\/h3>\n","protected":false},"excerpt":{"rendered":"<p>The unique leather belt in suede design &#8211; suede belt in the color brown &nbsp; This suede belt in brown puts you skillfully in the scene. The suede belt convinces with its brown side. This unique leather belt is handmade quality goods. Brown leather was used for the upper material of this leather belt. The [&#8230;]\n","protected":false},"featured_media":32307,"comment_status":"open","ping_status":"closed","template":"","meta":[],"product_brand":[],"product_cat":[237,224,235,222],"product_tag":[],"class_list":{"0":"post-42074","1":"product","2":"type-product","3":"status-publish","4":"has-post-thumbnail","6":"product_cat-40mm-reversible-belt-without-buckle","7":"product_cat-h-belt","8":"product_cat-reversible-belt-without-buckle","9":"product_cat-women","11":"first","12":"instock","13":"taxable","14":"shipping-taxable","15":"purchasable","16":"product-type-variable"},"yoast_head":"<!-- This site is optimized with the Yoast SEO plugin v27.5 - https:\/\/yoast.com\/product\/yoast-seo-wordpress\/ -->\n<title>Suede Belt in Brown 40mm<\/title>\n<meta name=\"robots\" content=\"index, follow, max-snippet:-1, max-image-preview:large, max-video-preview:-1\" \/>\n<link rel=\"canonical\" href=\"https:\/\/www.erdiunver.de\/en\/product\/suede-belt-brown-4\/\" \/>\n<meta property=\"og:locale\" content=\"en_US\" \/>\n<meta property=\"og:type\" content=\"article\" \/>\n<meta property=\"og:title\" content=\"Suede Belt in Brown 40mm\" \/>\n<meta property=\"og:description\" content=\"The unique leather belt in suede design &#8211; suede belt in the color brown &nbsp; This suede belt in brown puts you skillfully in the scene. The suede belt convinces with its brown side. This unique leather belt is handmade quality goods. Brown leather was used for the upper material of this leather belt. The [...]\" \/>\n<meta property=\"og:url\" content=\"https:\/\/www.erdiunver.de\/en\/product\/suede-belt-brown-4\/\" \/>\n<meta property=\"og:site_name\" content=\"Erdi \u00dcnver hochwertige Lederg\u00fcrtel aus echtem Leder f\u00fcr Damen &amp; Herren\" \/>\n<meta property=\"article:modified_time\" content=\"2022-01-10T12:18:16+00:00\" \/>\n<meta property=\"og:image\" content=\"https:\/\/www.erdiunver.de\/wp-content\/uploads\/16-Custom-1.jpg\" \/>\n\t<meta property=\"og:image:width\" content=\"1591\" \/>\n\t<meta property=\"og:image:height\" content=\"1600\" \/>\n\t<meta property=\"og:image:type\" content=\"image\/jpeg\" \/>\n<meta name=\"twitter:card\" content=\"summary_large_image\" \/>\n<meta name=\"twitter:label1\" content=\"Est. reading time\" \/>\n\t<meta name=\"twitter:data1\" content=\"1 minute\" \/>\n<script type=\"application\/ld+json\" class=\"yoast-schema-graph\">{\"@context\":\"https:\\\/\\\/schema.org\",\"@graph\":[{\"@type\":\"WebPage\",\"@id\":\"https:\\\/\\\/www.erdiunver.de\\\/en\\\/product\\\/suede-belt-brown-4\\\/\",\"url\":\"https:\\\/\\\/www.erdiunver.de\\\/en\\\/product\\\/suede-belt-brown-4\\\/\",\"name\":\"Suede Belt in Brown 40mm\",\"isPartOf\":{\"@id\":\"https:\\\/\\\/www.erdiunver.de\\\/en\\\/#website\"},\"primaryImageOfPage\":{\"@id\":\"https:\\\/\\\/www.erdiunver.de\\\/en\\\/product\\\/suede-belt-brown-4\\\/#primaryimage\"},\"image\":{\"@id\":\"https:\\\/\\\/www.erdiunver.de\\\/en\\\/product\\\/suede-belt-brown-4\\\/#primaryimage\"},\"thumbnailUrl\":\"https:\\\/\\\/www.erdiunver.de\\\/wp-content\\\/uploads\\\/16-Custom-1.jpg\",\"datePublished\":\"2022-01-04T13:22:58+00:00\",\"dateModified\":\"2022-01-10T12:18:16+00:00\",\"breadcrumb\":{\"@id\":\"https:\\\/\\\/www.erdiunver.de\\\/en\\\/product\\\/suede-belt-brown-4\\\/#breadcrumb\"},\"inLanguage\":\"en-US\",\"potentialAction\":[{\"@type\":\"ReadAction\",\"target\":[\"https:\\\/\\\/www.erdiunver.de\\\/en\\\/product\\\/suede-belt-brown-4\\\/\"]}]},{\"@type\":\"ImageObject\",\"inLanguage\":\"en-US\",\"@id\":\"https:\\\/\\\/www.erdiunver.de\\\/en\\\/product\\\/suede-belt-brown-4\\\/#primaryimage\",\"url\":\"https:\\\/\\\/www.erdiunver.de\\\/wp-content\\\/uploads\\\/16-Custom-1.jpg\",\"contentUrl\":\"https:\\\/\\\/www.erdiunver.de\\\/wp-content\\\/uploads\\\/16-Custom-1.jpg\",\"width\":1591,\"height\":1600,\"caption\":\"Suede Belt Brown 40 mm without buckle\"},{\"@type\":\"BreadcrumbList\",\"@id\":\"https:\\\/\\\/www.erdiunver.de\\\/en\\\/product\\\/suede-belt-brown-4\\\/#breadcrumb\",\"itemListElement\":[{\"@type\":\"ListItem\",\"position\":1,\"name\":\"Startseite\",\"item\":\"https:\\\/\\\/www.erdiunver.de\\\/en\\\/\"},{\"@type\":\"ListItem\",\"position\":2,\"name\":\"Shop\",\"item\":\"https:\\\/\\\/www.erdiunver.de\\\/en\\\/shop-2\\\/\"},{\"@type\":\"ListItem\",\"position\":3,\"name\":\"Suede Belt in Brown 40mm\"}]},{\"@type\":\"WebSite\",\"@id\":\"https:\\\/\\\/www.erdiunver.de\\\/en\\\/#website\",\"url\":\"https:\\\/\\\/www.erdiunver.de\\\/en\\\/\",\"name\":\"Erdi \u00dcnver hochwertige Lederg\u00fcrtel aus echtem Leder f\u00fcr Damen & Herren\",\"description\":\"Wendeg\u00fcrtel Taschen H G\u00fcrtel aus Leder hochwertig und Preiswert\",\"potentialAction\":[{\"@type\":\"SearchAction\",\"target\":{\"@type\":\"EntryPoint\",\"urlTemplate\":\"https:\\\/\\\/www.erdiunver.de\\\/en\\\/?s={search_term_string}\"},\"query-input\":{\"@type\":\"PropertyValueSpecification\",\"valueRequired\":true,\"valueName\":\"search_term_string\"}}],\"inLanguage\":\"en-US\"}]}<\/script>\n<!-- \/ Yoast SEO plugin. -->","yoast_head_json":{"title":"Suede Belt in Brown 40mm","robots":{"index":"index","follow":"follow","max-snippet":"max-snippet:-1","max-image-preview":"max-image-preview:large","max-video-preview":"max-video-preview:-1"},"canonical":"https:\/\/www.erdiunver.de\/en\/product\/suede-belt-brown-4\/","og_locale":"en_US","og_type":"article","og_title":"Suede Belt in Brown 40mm","og_description":"The unique leather belt in suede design &#8211; suede belt in the color brown &nbsp; This suede belt in brown puts you skillfully in the scene. The suede belt convinces with its brown side. This unique leather belt is handmade quality goods. Brown leather was used for the upper material of this leather belt. The [...]","og_url":"https:\/\/www.erdiunver.de\/en\/product\/suede-belt-brown-4\/","og_site_name":"Erdi \u00dcnver hochwertige Lederg\u00fcrtel aus echtem Leder f\u00fcr Damen &amp; Herren","article_modified_time":"2022-01-10T12:18:16+00:00","og_image":[{"width":1591,"height":1600,"url":"https:\/\/www.erdiunver.de\/wp-content\/uploads\/16-Custom-1.jpg","type":"image\/jpeg"}],"twitter_card":"summary_large_image","twitter_misc":{"Est. reading time":"1 minute"},"schema":{"@context":"https:\/\/schema.org","@graph":[{"@type":"WebPage","@id":"https:\/\/www.erdiunver.de\/en\/product\/suede-belt-brown-4\/","url":"https:\/\/www.erdiunver.de\/en\/product\/suede-belt-brown-4\/","name":"Suede Belt in Brown 40mm","isPartOf":{"@id":"https:\/\/www.erdiunver.de\/en\/#website"},"primaryImageOfPage":{"@id":"https:\/\/www.erdiunver.de\/en\/product\/suede-belt-brown-4\/#primaryimage"},"image":{"@id":"https:\/\/www.erdiunver.de\/en\/product\/suede-belt-brown-4\/#primaryimage"},"thumbnailUrl":"https:\/\/www.erdiunver.de\/wp-content\/uploads\/16-Custom-1.jpg","datePublished":"2022-01-04T13:22:58+00:00","dateModified":"2022-01-10T12:18:16+00:00","breadcrumb":{"@id":"https:\/\/www.erdiunver.de\/en\/product\/suede-belt-brown-4\/#breadcrumb"},"inLanguage":"en-US","potentialAction":[{"@type":"ReadAction","target":["https:\/\/www.erdiunver.de\/en\/product\/suede-belt-brown-4\/"]}]},{"@type":"ImageObject","inLanguage":"en-US","@id":"https:\/\/www.erdiunver.de\/en\/product\/suede-belt-brown-4\/#primaryimage","url":"https:\/\/www.erdiunver.de\/wp-content\/uploads\/16-Custom-1.jpg","contentUrl":"https:\/\/www.erdiunver.de\/wp-content\/uploads\/16-Custom-1.jpg","width":1591,"height":1600,"caption":"Suede Belt Brown 40 mm without buckle"},{"@type":"BreadcrumbList","@id":"https:\/\/www.erdiunver.de\/en\/product\/suede-belt-brown-4\/#breadcrumb","itemListElement":[{"@type":"ListItem","position":1,"name":"Startseite","item":"https:\/\/www.erdiunver.de\/en\/"},{"@type":"ListItem","position":2,"name":"Shop","item":"https:\/\/www.erdiunver.de\/en\/shop-2\/"},{"@type":"ListItem","position":3,"name":"Suede Belt in Brown 40mm"}]},{"@type":"WebSite","@id":"https:\/\/www.erdiunver.de\/en\/#website","url":"https:\/\/www.erdiunver.de\/en\/","name":"Erdi \u00dcnver hochwertige Lederg\u00fcrtel aus echtem Leder f\u00fcr Damen & Herren","description":"Wendeg\u00fcrtel Taschen H G\u00fcrtel aus Leder hochwertig und Preiswert","potentialAction":[{"@type":"SearchAction","target":{"@type":"EntryPoint","urlTemplate":"https:\/\/www.erdiunver.de\/en\/?s={search_term_string}"},"query-input":{"@type":"PropertyValueSpecification","valueRequired":true,"valueName":"search_term_string"}}],"inLanguage":"en-US"}]}},"_links":{"self":[{"href":"https:\/\/www.erdiunver.de\/en\/wp-json\/wp\/v2\/product\/42074","targetHints":{"allow":["GET"]}}],"collection":[{"href":"https:\/\/www.erdiunver.de\/en\/wp-json\/wp\/v2\/product"}],"about":[{"href":"https:\/\/www.erdiunver.de\/en\/wp-json\/wp\/v2\/types\/product"}],"replies":[{"embeddable":true,"href":"https:\/\/www.erdiunver.de\/en\/wp-json\/wp\/v2\/comments?post=42074"}],"wp:featuredmedia":[{"embeddable":true,"href":"https:\/\/www.erdiunver.de\/en\/wp-json\/wp\/v2\/media\/32307"}],"wp:attachment":[{"href":"https:\/\/www.erdiunver.de\/en\/wp-json\/wp\/v2\/media?parent=42074"}],"wp:term":[{"taxonomy":"product_brand","embeddable":true,"href":"https:\/\/www.erdiunver.de\/en\/wp-json\/wp\/v2\/product_brand?post=42074"},{"taxonomy":"product_cat","embeddable":true,"href":"https:\/\/www.erdiunver.de\/en\/wp-json\/wp\/v2\/product_cat?post=42074"},{"taxonomy":"product_tag","embeddable":true,"href":"https:\/\/www.erdiunver.de\/en\/wp-json\/wp\/v2\/product_tag?post=42074"}],"curies":[{"name":"wp","href":"https:\/\/api.w.org\/{rel}","templated":true}]}}