{"id":42038,"date":"2021-07-15T10:59:25","date_gmt":"2022-01-04T13:06:55","guid":{"rendered":"https:\/\/www.erdiunver.de\/product\/reversible-belt-in-white-40mm\/"},"modified":"2022-01-10T13:17:14","modified_gmt":"2022-01-10T12:17:14","slug":"reversible-belt-in-white-2","status":"publish","type":"product","link":"https:\/\/www.erdiunver.de\/en\/product\/reversible-belt-in-white-2\/","title":{"rendered":"Reversible Belt in White 40mm"},"content":{"rendered":"<h2>The classic reversible belt &#8211; modern elegance in black\/white<\/h2>\n<p>&nbsp;<\/p>\n<p>This robust <strong>leather belt<\/strong> made of<strong>full-grain calfskin<\/strong> is held in an elegant <em><strong>White \/ Black<\/strong><\/em>combination, which knows how to convey timeless classicism. This <strong>men&#8217;s belt<\/strong> is a <em>leather belt<\/em> that can be worn on both sides. The inside is made of white leather, the outside of black leather. All our products are <strong>handmade quality goods<\/strong>. Thanks to the classic tones, the <em>belt<\/em> can be combined in many ways and is thus suitable for all occasions. You&#8217;ll score points in the styling rankings of your friends and be equally convincing at work. The width of the <em>belt<\/em> is 4 cm.<\/p>\n","protected":false},"excerpt":{"rendered":"<p>The classic reversible belt &#8211; modern elegance in black\/white &nbsp; This robust leather belt made offull-grain calfskin is held in an elegant White \/ Blackcombination, which knows how to convey timeless classicism. This men&#8217;s belt is a leather belt that can be worn on both sides. The inside is made of white leather, the outside [&#8230;]\n","protected":false},"featured_media":31821,"comment_status":"open","ping_status":"closed","template":"","meta":[],"product_brand":[],"product_cat":[237,224,235,222],"product_tag":[],"class_list":{"0":"post-42038","1":"product","2":"type-product","3":"status-publish","4":"has-post-thumbnail","6":"product_cat-40mm-reversible-belt-without-buckle","7":"product_cat-h-belt","8":"product_cat-reversible-belt-without-buckle","9":"product_cat-women","11":"first","12":"instock","13":"sale","14":"taxable","15":"shipping-taxable","16":"purchasable","17":"product-type-variable"},"yoast_head":"<!-- This site is optimized with the Yoast SEO plugin v27.5 - https:\/\/yoast.com\/product\/yoast-seo-wordpress\/ -->\n<title>Reversible Belt in White 40mm<\/title>\n<meta name=\"robots\" content=\"index, follow, max-snippet:-1, max-image-preview:large, max-video-preview:-1\" \/>\n<link rel=\"canonical\" href=\"https:\/\/www.erdiunver.de\/en\/product\/reversible-belt-in-white-2\/\" \/>\n<meta property=\"og:locale\" content=\"en_US\" \/>\n<meta property=\"og:type\" content=\"article\" \/>\n<meta property=\"og:title\" content=\"Reversible Belt in White 40mm\" \/>\n<meta property=\"og:description\" content=\"The classic reversible belt &#8211; modern elegance in black\/white &nbsp; This robust leather belt made offull-grain calfskin is held in an elegant White \/ Blackcombination, which knows how to convey timeless classicism. This men&#8217;s belt is a leather belt that can be worn on both sides. The inside is made of white leather, the outside [...]\" \/>\n<meta property=\"og:url\" content=\"https:\/\/www.erdiunver.de\/en\/product\/reversible-belt-in-white-2\/\" \/>\n<meta property=\"og:site_name\" content=\"Erdi \u00dcnver hochwertige Lederg\u00fcrtel aus echtem Leder f\u00fcr Damen &amp; Herren\" \/>\n<meta property=\"article:modified_time\" content=\"2022-01-10T12:17:14+00:00\" \/>\n<meta property=\"og:image\" content=\"https:\/\/www.erdiunver.de\/wp-content\/uploads\/weiss-guertel-damen-herren-32mm-40mm-lederguertel-ohne-schnalle-fuer-h-guertelschnalle.jpg\" \/>\n\t<meta property=\"og:image:width\" content=\"1600\" \/>\n\t<meta property=\"og:image:height\" content=\"813\" \/>\n\t<meta property=\"og:image:type\" content=\"image\/jpeg\" \/>\n<meta name=\"twitter:card\" content=\"summary_large_image\" \/>\n<meta name=\"twitter:label1\" content=\"Est. reading time\" \/>\n\t<meta name=\"twitter:data1\" content=\"1 minute\" \/>\n<script type=\"application\/ld+json\" class=\"yoast-schema-graph\">{\"@context\":\"https:\\\/\\\/schema.org\",\"@graph\":[{\"@type\":\"WebPage\",\"@id\":\"https:\\\/\\\/www.erdiunver.de\\\/en\\\/product\\\/reversible-belt-in-white-2\\\/\",\"url\":\"https:\\\/\\\/www.erdiunver.de\\\/en\\\/product\\\/reversible-belt-in-white-2\\\/\",\"name\":\"Reversible Belt in White 40mm\",\"isPartOf\":{\"@id\":\"https:\\\/\\\/www.erdiunver.de\\\/en\\\/#website\"},\"primaryImageOfPage\":{\"@id\":\"https:\\\/\\\/www.erdiunver.de\\\/en\\\/product\\\/reversible-belt-in-white-2\\\/#primaryimage\"},\"image\":{\"@id\":\"https:\\\/\\\/www.erdiunver.de\\\/en\\\/product\\\/reversible-belt-in-white-2\\\/#primaryimage\"},\"thumbnailUrl\":\"https:\\\/\\\/www.erdiunver.de\\\/wp-content\\\/uploads\\\/weiss-guertel-damen-herren-32mm-40mm-lederguertel-ohne-schnalle-fuer-h-guertelschnalle.jpg\",\"datePublished\":\"2022-01-04T13:06:55+00:00\",\"dateModified\":\"2022-01-10T12:17:14+00:00\",\"breadcrumb\":{\"@id\":\"https:\\\/\\\/www.erdiunver.de\\\/en\\\/product\\\/reversible-belt-in-white-2\\\/#breadcrumb\"},\"inLanguage\":\"en-US\",\"potentialAction\":[{\"@type\":\"ReadAction\",\"target\":[\"https:\\\/\\\/www.erdiunver.de\\\/en\\\/product\\\/reversible-belt-in-white-2\\\/\"]}]},{\"@type\":\"ImageObject\",\"inLanguage\":\"en-US\",\"@id\":\"https:\\\/\\\/www.erdiunver.de\\\/en\\\/product\\\/reversible-belt-in-white-2\\\/#primaryimage\",\"url\":\"https:\\\/\\\/www.erdiunver.de\\\/wp-content\\\/uploads\\\/weiss-guertel-damen-herren-32mm-40mm-lederguertel-ohne-schnalle-fuer-h-guertelschnalle.jpg\",\"contentUrl\":\"https:\\\/\\\/www.erdiunver.de\\\/wp-content\\\/uploads\\\/weiss-guertel-damen-herren-32mm-40mm-lederguertel-ohne-schnalle-fuer-h-guertelschnalle.jpg\",\"width\":1600,\"height\":813,\"caption\":\"White belt women &amp; men 32 mm or 40 mm leather belt without buckle for H belt buckle as reversible belt\"},{\"@type\":\"BreadcrumbList\",\"@id\":\"https:\\\/\\\/www.erdiunver.de\\\/en\\\/product\\\/reversible-belt-in-white-2\\\/#breadcrumb\",\"itemListElement\":[{\"@type\":\"ListItem\",\"position\":1,\"name\":\"Startseite\",\"item\":\"https:\\\/\\\/www.erdiunver.de\\\/en\\\/\"},{\"@type\":\"ListItem\",\"position\":2,\"name\":\"Shop\",\"item\":\"https:\\\/\\\/www.erdiunver.de\\\/en\\\/shop-2\\\/\"},{\"@type\":\"ListItem\",\"position\":3,\"name\":\"Reversible Belt in White 40mm\"}]},{\"@type\":\"WebSite\",\"@id\":\"https:\\\/\\\/www.erdiunver.de\\\/en\\\/#website\",\"url\":\"https:\\\/\\\/www.erdiunver.de\\\/en\\\/\",\"name\":\"Erdi \u00dcnver hochwertige Lederg\u00fcrtel aus echtem Leder f\u00fcr Damen & Herren\",\"description\":\"Wendeg\u00fcrtel Taschen H G\u00fcrtel aus Leder hochwertig und Preiswert\",\"potentialAction\":[{\"@type\":\"SearchAction\",\"target\":{\"@type\":\"EntryPoint\",\"urlTemplate\":\"https:\\\/\\\/www.erdiunver.de\\\/en\\\/?s={search_term_string}\"},\"query-input\":{\"@type\":\"PropertyValueSpecification\",\"valueRequired\":true,\"valueName\":\"search_term_string\"}}],\"inLanguage\":\"en-US\"}]}<\/script>\n<!-- \/ Yoast SEO plugin. -->","yoast_head_json":{"title":"Reversible Belt in White 40mm","robots":{"index":"index","follow":"follow","max-snippet":"max-snippet:-1","max-image-preview":"max-image-preview:large","max-video-preview":"max-video-preview:-1"},"canonical":"https:\/\/www.erdiunver.de\/en\/product\/reversible-belt-in-white-2\/","og_locale":"en_US","og_type":"article","og_title":"Reversible Belt in White 40mm","og_description":"The classic reversible belt &#8211; modern elegance in black\/white &nbsp; This robust leather belt made offull-grain calfskin is held in an elegant White \/ Blackcombination, which knows how to convey timeless classicism. This men&#8217;s belt is a leather belt that can be worn on both sides. The inside is made of white leather, the outside [...]","og_url":"https:\/\/www.erdiunver.de\/en\/product\/reversible-belt-in-white-2\/","og_site_name":"Erdi \u00dcnver hochwertige Lederg\u00fcrtel aus echtem Leder f\u00fcr Damen &amp; Herren","article_modified_time":"2022-01-10T12:17:14+00:00","og_image":[{"width":1600,"height":813,"url":"https:\/\/www.erdiunver.de\/wp-content\/uploads\/weiss-guertel-damen-herren-32mm-40mm-lederguertel-ohne-schnalle-fuer-h-guertelschnalle.jpg","type":"image\/jpeg"}],"twitter_card":"summary_large_image","twitter_misc":{"Est. reading time":"1 minute"},"schema":{"@context":"https:\/\/schema.org","@graph":[{"@type":"WebPage","@id":"https:\/\/www.erdiunver.de\/en\/product\/reversible-belt-in-white-2\/","url":"https:\/\/www.erdiunver.de\/en\/product\/reversible-belt-in-white-2\/","name":"Reversible Belt in White 40mm","isPartOf":{"@id":"https:\/\/www.erdiunver.de\/en\/#website"},"primaryImageOfPage":{"@id":"https:\/\/www.erdiunver.de\/en\/product\/reversible-belt-in-white-2\/#primaryimage"},"image":{"@id":"https:\/\/www.erdiunver.de\/en\/product\/reversible-belt-in-white-2\/#primaryimage"},"thumbnailUrl":"https:\/\/www.erdiunver.de\/wp-content\/uploads\/weiss-guertel-damen-herren-32mm-40mm-lederguertel-ohne-schnalle-fuer-h-guertelschnalle.jpg","datePublished":"2022-01-04T13:06:55+00:00","dateModified":"2022-01-10T12:17:14+00:00","breadcrumb":{"@id":"https:\/\/www.erdiunver.de\/en\/product\/reversible-belt-in-white-2\/#breadcrumb"},"inLanguage":"en-US","potentialAction":[{"@type":"ReadAction","target":["https:\/\/www.erdiunver.de\/en\/product\/reversible-belt-in-white-2\/"]}]},{"@type":"ImageObject","inLanguage":"en-US","@id":"https:\/\/www.erdiunver.de\/en\/product\/reversible-belt-in-white-2\/#primaryimage","url":"https:\/\/www.erdiunver.de\/wp-content\/uploads\/weiss-guertel-damen-herren-32mm-40mm-lederguertel-ohne-schnalle-fuer-h-guertelschnalle.jpg","contentUrl":"https:\/\/www.erdiunver.de\/wp-content\/uploads\/weiss-guertel-damen-herren-32mm-40mm-lederguertel-ohne-schnalle-fuer-h-guertelschnalle.jpg","width":1600,"height":813,"caption":"White belt women &amp; men 32 mm or 40 mm leather belt without buckle for H belt buckle as reversible belt"},{"@type":"BreadcrumbList","@id":"https:\/\/www.erdiunver.de\/en\/product\/reversible-belt-in-white-2\/#breadcrumb","itemListElement":[{"@type":"ListItem","position":1,"name":"Startseite","item":"https:\/\/www.erdiunver.de\/en\/"},{"@type":"ListItem","position":2,"name":"Shop","item":"https:\/\/www.erdiunver.de\/en\/shop-2\/"},{"@type":"ListItem","position":3,"name":"Reversible Belt in White 40mm"}]},{"@type":"WebSite","@id":"https:\/\/www.erdiunver.de\/en\/#website","url":"https:\/\/www.erdiunver.de\/en\/","name":"Erdi \u00dcnver hochwertige Lederg\u00fcrtel aus echtem Leder f\u00fcr Damen & Herren","description":"Wendeg\u00fcrtel Taschen H G\u00fcrtel aus Leder hochwertig und Preiswert","potentialAction":[{"@type":"SearchAction","target":{"@type":"EntryPoint","urlTemplate":"https:\/\/www.erdiunver.de\/en\/?s={search_term_string}"},"query-input":{"@type":"PropertyValueSpecification","valueRequired":true,"valueName":"search_term_string"}}],"inLanguage":"en-US"}]}},"_links":{"self":[{"href":"https:\/\/www.erdiunver.de\/en\/wp-json\/wp\/v2\/product\/42038","targetHints":{"allow":["GET"]}}],"collection":[{"href":"https:\/\/www.erdiunver.de\/en\/wp-json\/wp\/v2\/product"}],"about":[{"href":"https:\/\/www.erdiunver.de\/en\/wp-json\/wp\/v2\/types\/product"}],"replies":[{"embeddable":true,"href":"https:\/\/www.erdiunver.de\/en\/wp-json\/wp\/v2\/comments?post=42038"}],"wp:featuredmedia":[{"embeddable":true,"href":"https:\/\/www.erdiunver.de\/en\/wp-json\/wp\/v2\/media\/31821"}],"wp:attachment":[{"href":"https:\/\/www.erdiunver.de\/en\/wp-json\/wp\/v2\/media?parent=42038"}],"wp:term":[{"taxonomy":"product_brand","embeddable":true,"href":"https:\/\/www.erdiunver.de\/en\/wp-json\/wp\/v2\/product_brand?post=42038"},{"taxonomy":"product_cat","embeddable":true,"href":"https:\/\/www.erdiunver.de\/en\/wp-json\/wp\/v2\/product_cat?post=42038"},{"taxonomy":"product_tag","embeddable":true,"href":"https:\/\/www.erdiunver.de\/en\/wp-json\/wp\/v2\/product_tag?post=42038"}],"curies":[{"name":"wp","href":"https:\/\/api.w.org\/{rel}","templated":true}]}}