{"id":41815,"date":"2021-07-14T08:50:17","date_gmt":"2022-01-04T12:49:10","guid":{"rendered":"https:\/\/www.erdiunver.de\/product\/reversible-belt-in-ostrich-leather-dark-brown-32mm\/"},"modified":"2022-01-10T12:45:45","modified_gmt":"2022-01-10T11:45:45","slug":"reversible-belt-in-straussleather-dark-brown","status":"publish","type":"product","link":"https:\/\/www.erdiunver.de\/en\/product\/reversible-belt-in-straussleather-dark-brown\/","title":{"rendered":"Reversible Belt in Ostrich Dark Brown 32mm"},"content":{"rendered":"<h2><strong><b>Exclusive reversible belt for women<\/b><\/strong><\/h2>\n<p><strong>The handmade reversible belt offers you a wonderful fit with perfect design and shape. The quality leather that clings is distinguished by its manufacture and its wonderful material. The leather in Strau\u00dfenldeder optics throws all eyes on itself.<\/strong><br \/>\n<strong>The width of this leather belt is 3.2cm and convinces with a simple perforation. Its color is dark brown\/black. The look in ostrich leather is unique and exclusive for the good taste of women. You will look good at any event with this quality leather belt. Elegant or sporty, with this reversible belt you are exactly right, for every occasion.<\/strong><\/p>\n","protected":false},"excerpt":{"rendered":"<p>Exclusive reversible belt for women The handmade reversible belt offers you a wonderful fit with perfect design and shape. The quality leather that clings is distinguished by its manufacture and its wonderful material. The leather in Strau\u00dfenldeder optics throws all eyes on itself. The width of this leather belt is 3.2cm and convinces with a [&#8230;]\n","protected":false},"featured_media":31832,"comment_status":"open","ping_status":"closed","template":"","meta":[],"product_brand":[],"product_cat":[236,224,235,222],"product_tag":[],"class_list":{"0":"post-41815","1":"product","2":"type-product","3":"status-publish","4":"has-post-thumbnail","6":"product_cat-32mm-reversible-belt-without-buckle","7":"product_cat-h-belt","8":"product_cat-reversible-belt-without-buckle","9":"product_cat-women","11":"first","12":"instock","13":"taxable","14":"shipping-taxable","15":"purchasable","16":"product-type-variable"},"yoast_head":"<!-- This site is optimized with the Yoast SEO plugin v27.4 - https:\/\/yoast.com\/product\/yoast-seo-wordpress\/ -->\n<title>Reversible Belt in Ostrich Dark Brown 32mm<\/title>\n<meta name=\"robots\" content=\"index, follow, max-snippet:-1, max-image-preview:large, max-video-preview:-1\" \/>\n<link rel=\"canonical\" href=\"https:\/\/www.erdiunver.de\/en\/product\/reversible-belt-in-straussleather-dark-brown\/\" \/>\n<meta property=\"og:locale\" content=\"en_US\" \/>\n<meta property=\"og:type\" content=\"article\" \/>\n<meta property=\"og:title\" content=\"Reversible Belt in Ostrich Dark Brown 32mm\" \/>\n<meta property=\"og:description\" content=\"Exclusive reversible belt for women The handmade reversible belt offers you a wonderful fit with perfect design and shape. The quality leather that clings is distinguished by its manufacture and its wonderful material. The leather in Strau\u00dfenldeder optics throws all eyes on itself. The width of this leather belt is 3.2cm and convinces with a [...]\" \/>\n<meta property=\"og:url\" content=\"https:\/\/www.erdiunver.de\/en\/product\/reversible-belt-in-straussleather-dark-brown\/\" \/>\n<meta property=\"og:site_name\" content=\"Erdi \u00dcnver hochwertige Lederg\u00fcrtel aus echtem Leder f\u00fcr Damen &amp; Herren\" \/>\n<meta property=\"article:modified_time\" content=\"2022-01-10T11:45:45+00:00\" \/>\n<meta property=\"og:image\" content=\"https:\/\/www.erdiunver.de\/wp-content\/uploads\/straussen-leder-guertel-als-wendeguertel-dunkelbraun-damen-herren-32mm-40mm-guertel-ohne-schnalle-fuer-h-guertelschnalle.jpeg\" \/>\n\t<meta property=\"og:image:width\" content=\"1600\" \/>\n\t<meta property=\"og:image:height\" content=\"636\" \/>\n\t<meta property=\"og:image:type\" content=\"image\/jpeg\" \/>\n<meta name=\"twitter:card\" content=\"summary_large_image\" \/>\n<meta name=\"twitter:label1\" content=\"Est. reading time\" \/>\n\t<meta name=\"twitter:data1\" content=\"1 minute\" \/>\n<script type=\"application\/ld+json\" class=\"yoast-schema-graph\">{\"@context\":\"https:\\\/\\\/schema.org\",\"@graph\":[{\"@type\":\"WebPage\",\"@id\":\"https:\\\/\\\/www.erdiunver.de\\\/en\\\/product\\\/reversible-belt-in-straussleather-dark-brown\\\/\",\"url\":\"https:\\\/\\\/www.erdiunver.de\\\/en\\\/product\\\/reversible-belt-in-straussleather-dark-brown\\\/\",\"name\":\"Reversible Belt in Ostrich Dark Brown 32mm\",\"isPartOf\":{\"@id\":\"https:\\\/\\\/www.erdiunver.de\\\/en\\\/#website\"},\"primaryImageOfPage\":{\"@id\":\"https:\\\/\\\/www.erdiunver.de\\\/en\\\/product\\\/reversible-belt-in-straussleather-dark-brown\\\/#primaryimage\"},\"image\":{\"@id\":\"https:\\\/\\\/www.erdiunver.de\\\/en\\\/product\\\/reversible-belt-in-straussleather-dark-brown\\\/#primaryimage\"},\"thumbnailUrl\":\"https:\\\/\\\/www.erdiunver.de\\\/wp-content\\\/uploads\\\/straussen-leder-guertel-als-wendeguertel-dunkelbraun-damen-herren-32mm-40mm-guertel-ohne-schnalle-fuer-h-guertelschnalle.jpeg\",\"datePublished\":\"2022-01-04T12:49:10+00:00\",\"dateModified\":\"2022-01-10T11:45:45+00:00\",\"breadcrumb\":{\"@id\":\"https:\\\/\\\/www.erdiunver.de\\\/en\\\/product\\\/reversible-belt-in-straussleather-dark-brown\\\/#breadcrumb\"},\"inLanguage\":\"en-US\",\"potentialAction\":[{\"@type\":\"ReadAction\",\"target\":[\"https:\\\/\\\/www.erdiunver.de\\\/en\\\/product\\\/reversible-belt-in-straussleather-dark-brown\\\/\"]}]},{\"@type\":\"ImageObject\",\"inLanguage\":\"en-US\",\"@id\":\"https:\\\/\\\/www.erdiunver.de\\\/en\\\/product\\\/reversible-belt-in-straussleather-dark-brown\\\/#primaryimage\",\"url\":\"https:\\\/\\\/www.erdiunver.de\\\/wp-content\\\/uploads\\\/straussen-leder-guertel-als-wendeguertel-dunkelbraun-damen-herren-32mm-40mm-guertel-ohne-schnalle-fuer-h-guertelschnalle.jpeg\",\"contentUrl\":\"https:\\\/\\\/www.erdiunver.de\\\/wp-content\\\/uploads\\\/straussen-leder-guertel-als-wendeguertel-dunkelbraun-damen-herren-32mm-40mm-guertel-ohne-schnalle-fuer-h-guertelschnalle.jpeg\",\"width\":1600,\"height\":636,\"caption\":\"Ostrich Leather Belt Interchangeable Belt Dark Brown Women &amp; Men 32mm \\\/ 40mm Belt without Buckle for H Belt Buckle\"},{\"@type\":\"BreadcrumbList\",\"@id\":\"https:\\\/\\\/www.erdiunver.de\\\/en\\\/product\\\/reversible-belt-in-straussleather-dark-brown\\\/#breadcrumb\",\"itemListElement\":[{\"@type\":\"ListItem\",\"position\":1,\"name\":\"Startseite\",\"item\":\"https:\\\/\\\/www.erdiunver.de\\\/en\\\/\"},{\"@type\":\"ListItem\",\"position\":2,\"name\":\"Shop\",\"item\":\"https:\\\/\\\/www.erdiunver.de\\\/en\\\/shop-2\\\/\"},{\"@type\":\"ListItem\",\"position\":3,\"name\":\"Reversible Belt in Ostrich Dark Brown 32mm\"}]},{\"@type\":\"WebSite\",\"@id\":\"https:\\\/\\\/www.erdiunver.de\\\/en\\\/#website\",\"url\":\"https:\\\/\\\/www.erdiunver.de\\\/en\\\/\",\"name\":\"Erdi \u00dcnver hochwertige Lederg\u00fcrtel aus echtem Leder f\u00fcr Damen & Herren\",\"description\":\"Wendeg\u00fcrtel Taschen H G\u00fcrtel aus Leder hochwertig und Preiswert\",\"potentialAction\":[{\"@type\":\"SearchAction\",\"target\":{\"@type\":\"EntryPoint\",\"urlTemplate\":\"https:\\\/\\\/www.erdiunver.de\\\/en\\\/?s={search_term_string}\"},\"query-input\":{\"@type\":\"PropertyValueSpecification\",\"valueRequired\":true,\"valueName\":\"search_term_string\"}}],\"inLanguage\":\"en-US\"}]}<\/script>\n<!-- \/ Yoast SEO plugin. -->","yoast_head_json":{"title":"Reversible Belt in Ostrich Dark Brown 32mm","robots":{"index":"index","follow":"follow","max-snippet":"max-snippet:-1","max-image-preview":"max-image-preview:large","max-video-preview":"max-video-preview:-1"},"canonical":"https:\/\/www.erdiunver.de\/en\/product\/reversible-belt-in-straussleather-dark-brown\/","og_locale":"en_US","og_type":"article","og_title":"Reversible Belt in Ostrich Dark Brown 32mm","og_description":"Exclusive reversible belt for women The handmade reversible belt offers you a wonderful fit with perfect design and shape. The quality leather that clings is distinguished by its manufacture and its wonderful material. The leather in Strau\u00dfenldeder optics throws all eyes on itself. The width of this leather belt is 3.2cm and convinces with a [...]","og_url":"https:\/\/www.erdiunver.de\/en\/product\/reversible-belt-in-straussleather-dark-brown\/","og_site_name":"Erdi \u00dcnver hochwertige Lederg\u00fcrtel aus echtem Leder f\u00fcr Damen &amp; Herren","article_modified_time":"2022-01-10T11:45:45+00:00","og_image":[{"width":1600,"height":636,"url":"https:\/\/www.erdiunver.de\/wp-content\/uploads\/straussen-leder-guertel-als-wendeguertel-dunkelbraun-damen-herren-32mm-40mm-guertel-ohne-schnalle-fuer-h-guertelschnalle.jpeg","type":"image\/jpeg"}],"twitter_card":"summary_large_image","twitter_misc":{"Est. reading time":"1 minute"},"schema":{"@context":"https:\/\/schema.org","@graph":[{"@type":"WebPage","@id":"https:\/\/www.erdiunver.de\/en\/product\/reversible-belt-in-straussleather-dark-brown\/","url":"https:\/\/www.erdiunver.de\/en\/product\/reversible-belt-in-straussleather-dark-brown\/","name":"Reversible Belt in Ostrich Dark Brown 32mm","isPartOf":{"@id":"https:\/\/www.erdiunver.de\/en\/#website"},"primaryImageOfPage":{"@id":"https:\/\/www.erdiunver.de\/en\/product\/reversible-belt-in-straussleather-dark-brown\/#primaryimage"},"image":{"@id":"https:\/\/www.erdiunver.de\/en\/product\/reversible-belt-in-straussleather-dark-brown\/#primaryimage"},"thumbnailUrl":"https:\/\/www.erdiunver.de\/wp-content\/uploads\/straussen-leder-guertel-als-wendeguertel-dunkelbraun-damen-herren-32mm-40mm-guertel-ohne-schnalle-fuer-h-guertelschnalle.jpeg","datePublished":"2022-01-04T12:49:10+00:00","dateModified":"2022-01-10T11:45:45+00:00","breadcrumb":{"@id":"https:\/\/www.erdiunver.de\/en\/product\/reversible-belt-in-straussleather-dark-brown\/#breadcrumb"},"inLanguage":"en-US","potentialAction":[{"@type":"ReadAction","target":["https:\/\/www.erdiunver.de\/en\/product\/reversible-belt-in-straussleather-dark-brown\/"]}]},{"@type":"ImageObject","inLanguage":"en-US","@id":"https:\/\/www.erdiunver.de\/en\/product\/reversible-belt-in-straussleather-dark-brown\/#primaryimage","url":"https:\/\/www.erdiunver.de\/wp-content\/uploads\/straussen-leder-guertel-als-wendeguertel-dunkelbraun-damen-herren-32mm-40mm-guertel-ohne-schnalle-fuer-h-guertelschnalle.jpeg","contentUrl":"https:\/\/www.erdiunver.de\/wp-content\/uploads\/straussen-leder-guertel-als-wendeguertel-dunkelbraun-damen-herren-32mm-40mm-guertel-ohne-schnalle-fuer-h-guertelschnalle.jpeg","width":1600,"height":636,"caption":"Ostrich Leather Belt Interchangeable Belt Dark Brown Women &amp; Men 32mm \/ 40mm Belt without Buckle for H Belt Buckle"},{"@type":"BreadcrumbList","@id":"https:\/\/www.erdiunver.de\/en\/product\/reversible-belt-in-straussleather-dark-brown\/#breadcrumb","itemListElement":[{"@type":"ListItem","position":1,"name":"Startseite","item":"https:\/\/www.erdiunver.de\/en\/"},{"@type":"ListItem","position":2,"name":"Shop","item":"https:\/\/www.erdiunver.de\/en\/shop-2\/"},{"@type":"ListItem","position":3,"name":"Reversible Belt in Ostrich Dark Brown 32mm"}]},{"@type":"WebSite","@id":"https:\/\/www.erdiunver.de\/en\/#website","url":"https:\/\/www.erdiunver.de\/en\/","name":"Erdi \u00dcnver hochwertige Lederg\u00fcrtel aus echtem Leder f\u00fcr Damen & Herren","description":"Wendeg\u00fcrtel Taschen H G\u00fcrtel aus Leder hochwertig und Preiswert","potentialAction":[{"@type":"SearchAction","target":{"@type":"EntryPoint","urlTemplate":"https:\/\/www.erdiunver.de\/en\/?s={search_term_string}"},"query-input":{"@type":"PropertyValueSpecification","valueRequired":true,"valueName":"search_term_string"}}],"inLanguage":"en-US"}]}},"_links":{"self":[{"href":"https:\/\/www.erdiunver.de\/en\/wp-json\/wp\/v2\/product\/41815","targetHints":{"allow":["GET"]}}],"collection":[{"href":"https:\/\/www.erdiunver.de\/en\/wp-json\/wp\/v2\/product"}],"about":[{"href":"https:\/\/www.erdiunver.de\/en\/wp-json\/wp\/v2\/types\/product"}],"replies":[{"embeddable":true,"href":"https:\/\/www.erdiunver.de\/en\/wp-json\/wp\/v2\/comments?post=41815"}],"wp:featuredmedia":[{"embeddable":true,"href":"https:\/\/www.erdiunver.de\/en\/wp-json\/wp\/v2\/media\/31832"}],"wp:attachment":[{"href":"https:\/\/www.erdiunver.de\/en\/wp-json\/wp\/v2\/media?parent=41815"}],"wp:term":[{"taxonomy":"product_brand","embeddable":true,"href":"https:\/\/www.erdiunver.de\/en\/wp-json\/wp\/v2\/product_brand?post=41815"},{"taxonomy":"product_cat","embeddable":true,"href":"https:\/\/www.erdiunver.de\/en\/wp-json\/wp\/v2\/product_cat?post=41815"},{"taxonomy":"product_tag","embeddable":true,"href":"https:\/\/www.erdiunver.de\/en\/wp-json\/wp\/v2\/product_tag?post=41815"}],"curies":[{"name":"wp","href":"https:\/\/api.w.org\/{rel}","templated":true}]}}