{"id":41718,"date":"2021-07-14T06:29:13","date_gmt":"2022-01-04T12:30:14","guid":{"rendered":"https:\/\/www.erdiunver.de\/product\/reversible-belt-in-ostrich-leather-navy-32mm\/"},"modified":"2022-01-10T12:45:55","modified_gmt":"2022-01-10T11:45:55","slug":"reversible-belts-in-straussleather-navy","status":"publish","type":"product","link":"https:\/\/www.erdiunver.de\/en\/product\/reversible-belts-in-straussleather-navy\/","title":{"rendered":"Reversible Belt in Ostrich Navy 32mm"},"content":{"rendered":"<h2>Elegant women belt oozes style confident design: leather belt in ostrich leather look in the colour combination dark blue navy dark blue matt<\/h2>\n<p>&nbsp;<\/p>\n<p>This <em>women belt<\/em> uses a noble colour combination of different upper and lower leather in the combination <em>dark blue navy &#8211; dark blue n<\/em> avy matt. This women belt is a <em>handmade reversible belt<\/em>, which can be combined in many ways due to its reversible function. The reversible belt is handmade to the highest quality standards. Ostrich leather look cowhide is used for the upper. The upper material of this leather belt for women is made of organic leather in the color dark blue\/navy. The underleather is in a classic matt dark blue. The practical reversible function of the women&#8217;s belt allows you to show off this particularly modern wardrobe piece in a variety of ways in everyday life. The reversible belt has a width of 32mm.<\/p>\n","protected":false},"excerpt":{"rendered":"<p>Elegant women belt oozes style confident design: leather belt in ostrich leather look in the colour combination dark blue navy dark blue matt &nbsp; This women belt uses a noble colour combination of different upper and lower leather in the combination dark blue navy &#8211; dark blue n avy matt. This women belt is a [&#8230;]\n","protected":false},"featured_media":31814,"comment_status":"open","ping_status":"closed","template":"","meta":[],"product_brand":[],"product_cat":[236,224,235,222],"product_tag":[],"class_list":{"0":"post-41718","1":"product","2":"type-product","3":"status-publish","4":"has-post-thumbnail","6":"product_cat-32mm-reversible-belt-without-buckle","7":"product_cat-h-belt","8":"product_cat-reversible-belt-without-buckle","9":"product_cat-women","11":"first","12":"instock","13":"taxable","14":"shipping-taxable","15":"purchasable","16":"product-type-variable"},"yoast_head":"<!-- This site is optimized with the Yoast SEO plugin v27.4 - https:\/\/yoast.com\/product\/yoast-seo-wordpress\/ -->\n<title>Reversible Belt in Ostrich Navy 32mm<\/title>\n<meta name=\"robots\" content=\"index, follow, max-snippet:-1, max-image-preview:large, max-video-preview:-1\" \/>\n<link rel=\"canonical\" href=\"https:\/\/www.erdiunver.de\/en\/product\/reversible-belts-in-straussleather-navy\/\" \/>\n<meta property=\"og:locale\" content=\"en_US\" \/>\n<meta property=\"og:type\" content=\"article\" \/>\n<meta property=\"og:title\" content=\"Reversible Belt in Ostrich Navy 32mm\" \/>\n<meta property=\"og:description\" content=\"Elegant women belt oozes style confident design: leather belt in ostrich leather look in the colour combination dark blue navy dark blue matt &nbsp; This women belt uses a noble colour combination of different upper and lower leather in the combination dark blue navy &#8211; dark blue n avy matt. This women belt is a [...]\" \/>\n<meta property=\"og:url\" content=\"https:\/\/www.erdiunver.de\/en\/product\/reversible-belts-in-straussleather-navy\/\" \/>\n<meta property=\"og:site_name\" content=\"Erdi \u00dcnver hochwertige Lederg\u00fcrtel aus echtem Leder f\u00fcr Damen &amp; Herren\" \/>\n<meta property=\"article:modified_time\" content=\"2022-01-10T11:45:55+00:00\" \/>\n<meta property=\"og:image\" content=\"https:\/\/www.erdiunver.de\/wp-content\/uploads\/straussenleder-guertel-dunkelblau-damen-herren-32mm-40mm-lederguertel-ohne-schnalle-fuer-h-guertelschnalle-in-navy-blau.png\" \/>\n\t<meta property=\"og:image:width\" content=\"1200\" \/>\n\t<meta property=\"og:image:height\" content=\"800\" \/>\n\t<meta property=\"og:image:type\" content=\"image\/png\" \/>\n<meta name=\"twitter:card\" content=\"summary_large_image\" \/>\n<meta name=\"twitter:label1\" content=\"Est. reading time\" \/>\n\t<meta name=\"twitter:data1\" content=\"1 minute\" \/>\n<script type=\"application\/ld+json\" class=\"yoast-schema-graph\">{\"@context\":\"https:\\\/\\\/schema.org\",\"@graph\":[{\"@type\":\"WebPage\",\"@id\":\"https:\\\/\\\/www.erdiunver.de\\\/en\\\/product\\\/reversible-belts-in-straussleather-navy\\\/\",\"url\":\"https:\\\/\\\/www.erdiunver.de\\\/en\\\/product\\\/reversible-belts-in-straussleather-navy\\\/\",\"name\":\"Reversible Belt in Ostrich Navy 32mm\",\"isPartOf\":{\"@id\":\"https:\\\/\\\/www.erdiunver.de\\\/en\\\/#website\"},\"primaryImageOfPage\":{\"@id\":\"https:\\\/\\\/www.erdiunver.de\\\/en\\\/product\\\/reversible-belts-in-straussleather-navy\\\/#primaryimage\"},\"image\":{\"@id\":\"https:\\\/\\\/www.erdiunver.de\\\/en\\\/product\\\/reversible-belts-in-straussleather-navy\\\/#primaryimage\"},\"thumbnailUrl\":\"https:\\\/\\\/www.erdiunver.de\\\/wp-content\\\/uploads\\\/straussenleder-guertel-dunkelblau-damen-herren-32mm-40mm-lederguertel-ohne-schnalle-fuer-h-guertelschnalle-in-navy-blau.png\",\"datePublished\":\"2022-01-04T12:30:14+00:00\",\"dateModified\":\"2022-01-10T11:45:55+00:00\",\"breadcrumb\":{\"@id\":\"https:\\\/\\\/www.erdiunver.de\\\/en\\\/product\\\/reversible-belts-in-straussleather-navy\\\/#breadcrumb\"},\"inLanguage\":\"en-US\",\"potentialAction\":[{\"@type\":\"ReadAction\",\"target\":[\"https:\\\/\\\/www.erdiunver.de\\\/en\\\/product\\\/reversible-belts-in-straussleather-navy\\\/\"]}]},{\"@type\":\"ImageObject\",\"inLanguage\":\"en-US\",\"@id\":\"https:\\\/\\\/www.erdiunver.de\\\/en\\\/product\\\/reversible-belts-in-straussleather-navy\\\/#primaryimage\",\"url\":\"https:\\\/\\\/www.erdiunver.de\\\/wp-content\\\/uploads\\\/straussenleder-guertel-dunkelblau-damen-herren-32mm-40mm-lederguertel-ohne-schnalle-fuer-h-guertelschnalle-in-navy-blau.png\",\"contentUrl\":\"https:\\\/\\\/www.erdiunver.de\\\/wp-content\\\/uploads\\\/straussenleder-guertel-dunkelblau-damen-herren-32mm-40mm-lederguertel-ohne-schnalle-fuer-h-guertelschnalle-in-navy-blau.png\",\"width\":1200,\"height\":800,\"caption\":\"Ostrich leather belt dark blue for men and women 32mm or 40mm leather belt without buckle for H belt buckle in Navy blue\"},{\"@type\":\"BreadcrumbList\",\"@id\":\"https:\\\/\\\/www.erdiunver.de\\\/en\\\/product\\\/reversible-belts-in-straussleather-navy\\\/#breadcrumb\",\"itemListElement\":[{\"@type\":\"ListItem\",\"position\":1,\"name\":\"Startseite\",\"item\":\"https:\\\/\\\/www.erdiunver.de\\\/en\\\/\"},{\"@type\":\"ListItem\",\"position\":2,\"name\":\"Shop\",\"item\":\"https:\\\/\\\/www.erdiunver.de\\\/en\\\/shop-2\\\/\"},{\"@type\":\"ListItem\",\"position\":3,\"name\":\"Reversible Belt in Ostrich Navy 32mm\"}]},{\"@type\":\"WebSite\",\"@id\":\"https:\\\/\\\/www.erdiunver.de\\\/en\\\/#website\",\"url\":\"https:\\\/\\\/www.erdiunver.de\\\/en\\\/\",\"name\":\"Erdi \u00dcnver hochwertige Lederg\u00fcrtel aus echtem Leder f\u00fcr Damen & Herren\",\"description\":\"Wendeg\u00fcrtel Taschen H G\u00fcrtel aus Leder hochwertig und Preiswert\",\"potentialAction\":[{\"@type\":\"SearchAction\",\"target\":{\"@type\":\"EntryPoint\",\"urlTemplate\":\"https:\\\/\\\/www.erdiunver.de\\\/en\\\/?s={search_term_string}\"},\"query-input\":{\"@type\":\"PropertyValueSpecification\",\"valueRequired\":true,\"valueName\":\"search_term_string\"}}],\"inLanguage\":\"en-US\"}]}<\/script>\n<!-- \/ Yoast SEO plugin. -->","yoast_head_json":{"title":"Reversible Belt in Ostrich Navy 32mm","robots":{"index":"index","follow":"follow","max-snippet":"max-snippet:-1","max-image-preview":"max-image-preview:large","max-video-preview":"max-video-preview:-1"},"canonical":"https:\/\/www.erdiunver.de\/en\/product\/reversible-belts-in-straussleather-navy\/","og_locale":"en_US","og_type":"article","og_title":"Reversible Belt in Ostrich Navy 32mm","og_description":"Elegant women belt oozes style confident design: leather belt in ostrich leather look in the colour combination dark blue navy dark blue matt &nbsp; This women belt uses a noble colour combination of different upper and lower leather in the combination dark blue navy &#8211; dark blue n avy matt. This women belt is a [...]","og_url":"https:\/\/www.erdiunver.de\/en\/product\/reversible-belts-in-straussleather-navy\/","og_site_name":"Erdi \u00dcnver hochwertige Lederg\u00fcrtel aus echtem Leder f\u00fcr Damen &amp; Herren","article_modified_time":"2022-01-10T11:45:55+00:00","og_image":[{"width":1200,"height":800,"url":"https:\/\/www.erdiunver.de\/wp-content\/uploads\/straussenleder-guertel-dunkelblau-damen-herren-32mm-40mm-lederguertel-ohne-schnalle-fuer-h-guertelschnalle-in-navy-blau.png","type":"image\/png"}],"twitter_card":"summary_large_image","twitter_misc":{"Est. reading time":"1 minute"},"schema":{"@context":"https:\/\/schema.org","@graph":[{"@type":"WebPage","@id":"https:\/\/www.erdiunver.de\/en\/product\/reversible-belts-in-straussleather-navy\/","url":"https:\/\/www.erdiunver.de\/en\/product\/reversible-belts-in-straussleather-navy\/","name":"Reversible Belt in Ostrich Navy 32mm","isPartOf":{"@id":"https:\/\/www.erdiunver.de\/en\/#website"},"primaryImageOfPage":{"@id":"https:\/\/www.erdiunver.de\/en\/product\/reversible-belts-in-straussleather-navy\/#primaryimage"},"image":{"@id":"https:\/\/www.erdiunver.de\/en\/product\/reversible-belts-in-straussleather-navy\/#primaryimage"},"thumbnailUrl":"https:\/\/www.erdiunver.de\/wp-content\/uploads\/straussenleder-guertel-dunkelblau-damen-herren-32mm-40mm-lederguertel-ohne-schnalle-fuer-h-guertelschnalle-in-navy-blau.png","datePublished":"2022-01-04T12:30:14+00:00","dateModified":"2022-01-10T11:45:55+00:00","breadcrumb":{"@id":"https:\/\/www.erdiunver.de\/en\/product\/reversible-belts-in-straussleather-navy\/#breadcrumb"},"inLanguage":"en-US","potentialAction":[{"@type":"ReadAction","target":["https:\/\/www.erdiunver.de\/en\/product\/reversible-belts-in-straussleather-navy\/"]}]},{"@type":"ImageObject","inLanguage":"en-US","@id":"https:\/\/www.erdiunver.de\/en\/product\/reversible-belts-in-straussleather-navy\/#primaryimage","url":"https:\/\/www.erdiunver.de\/wp-content\/uploads\/straussenleder-guertel-dunkelblau-damen-herren-32mm-40mm-lederguertel-ohne-schnalle-fuer-h-guertelschnalle-in-navy-blau.png","contentUrl":"https:\/\/www.erdiunver.de\/wp-content\/uploads\/straussenleder-guertel-dunkelblau-damen-herren-32mm-40mm-lederguertel-ohne-schnalle-fuer-h-guertelschnalle-in-navy-blau.png","width":1200,"height":800,"caption":"Ostrich leather belt dark blue for men and women 32mm or 40mm leather belt without buckle for H belt buckle in Navy blue"},{"@type":"BreadcrumbList","@id":"https:\/\/www.erdiunver.de\/en\/product\/reversible-belts-in-straussleather-navy\/#breadcrumb","itemListElement":[{"@type":"ListItem","position":1,"name":"Startseite","item":"https:\/\/www.erdiunver.de\/en\/"},{"@type":"ListItem","position":2,"name":"Shop","item":"https:\/\/www.erdiunver.de\/en\/shop-2\/"},{"@type":"ListItem","position":3,"name":"Reversible Belt in Ostrich Navy 32mm"}]},{"@type":"WebSite","@id":"https:\/\/www.erdiunver.de\/en\/#website","url":"https:\/\/www.erdiunver.de\/en\/","name":"Erdi \u00dcnver hochwertige Lederg\u00fcrtel aus echtem Leder f\u00fcr Damen & Herren","description":"Wendeg\u00fcrtel Taschen H G\u00fcrtel aus Leder hochwertig und Preiswert","potentialAction":[{"@type":"SearchAction","target":{"@type":"EntryPoint","urlTemplate":"https:\/\/www.erdiunver.de\/en\/?s={search_term_string}"},"query-input":{"@type":"PropertyValueSpecification","valueRequired":true,"valueName":"search_term_string"}}],"inLanguage":"en-US"}]}},"_links":{"self":[{"href":"https:\/\/www.erdiunver.de\/en\/wp-json\/wp\/v2\/product\/41718","targetHints":{"allow":["GET"]}}],"collection":[{"href":"https:\/\/www.erdiunver.de\/en\/wp-json\/wp\/v2\/product"}],"about":[{"href":"https:\/\/www.erdiunver.de\/en\/wp-json\/wp\/v2\/types\/product"}],"replies":[{"embeddable":true,"href":"https:\/\/www.erdiunver.de\/en\/wp-json\/wp\/v2\/comments?post=41718"}],"wp:featuredmedia":[{"embeddable":true,"href":"https:\/\/www.erdiunver.de\/en\/wp-json\/wp\/v2\/media\/31814"}],"wp:attachment":[{"href":"https:\/\/www.erdiunver.de\/en\/wp-json\/wp\/v2\/media?parent=41718"}],"wp:term":[{"taxonomy":"product_brand","embeddable":true,"href":"https:\/\/www.erdiunver.de\/en\/wp-json\/wp\/v2\/product_brand?post=41718"},{"taxonomy":"product_cat","embeddable":true,"href":"https:\/\/www.erdiunver.de\/en\/wp-json\/wp\/v2\/product_cat?post=41718"},{"taxonomy":"product_tag","embeddable":true,"href":"https:\/\/www.erdiunver.de\/en\/wp-json\/wp\/v2\/product_tag?post=41718"}],"curies":[{"name":"wp","href":"https:\/\/api.w.org\/{rel}","templated":true}]}}