{"id":41397,"date":"2021-07-15T10:06:43","date_gmt":"2022-01-04T12:17:26","guid":{"rendered":"https:\/\/www.erdiunver.de\/product\/ostrich-leather-reversible-belt-electric-blue-40mm\/"},"modified":"2022-01-10T13:03:03","modified_gmt":"2022-01-10T12:03:03","slug":"reversible-belts-in-straussleather-electric-blue-2","status":"publish","type":"product","link":"https:\/\/www.erdiunver.de\/en\/product\/reversible-belts-in-straussleather-electric-blue-2\/","title":{"rendered":"Reversible Belt in Ostrich Electric Blue 40mm"},"content":{"rendered":"<h2><b>The women belt in daring optics: Leather belt for women in ostrich leather optics &#8211; Electric Blue Light Blue\/Black Matt<\/b><\/h2>\n<h2><\/h2>\n<p>If the conventional <i>women&#8217;s <\/i><a title=\"Reversible belt light blue Electric blue\" href=\"https:\/\/www.erdiunver.de\/wendeguertel-in-electric-blue-492.html\">Electric Blue belt<\/a> isn&#8217;t daring enough for you, you can opt for the ostrich leather look version. The reversible belt is <strong>in the colors light blue\/black <\/strong>. The reversible belt is a handmade quality product made of <em>cowhide leather<\/em>. The leather belt is made of leather on the inside and is in a clear light blue tone <em>in ostrich leather look<\/em>. The belt relies on light blue leather in matte tones. <strong>The women belt is 40mm wide<\/strong>. This reversible belt will make you stand out when you want to stand out.<\/p>\n","protected":false},"excerpt":{"rendered":"<p>The women belt in daring optics: Leather belt for women in ostrich leather optics &#8211; Electric Blue Light Blue\/Black Matt If the conventional women&#8217;s Electric Blue belt isn&#8217;t daring enough for you, you can opt for the ostrich leather look version. The reversible belt is in the colors light blue\/black . The reversible belt is [&#8230;]\n","protected":false},"featured_media":31816,"comment_status":"open","ping_status":"closed","template":"","meta":[],"product_brand":[],"product_cat":[237,224,235,222],"product_tag":[],"class_list":{"0":"post-41397","1":"product","2":"type-product","3":"status-publish","4":"has-post-thumbnail","6":"product_cat-40mm-reversible-belt-without-buckle","7":"product_cat-h-belt","8":"product_cat-reversible-belt-without-buckle","9":"product_cat-women","11":"first","12":"instock","13":"sale","14":"taxable","15":"shipping-taxable","16":"purchasable","17":"product-type-variable"},"yoast_head":"<!-- This site is optimized with the Yoast SEO plugin v27.6 - https:\/\/yoast.com\/product\/yoast-seo-wordpress\/ -->\n<title>Reversible Belt in Ostrich Electric Blue 40mm<\/title>\n<meta name=\"robots\" content=\"index, follow, max-snippet:-1, max-image-preview:large, max-video-preview:-1\" \/>\n<link rel=\"canonical\" href=\"https:\/\/www.erdiunver.de\/en\/product\/reversible-belts-in-straussleather-electric-blue-2\/\" \/>\n<meta property=\"og:locale\" content=\"en_US\" \/>\n<meta property=\"og:type\" content=\"article\" \/>\n<meta property=\"og:title\" content=\"Reversible Belt in Ostrich Electric Blue 40mm\" \/>\n<meta property=\"og:description\" content=\"The women belt in daring optics: Leather belt for women in ostrich leather optics &#8211; Electric Blue Light Blue\/Black Matt If the conventional women&#8217;s Electric Blue belt isn&#8217;t daring enough for you, you can opt for the ostrich leather look version. The reversible belt is in the colors light blue\/black . The reversible belt is [...]\" \/>\n<meta property=\"og:url\" content=\"https:\/\/www.erdiunver.de\/en\/product\/reversible-belts-in-straussleather-electric-blue-2\/\" \/>\n<meta property=\"og:site_name\" content=\"Erdi \u00dcnver hochwertige Lederg\u00fcrtel aus echtem Leder f\u00fcr Damen &amp; Herren\" \/>\n<meta property=\"article:modified_time\" content=\"2022-01-10T12:03:03+00:00\" \/>\n<meta property=\"og:image\" content=\"https:\/\/www.erdiunver.de\/wp-content\/uploads\/straussenleder-guertel-hellblau-damen-herren-32mm-40mm-lederguertel-ohne-schnalle-fuer-h-guertelschnalle-in-electicblue.jpg\" \/>\n\t<meta property=\"og:image:width\" content=\"1160\" \/>\n\t<meta property=\"og:image:height\" content=\"548\" \/>\n\t<meta property=\"og:image:type\" content=\"image\/jpeg\" \/>\n<meta name=\"twitter:card\" content=\"summary_large_image\" \/>\n<meta name=\"twitter:label1\" content=\"Est. reading time\" \/>\n\t<meta name=\"twitter:data1\" content=\"1 minute\" \/>\n<script type=\"application\/ld+json\" class=\"yoast-schema-graph\">{\"@context\":\"https:\\\/\\\/schema.org\",\"@graph\":[{\"@type\":\"WebPage\",\"@id\":\"https:\\\/\\\/www.erdiunver.de\\\/en\\\/product\\\/reversible-belts-in-straussleather-electric-blue-2\\\/\",\"url\":\"https:\\\/\\\/www.erdiunver.de\\\/en\\\/product\\\/reversible-belts-in-straussleather-electric-blue-2\\\/\",\"name\":\"Reversible Belt in Ostrich Electric Blue 40mm\",\"isPartOf\":{\"@id\":\"https:\\\/\\\/www.erdiunver.de\\\/en\\\/#website\"},\"primaryImageOfPage\":{\"@id\":\"https:\\\/\\\/www.erdiunver.de\\\/en\\\/product\\\/reversible-belts-in-straussleather-electric-blue-2\\\/#primaryimage\"},\"image\":{\"@id\":\"https:\\\/\\\/www.erdiunver.de\\\/en\\\/product\\\/reversible-belts-in-straussleather-electric-blue-2\\\/#primaryimage\"},\"thumbnailUrl\":\"https:\\\/\\\/www.erdiunver.de\\\/wp-content\\\/uploads\\\/straussenleder-guertel-hellblau-damen-herren-32mm-40mm-lederguertel-ohne-schnalle-fuer-h-guertelschnalle-in-electicblue.jpg\",\"datePublished\":\"2022-01-04T12:17:26+00:00\",\"dateModified\":\"2022-01-10T12:03:03+00:00\",\"breadcrumb\":{\"@id\":\"https:\\\/\\\/www.erdiunver.de\\\/en\\\/product\\\/reversible-belts-in-straussleather-electric-blue-2\\\/#breadcrumb\"},\"inLanguage\":\"en-US\",\"potentialAction\":[{\"@type\":\"ReadAction\",\"target\":[\"https:\\\/\\\/www.erdiunver.de\\\/en\\\/product\\\/reversible-belts-in-straussleather-electric-blue-2\\\/\"]}]},{\"@type\":\"ImageObject\",\"inLanguage\":\"en-US\",\"@id\":\"https:\\\/\\\/www.erdiunver.de\\\/en\\\/product\\\/reversible-belts-in-straussleather-electric-blue-2\\\/#primaryimage\",\"url\":\"https:\\\/\\\/www.erdiunver.de\\\/wp-content\\\/uploads\\\/straussenleder-guertel-hellblau-damen-herren-32mm-40mm-lederguertel-ohne-schnalle-fuer-h-guertelschnalle-in-electicblue.jpg\",\"contentUrl\":\"https:\\\/\\\/www.erdiunver.de\\\/wp-content\\\/uploads\\\/straussenleder-guertel-hellblau-damen-herren-32mm-40mm-lederguertel-ohne-schnalle-fuer-h-guertelschnalle-in-electicblue.jpg\",\"width\":1160,\"height\":548,\"caption\":\"Ostrich Leather Belt Light Blue Women &amp; Men 32mm or 40mm Leather Belt without Buckle for H Belt Buckle in Electric blue\"},{\"@type\":\"BreadcrumbList\",\"@id\":\"https:\\\/\\\/www.erdiunver.de\\\/en\\\/product\\\/reversible-belts-in-straussleather-electric-blue-2\\\/#breadcrumb\",\"itemListElement\":[{\"@type\":\"ListItem\",\"position\":1,\"name\":\"Startseite\",\"item\":\"https:\\\/\\\/www.erdiunver.de\\\/en\\\/\"},{\"@type\":\"ListItem\",\"position\":2,\"name\":\"Shop\",\"item\":\"https:\\\/\\\/www.erdiunver.de\\\/en\\\/shop-2\\\/\"},{\"@type\":\"ListItem\",\"position\":3,\"name\":\"Reversible Belt in Ostrich Electric Blue 40mm\"}]},{\"@type\":\"WebSite\",\"@id\":\"https:\\\/\\\/www.erdiunver.de\\\/en\\\/#website\",\"url\":\"https:\\\/\\\/www.erdiunver.de\\\/en\\\/\",\"name\":\"Erdi \u00dcnver hochwertige Lederg\u00fcrtel aus echtem Leder f\u00fcr Damen & Herren\",\"description\":\"Wendeg\u00fcrtel Taschen H G\u00fcrtel aus Leder hochwertig und Preiswert\",\"potentialAction\":[{\"@type\":\"SearchAction\",\"target\":{\"@type\":\"EntryPoint\",\"urlTemplate\":\"https:\\\/\\\/www.erdiunver.de\\\/en\\\/?s={search_term_string}\"},\"query-input\":{\"@type\":\"PropertyValueSpecification\",\"valueRequired\":true,\"valueName\":\"search_term_string\"}}],\"inLanguage\":\"en-US\"}]}<\/script>\n<!-- \/ Yoast SEO plugin. -->","yoast_head_json":{"title":"Reversible Belt in Ostrich Electric Blue 40mm","robots":{"index":"index","follow":"follow","max-snippet":"max-snippet:-1","max-image-preview":"max-image-preview:large","max-video-preview":"max-video-preview:-1"},"canonical":"https:\/\/www.erdiunver.de\/en\/product\/reversible-belts-in-straussleather-electric-blue-2\/","og_locale":"en_US","og_type":"article","og_title":"Reversible Belt in Ostrich Electric Blue 40mm","og_description":"The women belt in daring optics: Leather belt for women in ostrich leather optics &#8211; Electric Blue Light Blue\/Black Matt If the conventional women&#8217;s Electric Blue belt isn&#8217;t daring enough for you, you can opt for the ostrich leather look version. The reversible belt is in the colors light blue\/black . The reversible belt is [...]","og_url":"https:\/\/www.erdiunver.de\/en\/product\/reversible-belts-in-straussleather-electric-blue-2\/","og_site_name":"Erdi \u00dcnver hochwertige Lederg\u00fcrtel aus echtem Leder f\u00fcr Damen &amp; Herren","article_modified_time":"2022-01-10T12:03:03+00:00","og_image":[{"width":1160,"height":548,"url":"https:\/\/www.erdiunver.de\/wp-content\/uploads\/straussenleder-guertel-hellblau-damen-herren-32mm-40mm-lederguertel-ohne-schnalle-fuer-h-guertelschnalle-in-electicblue.jpg","type":"image\/jpeg"}],"twitter_card":"summary_large_image","twitter_misc":{"Est. reading time":"1 minute"},"schema":{"@context":"https:\/\/schema.org","@graph":[{"@type":"WebPage","@id":"https:\/\/www.erdiunver.de\/en\/product\/reversible-belts-in-straussleather-electric-blue-2\/","url":"https:\/\/www.erdiunver.de\/en\/product\/reversible-belts-in-straussleather-electric-blue-2\/","name":"Reversible Belt in Ostrich Electric Blue 40mm","isPartOf":{"@id":"https:\/\/www.erdiunver.de\/en\/#website"},"primaryImageOfPage":{"@id":"https:\/\/www.erdiunver.de\/en\/product\/reversible-belts-in-straussleather-electric-blue-2\/#primaryimage"},"image":{"@id":"https:\/\/www.erdiunver.de\/en\/product\/reversible-belts-in-straussleather-electric-blue-2\/#primaryimage"},"thumbnailUrl":"https:\/\/www.erdiunver.de\/wp-content\/uploads\/straussenleder-guertel-hellblau-damen-herren-32mm-40mm-lederguertel-ohne-schnalle-fuer-h-guertelschnalle-in-electicblue.jpg","datePublished":"2022-01-04T12:17:26+00:00","dateModified":"2022-01-10T12:03:03+00:00","breadcrumb":{"@id":"https:\/\/www.erdiunver.de\/en\/product\/reversible-belts-in-straussleather-electric-blue-2\/#breadcrumb"},"inLanguage":"en-US","potentialAction":[{"@type":"ReadAction","target":["https:\/\/www.erdiunver.de\/en\/product\/reversible-belts-in-straussleather-electric-blue-2\/"]}]},{"@type":"ImageObject","inLanguage":"en-US","@id":"https:\/\/www.erdiunver.de\/en\/product\/reversible-belts-in-straussleather-electric-blue-2\/#primaryimage","url":"https:\/\/www.erdiunver.de\/wp-content\/uploads\/straussenleder-guertel-hellblau-damen-herren-32mm-40mm-lederguertel-ohne-schnalle-fuer-h-guertelschnalle-in-electicblue.jpg","contentUrl":"https:\/\/www.erdiunver.de\/wp-content\/uploads\/straussenleder-guertel-hellblau-damen-herren-32mm-40mm-lederguertel-ohne-schnalle-fuer-h-guertelschnalle-in-electicblue.jpg","width":1160,"height":548,"caption":"Ostrich Leather Belt Light Blue Women &amp; Men 32mm or 40mm Leather Belt without Buckle for H Belt Buckle in Electric blue"},{"@type":"BreadcrumbList","@id":"https:\/\/www.erdiunver.de\/en\/product\/reversible-belts-in-straussleather-electric-blue-2\/#breadcrumb","itemListElement":[{"@type":"ListItem","position":1,"name":"Startseite","item":"https:\/\/www.erdiunver.de\/en\/"},{"@type":"ListItem","position":2,"name":"Shop","item":"https:\/\/www.erdiunver.de\/en\/shop-2\/"},{"@type":"ListItem","position":3,"name":"Reversible Belt in Ostrich Electric Blue 40mm"}]},{"@type":"WebSite","@id":"https:\/\/www.erdiunver.de\/en\/#website","url":"https:\/\/www.erdiunver.de\/en\/","name":"Erdi \u00dcnver hochwertige Lederg\u00fcrtel aus echtem Leder f\u00fcr Damen & Herren","description":"Wendeg\u00fcrtel Taschen H G\u00fcrtel aus Leder hochwertig und Preiswert","potentialAction":[{"@type":"SearchAction","target":{"@type":"EntryPoint","urlTemplate":"https:\/\/www.erdiunver.de\/en\/?s={search_term_string}"},"query-input":{"@type":"PropertyValueSpecification","valueRequired":true,"valueName":"search_term_string"}}],"inLanguage":"en-US"}]}},"_links":{"self":[{"href":"https:\/\/www.erdiunver.de\/en\/wp-json\/wp\/v2\/product\/41397","targetHints":{"allow":["GET"]}}],"collection":[{"href":"https:\/\/www.erdiunver.de\/en\/wp-json\/wp\/v2\/product"}],"about":[{"href":"https:\/\/www.erdiunver.de\/en\/wp-json\/wp\/v2\/types\/product"}],"replies":[{"embeddable":true,"href":"https:\/\/www.erdiunver.de\/en\/wp-json\/wp\/v2\/comments?post=41397"}],"wp:featuredmedia":[{"embeddable":true,"href":"https:\/\/www.erdiunver.de\/en\/wp-json\/wp\/v2\/media\/31816"}],"wp:attachment":[{"href":"https:\/\/www.erdiunver.de\/en\/wp-json\/wp\/v2\/media?parent=41397"}],"wp:term":[{"taxonomy":"product_brand","embeddable":true,"href":"https:\/\/www.erdiunver.de\/en\/wp-json\/wp\/v2\/product_brand?post=41397"},{"taxonomy":"product_cat","embeddable":true,"href":"https:\/\/www.erdiunver.de\/en\/wp-json\/wp\/v2\/product_cat?post=41397"},{"taxonomy":"product_tag","embeddable":true,"href":"https:\/\/www.erdiunver.de\/en\/wp-json\/wp\/v2\/product_tag?post=41397"}],"curies":[{"name":"wp","href":"https:\/\/api.w.org\/{rel}","templated":true}]}}