{"id":40942,"date":"2021-07-14T06:45:19","date_gmt":"2022-01-04T11:58:33","guid":{"rendered":"https:\/\/www.erdiunver.de\/product\/ostrich-leather-reversible-belt-electric-blue-32mm\/"},"modified":"2022-01-10T12:29:45","modified_gmt":"2022-01-10T11:29:45","slug":"reversible-belt-in-straussle-leather-electric-blue","status":"publish","type":"product","link":"https:\/\/www.erdiunver.de\/en\/product\/reversible-belt-in-straussle-leather-electric-blue\/","title":{"rendered":"Reversible Belt in Ostrich Electric Blue 32mm"},"content":{"rendered":"<h2><b>Set a trend with this leather belt: Women Ostrich Leather Look Belt &#8211; Electric Blue\/Black Matt<\/b><\/h2>\n<p>&nbsp;<\/p>\n<p>As the regular <a title=\"Reversible belt light blue Electric blue ladies 31mm\" href=\"https:\/\/www.erdiunver.de\/wendeguertel-in-electric-blue-495.html\">Electric Blue<\/a> variant is more suitable for setting distinguished accents, you will stand out a little more with this <i>leather belt<\/i>: The women&#8217;s belt has a street leather look and features the <i>Electric Blue light blue\/black matte color<\/i>. The reversible belt is a quality product made of cowhide leather, which is handmade. The <i>reversible belt<\/i> has a <i>width of 32mm<\/i>. The<i> leather belt<\/i> sets fine accents with its eye-catching outside by its optics from light blue, leather <i>in ostrich leather optics<\/i>. The <i>leather belt<\/i> scores with its reversible side in classic, black matt to shine. Thanks to the practical reversible function, this reversible belt shows itself to be particularly flexible: the street leather look serves perfectly as an eye-catcher, while the classic black can be perfectly integrated into any everyday outfit.<\/p>\n","protected":false},"excerpt":{"rendered":"<p>Set a trend with this leather belt: Women Ostrich Leather Look Belt &#8211; Electric Blue\/Black Matt &nbsp; As the regular Electric Blue variant is more suitable for setting distinguished accents, you will stand out a little more with this leather belt: The women&#8217;s belt has a street leather look and features the Electric Blue light [&#8230;]\n","protected":false},"featured_media":31816,"comment_status":"open","ping_status":"closed","template":"","meta":[],"product_brand":[],"product_cat":[236,224,235,222],"product_tag":[],"class_list":{"0":"post-40942","1":"product","2":"type-product","3":"status-publish","4":"has-post-thumbnail","6":"product_cat-32mm-reversible-belt-without-buckle","7":"product_cat-h-belt","8":"product_cat-reversible-belt-without-buckle","9":"product_cat-women","11":"first","12":"instock","13":"taxable","14":"shipping-taxable","15":"purchasable","16":"product-type-variable"},"yoast_head":"<!-- This site is optimized with the Yoast SEO plugin v27.4 - https:\/\/yoast.com\/product\/yoast-seo-wordpress\/ -->\n<title>Reversible Belt in Ostrich Electric Blue 32mm<\/title>\n<meta name=\"robots\" content=\"index, follow, max-snippet:-1, max-image-preview:large, max-video-preview:-1\" \/>\n<link rel=\"canonical\" href=\"https:\/\/www.erdiunver.de\/en\/product\/reversible-belt-in-straussle-leather-electric-blue\/\" \/>\n<meta property=\"og:locale\" content=\"en_US\" \/>\n<meta property=\"og:type\" content=\"article\" \/>\n<meta property=\"og:title\" content=\"Reversible Belt in Ostrich Electric Blue 32mm\" \/>\n<meta property=\"og:description\" content=\"Set a trend with this leather belt: Women Ostrich Leather Look Belt &#8211; Electric Blue\/Black Matt &nbsp; As the regular Electric Blue variant is more suitable for setting distinguished accents, you will stand out a little more with this leather belt: The women&#8217;s belt has a street leather look and features the Electric Blue light [...]\" \/>\n<meta property=\"og:url\" content=\"https:\/\/www.erdiunver.de\/en\/product\/reversible-belt-in-straussle-leather-electric-blue\/\" \/>\n<meta property=\"og:site_name\" content=\"Erdi \u00dcnver hochwertige Lederg\u00fcrtel aus echtem Leder f\u00fcr Damen &amp; Herren\" \/>\n<meta property=\"article:modified_time\" content=\"2022-01-10T11:29:45+00:00\" \/>\n<meta property=\"og:image\" content=\"https:\/\/www.erdiunver.de\/wp-content\/uploads\/straussenleder-guertel-hellblau-damen-herren-32mm-40mm-lederguertel-ohne-schnalle-fuer-h-guertelschnalle-in-electicblue.jpg\" \/>\n\t<meta property=\"og:image:width\" content=\"1160\" \/>\n\t<meta property=\"og:image:height\" content=\"548\" \/>\n\t<meta property=\"og:image:type\" content=\"image\/jpeg\" \/>\n<meta name=\"twitter:card\" content=\"summary_large_image\" \/>\n<meta name=\"twitter:label1\" content=\"Est. reading time\" \/>\n\t<meta name=\"twitter:data1\" content=\"1 minute\" \/>\n<script type=\"application\/ld+json\" class=\"yoast-schema-graph\">{\"@context\":\"https:\\\/\\\/schema.org\",\"@graph\":[{\"@type\":\"WebPage\",\"@id\":\"https:\\\/\\\/www.erdiunver.de\\\/en\\\/product\\\/reversible-belt-in-straussle-leather-electric-blue\\\/\",\"url\":\"https:\\\/\\\/www.erdiunver.de\\\/en\\\/product\\\/reversible-belt-in-straussle-leather-electric-blue\\\/\",\"name\":\"Reversible Belt in Ostrich Electric Blue 32mm\",\"isPartOf\":{\"@id\":\"https:\\\/\\\/www.erdiunver.de\\\/en\\\/#website\"},\"primaryImageOfPage\":{\"@id\":\"https:\\\/\\\/www.erdiunver.de\\\/en\\\/product\\\/reversible-belt-in-straussle-leather-electric-blue\\\/#primaryimage\"},\"image\":{\"@id\":\"https:\\\/\\\/www.erdiunver.de\\\/en\\\/product\\\/reversible-belt-in-straussle-leather-electric-blue\\\/#primaryimage\"},\"thumbnailUrl\":\"https:\\\/\\\/www.erdiunver.de\\\/wp-content\\\/uploads\\\/straussenleder-guertel-hellblau-damen-herren-32mm-40mm-lederguertel-ohne-schnalle-fuer-h-guertelschnalle-in-electicblue.jpg\",\"datePublished\":\"2022-01-04T11:58:33+00:00\",\"dateModified\":\"2022-01-10T11:29:45+00:00\",\"breadcrumb\":{\"@id\":\"https:\\\/\\\/www.erdiunver.de\\\/en\\\/product\\\/reversible-belt-in-straussle-leather-electric-blue\\\/#breadcrumb\"},\"inLanguage\":\"en-US\",\"potentialAction\":[{\"@type\":\"ReadAction\",\"target\":[\"https:\\\/\\\/www.erdiunver.de\\\/en\\\/product\\\/reversible-belt-in-straussle-leather-electric-blue\\\/\"]}]},{\"@type\":\"ImageObject\",\"inLanguage\":\"en-US\",\"@id\":\"https:\\\/\\\/www.erdiunver.de\\\/en\\\/product\\\/reversible-belt-in-straussle-leather-electric-blue\\\/#primaryimage\",\"url\":\"https:\\\/\\\/www.erdiunver.de\\\/wp-content\\\/uploads\\\/straussenleder-guertel-hellblau-damen-herren-32mm-40mm-lederguertel-ohne-schnalle-fuer-h-guertelschnalle-in-electicblue.jpg\",\"contentUrl\":\"https:\\\/\\\/www.erdiunver.de\\\/wp-content\\\/uploads\\\/straussenleder-guertel-hellblau-damen-herren-32mm-40mm-lederguertel-ohne-schnalle-fuer-h-guertelschnalle-in-electicblue.jpg\",\"width\":1160,\"height\":548,\"caption\":\"Ostrich Leather Belt Light Blue Women &amp; Men 32mm or 40mm Leather Belt without Buckle for H Belt Buckle in Electric blue\"},{\"@type\":\"BreadcrumbList\",\"@id\":\"https:\\\/\\\/www.erdiunver.de\\\/en\\\/product\\\/reversible-belt-in-straussle-leather-electric-blue\\\/#breadcrumb\",\"itemListElement\":[{\"@type\":\"ListItem\",\"position\":1,\"name\":\"Startseite\",\"item\":\"https:\\\/\\\/www.erdiunver.de\\\/en\\\/\"},{\"@type\":\"ListItem\",\"position\":2,\"name\":\"Shop\",\"item\":\"https:\\\/\\\/www.erdiunver.de\\\/en\\\/shop-2\\\/\"},{\"@type\":\"ListItem\",\"position\":3,\"name\":\"Reversible Belt in Ostrich Electric Blue 32mm\"}]},{\"@type\":\"WebSite\",\"@id\":\"https:\\\/\\\/www.erdiunver.de\\\/en\\\/#website\",\"url\":\"https:\\\/\\\/www.erdiunver.de\\\/en\\\/\",\"name\":\"Erdi \u00dcnver hochwertige Lederg\u00fcrtel aus echtem Leder f\u00fcr Damen & Herren\",\"description\":\"Wendeg\u00fcrtel Taschen H G\u00fcrtel aus Leder hochwertig und Preiswert\",\"potentialAction\":[{\"@type\":\"SearchAction\",\"target\":{\"@type\":\"EntryPoint\",\"urlTemplate\":\"https:\\\/\\\/www.erdiunver.de\\\/en\\\/?s={search_term_string}\"},\"query-input\":{\"@type\":\"PropertyValueSpecification\",\"valueRequired\":true,\"valueName\":\"search_term_string\"}}],\"inLanguage\":\"en-US\"}]}<\/script>\n<!-- \/ Yoast SEO plugin. -->","yoast_head_json":{"title":"Reversible Belt in Ostrich Electric Blue 32mm","robots":{"index":"index","follow":"follow","max-snippet":"max-snippet:-1","max-image-preview":"max-image-preview:large","max-video-preview":"max-video-preview:-1"},"canonical":"https:\/\/www.erdiunver.de\/en\/product\/reversible-belt-in-straussle-leather-electric-blue\/","og_locale":"en_US","og_type":"article","og_title":"Reversible Belt in Ostrich Electric Blue 32mm","og_description":"Set a trend with this leather belt: Women Ostrich Leather Look Belt &#8211; Electric Blue\/Black Matt &nbsp; As the regular Electric Blue variant is more suitable for setting distinguished accents, you will stand out a little more with this leather belt: The women&#8217;s belt has a street leather look and features the Electric Blue light [...]","og_url":"https:\/\/www.erdiunver.de\/en\/product\/reversible-belt-in-straussle-leather-electric-blue\/","og_site_name":"Erdi \u00dcnver hochwertige Lederg\u00fcrtel aus echtem Leder f\u00fcr Damen &amp; Herren","article_modified_time":"2022-01-10T11:29:45+00:00","og_image":[{"width":1160,"height":548,"url":"https:\/\/www.erdiunver.de\/wp-content\/uploads\/straussenleder-guertel-hellblau-damen-herren-32mm-40mm-lederguertel-ohne-schnalle-fuer-h-guertelschnalle-in-electicblue.jpg","type":"image\/jpeg"}],"twitter_card":"summary_large_image","twitter_misc":{"Est. reading time":"1 minute"},"schema":{"@context":"https:\/\/schema.org","@graph":[{"@type":"WebPage","@id":"https:\/\/www.erdiunver.de\/en\/product\/reversible-belt-in-straussle-leather-electric-blue\/","url":"https:\/\/www.erdiunver.de\/en\/product\/reversible-belt-in-straussle-leather-electric-blue\/","name":"Reversible Belt in Ostrich Electric Blue 32mm","isPartOf":{"@id":"https:\/\/www.erdiunver.de\/en\/#website"},"primaryImageOfPage":{"@id":"https:\/\/www.erdiunver.de\/en\/product\/reversible-belt-in-straussle-leather-electric-blue\/#primaryimage"},"image":{"@id":"https:\/\/www.erdiunver.de\/en\/product\/reversible-belt-in-straussle-leather-electric-blue\/#primaryimage"},"thumbnailUrl":"https:\/\/www.erdiunver.de\/wp-content\/uploads\/straussenleder-guertel-hellblau-damen-herren-32mm-40mm-lederguertel-ohne-schnalle-fuer-h-guertelschnalle-in-electicblue.jpg","datePublished":"2022-01-04T11:58:33+00:00","dateModified":"2022-01-10T11:29:45+00:00","breadcrumb":{"@id":"https:\/\/www.erdiunver.de\/en\/product\/reversible-belt-in-straussle-leather-electric-blue\/#breadcrumb"},"inLanguage":"en-US","potentialAction":[{"@type":"ReadAction","target":["https:\/\/www.erdiunver.de\/en\/product\/reversible-belt-in-straussle-leather-electric-blue\/"]}]},{"@type":"ImageObject","inLanguage":"en-US","@id":"https:\/\/www.erdiunver.de\/en\/product\/reversible-belt-in-straussle-leather-electric-blue\/#primaryimage","url":"https:\/\/www.erdiunver.de\/wp-content\/uploads\/straussenleder-guertel-hellblau-damen-herren-32mm-40mm-lederguertel-ohne-schnalle-fuer-h-guertelschnalle-in-electicblue.jpg","contentUrl":"https:\/\/www.erdiunver.de\/wp-content\/uploads\/straussenleder-guertel-hellblau-damen-herren-32mm-40mm-lederguertel-ohne-schnalle-fuer-h-guertelschnalle-in-electicblue.jpg","width":1160,"height":548,"caption":"Ostrich Leather Belt Light Blue Women &amp; Men 32mm or 40mm Leather Belt without Buckle for H Belt Buckle in Electric blue"},{"@type":"BreadcrumbList","@id":"https:\/\/www.erdiunver.de\/en\/product\/reversible-belt-in-straussle-leather-electric-blue\/#breadcrumb","itemListElement":[{"@type":"ListItem","position":1,"name":"Startseite","item":"https:\/\/www.erdiunver.de\/en\/"},{"@type":"ListItem","position":2,"name":"Shop","item":"https:\/\/www.erdiunver.de\/en\/shop-2\/"},{"@type":"ListItem","position":3,"name":"Reversible Belt in Ostrich Electric Blue 32mm"}]},{"@type":"WebSite","@id":"https:\/\/www.erdiunver.de\/en\/#website","url":"https:\/\/www.erdiunver.de\/en\/","name":"Erdi \u00dcnver hochwertige Lederg\u00fcrtel aus echtem Leder f\u00fcr Damen & Herren","description":"Wendeg\u00fcrtel Taschen H G\u00fcrtel aus Leder hochwertig und Preiswert","potentialAction":[{"@type":"SearchAction","target":{"@type":"EntryPoint","urlTemplate":"https:\/\/www.erdiunver.de\/en\/?s={search_term_string}"},"query-input":{"@type":"PropertyValueSpecification","valueRequired":true,"valueName":"search_term_string"}}],"inLanguage":"en-US"}]}},"_links":{"self":[{"href":"https:\/\/www.erdiunver.de\/en\/wp-json\/wp\/v2\/product\/40942","targetHints":{"allow":["GET"]}}],"collection":[{"href":"https:\/\/www.erdiunver.de\/en\/wp-json\/wp\/v2\/product"}],"about":[{"href":"https:\/\/www.erdiunver.de\/en\/wp-json\/wp\/v2\/types\/product"}],"replies":[{"embeddable":true,"href":"https:\/\/www.erdiunver.de\/en\/wp-json\/wp\/v2\/comments?post=40942"}],"wp:featuredmedia":[{"embeddable":true,"href":"https:\/\/www.erdiunver.de\/en\/wp-json\/wp\/v2\/media\/31816"}],"wp:attachment":[{"href":"https:\/\/www.erdiunver.de\/en\/wp-json\/wp\/v2\/media?parent=40942"}],"wp:term":[{"taxonomy":"product_brand","embeddable":true,"href":"https:\/\/www.erdiunver.de\/en\/wp-json\/wp\/v2\/product_brand?post=40942"},{"taxonomy":"product_cat","embeddable":true,"href":"https:\/\/www.erdiunver.de\/en\/wp-json\/wp\/v2\/product_cat?post=40942"},{"taxonomy":"product_tag","embeddable":true,"href":"https:\/\/www.erdiunver.de\/en\/wp-json\/wp\/v2\/product_tag?post=40942"}],"curies":[{"name":"wp","href":"https:\/\/api.w.org\/{rel}","templated":true}]}}