{"id":40875,"date":"2021-07-30T14:56:52","date_gmt":"2022-01-04T11:57:29","guid":{"rendered":"https:\/\/www.erdiunver.de\/product\/leather-belt-in-cognac-with-h-buckle-40-mm\/"},"modified":"2022-01-06T15:59:21","modified_gmt":"2022-01-06T14:59:21","slug":"leather-belt-in-cognac-with-h-buckle-40mm","status":"publish","type":"product","link":"https:\/\/www.erdiunver.de\/en\/product\/leather-belt-in-cognac-with-h-buckle-40mm\/","title":{"rendered":"Leather Belt in Cognac with H Buckle 40mm"},"content":{"rendered":"<div class=\"main-container col1-layout\">\n<div class=\"main container show-bg\">\n<div class=\"inner-container\">\n<div class=\"col-main\">\n<div class=\"product-view nested-container\">\n<div class=\"box-additional grid12-9\">\n<div class=\"box-collateral collateral-container box-tabs\">\n<div id=\"product-tabs\" class=\"gen-tabs gen-tabs--style1\">\n<div class=\"tabs-panels\">\n<div class=\"panel\">\n<div class=\"std\">\n<h1>Elegant leather belt for women in the colors cognac and black<\/h1>\n<p>&nbsp;<\/p>\n<h2>Noble optics in cognac \/ black<\/h2>\n<p>This noble <strong>Leather belt<\/strong> in color <strong>Cognac\/Black<\/strong> represents the optimal women accessory to skillfully set the scene for your own outfit. The genuine leather belt for women consists of<b> <\/b><strong>full grain calfskin<\/strong> and sets the perfect accents by means of the color-selectable belt buckle. This is a H buckle, by means of which the elegant leather belt can be closed practically. The combinations chrome matte, black matte as well as gold matte are selectable. The leather belt has a width of 40 mm.<\/p>\n<p>&nbsp;<\/p>\n<h2>Handmade quality<\/h2>\n<p>&nbsp;<\/p>\n<p>Our products are an optimal as well as modern selection of handmade goods, whose quality is guaranteed by our premium manufacturers.<\/p>\n<\/div>\n<\/div>\n<\/div>\n<\/div>\n<\/div>\n<\/div>\n<div class=\"box-additional grid12-9\"><\/div>\n<\/div>\n<\/div>\n<div class=\"postscript\"><\/div>\n<\/div>\n<\/div>\n<\/div>\n<div class=\"footer-container\">\n<div class=\"footer-container2\">\n<div class=\"footer-top-container section-container\">\n<div class=\"footer-top footer container show-bg\">\n<div class=\"inner-container\"><\/div>\n<\/div>\n<\/div>\n<\/div>\n<\/div>\n","protected":false},"excerpt":{"rendered":"<p>Elegant leather belt for women in the colors cognac and black &nbsp; Noble optics in cognac \/ black This noble Leather belt in color Cognac\/Black represents the optimal women accessory to skillfully set the scene for your own outfit. The genuine leather belt for women consists of full grain calfskin and sets the perfect accents [&#8230;]\n","protected":false},"featured_media":31965,"comment_status":"open","ping_status":"closed","template":"","meta":[],"product_brand":[],"product_cat":[234,224,232,222],"product_tag":[],"class_list":{"0":"post-40875","1":"product","2":"type-product","3":"status-publish","4":"has-post-thumbnail","6":"product_cat-40mm-reversible-belt-with-buckle","7":"product_cat-h-belt","8":"product_cat-reversible-belt-with-buckle","9":"product_cat-women","11":"first","12":"instock","13":"taxable","14":"shipping-taxable","15":"purchasable","16":"product-type-variable"},"yoast_head":"<!-- This site is optimized with the Yoast SEO plugin v27.5 - https:\/\/yoast.com\/product\/yoast-seo-wordpress\/ -->\n<title>Leather Belt in Cognac with H Buckle 40mm<\/title>\n<meta name=\"robots\" content=\"index, follow, max-snippet:-1, max-image-preview:large, max-video-preview:-1\" \/>\n<link rel=\"canonical\" href=\"https:\/\/www.erdiunver.de\/en\/product\/leather-belt-in-cognac-with-h-buckle-40mm\/\" \/>\n<meta property=\"og:locale\" content=\"en_US\" \/>\n<meta property=\"og:type\" content=\"article\" \/>\n<meta property=\"og:title\" content=\"Leather Belt in Cognac with H Buckle 40mm\" \/>\n<meta property=\"og:description\" content=\"Elegant leather belt for women in the colors cognac and black &nbsp; Noble optics in cognac \/ black This noble Leather belt in color Cognac\/Black represents the optimal women accessory to skillfully set the scene for your own outfit. The genuine leather belt for women consists of full grain calfskin and sets the perfect accents [...]\" \/>\n<meta property=\"og:url\" content=\"https:\/\/www.erdiunver.de\/en\/product\/leather-belt-in-cognac-with-h-buckle-40mm\/\" \/>\n<meta property=\"og:site_name\" content=\"Erdi \u00dcnver hochwertige Lederg\u00fcrtel aus echtem Leder f\u00fcr Damen &amp; Herren\" \/>\n<meta property=\"article:modified_time\" content=\"2022-01-06T14:59:21+00:00\" \/>\n<meta property=\"og:image\" content=\"https:\/\/www.erdiunver.de\/wp-content\/uploads\/h-guertel-cognac-braun-40-mm-32-mm-mit-h-guertelschnalle-schwarz-matt-damenguertel-herrenguertel.jpg\" \/>\n\t<meta property=\"og:image:width\" content=\"1600\" \/>\n\t<meta property=\"og:image:height\" content=\"1600\" \/>\n\t<meta property=\"og:image:type\" content=\"image\/jpeg\" \/>\n<meta name=\"twitter:card\" content=\"summary_large_image\" \/>\n<meta name=\"twitter:label1\" content=\"Est. reading time\" \/>\n\t<meta name=\"twitter:data1\" content=\"1 minute\" \/>\n<script type=\"application\/ld+json\" class=\"yoast-schema-graph\">{\"@context\":\"https:\\\/\\\/schema.org\",\"@graph\":[{\"@type\":\"WebPage\",\"@id\":\"https:\\\/\\\/www.erdiunver.de\\\/en\\\/product\\\/leather-belt-in-cognac-with-h-buckle-40mm\\\/\",\"url\":\"https:\\\/\\\/www.erdiunver.de\\\/en\\\/product\\\/leather-belt-in-cognac-with-h-buckle-40mm\\\/\",\"name\":\"Leather Belt in Cognac with H Buckle 40mm\",\"isPartOf\":{\"@id\":\"https:\\\/\\\/www.erdiunver.de\\\/en\\\/#website\"},\"primaryImageOfPage\":{\"@id\":\"https:\\\/\\\/www.erdiunver.de\\\/en\\\/product\\\/leather-belt-in-cognac-with-h-buckle-40mm\\\/#primaryimage\"},\"image\":{\"@id\":\"https:\\\/\\\/www.erdiunver.de\\\/en\\\/product\\\/leather-belt-in-cognac-with-h-buckle-40mm\\\/#primaryimage\"},\"thumbnailUrl\":\"https:\\\/\\\/www.erdiunver.de\\\/wp-content\\\/uploads\\\/h-guertel-cognac-braun-40-mm-32-mm-mit-h-guertelschnalle-schwarz-matt-damenguertel-herrenguertel.jpg\",\"datePublished\":\"2022-01-04T11:57:29+00:00\",\"dateModified\":\"2022-01-06T14:59:21+00:00\",\"breadcrumb\":{\"@id\":\"https:\\\/\\\/www.erdiunver.de\\\/en\\\/product\\\/leather-belt-in-cognac-with-h-buckle-40mm\\\/#breadcrumb\"},\"inLanguage\":\"en-US\",\"potentialAction\":[{\"@type\":\"ReadAction\",\"target\":[\"https:\\\/\\\/www.erdiunver.de\\\/en\\\/product\\\/leather-belt-in-cognac-with-h-buckle-40mm\\\/\"]}]},{\"@type\":\"ImageObject\",\"inLanguage\":\"en-US\",\"@id\":\"https:\\\/\\\/www.erdiunver.de\\\/en\\\/product\\\/leather-belt-in-cognac-with-h-buckle-40mm\\\/#primaryimage\",\"url\":\"https:\\\/\\\/www.erdiunver.de\\\/wp-content\\\/uploads\\\/h-guertel-cognac-braun-40-mm-32-mm-mit-h-guertelschnalle-schwarz-matt-damenguertel-herrenguertel.jpg\",\"contentUrl\":\"https:\\\/\\\/www.erdiunver.de\\\/wp-content\\\/uploads\\\/h-guertel-cognac-braun-40-mm-32-mm-mit-h-guertelschnalle-schwarz-matt-damenguertel-herrenguertel.jpg\",\"width\":1600,\"height\":1600,\"caption\":\"40D\"},{\"@type\":\"BreadcrumbList\",\"@id\":\"https:\\\/\\\/www.erdiunver.de\\\/en\\\/product\\\/leather-belt-in-cognac-with-h-buckle-40mm\\\/#breadcrumb\",\"itemListElement\":[{\"@type\":\"ListItem\",\"position\":1,\"name\":\"Startseite\",\"item\":\"https:\\\/\\\/www.erdiunver.de\\\/en\\\/\"},{\"@type\":\"ListItem\",\"position\":2,\"name\":\"Shop\",\"item\":\"https:\\\/\\\/www.erdiunver.de\\\/en\\\/shop-2\\\/\"},{\"@type\":\"ListItem\",\"position\":3,\"name\":\"Leather Belt in Cognac with H Buckle 40mm\"}]},{\"@type\":\"WebSite\",\"@id\":\"https:\\\/\\\/www.erdiunver.de\\\/en\\\/#website\",\"url\":\"https:\\\/\\\/www.erdiunver.de\\\/en\\\/\",\"name\":\"Erdi \u00dcnver hochwertige Lederg\u00fcrtel aus echtem Leder f\u00fcr Damen & Herren\",\"description\":\"Wendeg\u00fcrtel Taschen H G\u00fcrtel aus Leder hochwertig und Preiswert\",\"potentialAction\":[{\"@type\":\"SearchAction\",\"target\":{\"@type\":\"EntryPoint\",\"urlTemplate\":\"https:\\\/\\\/www.erdiunver.de\\\/en\\\/?s={search_term_string}\"},\"query-input\":{\"@type\":\"PropertyValueSpecification\",\"valueRequired\":true,\"valueName\":\"search_term_string\"}}],\"inLanguage\":\"en-US\"}]}<\/script>\n<!-- \/ Yoast SEO plugin. -->","yoast_head_json":{"title":"Leather Belt in Cognac with H Buckle 40mm","robots":{"index":"index","follow":"follow","max-snippet":"max-snippet:-1","max-image-preview":"max-image-preview:large","max-video-preview":"max-video-preview:-1"},"canonical":"https:\/\/www.erdiunver.de\/en\/product\/leather-belt-in-cognac-with-h-buckle-40mm\/","og_locale":"en_US","og_type":"article","og_title":"Leather Belt in Cognac with H Buckle 40mm","og_description":"Elegant leather belt for women in the colors cognac and black &nbsp; Noble optics in cognac \/ black This noble Leather belt in color Cognac\/Black represents the optimal women accessory to skillfully set the scene for your own outfit. The genuine leather belt for women consists of full grain calfskin and sets the perfect accents [...]","og_url":"https:\/\/www.erdiunver.de\/en\/product\/leather-belt-in-cognac-with-h-buckle-40mm\/","og_site_name":"Erdi \u00dcnver hochwertige Lederg\u00fcrtel aus echtem Leder f\u00fcr Damen &amp; Herren","article_modified_time":"2022-01-06T14:59:21+00:00","og_image":[{"width":1600,"height":1600,"url":"https:\/\/www.erdiunver.de\/wp-content\/uploads\/h-guertel-cognac-braun-40-mm-32-mm-mit-h-guertelschnalle-schwarz-matt-damenguertel-herrenguertel.jpg","type":"image\/jpeg"}],"twitter_card":"summary_large_image","twitter_misc":{"Est. reading time":"1 minute"},"schema":{"@context":"https:\/\/schema.org","@graph":[{"@type":"WebPage","@id":"https:\/\/www.erdiunver.de\/en\/product\/leather-belt-in-cognac-with-h-buckle-40mm\/","url":"https:\/\/www.erdiunver.de\/en\/product\/leather-belt-in-cognac-with-h-buckle-40mm\/","name":"Leather Belt in Cognac with H Buckle 40mm","isPartOf":{"@id":"https:\/\/www.erdiunver.de\/en\/#website"},"primaryImageOfPage":{"@id":"https:\/\/www.erdiunver.de\/en\/product\/leather-belt-in-cognac-with-h-buckle-40mm\/#primaryimage"},"image":{"@id":"https:\/\/www.erdiunver.de\/en\/product\/leather-belt-in-cognac-with-h-buckle-40mm\/#primaryimage"},"thumbnailUrl":"https:\/\/www.erdiunver.de\/wp-content\/uploads\/h-guertel-cognac-braun-40-mm-32-mm-mit-h-guertelschnalle-schwarz-matt-damenguertel-herrenguertel.jpg","datePublished":"2022-01-04T11:57:29+00:00","dateModified":"2022-01-06T14:59:21+00:00","breadcrumb":{"@id":"https:\/\/www.erdiunver.de\/en\/product\/leather-belt-in-cognac-with-h-buckle-40mm\/#breadcrumb"},"inLanguage":"en-US","potentialAction":[{"@type":"ReadAction","target":["https:\/\/www.erdiunver.de\/en\/product\/leather-belt-in-cognac-with-h-buckle-40mm\/"]}]},{"@type":"ImageObject","inLanguage":"en-US","@id":"https:\/\/www.erdiunver.de\/en\/product\/leather-belt-in-cognac-with-h-buckle-40mm\/#primaryimage","url":"https:\/\/www.erdiunver.de\/wp-content\/uploads\/h-guertel-cognac-braun-40-mm-32-mm-mit-h-guertelschnalle-schwarz-matt-damenguertel-herrenguertel.jpg","contentUrl":"https:\/\/www.erdiunver.de\/wp-content\/uploads\/h-guertel-cognac-braun-40-mm-32-mm-mit-h-guertelschnalle-schwarz-matt-damenguertel-herrenguertel.jpg","width":1600,"height":1600,"caption":"40D"},{"@type":"BreadcrumbList","@id":"https:\/\/www.erdiunver.de\/en\/product\/leather-belt-in-cognac-with-h-buckle-40mm\/#breadcrumb","itemListElement":[{"@type":"ListItem","position":1,"name":"Startseite","item":"https:\/\/www.erdiunver.de\/en\/"},{"@type":"ListItem","position":2,"name":"Shop","item":"https:\/\/www.erdiunver.de\/en\/shop-2\/"},{"@type":"ListItem","position":3,"name":"Leather Belt in Cognac with H Buckle 40mm"}]},{"@type":"WebSite","@id":"https:\/\/www.erdiunver.de\/en\/#website","url":"https:\/\/www.erdiunver.de\/en\/","name":"Erdi \u00dcnver hochwertige Lederg\u00fcrtel aus echtem Leder f\u00fcr Damen & Herren","description":"Wendeg\u00fcrtel Taschen H G\u00fcrtel aus Leder hochwertig und Preiswert","potentialAction":[{"@type":"SearchAction","target":{"@type":"EntryPoint","urlTemplate":"https:\/\/www.erdiunver.de\/en\/?s={search_term_string}"},"query-input":{"@type":"PropertyValueSpecification","valueRequired":true,"valueName":"search_term_string"}}],"inLanguage":"en-US"}]}},"_links":{"self":[{"href":"https:\/\/www.erdiunver.de\/en\/wp-json\/wp\/v2\/product\/40875","targetHints":{"allow":["GET"]}}],"collection":[{"href":"https:\/\/www.erdiunver.de\/en\/wp-json\/wp\/v2\/product"}],"about":[{"href":"https:\/\/www.erdiunver.de\/en\/wp-json\/wp\/v2\/types\/product"}],"replies":[{"embeddable":true,"href":"https:\/\/www.erdiunver.de\/en\/wp-json\/wp\/v2\/comments?post=40875"}],"wp:featuredmedia":[{"embeddable":true,"href":"https:\/\/www.erdiunver.de\/en\/wp-json\/wp\/v2\/media\/31965"}],"wp:attachment":[{"href":"https:\/\/www.erdiunver.de\/en\/wp-json\/wp\/v2\/media?parent=40875"}],"wp:term":[{"taxonomy":"product_brand","embeddable":true,"href":"https:\/\/www.erdiunver.de\/en\/wp-json\/wp\/v2\/product_brand?post=40875"},{"taxonomy":"product_cat","embeddable":true,"href":"https:\/\/www.erdiunver.de\/en\/wp-json\/wp\/v2\/product_cat?post=40875"},{"taxonomy":"product_tag","embeddable":true,"href":"https:\/\/www.erdiunver.de\/en\/wp-json\/wp\/v2\/product_tag?post=40875"}],"curies":[{"name":"wp","href":"https:\/\/api.w.org\/{rel}","templated":true}]}}