{"id":39951,"date":"2021-07-14T05:47:46","date_gmt":"2022-01-04T11:13:35","guid":{"rendered":"https:\/\/www.erdiunver.de\/product\/reversible-belt-in-navy-32mm\/"},"modified":"2022-01-07T12:25:14","modified_gmt":"2022-01-07T11:25:14","slug":"reversible-belt-in-navy-3","status":"publish","type":"product","link":"https:\/\/www.erdiunver.de\/en\/product\/reversible-belt-in-navy-3\/","title":{"rendered":"Reversible Belt in Navy 32mm"},"content":{"rendered":"<h2>Flexible Leather Belt: Reversible Women Belt in Dark Blue Navy\/ Dark Blue Matt<\/h2>\n<p>&nbsp;<\/p>\n<p>This timeless ladies belt focuses on a noble look in the combinations navy dark blue and navy dark blue matt together. This allows you to add color emphasis in the right situations. When the situation calls for something more simple, the high-quality reversible belt can be easily turned around. The upper wraps in a rich and dark navy blue and is made from organic leather. The bottom leather consists of smooth cowhide and convinces by its simple optics in dark blue matt. The women belt is 31mm wide. With this handmade belt made of full-grain calfskin, you will stand out with your sense of style. Depending on the situation and outfit, you can use the ladies belt flexibly and style-consciously.<\/p>\n","protected":false},"excerpt":{"rendered":"<p>Flexible Leather Belt: Reversible Women Belt in Dark Blue Navy\/ Dark Blue Matt &nbsp; This timeless ladies belt focuses on a noble look in the combinations navy dark blue and navy dark blue matt together. This allows you to add color emphasis in the right situations. When the situation calls for something more simple, the [&#8230;]\n","protected":false},"featured_media":31813,"comment_status":"open","ping_status":"closed","template":"","meta":[],"product_brand":[],"product_cat":[236,224,235,222],"product_tag":[],"class_list":{"0":"post-39951","1":"product","2":"type-product","3":"status-publish","4":"has-post-thumbnail","6":"product_cat-32mm-reversible-belt-without-buckle","7":"product_cat-h-belt","8":"product_cat-reversible-belt-without-buckle","9":"product_cat-women","11":"first","12":"instock","13":"taxable","14":"shipping-taxable","15":"purchasable","16":"product-type-variable"},"yoast_head":"<!-- This site is optimized with the Yoast SEO plugin v27.4 - https:\/\/yoast.com\/product\/yoast-seo-wordpress\/ -->\n<title>Reversible Belt in Navy 32mm<\/title>\n<meta name=\"robots\" content=\"index, follow, max-snippet:-1, max-image-preview:large, max-video-preview:-1\" \/>\n<link rel=\"canonical\" href=\"https:\/\/www.erdiunver.de\/en\/product\/reversible-belt-in-navy-3\/\" \/>\n<meta property=\"og:locale\" content=\"en_US\" \/>\n<meta property=\"og:type\" content=\"article\" \/>\n<meta property=\"og:title\" content=\"Reversible Belt in Navy 32mm\" \/>\n<meta property=\"og:description\" content=\"Flexible Leather Belt: Reversible Women Belt in Dark Blue Navy\/ Dark Blue Matt &nbsp; This timeless ladies belt focuses on a noble look in the combinations navy dark blue and navy dark blue matt together. This allows you to add color emphasis in the right situations. When the situation calls for something more simple, the [...]\" \/>\n<meta property=\"og:url\" content=\"https:\/\/www.erdiunver.de\/en\/product\/reversible-belt-in-navy-3\/\" \/>\n<meta property=\"og:site_name\" content=\"Erdi \u00dcnver hochwertige Lederg\u00fcrtel aus echtem Leder f\u00fcr Damen &amp; Herren\" \/>\n<meta property=\"article:modified_time\" content=\"2022-01-07T11:25:14+00:00\" \/>\n<meta property=\"og:image\" content=\"https:\/\/www.erdiunver.de\/wp-content\/uploads\/dunkelblauer-guertel-damen-herren-32mm-40mm-lederguertel-ohne-schnalle-fuer-h-guertelschnalle-in-navy-blau.jpg\" \/>\n\t<meta property=\"og:image:width\" content=\"1600\" \/>\n\t<meta property=\"og:image:height\" content=\"1600\" \/>\n\t<meta property=\"og:image:type\" content=\"image\/jpeg\" \/>\n<meta name=\"twitter:card\" content=\"summary_large_image\" \/>\n<meta name=\"twitter:label1\" content=\"Est. reading time\" \/>\n\t<meta name=\"twitter:data1\" content=\"1 minute\" \/>\n<script type=\"application\/ld+json\" class=\"yoast-schema-graph\">{\"@context\":\"https:\\\/\\\/schema.org\",\"@graph\":[{\"@type\":\"WebPage\",\"@id\":\"https:\\\/\\\/www.erdiunver.de\\\/en\\\/product\\\/reversible-belt-in-navy-3\\\/\",\"url\":\"https:\\\/\\\/www.erdiunver.de\\\/en\\\/product\\\/reversible-belt-in-navy-3\\\/\",\"name\":\"Reversible Belt in Navy 32mm\",\"isPartOf\":{\"@id\":\"https:\\\/\\\/www.erdiunver.de\\\/en\\\/#website\"},\"primaryImageOfPage\":{\"@id\":\"https:\\\/\\\/www.erdiunver.de\\\/en\\\/product\\\/reversible-belt-in-navy-3\\\/#primaryimage\"},\"image\":{\"@id\":\"https:\\\/\\\/www.erdiunver.de\\\/en\\\/product\\\/reversible-belt-in-navy-3\\\/#primaryimage\"},\"thumbnailUrl\":\"https:\\\/\\\/www.erdiunver.de\\\/wp-content\\\/uploads\\\/dunkelblauer-guertel-damen-herren-32mm-40mm-lederguertel-ohne-schnalle-fuer-h-guertelschnalle-in-navy-blau.jpg\",\"datePublished\":\"2022-01-04T11:13:35+00:00\",\"dateModified\":\"2022-01-07T11:25:14+00:00\",\"breadcrumb\":{\"@id\":\"https:\\\/\\\/www.erdiunver.de\\\/en\\\/product\\\/reversible-belt-in-navy-3\\\/#breadcrumb\"},\"inLanguage\":\"en-US\",\"potentialAction\":[{\"@type\":\"ReadAction\",\"target\":[\"https:\\\/\\\/www.erdiunver.de\\\/en\\\/product\\\/reversible-belt-in-navy-3\\\/\"]}]},{\"@type\":\"ImageObject\",\"inLanguage\":\"en-US\",\"@id\":\"https:\\\/\\\/www.erdiunver.de\\\/en\\\/product\\\/reversible-belt-in-navy-3\\\/#primaryimage\",\"url\":\"https:\\\/\\\/www.erdiunver.de\\\/wp-content\\\/uploads\\\/dunkelblauer-guertel-damen-herren-32mm-40mm-lederguertel-ohne-schnalle-fuer-h-guertelschnalle-in-navy-blau.jpg\",\"contentUrl\":\"https:\\\/\\\/www.erdiunver.de\\\/wp-content\\\/uploads\\\/dunkelblauer-guertel-damen-herren-32mm-40mm-lederguertel-ohne-schnalle-fuer-h-guertelschnalle-in-navy-blau.jpg\",\"width\":1600,\"height\":1600,\"caption\":\"Dark blue belt for men &amp; women 32mm \\\/ 40mm leather belt without buckle for H belt buckle in Navy blue\"},{\"@type\":\"BreadcrumbList\",\"@id\":\"https:\\\/\\\/www.erdiunver.de\\\/en\\\/product\\\/reversible-belt-in-navy-3\\\/#breadcrumb\",\"itemListElement\":[{\"@type\":\"ListItem\",\"position\":1,\"name\":\"Startseite\",\"item\":\"https:\\\/\\\/www.erdiunver.de\\\/en\\\/\"},{\"@type\":\"ListItem\",\"position\":2,\"name\":\"Shop\",\"item\":\"https:\\\/\\\/www.erdiunver.de\\\/en\\\/shop-2\\\/\"},{\"@type\":\"ListItem\",\"position\":3,\"name\":\"Reversible Belt in Navy 32mm\"}]},{\"@type\":\"WebSite\",\"@id\":\"https:\\\/\\\/www.erdiunver.de\\\/en\\\/#website\",\"url\":\"https:\\\/\\\/www.erdiunver.de\\\/en\\\/\",\"name\":\"Erdi \u00dcnver hochwertige Lederg\u00fcrtel aus echtem Leder f\u00fcr Damen & Herren\",\"description\":\"Wendeg\u00fcrtel Taschen H G\u00fcrtel aus Leder hochwertig und Preiswert\",\"potentialAction\":[{\"@type\":\"SearchAction\",\"target\":{\"@type\":\"EntryPoint\",\"urlTemplate\":\"https:\\\/\\\/www.erdiunver.de\\\/en\\\/?s={search_term_string}\"},\"query-input\":{\"@type\":\"PropertyValueSpecification\",\"valueRequired\":true,\"valueName\":\"search_term_string\"}}],\"inLanguage\":\"en-US\"}]}<\/script>\n<!-- \/ Yoast SEO plugin. -->","yoast_head_json":{"title":"Reversible Belt in Navy 32mm","robots":{"index":"index","follow":"follow","max-snippet":"max-snippet:-1","max-image-preview":"max-image-preview:large","max-video-preview":"max-video-preview:-1"},"canonical":"https:\/\/www.erdiunver.de\/en\/product\/reversible-belt-in-navy-3\/","og_locale":"en_US","og_type":"article","og_title":"Reversible Belt in Navy 32mm","og_description":"Flexible Leather Belt: Reversible Women Belt in Dark Blue Navy\/ Dark Blue Matt &nbsp; This timeless ladies belt focuses on a noble look in the combinations navy dark blue and navy dark blue matt together. This allows you to add color emphasis in the right situations. When the situation calls for something more simple, the [...]","og_url":"https:\/\/www.erdiunver.de\/en\/product\/reversible-belt-in-navy-3\/","og_site_name":"Erdi \u00dcnver hochwertige Lederg\u00fcrtel aus echtem Leder f\u00fcr Damen &amp; Herren","article_modified_time":"2022-01-07T11:25:14+00:00","og_image":[{"width":1600,"height":1600,"url":"https:\/\/www.erdiunver.de\/wp-content\/uploads\/dunkelblauer-guertel-damen-herren-32mm-40mm-lederguertel-ohne-schnalle-fuer-h-guertelschnalle-in-navy-blau.jpg","type":"image\/jpeg"}],"twitter_card":"summary_large_image","twitter_misc":{"Est. reading time":"1 minute"},"schema":{"@context":"https:\/\/schema.org","@graph":[{"@type":"WebPage","@id":"https:\/\/www.erdiunver.de\/en\/product\/reversible-belt-in-navy-3\/","url":"https:\/\/www.erdiunver.de\/en\/product\/reversible-belt-in-navy-3\/","name":"Reversible Belt in Navy 32mm","isPartOf":{"@id":"https:\/\/www.erdiunver.de\/en\/#website"},"primaryImageOfPage":{"@id":"https:\/\/www.erdiunver.de\/en\/product\/reversible-belt-in-navy-3\/#primaryimage"},"image":{"@id":"https:\/\/www.erdiunver.de\/en\/product\/reversible-belt-in-navy-3\/#primaryimage"},"thumbnailUrl":"https:\/\/www.erdiunver.de\/wp-content\/uploads\/dunkelblauer-guertel-damen-herren-32mm-40mm-lederguertel-ohne-schnalle-fuer-h-guertelschnalle-in-navy-blau.jpg","datePublished":"2022-01-04T11:13:35+00:00","dateModified":"2022-01-07T11:25:14+00:00","breadcrumb":{"@id":"https:\/\/www.erdiunver.de\/en\/product\/reversible-belt-in-navy-3\/#breadcrumb"},"inLanguage":"en-US","potentialAction":[{"@type":"ReadAction","target":["https:\/\/www.erdiunver.de\/en\/product\/reversible-belt-in-navy-3\/"]}]},{"@type":"ImageObject","inLanguage":"en-US","@id":"https:\/\/www.erdiunver.de\/en\/product\/reversible-belt-in-navy-3\/#primaryimage","url":"https:\/\/www.erdiunver.de\/wp-content\/uploads\/dunkelblauer-guertel-damen-herren-32mm-40mm-lederguertel-ohne-schnalle-fuer-h-guertelschnalle-in-navy-blau.jpg","contentUrl":"https:\/\/www.erdiunver.de\/wp-content\/uploads\/dunkelblauer-guertel-damen-herren-32mm-40mm-lederguertel-ohne-schnalle-fuer-h-guertelschnalle-in-navy-blau.jpg","width":1600,"height":1600,"caption":"Dark blue belt for men &amp; women 32mm \/ 40mm leather belt without buckle for H belt buckle in Navy blue"},{"@type":"BreadcrumbList","@id":"https:\/\/www.erdiunver.de\/en\/product\/reversible-belt-in-navy-3\/#breadcrumb","itemListElement":[{"@type":"ListItem","position":1,"name":"Startseite","item":"https:\/\/www.erdiunver.de\/en\/"},{"@type":"ListItem","position":2,"name":"Shop","item":"https:\/\/www.erdiunver.de\/en\/shop-2\/"},{"@type":"ListItem","position":3,"name":"Reversible Belt in Navy 32mm"}]},{"@type":"WebSite","@id":"https:\/\/www.erdiunver.de\/en\/#website","url":"https:\/\/www.erdiunver.de\/en\/","name":"Erdi \u00dcnver hochwertige Lederg\u00fcrtel aus echtem Leder f\u00fcr Damen & Herren","description":"Wendeg\u00fcrtel Taschen H G\u00fcrtel aus Leder hochwertig und Preiswert","potentialAction":[{"@type":"SearchAction","target":{"@type":"EntryPoint","urlTemplate":"https:\/\/www.erdiunver.de\/en\/?s={search_term_string}"},"query-input":{"@type":"PropertyValueSpecification","valueRequired":true,"valueName":"search_term_string"}}],"inLanguage":"en-US"}]}},"_links":{"self":[{"href":"https:\/\/www.erdiunver.de\/en\/wp-json\/wp\/v2\/product\/39951","targetHints":{"allow":["GET"]}}],"collection":[{"href":"https:\/\/www.erdiunver.de\/en\/wp-json\/wp\/v2\/product"}],"about":[{"href":"https:\/\/www.erdiunver.de\/en\/wp-json\/wp\/v2\/types\/product"}],"replies":[{"embeddable":true,"href":"https:\/\/www.erdiunver.de\/en\/wp-json\/wp\/v2\/comments?post=39951"}],"wp:featuredmedia":[{"embeddable":true,"href":"https:\/\/www.erdiunver.de\/en\/wp-json\/wp\/v2\/media\/31813"}],"wp:attachment":[{"href":"https:\/\/www.erdiunver.de\/en\/wp-json\/wp\/v2\/media?parent=39951"}],"wp:term":[{"taxonomy":"product_brand","embeddable":true,"href":"https:\/\/www.erdiunver.de\/en\/wp-json\/wp\/v2\/product_brand?post=39951"},{"taxonomy":"product_cat","embeddable":true,"href":"https:\/\/www.erdiunver.de\/en\/wp-json\/wp\/v2\/product_cat?post=39951"},{"taxonomy":"product_tag","embeddable":true,"href":"https:\/\/www.erdiunver.de\/en\/wp-json\/wp\/v2\/product_tag?post=39951"}],"curies":[{"name":"wp","href":"https:\/\/api.w.org\/{rel}","templated":true}]}}