{"id":38594,"date":"2021-08-06T16:39:42","date_gmt":"2022-01-04T07:02:58","guid":{"rendered":"https:\/\/www.erdiunver.de\/product\/patent-leather-belt-brown-32mm\/"},"modified":"2022-11-26T23:41:21","modified_gmt":"2022-11-26T22:41:21","slug":"patent-leather-belt-brown-2","status":"publish","type":"product","link":"https:\/\/www.erdiunver.de\/en\/product\/patent-leather-belt-brown-2\/","title":{"rendered":"Patent Leather Belt in Brown 32mm"},"content":{"rendered":"<h2><b>Patent leather belt in shiny design &#8211; The belt in patent leather in the color brown<\/b><\/h2>\n<p>&nbsp;<\/p>\n<h3>With this classic leather belt you set skilfully accents in the different situations of the everyday life. The patent leather belt convinces with its brown side. The leather belt is handmade first-class quality goods. With this patent leather belt was used for the upper material brown leather for the lower material of the leather belt was used a cowhide in the color light beige with a belt width of 31mm, the leather belt can be used perfectly, for the office everyday or for leisure.<\/h3>\n<h3>Convince yourself of our high quality standards that we place on our leather belts.<\/h3>\n","protected":false},"excerpt":{"rendered":"<p>Patent leather belt in shiny design &#8211; The belt in patent leather in the color brown &nbsp; With this classic leather belt you set skilfully accents in the different situations of the everyday life. The patent leather belt convinces with its brown side. The leather belt is handmade first-class quality goods. With this patent leather [&#8230;]\n","protected":false},"featured_media":32301,"comment_status":"open","ping_status":"closed","template":"","meta":[],"product_brand":[],"product_cat":[236,224,235,222],"product_tag":[280],"class_list":{"0":"post-38594","1":"product","2":"type-product","3":"status-publish","4":"has-post-thumbnail","6":"product_cat-32mm-reversible-belt-without-buckle","7":"product_cat-h-belt","8":"product_cat-reversible-belt-without-buckle","9":"product_cat-women","10":"product_tag-leather-belt-for-h-buckle","12":"first","13":"instock","14":"taxable","15":"shipping-taxable","16":"purchasable","17":"product-type-variable"},"yoast_head":"<!-- This site is optimized with the Yoast SEO plugin v27.5 - https:\/\/yoast.com\/product\/yoast-seo-wordpress\/ -->\n<title>Patent Leather Belt in Brown 32mm<\/title>\n<meta name=\"robots\" content=\"index, follow, max-snippet:-1, max-image-preview:large, max-video-preview:-1\" \/>\n<link rel=\"canonical\" href=\"https:\/\/www.erdiunver.de\/en\/product\/patent-leather-belt-brown-2\/\" \/>\n<meta property=\"og:locale\" content=\"en_US\" \/>\n<meta property=\"og:type\" content=\"article\" \/>\n<meta property=\"og:title\" content=\"Patent Leather Belt in Brown 32mm\" \/>\n<meta property=\"og:description\" content=\"Patent leather belt in shiny design &#8211; The belt in patent leather in the color brown &nbsp; With this classic leather belt you set skilfully accents in the different situations of the everyday life. The patent leather belt convinces with its brown side. The leather belt is handmade first-class quality goods. With this patent leather [...]\" \/>\n<meta property=\"og:url\" content=\"https:\/\/www.erdiunver.de\/en\/product\/patent-leather-belt-brown-2\/\" \/>\n<meta property=\"og:site_name\" content=\"Erdi \u00dcnver hochwertige Lederg\u00fcrtel aus echtem Leder f\u00fcr Damen &amp; Herren\" \/>\n<meta property=\"article:modified_time\" content=\"2022-11-26T22:41:21+00:00\" \/>\n<meta property=\"og:image\" content=\"https:\/\/www.erdiunver.de\/wp-content\/uploads\/13-Custom-1.jpg\" \/>\n\t<meta property=\"og:image:width\" content=\"1591\" \/>\n\t<meta property=\"og:image:height\" content=\"1600\" \/>\n\t<meta property=\"og:image:type\" content=\"image\/jpeg\" \/>\n<meta name=\"twitter:card\" content=\"summary_large_image\" \/>\n<meta name=\"twitter:label1\" content=\"Est. reading time\" \/>\n\t<meta name=\"twitter:data1\" content=\"1 minute\" \/>\n<script type=\"application\/ld+json\" class=\"yoast-schema-graph\">{\"@context\":\"https:\\\/\\\/schema.org\",\"@graph\":[{\"@type\":\"WebPage\",\"@id\":\"https:\\\/\\\/www.erdiunver.de\\\/en\\\/product\\\/patent-leather-belt-brown-2\\\/\",\"url\":\"https:\\\/\\\/www.erdiunver.de\\\/en\\\/product\\\/patent-leather-belt-brown-2\\\/\",\"name\":\"Patent Leather Belt in Brown 32mm\",\"isPartOf\":{\"@id\":\"https:\\\/\\\/www.erdiunver.de\\\/en\\\/#website\"},\"primaryImageOfPage\":{\"@id\":\"https:\\\/\\\/www.erdiunver.de\\\/en\\\/product\\\/patent-leather-belt-brown-2\\\/#primaryimage\"},\"image\":{\"@id\":\"https:\\\/\\\/www.erdiunver.de\\\/en\\\/product\\\/patent-leather-belt-brown-2\\\/#primaryimage\"},\"thumbnailUrl\":\"https:\\\/\\\/www.erdiunver.de\\\/wp-content\\\/uploads\\\/13-Custom-1.jpg\",\"datePublished\":\"2022-01-04T07:02:58+00:00\",\"dateModified\":\"2022-11-26T22:41:21+00:00\",\"breadcrumb\":{\"@id\":\"https:\\\/\\\/www.erdiunver.de\\\/en\\\/product\\\/patent-leather-belt-brown-2\\\/#breadcrumb\"},\"inLanguage\":\"en-US\",\"potentialAction\":[{\"@type\":\"ReadAction\",\"target\":[\"https:\\\/\\\/www.erdiunver.de\\\/en\\\/product\\\/patent-leather-belt-brown-2\\\/\"]}]},{\"@type\":\"ImageObject\",\"inLanguage\":\"en-US\",\"@id\":\"https:\\\/\\\/www.erdiunver.de\\\/en\\\/product\\\/patent-leather-belt-brown-2\\\/#primaryimage\",\"url\":\"https:\\\/\\\/www.erdiunver.de\\\/wp-content\\\/uploads\\\/13-Custom-1.jpg\",\"contentUrl\":\"https:\\\/\\\/www.erdiunver.de\\\/wp-content\\\/uploads\\\/13-Custom-1.jpg\",\"width\":1591,\"height\":1600},{\"@type\":\"BreadcrumbList\",\"@id\":\"https:\\\/\\\/www.erdiunver.de\\\/en\\\/product\\\/patent-leather-belt-brown-2\\\/#breadcrumb\",\"itemListElement\":[{\"@type\":\"ListItem\",\"position\":1,\"name\":\"Startseite\",\"item\":\"https:\\\/\\\/www.erdiunver.de\\\/en\\\/\"},{\"@type\":\"ListItem\",\"position\":2,\"name\":\"Shop\",\"item\":\"https:\\\/\\\/www.erdiunver.de\\\/en\\\/shop-2\\\/\"},{\"@type\":\"ListItem\",\"position\":3,\"name\":\"Patent Leather Belt in Brown 32mm\"}]},{\"@type\":\"WebSite\",\"@id\":\"https:\\\/\\\/www.erdiunver.de\\\/en\\\/#website\",\"url\":\"https:\\\/\\\/www.erdiunver.de\\\/en\\\/\",\"name\":\"Erdi \u00dcnver hochwertige Lederg\u00fcrtel aus echtem Leder f\u00fcr Damen & Herren\",\"description\":\"Wendeg\u00fcrtel Taschen H G\u00fcrtel aus Leder hochwertig und Preiswert\",\"potentialAction\":[{\"@type\":\"SearchAction\",\"target\":{\"@type\":\"EntryPoint\",\"urlTemplate\":\"https:\\\/\\\/www.erdiunver.de\\\/en\\\/?s={search_term_string}\"},\"query-input\":{\"@type\":\"PropertyValueSpecification\",\"valueRequired\":true,\"valueName\":\"search_term_string\"}}],\"inLanguage\":\"en-US\"}]}<\/script>\n<!-- \/ Yoast SEO plugin. -->","yoast_head_json":{"title":"Patent Leather Belt in Brown 32mm","robots":{"index":"index","follow":"follow","max-snippet":"max-snippet:-1","max-image-preview":"max-image-preview:large","max-video-preview":"max-video-preview:-1"},"canonical":"https:\/\/www.erdiunver.de\/en\/product\/patent-leather-belt-brown-2\/","og_locale":"en_US","og_type":"article","og_title":"Patent Leather Belt in Brown 32mm","og_description":"Patent leather belt in shiny design &#8211; The belt in patent leather in the color brown &nbsp; With this classic leather belt you set skilfully accents in the different situations of the everyday life. The patent leather belt convinces with its brown side. The leather belt is handmade first-class quality goods. With this patent leather [...]","og_url":"https:\/\/www.erdiunver.de\/en\/product\/patent-leather-belt-brown-2\/","og_site_name":"Erdi \u00dcnver hochwertige Lederg\u00fcrtel aus echtem Leder f\u00fcr Damen &amp; Herren","article_modified_time":"2022-11-26T22:41:21+00:00","og_image":[{"width":1591,"height":1600,"url":"https:\/\/www.erdiunver.de\/wp-content\/uploads\/13-Custom-1.jpg","type":"image\/jpeg"}],"twitter_card":"summary_large_image","twitter_misc":{"Est. reading time":"1 minute"},"schema":{"@context":"https:\/\/schema.org","@graph":[{"@type":"WebPage","@id":"https:\/\/www.erdiunver.de\/en\/product\/patent-leather-belt-brown-2\/","url":"https:\/\/www.erdiunver.de\/en\/product\/patent-leather-belt-brown-2\/","name":"Patent Leather Belt in Brown 32mm","isPartOf":{"@id":"https:\/\/www.erdiunver.de\/en\/#website"},"primaryImageOfPage":{"@id":"https:\/\/www.erdiunver.de\/en\/product\/patent-leather-belt-brown-2\/#primaryimage"},"image":{"@id":"https:\/\/www.erdiunver.de\/en\/product\/patent-leather-belt-brown-2\/#primaryimage"},"thumbnailUrl":"https:\/\/www.erdiunver.de\/wp-content\/uploads\/13-Custom-1.jpg","datePublished":"2022-01-04T07:02:58+00:00","dateModified":"2022-11-26T22:41:21+00:00","breadcrumb":{"@id":"https:\/\/www.erdiunver.de\/en\/product\/patent-leather-belt-brown-2\/#breadcrumb"},"inLanguage":"en-US","potentialAction":[{"@type":"ReadAction","target":["https:\/\/www.erdiunver.de\/en\/product\/patent-leather-belt-brown-2\/"]}]},{"@type":"ImageObject","inLanguage":"en-US","@id":"https:\/\/www.erdiunver.de\/en\/product\/patent-leather-belt-brown-2\/#primaryimage","url":"https:\/\/www.erdiunver.de\/wp-content\/uploads\/13-Custom-1.jpg","contentUrl":"https:\/\/www.erdiunver.de\/wp-content\/uploads\/13-Custom-1.jpg","width":1591,"height":1600},{"@type":"BreadcrumbList","@id":"https:\/\/www.erdiunver.de\/en\/product\/patent-leather-belt-brown-2\/#breadcrumb","itemListElement":[{"@type":"ListItem","position":1,"name":"Startseite","item":"https:\/\/www.erdiunver.de\/en\/"},{"@type":"ListItem","position":2,"name":"Shop","item":"https:\/\/www.erdiunver.de\/en\/shop-2\/"},{"@type":"ListItem","position":3,"name":"Patent Leather Belt in Brown 32mm"}]},{"@type":"WebSite","@id":"https:\/\/www.erdiunver.de\/en\/#website","url":"https:\/\/www.erdiunver.de\/en\/","name":"Erdi \u00dcnver hochwertige Lederg\u00fcrtel aus echtem Leder f\u00fcr Damen & Herren","description":"Wendeg\u00fcrtel Taschen H G\u00fcrtel aus Leder hochwertig und Preiswert","potentialAction":[{"@type":"SearchAction","target":{"@type":"EntryPoint","urlTemplate":"https:\/\/www.erdiunver.de\/en\/?s={search_term_string}"},"query-input":{"@type":"PropertyValueSpecification","valueRequired":true,"valueName":"search_term_string"}}],"inLanguage":"en-US"}]}},"_links":{"self":[{"href":"https:\/\/www.erdiunver.de\/en\/wp-json\/wp\/v2\/product\/38594","targetHints":{"allow":["GET"]}}],"collection":[{"href":"https:\/\/www.erdiunver.de\/en\/wp-json\/wp\/v2\/product"}],"about":[{"href":"https:\/\/www.erdiunver.de\/en\/wp-json\/wp\/v2\/types\/product"}],"replies":[{"embeddable":true,"href":"https:\/\/www.erdiunver.de\/en\/wp-json\/wp\/v2\/comments?post=38594"}],"wp:featuredmedia":[{"embeddable":true,"href":"https:\/\/www.erdiunver.de\/en\/wp-json\/wp\/v2\/media\/32301"}],"wp:attachment":[{"href":"https:\/\/www.erdiunver.de\/en\/wp-json\/wp\/v2\/media?parent=38594"}],"wp:term":[{"taxonomy":"product_brand","embeddable":true,"href":"https:\/\/www.erdiunver.de\/en\/wp-json\/wp\/v2\/product_brand?post=38594"},{"taxonomy":"product_cat","embeddable":true,"href":"https:\/\/www.erdiunver.de\/en\/wp-json\/wp\/v2\/product_cat?post=38594"},{"taxonomy":"product_tag","embeddable":true,"href":"https:\/\/www.erdiunver.de\/en\/wp-json\/wp\/v2\/product_tag?post=38594"}],"curies":[{"name":"wp","href":"https:\/\/api.w.org\/{rel}","templated":true}]}}