{"id":38399,"date":"2021-07-14T09:10:17","date_gmt":"2022-01-04T06:31:30","guid":{"rendered":"https:\/\/www.erdiunver.de\/product\/leather-belt-without-buckle-ostrich-leather-red-32-mm\/"},"modified":"2022-01-10T12:28:43","modified_gmt":"2022-01-10T11:28:43","slug":"reversible-belt-in-ostrich-leather-red","status":"publish","type":"product","link":"https:\/\/www.erdiunver.de\/en\/product\/reversible-belt-in-ostrich-leather-red\/","title":{"rendered":"Reversible Belt in Ostrich Red 32mm"},"content":{"rendered":"<h2><i>A real eye-catcher<\/i><\/h2>\n<h3>This handmade reversible belt made of cowhide in ostrich leather optics red is a high quality leather belt in the width 32 mm, which consists of two leather layers one in red with ostrich leather optics the other side in black. These are tightly stitched and glued together and therefore promise maximum durability and best quality.<\/h3>\n","protected":false},"excerpt":{"rendered":"<p>A real eye-catcher This handmade reversible belt made of cowhide in ostrich leather optics red is a high quality leather belt in the width 32 mm, which consists of two leather layers one in red with ostrich leather optics the other side in black. These are tightly stitched and glued together and therefore promise maximum [&#8230;]\n","protected":false},"featured_media":31837,"comment_status":"open","ping_status":"closed","template":"","meta":[],"product_brand":[],"product_cat":[236,224,235,222],"product_tag":[280,281],"class_list":{"0":"post-38399","1":"product","2":"type-product","3":"status-publish","4":"has-post-thumbnail","6":"product_cat-32mm-reversible-belt-without-buckle","7":"product_cat-h-belt","8":"product_cat-reversible-belt-without-buckle","9":"product_cat-women","10":"product_tag-leather-belt-for-h-buckle","11":"product_tag-leather-belt-without-buckle","13":"first","14":"instock","15":"taxable","16":"shipping-taxable","17":"purchasable","18":"product-type-variable"},"yoast_head":"<!-- This site is optimized with the Yoast SEO plugin v27.6 - https:\/\/yoast.com\/product\/yoast-seo-wordpress\/ -->\n<title>Reversible Belt in Ostrich Red 32mm<\/title>\n<meta name=\"robots\" content=\"index, follow, max-snippet:-1, max-image-preview:large, max-video-preview:-1\" \/>\n<link rel=\"canonical\" href=\"https:\/\/www.erdiunver.de\/en\/product\/reversible-belt-in-ostrich-leather-red\/\" \/>\n<meta property=\"og:locale\" content=\"en_US\" \/>\n<meta property=\"og:type\" content=\"article\" \/>\n<meta property=\"og:title\" content=\"Reversible Belt in Ostrich Red 32mm\" \/>\n<meta property=\"og:description\" content=\"A real eye-catcher This handmade reversible belt made of cowhide in ostrich leather optics red is a high quality leather belt in the width 32 mm, which consists of two leather layers one in red with ostrich leather optics the other side in black. These are tightly stitched and glued together and therefore promise maximum [...]\" \/>\n<meta property=\"og:url\" content=\"https:\/\/www.erdiunver.de\/en\/product\/reversible-belt-in-ostrich-leather-red\/\" \/>\n<meta property=\"og:site_name\" content=\"Erdi \u00dcnver hochwertige Lederg\u00fcrtel aus echtem Leder f\u00fcr Damen &amp; Herren\" \/>\n<meta property=\"article:modified_time\" content=\"2022-01-10T11:28:43+00:00\" \/>\n<meta property=\"og:image\" content=\"https:\/\/www.erdiunver.de\/wp-content\/uploads\/straussen-lederguertel-rot-damen-herren-32mm-40mm-guertel-ohne-schnalle-fuer-h-guertelschnalle-als-wendeguertel.jpg\" \/>\n\t<meta property=\"og:image:width\" content=\"1600\" \/>\n\t<meta property=\"og:image:height\" content=\"676\" \/>\n\t<meta property=\"og:image:type\" content=\"image\/jpeg\" \/>\n<meta name=\"twitter:card\" content=\"summary_large_image\" \/>\n<script type=\"application\/ld+json\" class=\"yoast-schema-graph\">{\"@context\":\"https:\\\/\\\/schema.org\",\"@graph\":[{\"@type\":\"WebPage\",\"@id\":\"https:\\\/\\\/www.erdiunver.de\\\/en\\\/product\\\/reversible-belt-in-ostrich-leather-red\\\/\",\"url\":\"https:\\\/\\\/www.erdiunver.de\\\/en\\\/product\\\/reversible-belt-in-ostrich-leather-red\\\/\",\"name\":\"Reversible Belt in Ostrich Red 32mm\",\"isPartOf\":{\"@id\":\"https:\\\/\\\/www.erdiunver.de\\\/en\\\/#website\"},\"primaryImageOfPage\":{\"@id\":\"https:\\\/\\\/www.erdiunver.de\\\/en\\\/product\\\/reversible-belt-in-ostrich-leather-red\\\/#primaryimage\"},\"image\":{\"@id\":\"https:\\\/\\\/www.erdiunver.de\\\/en\\\/product\\\/reversible-belt-in-ostrich-leather-red\\\/#primaryimage\"},\"thumbnailUrl\":\"https:\\\/\\\/www.erdiunver.de\\\/wp-content\\\/uploads\\\/straussen-lederguertel-rot-damen-herren-32mm-40mm-guertel-ohne-schnalle-fuer-h-guertelschnalle-als-wendeguertel.jpg\",\"datePublished\":\"2022-01-04T06:31:30+00:00\",\"dateModified\":\"2022-01-10T11:28:43+00:00\",\"breadcrumb\":{\"@id\":\"https:\\\/\\\/www.erdiunver.de\\\/en\\\/product\\\/reversible-belt-in-ostrich-leather-red\\\/#breadcrumb\"},\"inLanguage\":\"en-US\",\"potentialAction\":[{\"@type\":\"ReadAction\",\"target\":[\"https:\\\/\\\/www.erdiunver.de\\\/en\\\/product\\\/reversible-belt-in-ostrich-leather-red\\\/\"]}]},{\"@type\":\"ImageObject\",\"inLanguage\":\"en-US\",\"@id\":\"https:\\\/\\\/www.erdiunver.de\\\/en\\\/product\\\/reversible-belt-in-ostrich-leather-red\\\/#primaryimage\",\"url\":\"https:\\\/\\\/www.erdiunver.de\\\/wp-content\\\/uploads\\\/straussen-lederguertel-rot-damen-herren-32mm-40mm-guertel-ohne-schnalle-fuer-h-guertelschnalle-als-wendeguertel.jpg\",\"contentUrl\":\"https:\\\/\\\/www.erdiunver.de\\\/wp-content\\\/uploads\\\/straussen-lederguertel-rot-damen-herren-32mm-40mm-guertel-ohne-schnalle-fuer-h-guertelschnalle-als-wendeguertel.jpg\",\"width\":1600,\"height\":676,\"caption\":\"Ostrich leather belt as change belt red women &amp; men 32 mm \\\/ 40 mm belt without buckle for H belt buckle\"},{\"@type\":\"BreadcrumbList\",\"@id\":\"https:\\\/\\\/www.erdiunver.de\\\/en\\\/product\\\/reversible-belt-in-ostrich-leather-red\\\/#breadcrumb\",\"itemListElement\":[{\"@type\":\"ListItem\",\"position\":1,\"name\":\"Startseite\",\"item\":\"https:\\\/\\\/www.erdiunver.de\\\/en\\\/\"},{\"@type\":\"ListItem\",\"position\":2,\"name\":\"Shop\",\"item\":\"https:\\\/\\\/www.erdiunver.de\\\/en\\\/shop-2\\\/\"},{\"@type\":\"ListItem\",\"position\":3,\"name\":\"Reversible Belt in Ostrich Red 32mm\"}]},{\"@type\":\"WebSite\",\"@id\":\"https:\\\/\\\/www.erdiunver.de\\\/en\\\/#website\",\"url\":\"https:\\\/\\\/www.erdiunver.de\\\/en\\\/\",\"name\":\"Erdi \u00dcnver hochwertige Lederg\u00fcrtel aus echtem Leder f\u00fcr Damen & Herren\",\"description\":\"Wendeg\u00fcrtel Taschen H G\u00fcrtel aus Leder hochwertig und Preiswert\",\"potentialAction\":[{\"@type\":\"SearchAction\",\"target\":{\"@type\":\"EntryPoint\",\"urlTemplate\":\"https:\\\/\\\/www.erdiunver.de\\\/en\\\/?s={search_term_string}\"},\"query-input\":{\"@type\":\"PropertyValueSpecification\",\"valueRequired\":true,\"valueName\":\"search_term_string\"}}],\"inLanguage\":\"en-US\"}]}<\/script>\n<!-- \/ Yoast SEO plugin. -->","yoast_head_json":{"title":"Reversible Belt in Ostrich Red 32mm","robots":{"index":"index","follow":"follow","max-snippet":"max-snippet:-1","max-image-preview":"max-image-preview:large","max-video-preview":"max-video-preview:-1"},"canonical":"https:\/\/www.erdiunver.de\/en\/product\/reversible-belt-in-ostrich-leather-red\/","og_locale":"en_US","og_type":"article","og_title":"Reversible Belt in Ostrich Red 32mm","og_description":"A real eye-catcher This handmade reversible belt made of cowhide in ostrich leather optics red is a high quality leather belt in the width 32 mm, which consists of two leather layers one in red with ostrich leather optics the other side in black. These are tightly stitched and glued together and therefore promise maximum [...]","og_url":"https:\/\/www.erdiunver.de\/en\/product\/reversible-belt-in-ostrich-leather-red\/","og_site_name":"Erdi \u00dcnver hochwertige Lederg\u00fcrtel aus echtem Leder f\u00fcr Damen &amp; Herren","article_modified_time":"2022-01-10T11:28:43+00:00","og_image":[{"width":1600,"height":676,"url":"https:\/\/www.erdiunver.de\/wp-content\/uploads\/straussen-lederguertel-rot-damen-herren-32mm-40mm-guertel-ohne-schnalle-fuer-h-guertelschnalle-als-wendeguertel.jpg","type":"image\/jpeg"}],"twitter_card":"summary_large_image","schema":{"@context":"https:\/\/schema.org","@graph":[{"@type":"WebPage","@id":"https:\/\/www.erdiunver.de\/en\/product\/reversible-belt-in-ostrich-leather-red\/","url":"https:\/\/www.erdiunver.de\/en\/product\/reversible-belt-in-ostrich-leather-red\/","name":"Reversible Belt in Ostrich Red 32mm","isPartOf":{"@id":"https:\/\/www.erdiunver.de\/en\/#website"},"primaryImageOfPage":{"@id":"https:\/\/www.erdiunver.de\/en\/product\/reversible-belt-in-ostrich-leather-red\/#primaryimage"},"image":{"@id":"https:\/\/www.erdiunver.de\/en\/product\/reversible-belt-in-ostrich-leather-red\/#primaryimage"},"thumbnailUrl":"https:\/\/www.erdiunver.de\/wp-content\/uploads\/straussen-lederguertel-rot-damen-herren-32mm-40mm-guertel-ohne-schnalle-fuer-h-guertelschnalle-als-wendeguertel.jpg","datePublished":"2022-01-04T06:31:30+00:00","dateModified":"2022-01-10T11:28:43+00:00","breadcrumb":{"@id":"https:\/\/www.erdiunver.de\/en\/product\/reversible-belt-in-ostrich-leather-red\/#breadcrumb"},"inLanguage":"en-US","potentialAction":[{"@type":"ReadAction","target":["https:\/\/www.erdiunver.de\/en\/product\/reversible-belt-in-ostrich-leather-red\/"]}]},{"@type":"ImageObject","inLanguage":"en-US","@id":"https:\/\/www.erdiunver.de\/en\/product\/reversible-belt-in-ostrich-leather-red\/#primaryimage","url":"https:\/\/www.erdiunver.de\/wp-content\/uploads\/straussen-lederguertel-rot-damen-herren-32mm-40mm-guertel-ohne-schnalle-fuer-h-guertelschnalle-als-wendeguertel.jpg","contentUrl":"https:\/\/www.erdiunver.de\/wp-content\/uploads\/straussen-lederguertel-rot-damen-herren-32mm-40mm-guertel-ohne-schnalle-fuer-h-guertelschnalle-als-wendeguertel.jpg","width":1600,"height":676,"caption":"Ostrich leather belt as change belt red women &amp; men 32 mm \/ 40 mm belt without buckle for H belt buckle"},{"@type":"BreadcrumbList","@id":"https:\/\/www.erdiunver.de\/en\/product\/reversible-belt-in-ostrich-leather-red\/#breadcrumb","itemListElement":[{"@type":"ListItem","position":1,"name":"Startseite","item":"https:\/\/www.erdiunver.de\/en\/"},{"@type":"ListItem","position":2,"name":"Shop","item":"https:\/\/www.erdiunver.de\/en\/shop-2\/"},{"@type":"ListItem","position":3,"name":"Reversible Belt in Ostrich Red 32mm"}]},{"@type":"WebSite","@id":"https:\/\/www.erdiunver.de\/en\/#website","url":"https:\/\/www.erdiunver.de\/en\/","name":"Erdi \u00dcnver hochwertige Lederg\u00fcrtel aus echtem Leder f\u00fcr Damen & Herren","description":"Wendeg\u00fcrtel Taschen H G\u00fcrtel aus Leder hochwertig und Preiswert","potentialAction":[{"@type":"SearchAction","target":{"@type":"EntryPoint","urlTemplate":"https:\/\/www.erdiunver.de\/en\/?s={search_term_string}"},"query-input":{"@type":"PropertyValueSpecification","valueRequired":true,"valueName":"search_term_string"}}],"inLanguage":"en-US"}]}},"_links":{"self":[{"href":"https:\/\/www.erdiunver.de\/en\/wp-json\/wp\/v2\/product\/38399","targetHints":{"allow":["GET"]}}],"collection":[{"href":"https:\/\/www.erdiunver.de\/en\/wp-json\/wp\/v2\/product"}],"about":[{"href":"https:\/\/www.erdiunver.de\/en\/wp-json\/wp\/v2\/types\/product"}],"replies":[{"embeddable":true,"href":"https:\/\/www.erdiunver.de\/en\/wp-json\/wp\/v2\/comments?post=38399"}],"wp:featuredmedia":[{"embeddable":true,"href":"https:\/\/www.erdiunver.de\/en\/wp-json\/wp\/v2\/media\/31837"}],"wp:attachment":[{"href":"https:\/\/www.erdiunver.de\/en\/wp-json\/wp\/v2\/media?parent=38399"}],"wp:term":[{"taxonomy":"product_brand","embeddable":true,"href":"https:\/\/www.erdiunver.de\/en\/wp-json\/wp\/v2\/product_brand?post=38399"},{"taxonomy":"product_cat","embeddable":true,"href":"https:\/\/www.erdiunver.de\/en\/wp-json\/wp\/v2\/product_cat?post=38399"},{"taxonomy":"product_tag","embeddable":true,"href":"https:\/\/www.erdiunver.de\/en\/wp-json\/wp\/v2\/product_tag?post=38399"}],"curies":[{"name":"wp","href":"https:\/\/api.w.org\/{rel}","templated":true}]}}