{"id":37925,"date":"2022-01-03T15:12:22","date_gmt":"2022-01-03T14:12:48","guid":{"rendered":"https:\/\/www.erdiunver.de\/?post_type=product&#038;p=37925"},"modified":"2022-01-11T13:45:22","modified_gmt":"2022-01-11T12:45:22","slug":"small-women-shoulder-bag-made-of-orange-leather","status":"publish","type":"product","link":"https:\/\/www.erdiunver.de\/en\/product\/small-women-shoulder-bag-made-of-orange-leather\/","title":{"rendered":"Leather Shoulder Bag in Orange Small"},"content":{"rendered":"<h1><strong>The Magic Small <\/strong><strong>Shoulder Bag for Women in <\/strong><strong>Orange<br \/>\n<\/strong><\/h1>\n<p>The small shoulder bag for women in orange is made of leather, it has the perfect size, for every day or for the office.<\/p>\n<p>Our traditionally crafted leather shoulder bag is painstakingly handcrafted by our in-house master craftsmen.<\/p>\n<p>Timeless small shoulder bag for women made of genuine leather is a stylish fashion classic.<\/p>\n<p><em>Traditionally made shoulder bag for women&#8217;s in orange, the leather bag has one main compartment, without zipper.<\/em><br \/>\n<em>The timeless women&#8217;s shoulder bag, is equipped with a small but compact outer pocket, which is also equipped with a zipper, so that all your important utensils do not get lost such as, cards and keys and so on.<br \/>\n<\/em><\/p>\n<h2>High quality small shoulder bag for women<\/h2>\n<p>Here is our small high quality shoulder bag. With enough space for your most important things \u2013 credit card, cell phone and lipstick \u2013 this bag is the perfect companion for all of your needs. With our bag, your things always remain under your control.<\/p>\n<p>The small leather bag is made of high quality leather. Due to this material, the leather bag is durable as well as robust. It not only looks chic, but is practical at the same time.<\/p>\n<p>&#8211; Diverse functions <strong>\u2713<\/strong><br \/>\n&#8211; Sturdy, durable small leather bag fits any occasion<strong> \u2713<\/strong><br \/>\n&#8211; Small leather bag, with the best leather quality <strong>\u2713-<\/strong>30 days return guarantee<\/p>\n<p>&nbsp;<\/p>\n<p>Looking for a leather bag for any occasion? You no longer need different bags to fill your closet, just one of our small high quality shoulder bags. This leather bag fits any situation, whether you are wearing a classic office outfit or a high-end outfit with designer sneakers. Take advantage of our 30-day return guarantee and buy the leather bag now!<\/p>\n<p>Our leather bags are made of fine leather, which with special techniques have special surface structures. Each bag is made by hand and is unique. Our leather bags are for ladies who value individuality.<\/p>\n<p>&nbsp;<\/p>\n<p><strong>Our leather bags for women are made by hand and specially made for you, this takes about 2 weeks.<\/strong><\/p>\n<p>&nbsp;<\/p>\n<p>&nbsp;<\/p>\n<p>Color: Orange<br \/>\nMaterial: Leather<br \/>\nSize: L 16 x W 18 x H 5 cm<\/p>\n<div class=\"notranslate\" style=\"all: initial;\"><\/div>\n<div class=\"notranslate\" style=\"all: initial;\"><\/div>\n<div class=\"notranslate\" style=\"all: initial;\"><\/div>\n<div class=\"notranslate\" style=\"all: initial;\"><\/div>\n<div class=\"notranslate\" style=\"all: initial;\"><\/div>\n","protected":false},"excerpt":{"rendered":"<p>Small women shoulder bag made of leather<br \/>\nColor: Orange<br \/>\nModel small (L 16 x W 18 x H 5 cm)<strong><br \/>\n<\/strong><\/p>\n","protected":false},"featured_media":37770,"comment_status":"open","ping_status":"closed","template":"","meta":[],"product_brand":[],"product_cat":[230],"product_tag":[],"class_list":{"0":"post-37925","1":"product","2":"type-product","3":"status-publish","4":"has-post-thumbnail","6":"product_cat-shoulder-bag-women-leather","8":"first","9":"instock","10":"taxable","11":"shipping-taxable","12":"purchasable","13":"product-type-variable"},"yoast_head":"<!-- This site is optimized with the Yoast SEO plugin v27.5 - https:\/\/yoast.com\/product\/yoast-seo-wordpress\/ -->\n<title>The small shoulder bag ladies in orange genuine leather<\/title>\n<meta name=\"description\" content=\"This elegant, feminine cut women shoulder bag is made of soft, leather in orange, it is small and handy. Learn more.\" \/>\n<meta name=\"robots\" content=\"index, follow, max-snippet:-1, max-image-preview:large, max-video-preview:-1\" \/>\n<link rel=\"canonical\" href=\"https:\/\/www.erdiunver.de\/en\/product\/small-women-shoulder-bag-made-of-orange-leather\/\" \/>\n<meta property=\"og:locale\" content=\"en_US\" \/>\n<meta property=\"og:type\" content=\"article\" \/>\n<meta property=\"og:title\" content=\"The small shoulder bag ladies in orange genuine leather\" \/>\n<meta property=\"og:description\" content=\"This elegant, feminine cut women shoulder bag is made of soft, leather in orange, it is small and handy. Learn more.\" \/>\n<meta property=\"og:url\" content=\"https:\/\/www.erdiunver.de\/en\/product\/small-women-shoulder-bag-made-of-orange-leather\/\" \/>\n<meta property=\"og:site_name\" content=\"Erdi \u00dcnver hochwertige Lederg\u00fcrtel aus echtem Leder f\u00fcr Damen &amp; Herren\" \/>\n<meta property=\"article:modified_time\" content=\"2022-01-11T12:45:22+00:00\" \/>\n<meta property=\"og:image\" content=\"https:\/\/www.erdiunver.de\/wp-content\/uploads\/Umhaengetasche-Damen-Leder-Orange-Klein-Buchstabe-A.png\" \/>\n\t<meta property=\"og:image:width\" content=\"1636\" \/>\n\t<meta property=\"og:image:height\" content=\"1091\" \/>\n\t<meta property=\"og:image:type\" content=\"image\/png\" \/>\n<meta name=\"twitter:card\" content=\"summary_large_image\" \/>\n<meta name=\"twitter:label1\" content=\"Est. reading time\" \/>\n\t<meta name=\"twitter:data1\" content=\"2 minutes\" \/>\n<script type=\"application\/ld+json\" class=\"yoast-schema-graph\">{\"@context\":\"https:\\\/\\\/schema.org\",\"@graph\":[{\"@type\":\"WebPage\",\"@id\":\"https:\\\/\\\/www.erdiunver.de\\\/en\\\/product\\\/small-women-shoulder-bag-made-of-orange-leather\\\/\",\"url\":\"https:\\\/\\\/www.erdiunver.de\\\/en\\\/product\\\/small-women-shoulder-bag-made-of-orange-leather\\\/\",\"name\":\"The small shoulder bag ladies in orange genuine leather\",\"isPartOf\":{\"@id\":\"https:\\\/\\\/www.erdiunver.de\\\/en\\\/#website\"},\"primaryImageOfPage\":{\"@id\":\"https:\\\/\\\/www.erdiunver.de\\\/en\\\/product\\\/small-women-shoulder-bag-made-of-orange-leather\\\/#primaryimage\"},\"image\":{\"@id\":\"https:\\\/\\\/www.erdiunver.de\\\/en\\\/product\\\/small-women-shoulder-bag-made-of-orange-leather\\\/#primaryimage\"},\"thumbnailUrl\":\"https:\\\/\\\/www.erdiunver.de\\\/wp-content\\\/uploads\\\/Umhaengetasche-Damen-Leder-Orange-Klein-Buchstabe-A.png\",\"datePublished\":\"2022-01-03T14:12:48+00:00\",\"dateModified\":\"2022-01-11T12:45:22+00:00\",\"description\":\"This elegant, feminine cut women shoulder bag is made of soft, leather in orange, it is small and handy. Learn more.\",\"breadcrumb\":{\"@id\":\"https:\\\/\\\/www.erdiunver.de\\\/en\\\/product\\\/small-women-shoulder-bag-made-of-orange-leather\\\/#breadcrumb\"},\"inLanguage\":\"en-US\",\"potentialAction\":[{\"@type\":\"ReadAction\",\"target\":[\"https:\\\/\\\/www.erdiunver.de\\\/en\\\/product\\\/small-women-shoulder-bag-made-of-orange-leather\\\/\"]}]},{\"@type\":\"ImageObject\",\"inLanguage\":\"en-US\",\"@id\":\"https:\\\/\\\/www.erdiunver.de\\\/en\\\/product\\\/small-women-shoulder-bag-made-of-orange-leather\\\/#primaryimage\",\"url\":\"https:\\\/\\\/www.erdiunver.de\\\/wp-content\\\/uploads\\\/Umhaengetasche-Damen-Leder-Orange-Klein-Buchstabe-A.png\",\"contentUrl\":\"https:\\\/\\\/www.erdiunver.de\\\/wp-content\\\/uploads\\\/Umhaengetasche-Damen-Leder-Orange-Klein-Buchstabe-A.png\",\"width\":1636,\"height\":1091,\"caption\":\"Leather ladies shoulder bag letter A\"},{\"@type\":\"BreadcrumbList\",\"@id\":\"https:\\\/\\\/www.erdiunver.de\\\/en\\\/product\\\/small-women-shoulder-bag-made-of-orange-leather\\\/#breadcrumb\",\"itemListElement\":[{\"@type\":\"ListItem\",\"position\":1,\"name\":\"Startseite\",\"item\":\"https:\\\/\\\/www.erdiunver.de\\\/en\\\/\"},{\"@type\":\"ListItem\",\"position\":2,\"name\":\"Shop\",\"item\":\"https:\\\/\\\/www.erdiunver.de\\\/en\\\/shop-2\\\/\"},{\"@type\":\"ListItem\",\"position\":3,\"name\":\"Leather Shoulder Bag in Orange Small\"}]},{\"@type\":\"WebSite\",\"@id\":\"https:\\\/\\\/www.erdiunver.de\\\/en\\\/#website\",\"url\":\"https:\\\/\\\/www.erdiunver.de\\\/en\\\/\",\"name\":\"Erdi \u00dcnver hochwertige Lederg\u00fcrtel aus echtem Leder f\u00fcr Damen & Herren\",\"description\":\"Wendeg\u00fcrtel Taschen H G\u00fcrtel aus Leder hochwertig und Preiswert\",\"potentialAction\":[{\"@type\":\"SearchAction\",\"target\":{\"@type\":\"EntryPoint\",\"urlTemplate\":\"https:\\\/\\\/www.erdiunver.de\\\/en\\\/?s={search_term_string}\"},\"query-input\":{\"@type\":\"PropertyValueSpecification\",\"valueRequired\":true,\"valueName\":\"search_term_string\"}}],\"inLanguage\":\"en-US\"}]}<\/script>\n<!-- \/ Yoast SEO plugin. -->","yoast_head_json":{"title":"The small shoulder bag ladies in orange genuine leather","description":"This elegant, feminine cut women shoulder bag is made of soft, leather in orange, it is small and handy. Learn more.","robots":{"index":"index","follow":"follow","max-snippet":"max-snippet:-1","max-image-preview":"max-image-preview:large","max-video-preview":"max-video-preview:-1"},"canonical":"https:\/\/www.erdiunver.de\/en\/product\/small-women-shoulder-bag-made-of-orange-leather\/","og_locale":"en_US","og_type":"article","og_title":"The small shoulder bag ladies in orange genuine leather","og_description":"This elegant, feminine cut women shoulder bag is made of soft, leather in orange, it is small and handy. Learn more.","og_url":"https:\/\/www.erdiunver.de\/en\/product\/small-women-shoulder-bag-made-of-orange-leather\/","og_site_name":"Erdi \u00dcnver hochwertige Lederg\u00fcrtel aus echtem Leder f\u00fcr Damen &amp; Herren","article_modified_time":"2022-01-11T12:45:22+00:00","og_image":[{"width":1636,"height":1091,"url":"https:\/\/www.erdiunver.de\/wp-content\/uploads\/Umhaengetasche-Damen-Leder-Orange-Klein-Buchstabe-A.png","type":"image\/png"}],"twitter_card":"summary_large_image","twitter_misc":{"Est. reading time":"2 minutes"},"schema":{"@context":"https:\/\/schema.org","@graph":[{"@type":"WebPage","@id":"https:\/\/www.erdiunver.de\/en\/product\/small-women-shoulder-bag-made-of-orange-leather\/","url":"https:\/\/www.erdiunver.de\/en\/product\/small-women-shoulder-bag-made-of-orange-leather\/","name":"The small shoulder bag ladies in orange genuine leather","isPartOf":{"@id":"https:\/\/www.erdiunver.de\/en\/#website"},"primaryImageOfPage":{"@id":"https:\/\/www.erdiunver.de\/en\/product\/small-women-shoulder-bag-made-of-orange-leather\/#primaryimage"},"image":{"@id":"https:\/\/www.erdiunver.de\/en\/product\/small-women-shoulder-bag-made-of-orange-leather\/#primaryimage"},"thumbnailUrl":"https:\/\/www.erdiunver.de\/wp-content\/uploads\/Umhaengetasche-Damen-Leder-Orange-Klein-Buchstabe-A.png","datePublished":"2022-01-03T14:12:48+00:00","dateModified":"2022-01-11T12:45:22+00:00","description":"This elegant, feminine cut women shoulder bag is made of soft, leather in orange, it is small and handy. Learn more.","breadcrumb":{"@id":"https:\/\/www.erdiunver.de\/en\/product\/small-women-shoulder-bag-made-of-orange-leather\/#breadcrumb"},"inLanguage":"en-US","potentialAction":[{"@type":"ReadAction","target":["https:\/\/www.erdiunver.de\/en\/product\/small-women-shoulder-bag-made-of-orange-leather\/"]}]},{"@type":"ImageObject","inLanguage":"en-US","@id":"https:\/\/www.erdiunver.de\/en\/product\/small-women-shoulder-bag-made-of-orange-leather\/#primaryimage","url":"https:\/\/www.erdiunver.de\/wp-content\/uploads\/Umhaengetasche-Damen-Leder-Orange-Klein-Buchstabe-A.png","contentUrl":"https:\/\/www.erdiunver.de\/wp-content\/uploads\/Umhaengetasche-Damen-Leder-Orange-Klein-Buchstabe-A.png","width":1636,"height":1091,"caption":"Leather ladies shoulder bag letter A"},{"@type":"BreadcrumbList","@id":"https:\/\/www.erdiunver.de\/en\/product\/small-women-shoulder-bag-made-of-orange-leather\/#breadcrumb","itemListElement":[{"@type":"ListItem","position":1,"name":"Startseite","item":"https:\/\/www.erdiunver.de\/en\/"},{"@type":"ListItem","position":2,"name":"Shop","item":"https:\/\/www.erdiunver.de\/en\/shop-2\/"},{"@type":"ListItem","position":3,"name":"Leather Shoulder Bag in Orange Small"}]},{"@type":"WebSite","@id":"https:\/\/www.erdiunver.de\/en\/#website","url":"https:\/\/www.erdiunver.de\/en\/","name":"Erdi \u00dcnver hochwertige Lederg\u00fcrtel aus echtem Leder f\u00fcr Damen & Herren","description":"Wendeg\u00fcrtel Taschen H G\u00fcrtel aus Leder hochwertig und Preiswert","potentialAction":[{"@type":"SearchAction","target":{"@type":"EntryPoint","urlTemplate":"https:\/\/www.erdiunver.de\/en\/?s={search_term_string}"},"query-input":{"@type":"PropertyValueSpecification","valueRequired":true,"valueName":"search_term_string"}}],"inLanguage":"en-US"}]}},"_links":{"self":[{"href":"https:\/\/www.erdiunver.de\/en\/wp-json\/wp\/v2\/product\/37925","targetHints":{"allow":["GET"]}}],"collection":[{"href":"https:\/\/www.erdiunver.de\/en\/wp-json\/wp\/v2\/product"}],"about":[{"href":"https:\/\/www.erdiunver.de\/en\/wp-json\/wp\/v2\/types\/product"}],"replies":[{"embeddable":true,"href":"https:\/\/www.erdiunver.de\/en\/wp-json\/wp\/v2\/comments?post=37925"}],"wp:featuredmedia":[{"embeddable":true,"href":"https:\/\/www.erdiunver.de\/en\/wp-json\/wp\/v2\/media\/37770"}],"wp:attachment":[{"href":"https:\/\/www.erdiunver.de\/en\/wp-json\/wp\/v2\/media?parent=37925"}],"wp:term":[{"taxonomy":"product_brand","embeddable":true,"href":"https:\/\/www.erdiunver.de\/en\/wp-json\/wp\/v2\/product_brand?post=37925"},{"taxonomy":"product_cat","embeddable":true,"href":"https:\/\/www.erdiunver.de\/en\/wp-json\/wp\/v2\/product_cat?post=37925"},{"taxonomy":"product_tag","embeddable":true,"href":"https:\/\/www.erdiunver.de\/en\/wp-json\/wp\/v2\/product_tag?post=37925"}],"curies":[{"name":"wp","href":"https:\/\/api.w.org\/{rel}","templated":true}]}}