{"id":37597,"date":"2021-07-14T08:06:26","date_gmt":"2021-12-31T11:37:52","guid":{"rendered":"https:\/\/www.erdiunver.de\/product\/reversible-belt-in-orange-32mm-leather-belt-without-buckle\/"},"modified":"2026-05-10T02:28:45","modified_gmt":"2026-05-10T00:28:45","slug":"reversible-girdles-in-orange","status":"publish","type":"product","link":"https:\/\/www.erdiunver.de\/en\/product\/reversible-girdles-in-orange\/","title":{"rendered":"Reversible Belt in Orange 32mm"},"content":{"rendered":"<h2>Versatile reversible belt for ladies<\/h2>\n<p><strong>Your appearance in an outfit that you complete with this leather belt as an accessory radiates self-confidence. With its width of 31mm, the orange\/black reversible belt for women is eye-catching but not dominant. Depending on your preference, you can change the sides of the intricately handcrafted leather belt to add variety to your look.<\/strong><\/p>\n<p>&nbsp;<\/p>\n<p><strong>You can also find the same belt with a width of 40mm as a leather belt ladies. Also handmade from the finest leather, our wide belt proves to be the perfect complement to sporty as well as elegant outfits. The design is timeless, the workmanship of high quality. You get a piece for the ages with this reversible belt.<\/strong><\/p>\n","protected":false},"excerpt":{"rendered":"<p>Versatile reversible belt for ladies Your appearance in an outfit that you complete with this leather belt as an accessory radiates self-confidence. With its width of 31mm, the orange\/black reversible belt for women is eye-catching but not dominant. Depending on your preference, you can change the sides of the intricately handcrafted leather belt to add [&#8230;]\n","protected":false},"featured_media":31823,"comment_status":"open","ping_status":"closed","template":"","meta":[],"product_brand":[],"product_cat":[236,224,235,222],"product_tag":[280,281],"class_list":{"0":"post-37597","1":"product","2":"type-product","3":"status-publish","4":"has-post-thumbnail","6":"product_cat-32mm-reversible-belt-without-buckle","7":"product_cat-h-belt","8":"product_cat-reversible-belt-without-buckle","9":"product_cat-women","10":"product_tag-leather-belt-for-h-buckle","11":"product_tag-leather-belt-without-buckle","13":"first","14":"instock","15":"taxable","16":"shipping-taxable","17":"purchasable","18":"product-type-variable"},"yoast_head":"<!-- This site is optimized with the Yoast SEO plugin v27.6 - https:\/\/yoast.com\/product\/yoast-seo-wordpress\/ -->\n<title>Reversible Belt in Orange 32mm<\/title>\n<meta name=\"robots\" content=\"index, follow, max-snippet:-1, max-image-preview:large, max-video-preview:-1\" \/>\n<link rel=\"canonical\" href=\"https:\/\/www.erdiunver.de\/en\/product\/reversible-girdles-in-orange\/\" \/>\n<meta property=\"og:locale\" content=\"en_US\" \/>\n<meta property=\"og:type\" content=\"article\" \/>\n<meta property=\"og:title\" content=\"Reversible Belt in Orange 32mm\" \/>\n<meta property=\"og:description\" content=\"Versatile reversible belt for ladies Your appearance in an outfit that you complete with this leather belt as an accessory radiates self-confidence. With its width of 31mm, the orange\/black reversible belt for women is eye-catching but not dominant. Depending on your preference, you can change the sides of the intricately handcrafted leather belt to add [...]\" \/>\n<meta property=\"og:url\" content=\"https:\/\/www.erdiunver.de\/en\/product\/reversible-girdles-in-orange\/\" \/>\n<meta property=\"og:site_name\" content=\"Erdi \u00dcnver hochwertige Lederg\u00fcrtel aus echtem Leder f\u00fcr Damen &amp; Herren\" \/>\n<meta property=\"article:modified_time\" content=\"2026-05-10T00:28:45+00:00\" \/>\n<meta property=\"og:image\" content=\"https:\/\/www.erdiunver.de\/wp-content\/uploads\/guertel-orange-damen-herren-32mm-lederguertel-ohne-schnalle-fuer-h-guertelschnalle.png\" \/>\n\t<meta property=\"og:image:width\" content=\"650\" \/>\n\t<meta property=\"og:image:height\" content=\"375\" \/>\n\t<meta property=\"og:image:type\" content=\"image\/png\" \/>\n<meta name=\"twitter:card\" content=\"summary_large_image\" \/>\n<meta name=\"twitter:label1\" content=\"Est. reading time\" \/>\n\t<meta name=\"twitter:data1\" content=\"1 minute\" \/>\n<script type=\"application\/ld+json\" class=\"yoast-schema-graph\">{\"@context\":\"https:\\\/\\\/schema.org\",\"@graph\":[{\"@type\":\"WebPage\",\"@id\":\"https:\\\/\\\/www.erdiunver.de\\\/en\\\/product\\\/reversible-girdles-in-orange\\\/\",\"url\":\"https:\\\/\\\/www.erdiunver.de\\\/en\\\/product\\\/reversible-girdles-in-orange\\\/\",\"name\":\"Reversible Belt in Orange 32mm\",\"isPartOf\":{\"@id\":\"https:\\\/\\\/www.erdiunver.de\\\/en\\\/#website\"},\"primaryImageOfPage\":{\"@id\":\"https:\\\/\\\/www.erdiunver.de\\\/en\\\/product\\\/reversible-girdles-in-orange\\\/#primaryimage\"},\"image\":{\"@id\":\"https:\\\/\\\/www.erdiunver.de\\\/en\\\/product\\\/reversible-girdles-in-orange\\\/#primaryimage\"},\"thumbnailUrl\":\"https:\\\/\\\/www.erdiunver.de\\\/wp-content\\\/uploads\\\/guertel-orange-damen-herren-32mm-lederguertel-ohne-schnalle-fuer-h-guertelschnalle.png\",\"datePublished\":\"2021-12-31T11:37:52+00:00\",\"dateModified\":\"2026-05-10T00:28:45+00:00\",\"breadcrumb\":{\"@id\":\"https:\\\/\\\/www.erdiunver.de\\\/en\\\/product\\\/reversible-girdles-in-orange\\\/#breadcrumb\"},\"inLanguage\":\"en-US\",\"potentialAction\":[{\"@type\":\"ReadAction\",\"target\":[\"https:\\\/\\\/www.erdiunver.de\\\/en\\\/product\\\/reversible-girdles-in-orange\\\/\"]}]},{\"@type\":\"ImageObject\",\"inLanguage\":\"en-US\",\"@id\":\"https:\\\/\\\/www.erdiunver.de\\\/en\\\/product\\\/reversible-girdles-in-orange\\\/#primaryimage\",\"url\":\"https:\\\/\\\/www.erdiunver.de\\\/wp-content\\\/uploads\\\/guertel-orange-damen-herren-32mm-lederguertel-ohne-schnalle-fuer-h-guertelschnalle.png\",\"contentUrl\":\"https:\\\/\\\/www.erdiunver.de\\\/wp-content\\\/uploads\\\/guertel-orange-damen-herren-32mm-lederguertel-ohne-schnalle-fuer-h-guertelschnalle.png\",\"width\":650,\"height\":375,\"caption\":\"Orange women belt &amp; men's belt in 32mm or 40mm leather belt without buckle\"},{\"@type\":\"BreadcrumbList\",\"@id\":\"https:\\\/\\\/www.erdiunver.de\\\/en\\\/product\\\/reversible-girdles-in-orange\\\/#breadcrumb\",\"itemListElement\":[{\"@type\":\"ListItem\",\"position\":1,\"name\":\"Startseite\",\"item\":\"https:\\\/\\\/www.erdiunver.de\\\/en\\\/\"},{\"@type\":\"ListItem\",\"position\":2,\"name\":\"Shop\",\"item\":\"https:\\\/\\\/www.erdiunver.de\\\/en\\\/shop-2\\\/\"},{\"@type\":\"ListItem\",\"position\":3,\"name\":\"Reversible Belt in Orange 32mm\"}]},{\"@type\":\"WebSite\",\"@id\":\"https:\\\/\\\/www.erdiunver.de\\\/en\\\/#website\",\"url\":\"https:\\\/\\\/www.erdiunver.de\\\/en\\\/\",\"name\":\"Erdi \u00dcnver hochwertige Lederg\u00fcrtel aus echtem Leder f\u00fcr Damen & Herren\",\"description\":\"Wendeg\u00fcrtel Taschen H G\u00fcrtel aus Leder hochwertig und Preiswert\",\"potentialAction\":[{\"@type\":\"SearchAction\",\"target\":{\"@type\":\"EntryPoint\",\"urlTemplate\":\"https:\\\/\\\/www.erdiunver.de\\\/en\\\/?s={search_term_string}\"},\"query-input\":{\"@type\":\"PropertyValueSpecification\",\"valueRequired\":true,\"valueName\":\"search_term_string\"}}],\"inLanguage\":\"en-US\"}]}<\/script>\n<!-- \/ Yoast SEO plugin. -->","yoast_head_json":{"title":"Reversible Belt in Orange 32mm","robots":{"index":"index","follow":"follow","max-snippet":"max-snippet:-1","max-image-preview":"max-image-preview:large","max-video-preview":"max-video-preview:-1"},"canonical":"https:\/\/www.erdiunver.de\/en\/product\/reversible-girdles-in-orange\/","og_locale":"en_US","og_type":"article","og_title":"Reversible Belt in Orange 32mm","og_description":"Versatile reversible belt for ladies Your appearance in an outfit that you complete with this leather belt as an accessory radiates self-confidence. With its width of 31mm, the orange\/black reversible belt for women is eye-catching but not dominant. Depending on your preference, you can change the sides of the intricately handcrafted leather belt to add [...]","og_url":"https:\/\/www.erdiunver.de\/en\/product\/reversible-girdles-in-orange\/","og_site_name":"Erdi \u00dcnver hochwertige Lederg\u00fcrtel aus echtem Leder f\u00fcr Damen &amp; Herren","article_modified_time":"2026-05-10T00:28:45+00:00","og_image":[{"width":650,"height":375,"url":"https:\/\/www.erdiunver.de\/wp-content\/uploads\/guertel-orange-damen-herren-32mm-lederguertel-ohne-schnalle-fuer-h-guertelschnalle.png","type":"image\/png"}],"twitter_card":"summary_large_image","twitter_misc":{"Est. reading time":"1 minute"},"schema":{"@context":"https:\/\/schema.org","@graph":[{"@type":"WebPage","@id":"https:\/\/www.erdiunver.de\/en\/product\/reversible-girdles-in-orange\/","url":"https:\/\/www.erdiunver.de\/en\/product\/reversible-girdles-in-orange\/","name":"Reversible Belt in Orange 32mm","isPartOf":{"@id":"https:\/\/www.erdiunver.de\/en\/#website"},"primaryImageOfPage":{"@id":"https:\/\/www.erdiunver.de\/en\/product\/reversible-girdles-in-orange\/#primaryimage"},"image":{"@id":"https:\/\/www.erdiunver.de\/en\/product\/reversible-girdles-in-orange\/#primaryimage"},"thumbnailUrl":"https:\/\/www.erdiunver.de\/wp-content\/uploads\/guertel-orange-damen-herren-32mm-lederguertel-ohne-schnalle-fuer-h-guertelschnalle.png","datePublished":"2021-12-31T11:37:52+00:00","dateModified":"2026-05-10T00:28:45+00:00","breadcrumb":{"@id":"https:\/\/www.erdiunver.de\/en\/product\/reversible-girdles-in-orange\/#breadcrumb"},"inLanguage":"en-US","potentialAction":[{"@type":"ReadAction","target":["https:\/\/www.erdiunver.de\/en\/product\/reversible-girdles-in-orange\/"]}]},{"@type":"ImageObject","inLanguage":"en-US","@id":"https:\/\/www.erdiunver.de\/en\/product\/reversible-girdles-in-orange\/#primaryimage","url":"https:\/\/www.erdiunver.de\/wp-content\/uploads\/guertel-orange-damen-herren-32mm-lederguertel-ohne-schnalle-fuer-h-guertelschnalle.png","contentUrl":"https:\/\/www.erdiunver.de\/wp-content\/uploads\/guertel-orange-damen-herren-32mm-lederguertel-ohne-schnalle-fuer-h-guertelschnalle.png","width":650,"height":375,"caption":"Orange women belt &amp; men's belt in 32mm or 40mm leather belt without buckle"},{"@type":"BreadcrumbList","@id":"https:\/\/www.erdiunver.de\/en\/product\/reversible-girdles-in-orange\/#breadcrumb","itemListElement":[{"@type":"ListItem","position":1,"name":"Startseite","item":"https:\/\/www.erdiunver.de\/en\/"},{"@type":"ListItem","position":2,"name":"Shop","item":"https:\/\/www.erdiunver.de\/en\/shop-2\/"},{"@type":"ListItem","position":3,"name":"Reversible Belt in Orange 32mm"}]},{"@type":"WebSite","@id":"https:\/\/www.erdiunver.de\/en\/#website","url":"https:\/\/www.erdiunver.de\/en\/","name":"Erdi \u00dcnver hochwertige Lederg\u00fcrtel aus echtem Leder f\u00fcr Damen & Herren","description":"Wendeg\u00fcrtel Taschen H G\u00fcrtel aus Leder hochwertig und Preiswert","potentialAction":[{"@type":"SearchAction","target":{"@type":"EntryPoint","urlTemplate":"https:\/\/www.erdiunver.de\/en\/?s={search_term_string}"},"query-input":{"@type":"PropertyValueSpecification","valueRequired":true,"valueName":"search_term_string"}}],"inLanguage":"en-US"}]}},"_links":{"self":[{"href":"https:\/\/www.erdiunver.de\/en\/wp-json\/wp\/v2\/product\/37597","targetHints":{"allow":["GET"]}}],"collection":[{"href":"https:\/\/www.erdiunver.de\/en\/wp-json\/wp\/v2\/product"}],"about":[{"href":"https:\/\/www.erdiunver.de\/en\/wp-json\/wp\/v2\/types\/product"}],"replies":[{"embeddable":true,"href":"https:\/\/www.erdiunver.de\/en\/wp-json\/wp\/v2\/comments?post=37597"}],"wp:featuredmedia":[{"embeddable":true,"href":"https:\/\/www.erdiunver.de\/en\/wp-json\/wp\/v2\/media\/31823"}],"wp:attachment":[{"href":"https:\/\/www.erdiunver.de\/en\/wp-json\/wp\/v2\/media?parent=37597"}],"wp:term":[{"taxonomy":"product_brand","embeddable":true,"href":"https:\/\/www.erdiunver.de\/en\/wp-json\/wp\/v2\/product_brand?post=37597"},{"taxonomy":"product_cat","embeddable":true,"href":"https:\/\/www.erdiunver.de\/en\/wp-json\/wp\/v2\/product_cat?post=37597"},{"taxonomy":"product_tag","embeddable":true,"href":"https:\/\/www.erdiunver.de\/en\/wp-json\/wp\/v2\/product_tag?post=37597"}],"curies":[{"name":"wp","href":"https:\/\/api.w.org\/{rel}","templated":true}]}}