{"id":37567,"date":"2021-10-08T09:46:29","date_gmt":"2021-12-31T11:34:07","guid":{"rendered":"https:\/\/www.erdiunver.de\/product\/h-belt-taupe-with-h-buckle-32mm\/"},"modified":"2024-01-13T09:33:34","modified_gmt":"2024-01-13T08:33:34","slug":"leather-belt-in-taupe-with-h-buckle-32mm","status":"publish","type":"product","link":"https:\/\/www.erdiunver.de\/en\/product\/leather-belt-in-taupe-with-h-buckle-32mm\/","title":{"rendered":"Leather Belt in Taupe Gray with H Buckle 32mm"},"content":{"rendered":"<h2>H belt in Taupe with H buckle 32 mm<\/h2>\n<p>That&#8217;s why it&#8217;s best to grab it as soon as you discover this fabulous H-belt color in our shop! Taupe is a relaxed color that produces a calm but laid back style. Choose this color if you want to use relaxed style pieces that match your skin tone. In addition, this color relaxes the eyes, which serves to limit the distance between the eyes. Taupe is a neutral color that is perfect for a beautiful wedding day.<\/p>\n<p>&nbsp;<\/p>\n<p><strong>H Belt<\/strong> in the <strong>color Taupe<\/strong> with a <em><strong>Width .<\/strong><\/em>from <em><strong>32 mm.<\/strong><\/em> <\/p>\n","protected":false},"excerpt":{"rendered":"<p>H belt in Taupe with H buckle 32 mm That&#8217;s why it&#8217;s best to grab it as soon as you discover this fabulous H-belt color in our shop! Taupe is a relaxed color that produces a calm but laid back style. Choose this color if you want to use relaxed style pieces that match your [&#8230;]\n","protected":false},"featured_media":36395,"comment_status":"open","ping_status":"closed","template":"","meta":[],"product_brand":[],"product_cat":[247,233,240,224,238,246,232,222],"product_tag":[206],"class_list":{"0":"post-37567","1":"product","2":"type-product","3":"status-publish","4":"has-post-thumbnail","6":"product_cat-32mm-reversible-belt-with-buckle","7":"product_cat-32-reversible-belt-with-buckle","8":"product_cat-belt-men","9":"product_cat-h-belt","10":"product_cat-men","11":"product_cat-reversible-belt-with-buckle-men","12":"product_cat-reversible-belt-with-buckle","13":"product_cat-women","14":"product_tag-h-belt","16":"first","17":"instock","18":"taxable","19":"shipping-taxable","20":"purchasable","21":"product-type-variable"},"yoast_head":"<!-- This site is optimized with the Yoast SEO plugin v27.6 - https:\/\/yoast.com\/product\/yoast-seo-wordpress\/ -->\n<title>Leather Belt in Taupe Gray with H Buckle 32mm<\/title>\n<meta name=\"robots\" content=\"index, follow, max-snippet:-1, max-image-preview:large, max-video-preview:-1\" \/>\n<link rel=\"canonical\" href=\"https:\/\/www.erdiunver.de\/en\/product\/leather-belt-in-taupe-with-h-buckle-32mm\/\" \/>\n<meta property=\"og:locale\" content=\"en_US\" \/>\n<meta property=\"og:type\" content=\"article\" \/>\n<meta property=\"og:title\" content=\"Leather Belt in Taupe Gray with H Buckle 32mm\" \/>\n<meta property=\"og:description\" content=\"H belt in Taupe with H buckle 32 mm That&#8217;s why it&#8217;s best to grab it as soon as you discover this fabulous H-belt color in our shop! Taupe is a relaxed color that produces a calm but laid back style. Choose this color if you want to use relaxed style pieces that match your [...]\" \/>\n<meta property=\"og:url\" content=\"https:\/\/www.erdiunver.de\/en\/product\/leather-belt-in-taupe-with-h-buckle-32mm\/\" \/>\n<meta property=\"og:site_name\" content=\"Erdi \u00dcnver hochwertige Lederg\u00fcrtel aus echtem Leder f\u00fcr Damen &amp; Herren\" \/>\n<meta property=\"article:modified_time\" content=\"2024-01-13T08:33:34+00:00\" \/>\n<meta property=\"og:image\" content=\"https:\/\/www.erdiunver.de\/wp-content\/uploads\/wendeguertel-h-guertel-in-taupe-grau-mit-guertelschnalle-in-gold-32mm-42-mm.jpg\" \/>\n\t<meta property=\"og:image:width\" content=\"1600\" \/>\n\t<meta property=\"og:image:height\" content=\"1600\" \/>\n\t<meta property=\"og:image:type\" content=\"image\/jpeg\" \/>\n<meta name=\"twitter:card\" content=\"summary_large_image\" \/>\n<script type=\"application\/ld+json\" class=\"yoast-schema-graph\">{\"@context\":\"https:\\\/\\\/schema.org\",\"@graph\":[{\"@type\":\"WebPage\",\"@id\":\"https:\\\/\\\/www.erdiunver.de\\\/en\\\/product\\\/leather-belt-in-taupe-with-h-buckle-32mm\\\/\",\"url\":\"https:\\\/\\\/www.erdiunver.de\\\/en\\\/product\\\/leather-belt-in-taupe-with-h-buckle-32mm\\\/\",\"name\":\"Leather Belt in Taupe Gray with H Buckle 32mm\",\"isPartOf\":{\"@id\":\"https:\\\/\\\/www.erdiunver.de\\\/en\\\/#website\"},\"primaryImageOfPage\":{\"@id\":\"https:\\\/\\\/www.erdiunver.de\\\/en\\\/product\\\/leather-belt-in-taupe-with-h-buckle-32mm\\\/#primaryimage\"},\"image\":{\"@id\":\"https:\\\/\\\/www.erdiunver.de\\\/en\\\/product\\\/leather-belt-in-taupe-with-h-buckle-32mm\\\/#primaryimage\"},\"thumbnailUrl\":\"https:\\\/\\\/www.erdiunver.de\\\/wp-content\\\/uploads\\\/wendeguertel-h-guertel-in-taupe-grau-mit-guertelschnalle-in-gold-32mm-42-mm.jpg\",\"datePublished\":\"2021-12-31T11:34:07+00:00\",\"dateModified\":\"2024-01-13T08:33:34+00:00\",\"breadcrumb\":{\"@id\":\"https:\\\/\\\/www.erdiunver.de\\\/en\\\/product\\\/leather-belt-in-taupe-with-h-buckle-32mm\\\/#breadcrumb\"},\"inLanguage\":\"en-US\",\"potentialAction\":[{\"@type\":\"ReadAction\",\"target\":[\"https:\\\/\\\/www.erdiunver.de\\\/en\\\/product\\\/leather-belt-in-taupe-with-h-buckle-32mm\\\/\"]}]},{\"@type\":\"ImageObject\",\"inLanguage\":\"en-US\",\"@id\":\"https:\\\/\\\/www.erdiunver.de\\\/en\\\/product\\\/leather-belt-in-taupe-with-h-buckle-32mm\\\/#primaryimage\",\"url\":\"https:\\\/\\\/www.erdiunver.de\\\/wp-content\\\/uploads\\\/wendeguertel-h-guertel-in-taupe-grau-mit-guertelschnalle-in-gold-32mm-42-mm.jpg\",\"contentUrl\":\"https:\\\/\\\/www.erdiunver.de\\\/wp-content\\\/uploads\\\/wendeguertel-h-guertel-in-taupe-grau-mit-guertelschnalle-in-gold-32mm-42-mm.jpg\",\"width\":1600,\"height\":1600,\"caption\":\"Modern Reversible Belt intended as H Belt in the color Taupe Gray with Belt Buckle in Gold 25 mm \\\/ 32 mm \\\/ 42 mm\"},{\"@type\":\"BreadcrumbList\",\"@id\":\"https:\\\/\\\/www.erdiunver.de\\\/en\\\/product\\\/leather-belt-in-taupe-with-h-buckle-32mm\\\/#breadcrumb\",\"itemListElement\":[{\"@type\":\"ListItem\",\"position\":1,\"name\":\"Startseite\",\"item\":\"https:\\\/\\\/www.erdiunver.de\\\/en\\\/\"},{\"@type\":\"ListItem\",\"position\":2,\"name\":\"Shop\",\"item\":\"https:\\\/\\\/www.erdiunver.de\\\/en\\\/shop-2\\\/\"},{\"@type\":\"ListItem\",\"position\":3,\"name\":\"Leather Belt in Taupe Gray with H Buckle 32mm\"}]},{\"@type\":\"WebSite\",\"@id\":\"https:\\\/\\\/www.erdiunver.de\\\/en\\\/#website\",\"url\":\"https:\\\/\\\/www.erdiunver.de\\\/en\\\/\",\"name\":\"Erdi \u00dcnver hochwertige Lederg\u00fcrtel aus echtem Leder f\u00fcr Damen & Herren\",\"description\":\"Wendeg\u00fcrtel Taschen H G\u00fcrtel aus Leder hochwertig und Preiswert\",\"potentialAction\":[{\"@type\":\"SearchAction\",\"target\":{\"@type\":\"EntryPoint\",\"urlTemplate\":\"https:\\\/\\\/www.erdiunver.de\\\/en\\\/?s={search_term_string}\"},\"query-input\":{\"@type\":\"PropertyValueSpecification\",\"valueRequired\":true,\"valueName\":\"search_term_string\"}}],\"inLanguage\":\"en-US\"}]}<\/script>\n<!-- \/ Yoast SEO plugin. -->","yoast_head_json":{"title":"Leather Belt in Taupe Gray with H Buckle 32mm","robots":{"index":"index","follow":"follow","max-snippet":"max-snippet:-1","max-image-preview":"max-image-preview:large","max-video-preview":"max-video-preview:-1"},"canonical":"https:\/\/www.erdiunver.de\/en\/product\/leather-belt-in-taupe-with-h-buckle-32mm\/","og_locale":"en_US","og_type":"article","og_title":"Leather Belt in Taupe Gray with H Buckle 32mm","og_description":"H belt in Taupe with H buckle 32 mm That&#8217;s why it&#8217;s best to grab it as soon as you discover this fabulous H-belt color in our shop! Taupe is a relaxed color that produces a calm but laid back style. Choose this color if you want to use relaxed style pieces that match your [...]","og_url":"https:\/\/www.erdiunver.de\/en\/product\/leather-belt-in-taupe-with-h-buckle-32mm\/","og_site_name":"Erdi \u00dcnver hochwertige Lederg\u00fcrtel aus echtem Leder f\u00fcr Damen &amp; Herren","article_modified_time":"2024-01-13T08:33:34+00:00","og_image":[{"width":1600,"height":1600,"url":"https:\/\/www.erdiunver.de\/wp-content\/uploads\/wendeguertel-h-guertel-in-taupe-grau-mit-guertelschnalle-in-gold-32mm-42-mm.jpg","type":"image\/jpeg"}],"twitter_card":"summary_large_image","schema":{"@context":"https:\/\/schema.org","@graph":[{"@type":"WebPage","@id":"https:\/\/www.erdiunver.de\/en\/product\/leather-belt-in-taupe-with-h-buckle-32mm\/","url":"https:\/\/www.erdiunver.de\/en\/product\/leather-belt-in-taupe-with-h-buckle-32mm\/","name":"Leather Belt in Taupe Gray with H Buckle 32mm","isPartOf":{"@id":"https:\/\/www.erdiunver.de\/en\/#website"},"primaryImageOfPage":{"@id":"https:\/\/www.erdiunver.de\/en\/product\/leather-belt-in-taupe-with-h-buckle-32mm\/#primaryimage"},"image":{"@id":"https:\/\/www.erdiunver.de\/en\/product\/leather-belt-in-taupe-with-h-buckle-32mm\/#primaryimage"},"thumbnailUrl":"https:\/\/www.erdiunver.de\/wp-content\/uploads\/wendeguertel-h-guertel-in-taupe-grau-mit-guertelschnalle-in-gold-32mm-42-mm.jpg","datePublished":"2021-12-31T11:34:07+00:00","dateModified":"2024-01-13T08:33:34+00:00","breadcrumb":{"@id":"https:\/\/www.erdiunver.de\/en\/product\/leather-belt-in-taupe-with-h-buckle-32mm\/#breadcrumb"},"inLanguage":"en-US","potentialAction":[{"@type":"ReadAction","target":["https:\/\/www.erdiunver.de\/en\/product\/leather-belt-in-taupe-with-h-buckle-32mm\/"]}]},{"@type":"ImageObject","inLanguage":"en-US","@id":"https:\/\/www.erdiunver.de\/en\/product\/leather-belt-in-taupe-with-h-buckle-32mm\/#primaryimage","url":"https:\/\/www.erdiunver.de\/wp-content\/uploads\/wendeguertel-h-guertel-in-taupe-grau-mit-guertelschnalle-in-gold-32mm-42-mm.jpg","contentUrl":"https:\/\/www.erdiunver.de\/wp-content\/uploads\/wendeguertel-h-guertel-in-taupe-grau-mit-guertelschnalle-in-gold-32mm-42-mm.jpg","width":1600,"height":1600,"caption":"Modern Reversible Belt intended as H Belt in the color Taupe Gray with Belt Buckle in Gold 25 mm \/ 32 mm \/ 42 mm"},{"@type":"BreadcrumbList","@id":"https:\/\/www.erdiunver.de\/en\/product\/leather-belt-in-taupe-with-h-buckle-32mm\/#breadcrumb","itemListElement":[{"@type":"ListItem","position":1,"name":"Startseite","item":"https:\/\/www.erdiunver.de\/en\/"},{"@type":"ListItem","position":2,"name":"Shop","item":"https:\/\/www.erdiunver.de\/en\/shop-2\/"},{"@type":"ListItem","position":3,"name":"Leather Belt in Taupe Gray with H Buckle 32mm"}]},{"@type":"WebSite","@id":"https:\/\/www.erdiunver.de\/en\/#website","url":"https:\/\/www.erdiunver.de\/en\/","name":"Erdi \u00dcnver hochwertige Lederg\u00fcrtel aus echtem Leder f\u00fcr Damen & Herren","description":"Wendeg\u00fcrtel Taschen H G\u00fcrtel aus Leder hochwertig und Preiswert","potentialAction":[{"@type":"SearchAction","target":{"@type":"EntryPoint","urlTemplate":"https:\/\/www.erdiunver.de\/en\/?s={search_term_string}"},"query-input":{"@type":"PropertyValueSpecification","valueRequired":true,"valueName":"search_term_string"}}],"inLanguage":"en-US"}]}},"_links":{"self":[{"href":"https:\/\/www.erdiunver.de\/en\/wp-json\/wp\/v2\/product\/37567","targetHints":{"allow":["GET"]}}],"collection":[{"href":"https:\/\/www.erdiunver.de\/en\/wp-json\/wp\/v2\/product"}],"about":[{"href":"https:\/\/www.erdiunver.de\/en\/wp-json\/wp\/v2\/types\/product"}],"replies":[{"embeddable":true,"href":"https:\/\/www.erdiunver.de\/en\/wp-json\/wp\/v2\/comments?post=37567"}],"wp:featuredmedia":[{"embeddable":true,"href":"https:\/\/www.erdiunver.de\/en\/wp-json\/wp\/v2\/media\/36395"}],"wp:attachment":[{"href":"https:\/\/www.erdiunver.de\/en\/wp-json\/wp\/v2\/media?parent=37567"}],"wp:term":[{"taxonomy":"product_brand","embeddable":true,"href":"https:\/\/www.erdiunver.de\/en\/wp-json\/wp\/v2\/product_brand?post=37567"},{"taxonomy":"product_cat","embeddable":true,"href":"https:\/\/www.erdiunver.de\/en\/wp-json\/wp\/v2\/product_cat?post=37567"},{"taxonomy":"product_tag","embeddable":true,"href":"https:\/\/www.erdiunver.de\/en\/wp-json\/wp\/v2\/product_tag?post=37567"}],"curies":[{"name":"wp","href":"https:\/\/api.w.org\/{rel}","templated":true}]}}