{"id":37265,"date":"2021-08-03T14:42:39","date_gmt":"2021-12-30T11:55:32","guid":{"rendered":"https:\/\/www.erdiunver.de\/product\/h-belt-navy-with-h-buckle-40mm\/"},"modified":"2022-01-07T10:40:38","modified_gmt":"2022-01-07T09:40:38","slug":"leather-belt-in-navy-with-h-buckle-40mm-2","status":"publish","type":"product","link":"https:\/\/www.erdiunver.de\/en\/product\/leather-belt-in-navy-with-h-buckle-40mm-2\/","title":{"rendered":"Leather Belt in Navy with H Buckle 40mm"},"content":{"rendered":"<h2>Men&#8217;s leather belt to the business outfit simply and skillfully<\/h2>\n<h3>High quality <strong>H belt for men<\/strong><\/h3>\n<p>&nbsp;<\/p>\n<p>The <b>leather belt<\/b> has always been one of the most important style components of the gentleman. His initially practical goal is still fulfilled by the modern gentleman&#8217;s favourite piece of accessories, here too the statement for the gentleman plays an important role. This matching High Quality Men&#8217;s Leather Belt rounds out any style simply and expertly.<\/p>\n<p>&nbsp;<\/p>\n<h4>High quality leather belt for men in dark blue Navy \/ Navy matt a must have for business and everyday life<\/h4>\n<p>&nbsp;<\/p>\n<p>This leather belt for men made of <b>full-grain calfskin<\/b> skilfully sets the scene for the style-conscious gentleman. The leather belt is held in the<b> color Navy \/Navy matt<\/b>. For the navy matt we have chosen a high quality cowhide leather in dark blue matt. The leather belt is closed by means of the practical H belt buckle. The high-quality belt buckle forms a final element that completes the consummate men&#8217;s accessory. Here exist the buckle combinations chrome matt, black matt and gold matt. The high quality <strong>H belt<\/strong> has a width of 40mm.<\/p>\n","protected":false},"excerpt":{"rendered":"<p>Men&#8217;s leather belt to the business outfit simply and skillfully High quality H belt for men &nbsp; The leather belt has always been one of the most important style components of the gentleman. His initially practical goal is still fulfilled by the modern gentleman&#8217;s favourite piece of accessories, here too the statement for the gentleman [&#8230;]\n","protected":false},"featured_media":32051,"comment_status":"open","ping_status":"closed","template":"","meta":[],"product_brand":[],"product_cat":[248,240,238,246],"product_tag":[206],"class_list":{"0":"post-37265","1":"product","2":"type-product","3":"status-publish","4":"has-post-thumbnail","6":"product_cat-40mm-reversible-belt-with-buckle-men","7":"product_cat-belt-men","8":"product_cat-men","9":"product_cat-reversible-belt-with-buckle-men","10":"product_tag-h-belt","12":"first","13":"instock","14":"taxable","15":"shipping-taxable","16":"purchasable","17":"product-type-variable"},"yoast_head":"<!-- This site is optimized with the Yoast SEO plugin v27.4 - https:\/\/yoast.com\/product\/yoast-seo-wordpress\/ -->\n<title>Leather Belt in Navy with H Buckle 40mm<\/title>\n<meta name=\"robots\" content=\"index, follow, max-snippet:-1, max-image-preview:large, max-video-preview:-1\" \/>\n<link rel=\"canonical\" href=\"https:\/\/www.erdiunver.de\/en\/product\/leather-belt-in-navy-with-h-buckle-40mm-2\/\" \/>\n<meta property=\"og:locale\" content=\"en_US\" \/>\n<meta property=\"og:type\" content=\"article\" \/>\n<meta property=\"og:title\" content=\"Leather Belt in Navy with H Buckle 40mm\" \/>\n<meta property=\"og:description\" content=\"Men&#8217;s leather belt to the business outfit simply and skillfully High quality H belt for men &nbsp; The leather belt has always been one of the most important style components of the gentleman. His initially practical goal is still fulfilled by the modern gentleman&#8217;s favourite piece of accessories, here too the statement for the gentleman [...]\" \/>\n<meta property=\"og:url\" content=\"https:\/\/www.erdiunver.de\/en\/product\/leather-belt-in-navy-with-h-buckle-40mm-2\/\" \/>\n<meta property=\"og:site_name\" content=\"Erdi \u00dcnver hochwertige Lederg\u00fcrtel aus echtem Leder f\u00fcr Damen &amp; Herren\" \/>\n<meta property=\"article:modified_time\" content=\"2022-01-07T09:40:38+00:00\" \/>\n<meta property=\"og:image\" content=\"https:\/\/www.erdiunver.de\/wp-content\/uploads\/LACIVERT-ALTIN-Custom-2.jpg\" \/>\n\t<meta property=\"og:image:width\" content=\"1600\" \/>\n\t<meta property=\"og:image:height\" content=\"1600\" \/>\n\t<meta property=\"og:image:type\" content=\"image\/jpeg\" \/>\n<meta name=\"twitter:card\" content=\"summary_large_image\" \/>\n<meta name=\"twitter:label1\" content=\"Est. reading time\" \/>\n\t<meta name=\"twitter:data1\" content=\"1 minute\" \/>\n<script type=\"application\/ld+json\" class=\"yoast-schema-graph\">{\"@context\":\"https:\\\/\\\/schema.org\",\"@graph\":[{\"@type\":\"WebPage\",\"@id\":\"https:\\\/\\\/www.erdiunver.de\\\/en\\\/product\\\/leather-belt-in-navy-with-h-buckle-40mm-2\\\/\",\"url\":\"https:\\\/\\\/www.erdiunver.de\\\/en\\\/product\\\/leather-belt-in-navy-with-h-buckle-40mm-2\\\/\",\"name\":\"Leather Belt in Navy with H Buckle 40mm\",\"isPartOf\":{\"@id\":\"https:\\\/\\\/www.erdiunver.de\\\/en\\\/#website\"},\"primaryImageOfPage\":{\"@id\":\"https:\\\/\\\/www.erdiunver.de\\\/en\\\/product\\\/leather-belt-in-navy-with-h-buckle-40mm-2\\\/#primaryimage\"},\"image\":{\"@id\":\"https:\\\/\\\/www.erdiunver.de\\\/en\\\/product\\\/leather-belt-in-navy-with-h-buckle-40mm-2\\\/#primaryimage\"},\"thumbnailUrl\":\"https:\\\/\\\/www.erdiunver.de\\\/wp-content\\\/uploads\\\/LACIVERT-ALTIN-Custom-2.jpg\",\"datePublished\":\"2021-12-30T11:55:32+00:00\",\"dateModified\":\"2022-01-07T09:40:38+00:00\",\"breadcrumb\":{\"@id\":\"https:\\\/\\\/www.erdiunver.de\\\/en\\\/product\\\/leather-belt-in-navy-with-h-buckle-40mm-2\\\/#breadcrumb\"},\"inLanguage\":\"en-US\",\"potentialAction\":[{\"@type\":\"ReadAction\",\"target\":[\"https:\\\/\\\/www.erdiunver.de\\\/en\\\/product\\\/leather-belt-in-navy-with-h-buckle-40mm-2\\\/\"]}]},{\"@type\":\"ImageObject\",\"inLanguage\":\"en-US\",\"@id\":\"https:\\\/\\\/www.erdiunver.de\\\/en\\\/product\\\/leather-belt-in-navy-with-h-buckle-40mm-2\\\/#primaryimage\",\"url\":\"https:\\\/\\\/www.erdiunver.de\\\/wp-content\\\/uploads\\\/LACIVERT-ALTIN-Custom-2.jpg\",\"contentUrl\":\"https:\\\/\\\/www.erdiunver.de\\\/wp-content\\\/uploads\\\/LACIVERT-ALTIN-Custom-2.jpg\",\"width\":1600,\"height\":1600,\"caption\":\"H buckle Gold 32mm 40mm whit H Belt Navy blue\"},{\"@type\":\"BreadcrumbList\",\"@id\":\"https:\\\/\\\/www.erdiunver.de\\\/en\\\/product\\\/leather-belt-in-navy-with-h-buckle-40mm-2\\\/#breadcrumb\",\"itemListElement\":[{\"@type\":\"ListItem\",\"position\":1,\"name\":\"Startseite\",\"item\":\"https:\\\/\\\/www.erdiunver.de\\\/en\\\/\"},{\"@type\":\"ListItem\",\"position\":2,\"name\":\"Shop\",\"item\":\"https:\\\/\\\/www.erdiunver.de\\\/en\\\/shop-2\\\/\"},{\"@type\":\"ListItem\",\"position\":3,\"name\":\"Leather Belt in Navy with H Buckle 40mm\"}]},{\"@type\":\"WebSite\",\"@id\":\"https:\\\/\\\/www.erdiunver.de\\\/en\\\/#website\",\"url\":\"https:\\\/\\\/www.erdiunver.de\\\/en\\\/\",\"name\":\"Erdi \u00dcnver hochwertige Lederg\u00fcrtel aus echtem Leder f\u00fcr Damen & Herren\",\"description\":\"Wendeg\u00fcrtel Taschen H G\u00fcrtel aus Leder hochwertig und Preiswert\",\"potentialAction\":[{\"@type\":\"SearchAction\",\"target\":{\"@type\":\"EntryPoint\",\"urlTemplate\":\"https:\\\/\\\/www.erdiunver.de\\\/en\\\/?s={search_term_string}\"},\"query-input\":{\"@type\":\"PropertyValueSpecification\",\"valueRequired\":true,\"valueName\":\"search_term_string\"}}],\"inLanguage\":\"en-US\"}]}<\/script>\n<!-- \/ Yoast SEO plugin. -->","yoast_head_json":{"title":"Leather Belt in Navy with H Buckle 40mm","robots":{"index":"index","follow":"follow","max-snippet":"max-snippet:-1","max-image-preview":"max-image-preview:large","max-video-preview":"max-video-preview:-1"},"canonical":"https:\/\/www.erdiunver.de\/en\/product\/leather-belt-in-navy-with-h-buckle-40mm-2\/","og_locale":"en_US","og_type":"article","og_title":"Leather Belt in Navy with H Buckle 40mm","og_description":"Men&#8217;s leather belt to the business outfit simply and skillfully High quality H belt for men &nbsp; The leather belt has always been one of the most important style components of the gentleman. His initially practical goal is still fulfilled by the modern gentleman&#8217;s favourite piece of accessories, here too the statement for the gentleman [...]","og_url":"https:\/\/www.erdiunver.de\/en\/product\/leather-belt-in-navy-with-h-buckle-40mm-2\/","og_site_name":"Erdi \u00dcnver hochwertige Lederg\u00fcrtel aus echtem Leder f\u00fcr Damen &amp; Herren","article_modified_time":"2022-01-07T09:40:38+00:00","og_image":[{"width":1600,"height":1600,"url":"https:\/\/www.erdiunver.de\/wp-content\/uploads\/LACIVERT-ALTIN-Custom-2.jpg","type":"image\/jpeg"}],"twitter_card":"summary_large_image","twitter_misc":{"Est. reading time":"1 minute"},"schema":{"@context":"https:\/\/schema.org","@graph":[{"@type":"WebPage","@id":"https:\/\/www.erdiunver.de\/en\/product\/leather-belt-in-navy-with-h-buckle-40mm-2\/","url":"https:\/\/www.erdiunver.de\/en\/product\/leather-belt-in-navy-with-h-buckle-40mm-2\/","name":"Leather Belt in Navy with H Buckle 40mm","isPartOf":{"@id":"https:\/\/www.erdiunver.de\/en\/#website"},"primaryImageOfPage":{"@id":"https:\/\/www.erdiunver.de\/en\/product\/leather-belt-in-navy-with-h-buckle-40mm-2\/#primaryimage"},"image":{"@id":"https:\/\/www.erdiunver.de\/en\/product\/leather-belt-in-navy-with-h-buckle-40mm-2\/#primaryimage"},"thumbnailUrl":"https:\/\/www.erdiunver.de\/wp-content\/uploads\/LACIVERT-ALTIN-Custom-2.jpg","datePublished":"2021-12-30T11:55:32+00:00","dateModified":"2022-01-07T09:40:38+00:00","breadcrumb":{"@id":"https:\/\/www.erdiunver.de\/en\/product\/leather-belt-in-navy-with-h-buckle-40mm-2\/#breadcrumb"},"inLanguage":"en-US","potentialAction":[{"@type":"ReadAction","target":["https:\/\/www.erdiunver.de\/en\/product\/leather-belt-in-navy-with-h-buckle-40mm-2\/"]}]},{"@type":"ImageObject","inLanguage":"en-US","@id":"https:\/\/www.erdiunver.de\/en\/product\/leather-belt-in-navy-with-h-buckle-40mm-2\/#primaryimage","url":"https:\/\/www.erdiunver.de\/wp-content\/uploads\/LACIVERT-ALTIN-Custom-2.jpg","contentUrl":"https:\/\/www.erdiunver.de\/wp-content\/uploads\/LACIVERT-ALTIN-Custom-2.jpg","width":1600,"height":1600,"caption":"H buckle Gold 32mm 40mm whit H Belt Navy blue"},{"@type":"BreadcrumbList","@id":"https:\/\/www.erdiunver.de\/en\/product\/leather-belt-in-navy-with-h-buckle-40mm-2\/#breadcrumb","itemListElement":[{"@type":"ListItem","position":1,"name":"Startseite","item":"https:\/\/www.erdiunver.de\/en\/"},{"@type":"ListItem","position":2,"name":"Shop","item":"https:\/\/www.erdiunver.de\/en\/shop-2\/"},{"@type":"ListItem","position":3,"name":"Leather Belt in Navy with H Buckle 40mm"}]},{"@type":"WebSite","@id":"https:\/\/www.erdiunver.de\/en\/#website","url":"https:\/\/www.erdiunver.de\/en\/","name":"Erdi \u00dcnver hochwertige Lederg\u00fcrtel aus echtem Leder f\u00fcr Damen & Herren","description":"Wendeg\u00fcrtel Taschen H G\u00fcrtel aus Leder hochwertig und Preiswert","potentialAction":[{"@type":"SearchAction","target":{"@type":"EntryPoint","urlTemplate":"https:\/\/www.erdiunver.de\/en\/?s={search_term_string}"},"query-input":{"@type":"PropertyValueSpecification","valueRequired":true,"valueName":"search_term_string"}}],"inLanguage":"en-US"}]}},"_links":{"self":[{"href":"https:\/\/www.erdiunver.de\/en\/wp-json\/wp\/v2\/product\/37265","targetHints":{"allow":["GET"]}}],"collection":[{"href":"https:\/\/www.erdiunver.de\/en\/wp-json\/wp\/v2\/product"}],"about":[{"href":"https:\/\/www.erdiunver.de\/en\/wp-json\/wp\/v2\/types\/product"}],"replies":[{"embeddable":true,"href":"https:\/\/www.erdiunver.de\/en\/wp-json\/wp\/v2\/comments?post=37265"}],"wp:featuredmedia":[{"embeddable":true,"href":"https:\/\/www.erdiunver.de\/en\/wp-json\/wp\/v2\/media\/32051"}],"wp:attachment":[{"href":"https:\/\/www.erdiunver.de\/en\/wp-json\/wp\/v2\/media?parent=37265"}],"wp:term":[{"taxonomy":"product_brand","embeddable":true,"href":"https:\/\/www.erdiunver.de\/en\/wp-json\/wp\/v2\/product_brand?post=37265"},{"taxonomy":"product_cat","embeddable":true,"href":"https:\/\/www.erdiunver.de\/en\/wp-json\/wp\/v2\/product_cat?post=37265"},{"taxonomy":"product_tag","embeddable":true,"href":"https:\/\/www.erdiunver.de\/en\/wp-json\/wp\/v2\/product_tag?post=37265"}],"curies":[{"name":"wp","href":"https:\/\/api.w.org\/{rel}","templated":true}]}}