{"id":36913,"date":"2021-12-02T16:15:37","date_gmt":"2021-12-23T08:45:38","guid":{"rendered":"https:\/\/www.erdiunver.de\/product\/wallet-ostrich-leather-orange-envelope\/"},"modified":"2025-09-16T18:39:37","modified_gmt":"2025-09-16T16:39:37","slug":"wallet-ostrich-leather-orange-envelope","status":"publish","type":"product","link":"https:\/\/www.erdiunver.de\/en\/product\/wallet-ostrich-leather-orange-envelope\/","title":{"rendered":"Envelope Wallet Orange Ostrich Leather"},"content":{"rendered":"<p>Wallet ostrich leather optics in the color orange<\/p>\n<p>Women&#8217;s wallet with ostrich leather optics in the color orange<br \/>\nWith this ladies wallet in the color orange you can set real trends as a lady. Easily accommodate many credit cards inside the wallet leather. In addition, the ladies wallet convinces with modern ostrich leather look with plenty of space for change and bills. Due to the large compartment in the middle part, you always keep a good overview of the contents. An additional outside pocket can be used with this ladies wallet for documents.<\/p>\n<p>Closed mass : 19,5&#215;10,5&#215;2,5<\/p>\n","protected":false},"excerpt":{"rendered":"<p>Wallet ostrich leather optics in the color orange Women&#8217;s wallet with ostrich leather optics in the color orange With this ladies wallet in the color orange you can set real trends as a lady. Easily accommodate many credit cards inside the wallet leather. In addition, the ladies wallet convinces with modern ostrich leather look with [&#8230;]\n","protected":false},"featured_media":36772,"comment_status":"open","ping_status":"closed","template":"","meta":[],"product_brand":[],"product_cat":[223,222],"product_tag":[],"class_list":{"0":"post-36913","1":"product","2":"type-product","3":"status-publish","4":"has-post-thumbnail","6":"product_cat-wallets-cases","7":"product_cat-women","9":"first","10":"onbackorder","11":"sale","12":"featured","13":"taxable","14":"shipping-taxable","15":"purchasable","16":"product-type-simple"},"yoast_head":"<!-- This site is optimized with the Yoast SEO plugin v27.6 - https:\/\/yoast.com\/product\/yoast-seo-wordpress\/ -->\n<title>Envelope Wallet Orange Ostrich Leather<\/title>\n<meta name=\"robots\" content=\"index, follow, max-snippet:-1, max-image-preview:large, max-video-preview:-1\" \/>\n<link rel=\"canonical\" href=\"https:\/\/www.erdiunver.de\/en\/product\/wallet-ostrich-leather-orange-envelope\/\" \/>\n<meta property=\"og:locale\" content=\"en_US\" \/>\n<meta property=\"og:type\" content=\"article\" \/>\n<meta property=\"og:title\" content=\"Envelope Wallet Orange Ostrich Leather\" \/>\n<meta property=\"og:description\" content=\"Wallet ostrich leather optics in the color orange Women&#8217;s wallet with ostrich leather optics in the color orange With this ladies wallet in the color orange you can set real trends as a lady. Easily accommodate many credit cards inside the wallet leather. In addition, the ladies wallet convinces with modern ostrich leather look with [...]\" \/>\n<meta property=\"og:url\" content=\"https:\/\/www.erdiunver.de\/en\/product\/wallet-ostrich-leather-orange-envelope\/\" \/>\n<meta property=\"og:site_name\" content=\"Erdi \u00dcnver hochwertige Lederg\u00fcrtel aus echtem Leder f\u00fcr Damen &amp; Herren\" \/>\n<meta property=\"article:modified_time\" content=\"2025-09-16T16:39:37+00:00\" \/>\n<meta property=\"og:image\" content=\"https:\/\/www.erdiunver.de\/wp-content\/uploads\/Portemonnaie-Straussenleder-Orange-Envelope.png\" \/>\n\t<meta property=\"og:image:width\" content=\"2000\" \/>\n\t<meta property=\"og:image:height\" content=\"1333\" \/>\n\t<meta property=\"og:image:type\" content=\"image\/png\" \/>\n<meta name=\"twitter:card\" content=\"summary_large_image\" \/>\n<script type=\"application\/ld+json\" class=\"yoast-schema-graph\">{\"@context\":\"https:\\\/\\\/schema.org\",\"@graph\":[{\"@type\":\"WebPage\",\"@id\":\"https:\\\/\\\/www.erdiunver.de\\\/en\\\/product\\\/wallet-ostrich-leather-orange-envelope\\\/\",\"url\":\"https:\\\/\\\/www.erdiunver.de\\\/en\\\/product\\\/wallet-ostrich-leather-orange-envelope\\\/\",\"name\":\"Envelope Wallet Orange Ostrich Leather\",\"isPartOf\":{\"@id\":\"https:\\\/\\\/www.erdiunver.de\\\/en\\\/#website\"},\"primaryImageOfPage\":{\"@id\":\"https:\\\/\\\/www.erdiunver.de\\\/en\\\/product\\\/wallet-ostrich-leather-orange-envelope\\\/#primaryimage\"},\"image\":{\"@id\":\"https:\\\/\\\/www.erdiunver.de\\\/en\\\/product\\\/wallet-ostrich-leather-orange-envelope\\\/#primaryimage\"},\"thumbnailUrl\":\"https:\\\/\\\/www.erdiunver.de\\\/wp-content\\\/uploads\\\/Portemonnaie-Straussenleder-Orange-Envelope.png\",\"datePublished\":\"2021-12-23T08:45:38+00:00\",\"dateModified\":\"2025-09-16T16:39:37+00:00\",\"breadcrumb\":{\"@id\":\"https:\\\/\\\/www.erdiunver.de\\\/en\\\/product\\\/wallet-ostrich-leather-orange-envelope\\\/#breadcrumb\"},\"inLanguage\":\"en-US\",\"potentialAction\":[{\"@type\":\"ReadAction\",\"target\":[\"https:\\\/\\\/www.erdiunver.de\\\/en\\\/product\\\/wallet-ostrich-leather-orange-envelope\\\/\"]}]},{\"@type\":\"ImageObject\",\"inLanguage\":\"en-US\",\"@id\":\"https:\\\/\\\/www.erdiunver.de\\\/en\\\/product\\\/wallet-ostrich-leather-orange-envelope\\\/#primaryimage\",\"url\":\"https:\\\/\\\/www.erdiunver.de\\\/wp-content\\\/uploads\\\/Portemonnaie-Straussenleder-Orange-Envelope.png\",\"contentUrl\":\"https:\\\/\\\/www.erdiunver.de\\\/wp-content\\\/uploads\\\/Portemonnaie-Straussenleder-Orange-Envelope.png\",\"width\":2000,\"height\":1333,\"caption\":\"The women's Wallet Ostrich Leather Orange Envelope\"},{\"@type\":\"BreadcrumbList\",\"@id\":\"https:\\\/\\\/www.erdiunver.de\\\/en\\\/product\\\/wallet-ostrich-leather-orange-envelope\\\/#breadcrumb\",\"itemListElement\":[{\"@type\":\"ListItem\",\"position\":1,\"name\":\"Startseite\",\"item\":\"https:\\\/\\\/www.erdiunver.de\\\/en\\\/\"},{\"@type\":\"ListItem\",\"position\":2,\"name\":\"Shop\",\"item\":\"https:\\\/\\\/www.erdiunver.de\\\/en\\\/shop-2\\\/\"},{\"@type\":\"ListItem\",\"position\":3,\"name\":\"Envelope Wallet Orange Ostrich Leather\"}]},{\"@type\":\"WebSite\",\"@id\":\"https:\\\/\\\/www.erdiunver.de\\\/en\\\/#website\",\"url\":\"https:\\\/\\\/www.erdiunver.de\\\/en\\\/\",\"name\":\"Erdi \u00dcnver hochwertige Lederg\u00fcrtel aus echtem Leder f\u00fcr Damen & Herren\",\"description\":\"Wendeg\u00fcrtel Taschen H G\u00fcrtel aus Leder hochwertig und Preiswert\",\"potentialAction\":[{\"@type\":\"SearchAction\",\"target\":{\"@type\":\"EntryPoint\",\"urlTemplate\":\"https:\\\/\\\/www.erdiunver.de\\\/en\\\/?s={search_term_string}\"},\"query-input\":{\"@type\":\"PropertyValueSpecification\",\"valueRequired\":true,\"valueName\":\"search_term_string\"}}],\"inLanguage\":\"en-US\"}]}<\/script>\n<!-- \/ Yoast SEO plugin. -->","yoast_head_json":{"title":"Envelope Wallet Orange Ostrich Leather","robots":{"index":"index","follow":"follow","max-snippet":"max-snippet:-1","max-image-preview":"max-image-preview:large","max-video-preview":"max-video-preview:-1"},"canonical":"https:\/\/www.erdiunver.de\/en\/product\/wallet-ostrich-leather-orange-envelope\/","og_locale":"en_US","og_type":"article","og_title":"Envelope Wallet Orange Ostrich Leather","og_description":"Wallet ostrich leather optics in the color orange Women&#8217;s wallet with ostrich leather optics in the color orange With this ladies wallet in the color orange you can set real trends as a lady. Easily accommodate many credit cards inside the wallet leather. In addition, the ladies wallet convinces with modern ostrich leather look with [...]","og_url":"https:\/\/www.erdiunver.de\/en\/product\/wallet-ostrich-leather-orange-envelope\/","og_site_name":"Erdi \u00dcnver hochwertige Lederg\u00fcrtel aus echtem Leder f\u00fcr Damen &amp; Herren","article_modified_time":"2025-09-16T16:39:37+00:00","og_image":[{"width":2000,"height":1333,"url":"https:\/\/www.erdiunver.de\/wp-content\/uploads\/Portemonnaie-Straussenleder-Orange-Envelope.png","type":"image\/png"}],"twitter_card":"summary_large_image","schema":{"@context":"https:\/\/schema.org","@graph":[{"@type":"WebPage","@id":"https:\/\/www.erdiunver.de\/en\/product\/wallet-ostrich-leather-orange-envelope\/","url":"https:\/\/www.erdiunver.de\/en\/product\/wallet-ostrich-leather-orange-envelope\/","name":"Envelope Wallet Orange Ostrich Leather","isPartOf":{"@id":"https:\/\/www.erdiunver.de\/en\/#website"},"primaryImageOfPage":{"@id":"https:\/\/www.erdiunver.de\/en\/product\/wallet-ostrich-leather-orange-envelope\/#primaryimage"},"image":{"@id":"https:\/\/www.erdiunver.de\/en\/product\/wallet-ostrich-leather-orange-envelope\/#primaryimage"},"thumbnailUrl":"https:\/\/www.erdiunver.de\/wp-content\/uploads\/Portemonnaie-Straussenleder-Orange-Envelope.png","datePublished":"2021-12-23T08:45:38+00:00","dateModified":"2025-09-16T16:39:37+00:00","breadcrumb":{"@id":"https:\/\/www.erdiunver.de\/en\/product\/wallet-ostrich-leather-orange-envelope\/#breadcrumb"},"inLanguage":"en-US","potentialAction":[{"@type":"ReadAction","target":["https:\/\/www.erdiunver.de\/en\/product\/wallet-ostrich-leather-orange-envelope\/"]}]},{"@type":"ImageObject","inLanguage":"en-US","@id":"https:\/\/www.erdiunver.de\/en\/product\/wallet-ostrich-leather-orange-envelope\/#primaryimage","url":"https:\/\/www.erdiunver.de\/wp-content\/uploads\/Portemonnaie-Straussenleder-Orange-Envelope.png","contentUrl":"https:\/\/www.erdiunver.de\/wp-content\/uploads\/Portemonnaie-Straussenleder-Orange-Envelope.png","width":2000,"height":1333,"caption":"The women's Wallet Ostrich Leather Orange Envelope"},{"@type":"BreadcrumbList","@id":"https:\/\/www.erdiunver.de\/en\/product\/wallet-ostrich-leather-orange-envelope\/#breadcrumb","itemListElement":[{"@type":"ListItem","position":1,"name":"Startseite","item":"https:\/\/www.erdiunver.de\/en\/"},{"@type":"ListItem","position":2,"name":"Shop","item":"https:\/\/www.erdiunver.de\/en\/shop-2\/"},{"@type":"ListItem","position":3,"name":"Envelope Wallet Orange Ostrich Leather"}]},{"@type":"WebSite","@id":"https:\/\/www.erdiunver.de\/en\/#website","url":"https:\/\/www.erdiunver.de\/en\/","name":"Erdi \u00dcnver hochwertige Lederg\u00fcrtel aus echtem Leder f\u00fcr Damen & Herren","description":"Wendeg\u00fcrtel Taschen H G\u00fcrtel aus Leder hochwertig und Preiswert","potentialAction":[{"@type":"SearchAction","target":{"@type":"EntryPoint","urlTemplate":"https:\/\/www.erdiunver.de\/en\/?s={search_term_string}"},"query-input":{"@type":"PropertyValueSpecification","valueRequired":true,"valueName":"search_term_string"}}],"inLanguage":"en-US"}]}},"_links":{"self":[{"href":"https:\/\/www.erdiunver.de\/en\/wp-json\/wp\/v2\/product\/36913","targetHints":{"allow":["GET"]}}],"collection":[{"href":"https:\/\/www.erdiunver.de\/en\/wp-json\/wp\/v2\/product"}],"about":[{"href":"https:\/\/www.erdiunver.de\/en\/wp-json\/wp\/v2\/types\/product"}],"replies":[{"embeddable":true,"href":"https:\/\/www.erdiunver.de\/en\/wp-json\/wp\/v2\/comments?post=36913"}],"wp:featuredmedia":[{"embeddable":true,"href":"https:\/\/www.erdiunver.de\/en\/wp-json\/wp\/v2\/media\/36772"}],"wp:attachment":[{"href":"https:\/\/www.erdiunver.de\/en\/wp-json\/wp\/v2\/media?parent=36913"}],"wp:term":[{"taxonomy":"product_brand","embeddable":true,"href":"https:\/\/www.erdiunver.de\/en\/wp-json\/wp\/v2\/product_brand?post=36913"},{"taxonomy":"product_cat","embeddable":true,"href":"https:\/\/www.erdiunver.de\/en\/wp-json\/wp\/v2\/product_cat?post=36913"},{"taxonomy":"product_tag","embeddable":true,"href":"https:\/\/www.erdiunver.de\/en\/wp-json\/wp\/v2\/product_tag?post=36913"}],"curies":[{"name":"wp","href":"https:\/\/api.w.org\/{rel}","templated":true}]}}