{"id":36914,"date":"2021-12-23T09:50:20","date_gmt":"2021-12-23T08:50:20","guid":{"rendered":"https:\/\/www.erdiunver.de\/sizes-data\/"},"modified":"2021-12-23T09:50:26","modified_gmt":"2021-12-23T08:50:26","slug":"sizes-data","status":"publish","type":"page","link":"https:\/\/www.erdiunver.de\/en\/sizes-data\/","title":{"rendered":"Sizes data"},"content":{"rendered":"\n<div class=\"container section-title-container\" ><h3 class=\"section-title section-title-normal\"><b aria-hidden=\"true\"><\/b><span class=\"section-title-main\" >Size specifications:<\/span><b aria-hidden=\"true\"><\/b><\/h3><\/div>\n\n\t<div class=\"box has-hover   has-hover box-text-bottom\" >\n\n\t\t<div class=\"box-image\" style=\"width:46%;\">\n\t\t\t\t\t\t<div class=\"\" >\n\t\t\t\t<img loading=\"lazy\" decoding=\"async\" width=\"1200\" height=\"1023\" src=\"https:\/\/www.erdiunver.de\/wp-content\/uploads\/infografik.jpg\" class=\"attachment- size-\" alt=\"\" srcset=\"https:\/\/www.erdiunver.de\/wp-content\/uploads\/infografik.jpg 1200w, https:\/\/www.erdiunver.de\/wp-content\/uploads\/infografik-469x400.jpg 469w, https:\/\/www.erdiunver.de\/wp-content\/uploads\/infografik-938x800.jpg 938w, https:\/\/www.erdiunver.de\/wp-content\/uploads\/infografik-768x655.jpg 768w, https:\/\/www.erdiunver.de\/wp-content\/uploads\/infografik-600x512.jpg 600w\" sizes=\"auto, (max-width: 1200px) 100vw, 1200px\" \/>\t\t\t\t\t\t\t\t\t\t\t<\/div>\n\t\t\t\t\t<\/div>\n\n\t\t<div class=\"box-text text-center\" >\n\t\t\t<div class=\"box-text-inner\">\n\t\t\t\t\n\n\t<div id=\"text-60449384\" class=\"text\">\n\t\t\n\n<h2 style=\"text-align: center\"><strong>Reversible belt size specifications:&nbsp;<\/strong><\/h2>\n<p style=\"text-align: center\"><strong>Sizes for our reversible belts are measured from the base of the spike to the center hole. To determine your size, it is best to measure your waist circumference at the point where you usually wear your belt. If this is 95 cm, for example, you should order your Erdi \u00dcnver belt in size 95.<\/strong><\/p>\n\t\t\n<style>\n#text-60449384 {\n  text-align: center;\n}\n<\/style>\n\t<\/div>\n\t\n\n\t\t\t<\/div>\n\t\t<\/div>\n\t<\/div>\n\t\n\t<div class=\"box has-hover   has-hover box-text-bottom\" >\n\n\t\t<div class=\"box-image\" style=\"width:46%;\">\n\t\t\t\t\t\t<div class=\"\" >\n\t\t\t\t<img loading=\"lazy\" decoding=\"async\" width=\"1357\" height=\"226\" src=\"https:\/\/www.erdiunver.de\/wp-content\/uploads\/Bundmass-ermitteln.jpg\" class=\"attachment- size-\" alt=\"\" srcset=\"https:\/\/www.erdiunver.de\/wp-content\/uploads\/Bundmass-ermitteln.jpg 1357w, https:\/\/www.erdiunver.de\/wp-content\/uploads\/Bundmass-ermitteln-800x133.jpg 800w, https:\/\/www.erdiunver.de\/wp-content\/uploads\/Bundmass-ermitteln-768x128.jpg 768w, https:\/\/www.erdiunver.de\/wp-content\/uploads\/Bundmass-ermitteln-600x100.jpg 600w\" sizes=\"auto, (max-width: 1357px) 100vw, 1357px\" \/>\t\t\t\t\t\t\t\t\t\t\t<\/div>\n\t\t\t\t\t<\/div>\n\n\t\t<div class=\"box-text text-center\" >\n\t\t\t<div class=\"box-text-inner\">\n\t\t\t\t\n\n<p style=\"text-align: center\"><strong>On the left you can see our reversible belts, on the right our normal leather belts with buckles.&nbsp;<\/strong><\/p>\n\n\t\t\t<\/div>\n\t\t<\/div>\n\t<\/div>\n\t\n","protected":false},"excerpt":{"rendered":"","protected":false},"author":1,"featured_media":0,"parent":0,"menu_order":0,"comment_status":"closed","ping_status":"closed","template":"","meta":{"footnotes":""},"class_list":["post-36914","page","type-page","status-publish","hentry"],"yoast_head":"<!-- This site is optimized with the Yoast SEO plugin v27.5 - https:\/\/yoast.com\/product\/yoast-seo-wordpress\/ -->\n<title>Sizes data<\/title>\n<meta name=\"robots\" content=\"noindex, follow\" \/>\n<meta property=\"og:locale\" content=\"en_US\" \/>\n<meta property=\"og:type\" content=\"article\" \/>\n<meta property=\"og:title\" content=\"Sizes data\" \/>\n<meta property=\"og:url\" content=\"https:\/\/www.erdiunver.de\/en\/sizes-data\/\" \/>\n<meta property=\"og:site_name\" content=\"Erdi \u00dcnver hochwertige Lederg\u00fcrtel aus echtem Leder f\u00fcr Damen &amp; Herren\" \/>\n<meta property=\"article:modified_time\" content=\"2021-12-23T08:50:26+00:00\" \/>\n<meta name=\"twitter:card\" content=\"summary_large_image\" \/>\n<meta name=\"twitter:label1\" content=\"Est. reading time\" \/>\n\t<meta name=\"twitter:data1\" content=\"1 minute\" \/>\n<script type=\"application\/ld+json\" class=\"yoast-schema-graph\">{\"@context\":\"https:\\\/\\\/schema.org\",\"@graph\":[{\"@type\":\"WebPage\",\"@id\":\"https:\\\/\\\/www.erdiunver.de\\\/en\\\/sizes-data\\\/\",\"url\":\"https:\\\/\\\/www.erdiunver.de\\\/en\\\/sizes-data\\\/\",\"name\":\"Sizes data\",\"isPartOf\":{\"@id\":\"https:\\\/\\\/www.erdiunver.de\\\/en\\\/#website\"},\"datePublished\":\"2021-12-23T08:50:20+00:00\",\"dateModified\":\"2021-12-23T08:50:26+00:00\",\"breadcrumb\":{\"@id\":\"https:\\\/\\\/www.erdiunver.de\\\/en\\\/sizes-data\\\/#breadcrumb\"},\"inLanguage\":\"en-US\",\"potentialAction\":[{\"@type\":\"ReadAction\",\"target\":[\"https:\\\/\\\/www.erdiunver.de\\\/en\\\/sizes-data\\\/\"]}]},{\"@type\":\"BreadcrumbList\",\"@id\":\"https:\\\/\\\/www.erdiunver.de\\\/en\\\/sizes-data\\\/#breadcrumb\",\"itemListElement\":[{\"@type\":\"ListItem\",\"position\":1,\"name\":\"Startseite\",\"item\":\"https:\\\/\\\/www.erdiunver.de\\\/en\\\/\"},{\"@type\":\"ListItem\",\"position\":2,\"name\":\"Sizes data\"}]},{\"@type\":\"WebSite\",\"@id\":\"https:\\\/\\\/www.erdiunver.de\\\/en\\\/#website\",\"url\":\"https:\\\/\\\/www.erdiunver.de\\\/en\\\/\",\"name\":\"Erdi \u00dcnver hochwertige Lederg\u00fcrtel aus echtem Leder f\u00fcr Damen & Herren\",\"description\":\"Wendeg\u00fcrtel Taschen H G\u00fcrtel aus Leder hochwertig und Preiswert\",\"potentialAction\":[{\"@type\":\"SearchAction\",\"target\":{\"@type\":\"EntryPoint\",\"urlTemplate\":\"https:\\\/\\\/www.erdiunver.de\\\/en\\\/?s={search_term_string}\"},\"query-input\":{\"@type\":\"PropertyValueSpecification\",\"valueRequired\":true,\"valueName\":\"search_term_string\"}}],\"inLanguage\":\"en-US\"}]}<\/script>\n<!-- \/ Yoast SEO plugin. -->","yoast_head_json":{"title":"Sizes data","robots":{"index":"noindex","follow":"follow"},"og_locale":"en_US","og_type":"article","og_title":"Sizes data","og_url":"https:\/\/www.erdiunver.de\/en\/sizes-data\/","og_site_name":"Erdi \u00dcnver hochwertige Lederg\u00fcrtel aus echtem Leder f\u00fcr Damen &amp; Herren","article_modified_time":"2021-12-23T08:50:26+00:00","twitter_card":"summary_large_image","twitter_misc":{"Est. reading time":"1 minute"},"schema":{"@context":"https:\/\/schema.org","@graph":[{"@type":"WebPage","@id":"https:\/\/www.erdiunver.de\/en\/sizes-data\/","url":"https:\/\/www.erdiunver.de\/en\/sizes-data\/","name":"Sizes data","isPartOf":{"@id":"https:\/\/www.erdiunver.de\/en\/#website"},"datePublished":"2021-12-23T08:50:20+00:00","dateModified":"2021-12-23T08:50:26+00:00","breadcrumb":{"@id":"https:\/\/www.erdiunver.de\/en\/sizes-data\/#breadcrumb"},"inLanguage":"en-US","potentialAction":[{"@type":"ReadAction","target":["https:\/\/www.erdiunver.de\/en\/sizes-data\/"]}]},{"@type":"BreadcrumbList","@id":"https:\/\/www.erdiunver.de\/en\/sizes-data\/#breadcrumb","itemListElement":[{"@type":"ListItem","position":1,"name":"Startseite","item":"https:\/\/www.erdiunver.de\/en\/"},{"@type":"ListItem","position":2,"name":"Sizes data"}]},{"@type":"WebSite","@id":"https:\/\/www.erdiunver.de\/en\/#website","url":"https:\/\/www.erdiunver.de\/en\/","name":"Erdi \u00dcnver hochwertige Lederg\u00fcrtel aus echtem Leder f\u00fcr Damen & Herren","description":"Wendeg\u00fcrtel Taschen H G\u00fcrtel aus Leder hochwertig und Preiswert","potentialAction":[{"@type":"SearchAction","target":{"@type":"EntryPoint","urlTemplate":"https:\/\/www.erdiunver.de\/en\/?s={search_term_string}"},"query-input":{"@type":"PropertyValueSpecification","valueRequired":true,"valueName":"search_term_string"}}],"inLanguage":"en-US"}]}},"_links":{"self":[{"href":"https:\/\/www.erdiunver.de\/en\/wp-json\/wp\/v2\/pages\/36914","targetHints":{"allow":["GET"]}}],"collection":[{"href":"https:\/\/www.erdiunver.de\/en\/wp-json\/wp\/v2\/pages"}],"about":[{"href":"https:\/\/www.erdiunver.de\/en\/wp-json\/wp\/v2\/types\/page"}],"author":[{"embeddable":true,"href":"https:\/\/www.erdiunver.de\/en\/wp-json\/wp\/v2\/users\/1"}],"replies":[{"embeddable":true,"href":"https:\/\/www.erdiunver.de\/en\/wp-json\/wp\/v2\/comments?post=36914"}],"version-history":[{"count":0,"href":"https:\/\/www.erdiunver.de\/en\/wp-json\/wp\/v2\/pages\/36914\/revisions"}],"wp:attachment":[{"href":"https:\/\/www.erdiunver.de\/en\/wp-json\/wp\/v2\/media?parent=36914"}],"curies":[{"name":"wp","href":"https:\/\/api.w.org\/{rel}","templated":true}]}}